{"id":35514,"date":"2026-01-26T14:13:29","date_gmt":"2026-01-26T14:13:29","guid":{"rendered":"https:\/\/atlastoilets.com\/?post_type=product&#038;p=35514"},"modified":"2026-01-26T16:01:07","modified_gmt":"2026-01-26T16:01:07","slug":"mondo","status":"publish","type":"product","link":"https:\/\/atlastoilets.com\/fr\/produit\/mondo\/","title":{"rendered":"Mondo"},"content":{"rendered":"<p>[vc_row][vc_column][vc_column_text]Le design europ\u00e9en sp\u00e9cifique de la Mondo constitue une solution de substitution int\u00e9ressante aux autres mod\u00e8les de toilettes autonomes. Cinq couleurs vivantes sont disponibles, outre les nombreux avantages pour l\u2019utilisateur. Ces toilettes poss\u00e8dent un int\u00e9rieur spacieux, bien ventil\u00e9, r\u00e9duisant les odeurs gr\u00e2ce \u00e0 des fonctionnalit\u00e9s simples mais importantes. Une combinaison de bouches d\u2019a\u00e9ration dans le sol et moul\u00e9s dans les murs favorise le flux d\u2019air continu. L\u2019urinoir se vidange dans le tuyau d\u2019a\u00e9ration, ce qui emp\u00eache la remont\u00e9e d\u2019odeurs du r\u00e9servoir dans la cabine. Le si\u00e8ge est positionn\u00e9 au point le plus \u00e9loign\u00e9 de l\u2019urinoir, \u00e0 l\u2019\u00e9cart de l\u2019odeur et du champ de vision direct de l\u2019utilisateur. Associ\u00e9es, ces caract\u00e9ristiques offrent une exp\u00e9rience plus agr\u00e9able et confortable \u00e0 l\u2019utilisateur final.<\/p>\n<p>Au plan op\u00e9rationnel, Mondo est un mod\u00e8le de toilettes \u00e0 faible maintenance, facile \u00e0 entretenir et qui b\u00e9n\u00e9ficie d\u2019une longue histoire de durabilit\u00e9. Gr\u00e2ce \u00e0 l\u2019utilisation de pi\u00e8ces moins nombreuses en poly\u00e9thyl\u00e8ne haute densit\u00e9, Mondo est en mesure de supporter les chocs et les mauvais traitements sans rupture ni fissure. Les fonctions qui facilitent le nettoyage et l\u2019entretien de Mondo sont le sommet du r\u00e9servoir inclin\u00e9 vers l\u2019avant, le sol l\u00e9g\u00e8rement bomb\u00e9 et le r\u00e9servoir lisse \u00e0 cuve profonde. L\u2019ajout d\u2019une pente au r\u00e9servoir et \u00e0 la surface du sol force le liquide \u00e0 s\u2019\u00e9couler, au lieu de former une flaque, et le r\u00e9servoir am\u00e9liore la couverture du produit d\u00e9sodorisant et assure une \u00e9limination rapide et compl\u00e8te des d\u00e9chets.<\/p>\n<p>&nbsp;<\/p>\n<p><em>Uniquement disponible avec porte grise.<\/em>[\/vc_column_text][\/vc_column][\/vc_row]<\/p>\n","protected":false},"excerpt":{"rendered":"<p>Le design europ\u00e9en sp\u00e9cifique de la Mondo constitue une solution de substitution int\u00e9ressante aux autres mod\u00e8les de toilettes autonomes. Cinq couleurs vivantes sont disponibles, outre les nombreux avantages pour l\u2019utilisateur. Ces toilettes poss\u00e8dent un int\u00e9rieur spacieux, bien ventil\u00e9, r\u00e9duisant les odeurs gr\u00e2ce \u00e0 des fonctionnalit\u00e9s simples mais importantes. Une combinaison de bouches d\u2019a\u00e9ration dans le sol et moul\u00e9s dans les murs favorise le flux d\u2019air continu.<\/p>\n","protected":false},"featured_media":35550,"template":"","meta":[],"product_brand":[],"product_cat":[1396],"product_tag":[],"class_list":{"0":"post-35514","1":"product","2":"type-product","3":"status-publish","4":"has-post-thumbnail","6":"product_cat-toilettes-standard","8":"first","9":"instock","10":"taxable","11":"shipping-taxable","12":"purchasable","13":"product-type-variable","14":"has-default-attributes"},"yoast_head":"<!-- This site is optimized with the Yoast SEO plugin v27.5 - https:\/\/yoast.com\/product\/yoast-seo-wordpress\/ -->\n<title>Toilettes mobiles Mondo de Sartellite<\/title>\n<meta name=\"description\" content=\"Con\u00e7u pour le confort de l&#039;utilisateur, l&#039;int\u00e9rieur des toilettes mobiles Mondo offre un espace g\u00e9n\u00e9reux et une ventilation optimale, limitant ainsi les odeurs.\" \/>\n<meta name=\"robots\" content=\"index, follow, max-snippet:-1, max-image-preview:large, max-video-preview:-1\" \/>\n<link rel=\"canonical\" href=\"https:\/\/atlastoilets.com\/de\/?post_type=product&p=35522\" \/>\n<meta property=\"og:locale\" content=\"fr_FR\" \/>\n<meta property=\"og:type\" content=\"article\" \/>\n<meta property=\"og:title\" content=\"Toilettes mobiles Mondo de Sartellite\" \/>\n<meta property=\"og:description\" content=\"Con\u00e7u pour le confort de l&#039;utilisateur, l&#039;int\u00e9rieur des toilettes mobiles Mondo offre un espace g\u00e9n\u00e9reux et une ventilation optimale, limitant ainsi les odeurs.\" \/>\n<meta property=\"og:url\" content=\"https:\/\/atlastoilets.com\/de\/?post_type=product&amp;p=35522\" \/>\n<meta property=\"og:site_name\" content=\"Atlas Sanitation Products\" \/>\n<meta property=\"article:modified_time\" content=\"2026-01-26T16:01:07+00:00\" \/>\n<meta property=\"og:image\" content=\"https:\/\/atlastoilets.com\/wp-content\/uploads\/2026\/01\/32ca3905-def8-4608-b6c7-5d297a66d7fe.webp\" \/>\n\t<meta property=\"og:image:width\" content=\"1080\" \/>\n\t<meta property=\"og:image:height\" content=\"1728\" \/>\n\t<meta property=\"og:image:type\" content=\"image\/webp\" \/>\n<meta name=\"twitter:card\" content=\"summary_large_image\" \/>\n<meta name=\"twitter:label1\" content=\"Dur\u00e9e de lecture estim\u00e9e\" \/>\n\t<meta name=\"twitter:data1\" content=\"2 minutes\" \/>\n<script type=\"application\/ld+json\" class=\"yoast-schema-graph\">{\"@context\":\"https:\\\/\\\/schema.org\",\"@graph\":[{\"@type\":[\"WebPage\",\"ItemPage\"],\"@id\":\"https:\\\/\\\/atlastoilets.com\\\/de\\\/?post_type=product&p=35522\",\"url\":\"https:\\\/\\\/atlastoilets.com\\\/de\\\/?post_type=product&p=35522\",\"name\":\"Toilettes mobiles Mondo de Sartellite\",\"isPartOf\":{\"@id\":\"https:\\\/\\\/atlastoilets.com\\\/#website\"},\"primaryImageOfPage\":{\"@id\":\"https:\\\/\\\/atlastoilets.com\\\/de\\\/?post_type=product&p=35522#primaryimage\"},\"image\":{\"@id\":\"https:\\\/\\\/atlastoilets.com\\\/de\\\/?post_type=product&p=35522#primaryimage\"},\"thumbnailUrl\":\"https:\\\/\\\/atlastoilets.com\\\/wp-content\\\/uploads\\\/2026\\\/01\\\/32ca3905-def8-4608-b6c7-5d297a66d7fe.webp\",\"datePublished\":\"2026-01-26T14:13:29+00:00\",\"dateModified\":\"2026-01-26T16:01:07+00:00\",\"description\":\"Con\u00e7u pour le confort de l'utilisateur, l'int\u00e9rieur des toilettes mobiles Mondo offre un espace g\u00e9n\u00e9reux et une ventilation optimale, limitant ainsi les odeurs.\",\"breadcrumb\":{\"@id\":\"https:\\\/\\\/atlastoilets.com\\\/de\\\/?post_type=product&p=35522#breadcrumb\"},\"inLanguage\":\"fr-FR\",\"potentialAction\":[{\"@type\":\"ReadAction\",\"target\":[\"https:\\\/\\\/atlastoilets.com\\\/de\\\/?post_type=product&p=35522\"]}]},{\"@type\":\"ImageObject\",\"inLanguage\":\"fr-FR\",\"@id\":\"https:\\\/\\\/atlastoilets.com\\\/de\\\/?post_type=product&p=35522#primaryimage\",\"url\":\"https:\\\/\\\/atlastoilets.com\\\/wp-content\\\/uploads\\\/2026\\\/01\\\/32ca3905-def8-4608-b6c7-5d297a66d7fe.webp\",\"contentUrl\":\"https:\\\/\\\/atlastoilets.com\\\/wp-content\\\/uploads\\\/2026\\\/01\\\/32ca3905-def8-4608-b6c7-5d297a66d7fe.webp\",\"width\":1080,\"height\":1728},{\"@type\":\"BreadcrumbList\",\"@id\":\"https:\\\/\\\/atlastoilets.com\\\/de\\\/?post_type=product&p=35522#breadcrumb\",\"itemListElement\":[{\"@type\":\"ListItem\",\"position\":1,\"name\":\"Home\",\"item\":\"https:\\\/\\\/atlastoilets.com\\\/fr\\\/\"},{\"@type\":\"ListItem\",\"position\":2,\"name\":\"Boutique\",\"item\":\"https:\\\/\\\/atlastoilets.com\\\/fr\\\/boutique\\\/\"},{\"@type\":\"ListItem\",\"position\":3,\"name\":\"Mondo\"}]},{\"@type\":\"WebSite\",\"@id\":\"https:\\\/\\\/atlastoilets.com\\\/#website\",\"url\":\"https:\\\/\\\/atlastoilets.com\\\/\",\"name\":\"Atlas Sanitation Products\",\"description\":\"Total supplier for toilet rental companies\",\"potentialAction\":[{\"@type\":\"SearchAction\",\"target\":{\"@type\":\"EntryPoint\",\"urlTemplate\":\"https:\\\/\\\/atlastoilets.com\\\/?s={search_term_string}\"},\"query-input\":{\"@type\":\"PropertyValueSpecification\",\"valueRequired\":true,\"valueName\":\"search_term_string\"}}],\"inLanguage\":\"fr-FR\"}]}<\/script>\n<!-- \/ Yoast SEO plugin. -->","yoast_head_json":{"title":"Toilettes mobiles Mondo de Sartellite","description":"Con\u00e7u pour le confort de l'utilisateur, l'int\u00e9rieur des toilettes mobiles Mondo offre un espace g\u00e9n\u00e9reux et une ventilation optimale, limitant ainsi les odeurs.","robots":{"index":"index","follow":"follow","max-snippet":"max-snippet:-1","max-image-preview":"max-image-preview:large","max-video-preview":"max-video-preview:-1"},"canonical":"https:\/\/atlastoilets.com\/de\/?post_type=product&p=35522","og_locale":"fr_FR","og_type":"article","og_title":"Toilettes mobiles Mondo de Sartellite","og_description":"Con\u00e7u pour le confort de l'utilisateur, l'int\u00e9rieur des toilettes mobiles Mondo offre un espace g\u00e9n\u00e9reux et une ventilation optimale, limitant ainsi les odeurs.","og_url":"https:\/\/atlastoilets.com\/de\/?post_type=product&p=35522","og_site_name":"Atlas Sanitation Products","article_modified_time":"2026-01-26T16:01:07+00:00","og_image":[{"width":1080,"height":1728,"url":"https:\/\/atlastoilets.com\/wp-content\/uploads\/2026\/01\/32ca3905-def8-4608-b6c7-5d297a66d7fe.webp","type":"image\/webp"}],"twitter_card":"summary_large_image","twitter_misc":{"Dur\u00e9e de lecture estim\u00e9e":"2 minutes"},"schema":{"@context":"https:\/\/schema.org","@graph":[{"@type":["WebPage","ItemPage"],"@id":"https:\/\/atlastoilets.com\/de\/?post_type=product&p=35522","url":"https:\/\/atlastoilets.com\/de\/?post_type=product&p=35522","name":"Toilettes mobiles Mondo de Sartellite","isPartOf":{"@id":"https:\/\/atlastoilets.com\/#website"},"primaryImageOfPage":{"@id":"https:\/\/atlastoilets.com\/de\/?post_type=product&p=35522#primaryimage"},"image":{"@id":"https:\/\/atlastoilets.com\/de\/?post_type=product&p=35522#primaryimage"},"thumbnailUrl":"https:\/\/atlastoilets.com\/wp-content\/uploads\/2026\/01\/32ca3905-def8-4608-b6c7-5d297a66d7fe.webp","datePublished":"2026-01-26T14:13:29+00:00","dateModified":"2026-01-26T16:01:07+00:00","description":"Con\u00e7u pour le confort de l'utilisateur, l'int\u00e9rieur des toilettes mobiles Mondo offre un espace g\u00e9n\u00e9reux et une ventilation optimale, limitant ainsi les odeurs.","breadcrumb":{"@id":"https:\/\/atlastoilets.com\/de\/?post_type=product&p=35522#breadcrumb"},"inLanguage":"fr-FR","potentialAction":[{"@type":"ReadAction","target":["https:\/\/atlastoilets.com\/de\/?post_type=product&p=35522"]}]},{"@type":"ImageObject","inLanguage":"fr-FR","@id":"https:\/\/atlastoilets.com\/de\/?post_type=product&p=35522#primaryimage","url":"https:\/\/atlastoilets.com\/wp-content\/uploads\/2026\/01\/32ca3905-def8-4608-b6c7-5d297a66d7fe.webp","contentUrl":"https:\/\/atlastoilets.com\/wp-content\/uploads\/2026\/01\/32ca3905-def8-4608-b6c7-5d297a66d7fe.webp","width":1080,"height":1728},{"@type":"BreadcrumbList","@id":"https:\/\/atlastoilets.com\/de\/?post_type=product&p=35522#breadcrumb","itemListElement":[{"@type":"ListItem","position":1,"name":"Home","item":"https:\/\/atlastoilets.com\/fr\/"},{"@type":"ListItem","position":2,"name":"Boutique","item":"https:\/\/atlastoilets.com\/fr\/boutique\/"},{"@type":"ListItem","position":3,"name":"Mondo"}]},{"@type":"WebSite","@id":"https:\/\/atlastoilets.com\/#website","url":"https:\/\/atlastoilets.com\/","name":"Atlas Sanitation Products","description":"Total supplier for toilet rental companies","potentialAction":[{"@type":"SearchAction","target":{"@type":"EntryPoint","urlTemplate":"https:\/\/atlastoilets.com\/?s={search_term_string}"},"query-input":{"@type":"PropertyValueSpecification","valueRequired":true,"valueName":"search_term_string"}}],"inLanguage":"fr-FR"}]}},"_links":{"self":[{"href":"https:\/\/atlastoilets.com\/fr\/wp-json\/wp\/v2\/product\/35514","targetHints":{"allow":["GET"]}}],"collection":[{"href":"https:\/\/atlastoilets.com\/fr\/wp-json\/wp\/v2\/product"}],"about":[{"href":"https:\/\/atlastoilets.com\/fr\/wp-json\/wp\/v2\/types\/product"}],"wp:featuredmedia":[{"embeddable":true,"href":"https:\/\/atlastoilets.com\/fr\/wp-json\/wp\/v2\/media\/35550"}],"wp:attachment":[{"href":"https:\/\/atlastoilets.com\/fr\/wp-json\/wp\/v2\/media?parent=35514"}],"wp:term":[{"taxonomy":"product_brand","embeddable":true,"href":"https:\/\/atlastoilets.com\/fr\/wp-json\/wp\/v2\/product_brand?post=35514"},{"taxonomy":"product_cat","embeddable":true,"href":"https:\/\/atlastoilets.com\/fr\/wp-json\/wp\/v2\/product_cat?post=35514"},{"taxonomy":"product_tag","embeddable":true,"href":"https:\/\/atlastoilets.com\/fr\/wp-json\/wp\/v2\/product_tag?post=35514"}],"curies":[{"name":"wp","href":"https:\/\/api.w.org\/{rel}","templated":true}]}}