{"id":35409,"date":"2026-01-26T12:09:52","date_gmt":"2026-01-26T12:09:52","guid":{"rendered":"https:\/\/atlastoilets.com\/?post_type=product&#038;p=35409"},"modified":"2026-01-26T14:10:54","modified_gmt":"2026-01-26T14:10:54","slug":"tufway","status":"publish","type":"product","link":"https:\/\/atlastoilets.com\/fr\/produit\/tufway\/","title":{"rendered":"Tufway"},"content":{"rendered":"<p>[vc_row][vc_column][vc_column_text]L&rsquo;int\u00e9rieur de la Tufway a \u00e9t\u00e9 con\u00e7u en vue du confort de l&rsquo;utilisateur. La cabine de toilettes est spacieuse et bien a\u00e9r\u00e9e afin de r\u00e9duire les odeurs, gr\u00e2ce \u00e0 quelques fonctionnalit\u00e9s simples mais importantes. Des ouvertures d&rsquo;a\u00e9ration moul\u00e9es dans la paroi et dans le sol facilitent la circulation continue de l&rsquo;air. L&rsquo;urinoir se vidange par la conduite d&rsquo;a\u00e9ration, emp\u00eachant ainsi les odeurs ind\u00e9sirables du r\u00e9servoir de refluer dans la cabine. Le si\u00e8ge est plac\u00e9 au plus loin de l&rsquo;urinoir, \u00e0 distance des odeurs et hors du champ de vision direct de l&rsquo;utilisateur. Sur la porte, un crochet de porte est pr\u00e9vu pour accrocher un sac ou une veste. Toutes ces caract\u00e9ristiques offrent une exp\u00e9rience plus confortable et plus agr\u00e9able \u00e0 l&rsquo;utilisateur final.<\/p>\n<p>Au plan op\u00e9rationnel, Tufway est un mod\u00e8le de toilettes \u00e0 faible maintenance, facile \u00e0 entretenir et qui b\u00e9n\u00e9ficie d\u2019une longue histoire de durabilit\u00e9. Gr\u00e2ce \u00e0 l\u2019utilisation de pi\u00e8ces moins nombreuses en poly\u00e9thyl\u00e8ne haute densit\u00e9, la Tufway est en mesure de supporter les chocs et les mauvais traitements sans rupture ni fissure. Les fonctions qui facilitent le nettoyage et l\u2019entretien de Tufway sont le sommet du r\u00e9servoir inclin\u00e9 vers l\u2019avant, le sol l\u00e9g\u00e8rement bomb\u00e9 et le r\u00e9servoir lisse \u00e0 cuve profonde. L\u2019ajout d\u2019une pente au r\u00e9servoir et \u00e0 la surface du sol force le liquide \u00e0 s\u2019\u00e9couler, au lieu de former une flaque, et le r\u00e9servoir am\u00e9liore la couverture du produit d\u00e9sodorisant et assure une \u00e9limination rapide et compl\u00e8te des d\u00e9chets.<\/p>\n<p>Toutes les combinaisons de panneaux\/porte sont possibles[\/vc_column_text][\/vc_column][\/vc_row]<\/p>\n","protected":false},"excerpt":{"rendered":"<p>L&rsquo;int\u00e9rieur de la Tufway a \u00e9t\u00e9 con\u00e7u en vue du confort de l&rsquo;utilisateur. La cabine de toilettes est spacieuse et bien a\u00e9r\u00e9e afin de r\u00e9duire les odeurs, gr\u00e2ce \u00e0 quelques fonctionnalit\u00e9s simples mais importantes. Des ouvertures d&rsquo;a\u00e9ration moul\u00e9es dans la paroi et dans le sol facilitent la circulation continue de l&rsquo;air. L&rsquo;urinoir se vidange par la conduite d&rsquo;a\u00e9ration, emp\u00eachant ainsi les odeurs ind\u00e9sirables du r\u00e9servoir de refluer dans la cabine.<\/p>\n","protected":false},"featured_media":35366,"template":"","meta":[],"product_brand":[],"product_cat":[1396],"product_tag":[],"class_list":{"0":"post-35409","1":"product","2":"type-product","3":"status-publish","4":"has-post-thumbnail","6":"product_cat-toilettes-standard","8":"first","9":"instock","10":"taxable","11":"shipping-taxable","12":"purchasable","13":"product-type-variable","14":"has-default-attributes"},"yoast_head":"<!-- This site is optimized with the Yoast SEO plugin v27.5 - https:\/\/yoast.com\/product\/yoast-seo-wordpress\/ -->\n<title>Toilettes mobiles Tufway de Sartellite<\/title>\n<meta name=\"description\" content=\"Con\u00e7u pour le confort de l&#039;utilisateur, l&#039;int\u00e9rieur des toilettes mobiles Tufway offre un espace g\u00e9n\u00e9reux et une ventilation optimale, limitant ainsi les odeurs.\" \/>\n<meta name=\"robots\" content=\"index, follow, max-snippet:-1, max-image-preview:large, max-video-preview:-1\" \/>\n<link rel=\"canonical\" href=\"https:\/\/atlastoilets.com\/fr\/produit\/tufway\/\" \/>\n<meta property=\"og:locale\" content=\"fr_FR\" \/>\n<meta property=\"og:type\" content=\"article\" \/>\n<meta property=\"og:title\" content=\"Toilettes mobiles Tufway de Sartellite\" \/>\n<meta property=\"og:description\" content=\"Con\u00e7u pour le confort de l&#039;utilisateur, l&#039;int\u00e9rieur des toilettes mobiles Tufway offre un espace g\u00e9n\u00e9reux et une ventilation optimale, limitant ainsi les odeurs.\" \/>\n<meta property=\"og:url\" content=\"https:\/\/atlastoilets.com\/fr\/produit\/tufway\/\" \/>\n<meta property=\"og:site_name\" content=\"Atlas Sanitation Products\" \/>\n<meta property=\"article:modified_time\" content=\"2026-01-26T14:10:54+00:00\" \/>\n<meta property=\"og:image\" content=\"https:\/\/atlastoilets.com\/wp-content\/uploads\/2026\/01\/ec901f20-0a5c-4346-a765-289229000fa1.webp\" \/>\n\t<meta property=\"og:image:width\" content=\"1080\" \/>\n\t<meta property=\"og:image:height\" content=\"1620\" \/>\n\t<meta property=\"og:image:type\" content=\"image\/webp\" \/>\n<meta name=\"twitter:card\" content=\"summary_large_image\" \/>\n<meta name=\"twitter:label1\" content=\"Dur\u00e9e de lecture estim\u00e9e\" \/>\n\t<meta name=\"twitter:data1\" content=\"2 minutes\" \/>\n<script type=\"application\/ld+json\" class=\"yoast-schema-graph\">{\"@context\":\"https:\\\/\\\/schema.org\",\"@graph\":[{\"@type\":[\"WebPage\",\"ItemPage\"],\"@id\":\"https:\\\/\\\/atlastoilets.com\\\/fr\\\/produit\\\/tufway\\\/\",\"url\":\"https:\\\/\\\/atlastoilets.com\\\/fr\\\/produit\\\/tufway\\\/\",\"name\":\"Toilettes mobiles Tufway de Sartellite\",\"isPartOf\":{\"@id\":\"https:\\\/\\\/atlastoilets.com\\\/#website\"},\"primaryImageOfPage\":{\"@id\":\"https:\\\/\\\/atlastoilets.com\\\/fr\\\/produit\\\/tufway\\\/#primaryimage\"},\"image\":{\"@id\":\"https:\\\/\\\/atlastoilets.com\\\/fr\\\/produit\\\/tufway\\\/#primaryimage\"},\"thumbnailUrl\":\"https:\\\/\\\/atlastoilets.com\\\/wp-content\\\/uploads\\\/2026\\\/01\\\/ec901f20-0a5c-4346-a765-289229000fa1.webp\",\"datePublished\":\"2026-01-26T12:09:52+00:00\",\"dateModified\":\"2026-01-26T14:10:54+00:00\",\"description\":\"Con\u00e7u pour le confort de l'utilisateur, l'int\u00e9rieur des toilettes mobiles Tufway offre un espace g\u00e9n\u00e9reux et une ventilation optimale, limitant ainsi les odeurs.\",\"breadcrumb\":{\"@id\":\"https:\\\/\\\/atlastoilets.com\\\/fr\\\/produit\\\/tufway\\\/#breadcrumb\"},\"inLanguage\":\"fr-FR\",\"potentialAction\":[{\"@type\":\"ReadAction\",\"target\":[\"https:\\\/\\\/atlastoilets.com\\\/fr\\\/produit\\\/tufway\\\/\"]}]},{\"@type\":\"ImageObject\",\"inLanguage\":\"fr-FR\",\"@id\":\"https:\\\/\\\/atlastoilets.com\\\/fr\\\/produit\\\/tufway\\\/#primaryimage\",\"url\":\"https:\\\/\\\/atlastoilets.com\\\/wp-content\\\/uploads\\\/2026\\\/01\\\/ec901f20-0a5c-4346-a765-289229000fa1.webp\",\"contentUrl\":\"https:\\\/\\\/atlastoilets.com\\\/wp-content\\\/uploads\\\/2026\\\/01\\\/ec901f20-0a5c-4346-a765-289229000fa1.webp\",\"width\":1080,\"height\":1620},{\"@type\":\"BreadcrumbList\",\"@id\":\"https:\\\/\\\/atlastoilets.com\\\/fr\\\/produit\\\/tufway\\\/#breadcrumb\",\"itemListElement\":[{\"@type\":\"ListItem\",\"position\":1,\"name\":\"Home\",\"item\":\"https:\\\/\\\/atlastoilets.com\\\/fr\\\/\"},{\"@type\":\"ListItem\",\"position\":2,\"name\":\"Boutique\",\"item\":\"https:\\\/\\\/atlastoilets.com\\\/fr\\\/boutique\\\/\"},{\"@type\":\"ListItem\",\"position\":3,\"name\":\"Tufway\"}]},{\"@type\":\"WebSite\",\"@id\":\"https:\\\/\\\/atlastoilets.com\\\/#website\",\"url\":\"https:\\\/\\\/atlastoilets.com\\\/\",\"name\":\"Atlas Sanitation Products\",\"description\":\"Total supplier for toilet rental companies\",\"potentialAction\":[{\"@type\":\"SearchAction\",\"target\":{\"@type\":\"EntryPoint\",\"urlTemplate\":\"https:\\\/\\\/atlastoilets.com\\\/?s={search_term_string}\"},\"query-input\":{\"@type\":\"PropertyValueSpecification\",\"valueRequired\":true,\"valueName\":\"search_term_string\"}}],\"inLanguage\":\"fr-FR\"}]}<\/script>\n<!-- \/ Yoast SEO plugin. -->","yoast_head_json":{"title":"Toilettes mobiles Tufway de Sartellite","description":"Con\u00e7u pour le confort de l'utilisateur, l'int\u00e9rieur des toilettes mobiles Tufway offre un espace g\u00e9n\u00e9reux et une ventilation optimale, limitant ainsi les odeurs.","robots":{"index":"index","follow":"follow","max-snippet":"max-snippet:-1","max-image-preview":"max-image-preview:large","max-video-preview":"max-video-preview:-1"},"canonical":"https:\/\/atlastoilets.com\/fr\/produit\/tufway\/","og_locale":"fr_FR","og_type":"article","og_title":"Toilettes mobiles Tufway de Sartellite","og_description":"Con\u00e7u pour le confort de l'utilisateur, l'int\u00e9rieur des toilettes mobiles Tufway offre un espace g\u00e9n\u00e9reux et une ventilation optimale, limitant ainsi les odeurs.","og_url":"https:\/\/atlastoilets.com\/fr\/produit\/tufway\/","og_site_name":"Atlas Sanitation Products","article_modified_time":"2026-01-26T14:10:54+00:00","og_image":[{"width":1080,"height":1620,"url":"https:\/\/atlastoilets.com\/wp-content\/uploads\/2026\/01\/ec901f20-0a5c-4346-a765-289229000fa1.webp","type":"image\/webp"}],"twitter_card":"summary_large_image","twitter_misc":{"Dur\u00e9e de lecture estim\u00e9e":"2 minutes"},"schema":{"@context":"https:\/\/schema.org","@graph":[{"@type":["WebPage","ItemPage"],"@id":"https:\/\/atlastoilets.com\/fr\/produit\/tufway\/","url":"https:\/\/atlastoilets.com\/fr\/produit\/tufway\/","name":"Toilettes mobiles Tufway de Sartellite","isPartOf":{"@id":"https:\/\/atlastoilets.com\/#website"},"primaryImageOfPage":{"@id":"https:\/\/atlastoilets.com\/fr\/produit\/tufway\/#primaryimage"},"image":{"@id":"https:\/\/atlastoilets.com\/fr\/produit\/tufway\/#primaryimage"},"thumbnailUrl":"https:\/\/atlastoilets.com\/wp-content\/uploads\/2026\/01\/ec901f20-0a5c-4346-a765-289229000fa1.webp","datePublished":"2026-01-26T12:09:52+00:00","dateModified":"2026-01-26T14:10:54+00:00","description":"Con\u00e7u pour le confort de l'utilisateur, l'int\u00e9rieur des toilettes mobiles Tufway offre un espace g\u00e9n\u00e9reux et une ventilation optimale, limitant ainsi les odeurs.","breadcrumb":{"@id":"https:\/\/atlastoilets.com\/fr\/produit\/tufway\/#breadcrumb"},"inLanguage":"fr-FR","potentialAction":[{"@type":"ReadAction","target":["https:\/\/atlastoilets.com\/fr\/produit\/tufway\/"]}]},{"@type":"ImageObject","inLanguage":"fr-FR","@id":"https:\/\/atlastoilets.com\/fr\/produit\/tufway\/#primaryimage","url":"https:\/\/atlastoilets.com\/wp-content\/uploads\/2026\/01\/ec901f20-0a5c-4346-a765-289229000fa1.webp","contentUrl":"https:\/\/atlastoilets.com\/wp-content\/uploads\/2026\/01\/ec901f20-0a5c-4346-a765-289229000fa1.webp","width":1080,"height":1620},{"@type":"BreadcrumbList","@id":"https:\/\/atlastoilets.com\/fr\/produit\/tufway\/#breadcrumb","itemListElement":[{"@type":"ListItem","position":1,"name":"Home","item":"https:\/\/atlastoilets.com\/fr\/"},{"@type":"ListItem","position":2,"name":"Boutique","item":"https:\/\/atlastoilets.com\/fr\/boutique\/"},{"@type":"ListItem","position":3,"name":"Tufway"}]},{"@type":"WebSite","@id":"https:\/\/atlastoilets.com\/#website","url":"https:\/\/atlastoilets.com\/","name":"Atlas Sanitation Products","description":"Total supplier for toilet rental companies","potentialAction":[{"@type":"SearchAction","target":{"@type":"EntryPoint","urlTemplate":"https:\/\/atlastoilets.com\/?s={search_term_string}"},"query-input":{"@type":"PropertyValueSpecification","valueRequired":true,"valueName":"search_term_string"}}],"inLanguage":"fr-FR"}]}},"_links":{"self":[{"href":"https:\/\/atlastoilets.com\/fr\/wp-json\/wp\/v2\/product\/35409","targetHints":{"allow":["GET"]}}],"collection":[{"href":"https:\/\/atlastoilets.com\/fr\/wp-json\/wp\/v2\/product"}],"about":[{"href":"https:\/\/atlastoilets.com\/fr\/wp-json\/wp\/v2\/types\/product"}],"wp:featuredmedia":[{"embeddable":true,"href":"https:\/\/atlastoilets.com\/fr\/wp-json\/wp\/v2\/media\/35366"}],"wp:attachment":[{"href":"https:\/\/atlastoilets.com\/fr\/wp-json\/wp\/v2\/media?parent=35409"}],"wp:term":[{"taxonomy":"product_brand","embeddable":true,"href":"https:\/\/atlastoilets.com\/fr\/wp-json\/wp\/v2\/product_brand?post=35409"},{"taxonomy":"product_cat","embeddable":true,"href":"https:\/\/atlastoilets.com\/fr\/wp-json\/wp\/v2\/product_cat?post=35409"},{"taxonomy":"product_tag","embeddable":true,"href":"https:\/\/atlastoilets.com\/fr\/wp-json\/wp\/v2\/product_tag?post=35409"}],"curies":[{"name":"wp","href":"https:\/\/api.w.org\/{rel}","templated":true}]}}