{"id":34584,"date":"2025-04-25T09:23:35","date_gmt":"2025-04-25T09:23:35","guid":{"rendered":"https:\/\/atlastoilets.com\/?post_type=product&#038;p=34584"},"modified":"2025-04-25T10:31:48","modified_gmt":"2025-04-25T10:31:48","slug":"bouchon-a-vis-pour-lave-mains-obbe-2","status":"publish","type":"product","link":"https:\/\/atlastoilets.com\/fr\/produit\/bouchon-a-vis-pour-lave-mains-obbe-2\/","title":{"rendered":"Bouchon \u00e0 vis pour lave-mains Obbe 2"},"content":{"rendered":"<p>Bouchon \u00e0 vis pour lave-mains Obbe 2.<br \/>\nCet article est optionnel pour l&rsquo;Obbe 2.<br \/>\nLe bouchon \u00e0 vis est en plastique blanc.<\/p>\n","protected":false},"excerpt":{"rendered":"<p>Bouchon \u00e0 vis pour lave-mains Obbe 2.<br \/>\nCet article est optionnel pour l&rsquo;Obbe 2.<\/p>\n","protected":false},"featured_media":34598,"template":"","meta":[],"product_brand":[],"product_cat":[902],"product_tag":[],"class_list":{"0":"post-34584","1":"product","2":"type-product","3":"status-publish","4":"has-post-thumbnail","6":"product_cat-pieces-de-la-station-de-lavage-des-mains","8":"first","9":"instock","10":"taxable","11":"shipping-taxable","12":"purchasable","13":"product-type-simple"},"yoast_head":"<!-- This site is optimized with the Yoast SEO plugin v27.4 - https:\/\/yoast.com\/product\/yoast-seo-wordpress\/ -->\n<title>Obbe and Hera.Bouchon \u00e0 vis pour lave-mains Obbe 2<\/title>\n<meta name=\"description\" content=\"Bouchon \u00e0 vis pour lave-mains Obbe 2. Cet article est optionnel pour l&#039;Obbe 2. Le bouchon \u00e0 vis est en plastique blanc.\" \/>\n<meta name=\"robots\" content=\"index, follow, max-snippet:-1, max-image-preview:large, max-video-preview:-1\" \/>\n<link rel=\"canonical\" href=\"https:\/\/atlastoilets.com\/fr\/produit\/bouchon-a-vis-pour-lave-mains-obbe-2\/\" \/>\n<meta property=\"og:locale\" content=\"fr_FR\" \/>\n<meta property=\"og:type\" content=\"article\" \/>\n<meta property=\"og:title\" content=\"Obbe and Hera.Bouchon \u00e0 vis pour lave-mains Obbe 2\" \/>\n<meta property=\"og:description\" content=\"Bouchon \u00e0 vis pour lave-mains Obbe 2. Cet article est optionnel pour l&#039;Obbe 2. Le bouchon \u00e0 vis est en plastique blanc.\" \/>\n<meta property=\"og:url\" content=\"https:\/\/atlastoilets.com\/fr\/produit\/bouchon-a-vis-pour-lave-mains-obbe-2\/\" \/>\n<meta property=\"og:site_name\" content=\"Atlas Sanitation Products\" \/>\n<meta property=\"article:modified_time\" content=\"2025-04-25T10:31:48+00:00\" \/>\n<meta property=\"og:image\" content=\"https:\/\/atlastoilets.com\/wp-content\/uploads\/2025\/04\/dop-obbe.jpg\" \/>\n\t<meta property=\"og:image:width\" content=\"600\" \/>\n\t<meta property=\"og:image:height\" content=\"600\" \/>\n\t<meta property=\"og:image:type\" content=\"image\/jpeg\" \/>\n<meta name=\"twitter:card\" content=\"summary_large_image\" \/>\n<meta name=\"twitter:label1\" content=\"Dur\u00e9e de lecture estim\u00e9e\" \/>\n\t<meta name=\"twitter:data1\" content=\"1 minute\" \/>\n<script type=\"application\/ld+json\" class=\"yoast-schema-graph\">{\"@context\":\"https:\\\/\\\/schema.org\",\"@graph\":[{\"@type\":[\"WebPage\",\"ItemPage\"],\"@id\":\"https:\\\/\\\/atlastoilets.com\\\/fr\\\/produit\\\/bouchon-a-vis-pour-lave-mains-obbe-2\\\/\",\"url\":\"https:\\\/\\\/atlastoilets.com\\\/fr\\\/produit\\\/bouchon-a-vis-pour-lave-mains-obbe-2\\\/\",\"name\":\"Obbe and Hera.Bouchon \u00e0 vis pour lave-mains Obbe 2\",\"isPartOf\":{\"@id\":\"https:\\\/\\\/atlastoilets.com\\\/#website\"},\"primaryImageOfPage\":{\"@id\":\"https:\\\/\\\/atlastoilets.com\\\/fr\\\/produit\\\/bouchon-a-vis-pour-lave-mains-obbe-2\\\/#primaryimage\"},\"image\":{\"@id\":\"https:\\\/\\\/atlastoilets.com\\\/fr\\\/produit\\\/bouchon-a-vis-pour-lave-mains-obbe-2\\\/#primaryimage\"},\"thumbnailUrl\":\"https:\\\/\\\/atlastoilets.com\\\/wp-content\\\/uploads\\\/2025\\\/04\\\/obbe-dop.jpg\",\"datePublished\":\"2025-04-25T09:23:35+00:00\",\"dateModified\":\"2025-04-25T10:31:48+00:00\",\"description\":\"Bouchon \u00e0 vis pour lave-mains Obbe 2. Cet article est optionnel pour l'Obbe 2. Le bouchon \u00e0 vis est en plastique blanc.\",\"breadcrumb\":{\"@id\":\"https:\\\/\\\/atlastoilets.com\\\/fr\\\/produit\\\/bouchon-a-vis-pour-lave-mains-obbe-2\\\/#breadcrumb\"},\"inLanguage\":\"fr-FR\",\"potentialAction\":[{\"@type\":\"ReadAction\",\"target\":[\"https:\\\/\\\/atlastoilets.com\\\/fr\\\/produit\\\/bouchon-a-vis-pour-lave-mains-obbe-2\\\/\"]}]},{\"@type\":\"ImageObject\",\"inLanguage\":\"fr-FR\",\"@id\":\"https:\\\/\\\/atlastoilets.com\\\/fr\\\/produit\\\/bouchon-a-vis-pour-lave-mains-obbe-2\\\/#primaryimage\",\"url\":\"https:\\\/\\\/atlastoilets.com\\\/wp-content\\\/uploads\\\/2025\\\/04\\\/obbe-dop.jpg\",\"contentUrl\":\"https:\\\/\\\/atlastoilets.com\\\/wp-content\\\/uploads\\\/2025\\\/04\\\/obbe-dop.jpg\",\"width\":550,\"height\":550,\"caption\":\"screw cap hand wash unit\"},{\"@type\":\"BreadcrumbList\",\"@id\":\"https:\\\/\\\/atlastoilets.com\\\/fr\\\/produit\\\/bouchon-a-vis-pour-lave-mains-obbe-2\\\/#breadcrumb\",\"itemListElement\":[{\"@type\":\"ListItem\",\"position\":1,\"name\":\"Home\",\"item\":\"https:\\\/\\\/atlastoilets.com\\\/fr\\\/\"},{\"@type\":\"ListItem\",\"position\":2,\"name\":\"Boutique\",\"item\":\"https:\\\/\\\/atlastoilets.com\\\/fr\\\/boutique\\\/\"},{\"@type\":\"ListItem\",\"position\":3,\"name\":\"Bouchon \u00e0 vis pour lave-mains Obbe 2\"}]},{\"@type\":\"WebSite\",\"@id\":\"https:\\\/\\\/atlastoilets.com\\\/#website\",\"url\":\"https:\\\/\\\/atlastoilets.com\\\/\",\"name\":\"Atlas Sanitation Products\",\"description\":\"Total supplier for toilet rental companies\",\"potentialAction\":[{\"@type\":\"SearchAction\",\"target\":{\"@type\":\"EntryPoint\",\"urlTemplate\":\"https:\\\/\\\/atlastoilets.com\\\/?s={search_term_string}\"},\"query-input\":{\"@type\":\"PropertyValueSpecification\",\"valueRequired\":true,\"valueName\":\"search_term_string\"}}],\"inLanguage\":\"fr-FR\"}]}<\/script>\n<!-- \/ Yoast SEO plugin. -->","yoast_head_json":{"title":"Obbe and Hera.Bouchon \u00e0 vis pour lave-mains Obbe 2","description":"Bouchon \u00e0 vis pour lave-mains Obbe 2. Cet article est optionnel pour l'Obbe 2. Le bouchon \u00e0 vis est en plastique blanc.","robots":{"index":"index","follow":"follow","max-snippet":"max-snippet:-1","max-image-preview":"max-image-preview:large","max-video-preview":"max-video-preview:-1"},"canonical":"https:\/\/atlastoilets.com\/fr\/produit\/bouchon-a-vis-pour-lave-mains-obbe-2\/","og_locale":"fr_FR","og_type":"article","og_title":"Obbe and Hera.Bouchon \u00e0 vis pour lave-mains Obbe 2","og_description":"Bouchon \u00e0 vis pour lave-mains Obbe 2. Cet article est optionnel pour l'Obbe 2. Le bouchon \u00e0 vis est en plastique blanc.","og_url":"https:\/\/atlastoilets.com\/fr\/produit\/bouchon-a-vis-pour-lave-mains-obbe-2\/","og_site_name":"Atlas Sanitation Products","article_modified_time":"2025-04-25T10:31:48+00:00","og_image":[{"width":600,"height":600,"url":"https:\/\/atlastoilets.com\/wp-content\/uploads\/2025\/04\/dop-obbe.jpg","type":"image\/jpeg"}],"twitter_card":"summary_large_image","twitter_misc":{"Dur\u00e9e de lecture estim\u00e9e":"1 minute"},"schema":{"@context":"https:\/\/schema.org","@graph":[{"@type":["WebPage","ItemPage"],"@id":"https:\/\/atlastoilets.com\/fr\/produit\/bouchon-a-vis-pour-lave-mains-obbe-2\/","url":"https:\/\/atlastoilets.com\/fr\/produit\/bouchon-a-vis-pour-lave-mains-obbe-2\/","name":"Obbe and Hera.Bouchon \u00e0 vis pour lave-mains Obbe 2","isPartOf":{"@id":"https:\/\/atlastoilets.com\/#website"},"primaryImageOfPage":{"@id":"https:\/\/atlastoilets.com\/fr\/produit\/bouchon-a-vis-pour-lave-mains-obbe-2\/#primaryimage"},"image":{"@id":"https:\/\/atlastoilets.com\/fr\/produit\/bouchon-a-vis-pour-lave-mains-obbe-2\/#primaryimage"},"thumbnailUrl":"https:\/\/atlastoilets.com\/wp-content\/uploads\/2025\/04\/obbe-dop.jpg","datePublished":"2025-04-25T09:23:35+00:00","dateModified":"2025-04-25T10:31:48+00:00","description":"Bouchon \u00e0 vis pour lave-mains Obbe 2. Cet article est optionnel pour l'Obbe 2. Le bouchon \u00e0 vis est en plastique blanc.","breadcrumb":{"@id":"https:\/\/atlastoilets.com\/fr\/produit\/bouchon-a-vis-pour-lave-mains-obbe-2\/#breadcrumb"},"inLanguage":"fr-FR","potentialAction":[{"@type":"ReadAction","target":["https:\/\/atlastoilets.com\/fr\/produit\/bouchon-a-vis-pour-lave-mains-obbe-2\/"]}]},{"@type":"ImageObject","inLanguage":"fr-FR","@id":"https:\/\/atlastoilets.com\/fr\/produit\/bouchon-a-vis-pour-lave-mains-obbe-2\/#primaryimage","url":"https:\/\/atlastoilets.com\/wp-content\/uploads\/2025\/04\/obbe-dop.jpg","contentUrl":"https:\/\/atlastoilets.com\/wp-content\/uploads\/2025\/04\/obbe-dop.jpg","width":550,"height":550,"caption":"screw cap hand wash unit"},{"@type":"BreadcrumbList","@id":"https:\/\/atlastoilets.com\/fr\/produit\/bouchon-a-vis-pour-lave-mains-obbe-2\/#breadcrumb","itemListElement":[{"@type":"ListItem","position":1,"name":"Home","item":"https:\/\/atlastoilets.com\/fr\/"},{"@type":"ListItem","position":2,"name":"Boutique","item":"https:\/\/atlastoilets.com\/fr\/boutique\/"},{"@type":"ListItem","position":3,"name":"Bouchon \u00e0 vis pour lave-mains Obbe 2"}]},{"@type":"WebSite","@id":"https:\/\/atlastoilets.com\/#website","url":"https:\/\/atlastoilets.com\/","name":"Atlas Sanitation Products","description":"Total supplier for toilet rental companies","potentialAction":[{"@type":"SearchAction","target":{"@type":"EntryPoint","urlTemplate":"https:\/\/atlastoilets.com\/?s={search_term_string}"},"query-input":{"@type":"PropertyValueSpecification","valueRequired":true,"valueName":"search_term_string"}}],"inLanguage":"fr-FR"}]}},"_links":{"self":[{"href":"https:\/\/atlastoilets.com\/fr\/wp-json\/wp\/v2\/product\/34584","targetHints":{"allow":["GET"]}}],"collection":[{"href":"https:\/\/atlastoilets.com\/fr\/wp-json\/wp\/v2\/product"}],"about":[{"href":"https:\/\/atlastoilets.com\/fr\/wp-json\/wp\/v2\/types\/product"}],"wp:featuredmedia":[{"embeddable":true,"href":"https:\/\/atlastoilets.com\/fr\/wp-json\/wp\/v2\/media\/34598"}],"wp:attachment":[{"href":"https:\/\/atlastoilets.com\/fr\/wp-json\/wp\/v2\/media?parent=34584"}],"wp:term":[{"taxonomy":"product_brand","embeddable":true,"href":"https:\/\/atlastoilets.com\/fr\/wp-json\/wp\/v2\/product_brand?post=34584"},{"taxonomy":"product_cat","embeddable":true,"href":"https:\/\/atlastoilets.com\/fr\/wp-json\/wp\/v2\/product_cat?post=34584"},{"taxonomy":"product_tag","embeddable":true,"href":"https:\/\/atlastoilets.com\/fr\/wp-json\/wp\/v2\/product_tag?post=34584"}],"curies":[{"name":"wp","href":"https:\/\/api.w.org\/{rel}","templated":true}]}}