{"id":34097,"date":"2024-12-06T11:09:20","date_gmt":"2024-12-06T11:09:20","guid":{"rendered":"https:\/\/atlastoilets.com\/product\/cube-jeu-daxes-de-charniere-de-porte\/"},"modified":"2024-12-06T11:09:20","modified_gmt":"2024-12-06T11:09:20","slug":"cube-jeu-daxes-de-charniere-de-porte","status":"publish","type":"product","link":"https:\/\/atlastoilets.com\/fr\/produit\/cube-jeu-daxes-de-charniere-de-porte\/","title":{"rendered":"CUBE Jeu d&rsquo;axes de charni\u00e8re de porte"},"content":{"rendered":"<p>Jeu d&rsquo;axes de charni\u00e8re de porte. Axes de charni\u00e8re de porte sup\u00e9rieurs et inf\u00e9rieurs avec ressort de retenue pour les toilettes portatives CUBE.<br \/>\nPi\u00e8ce de rechange officielle pour remplacer les charni\u00e8res de porte endommag\u00e9es.<\/p>\n","protected":false},"excerpt":{"rendered":"<p>Jeu d&rsquo;axes de charni\u00e8re de porte. Axes de charni\u00e8re de porte sup\u00e9rieurs et inf\u00e9rieurs avec ressort de retenue pour les toilettes portatives CUBE.<\/p>\n","protected":false},"featured_media":33791,"template":"","meta":[],"product_brand":[],"product_cat":[2209],"product_tag":[],"class_list":{"0":"post-34097","1":"product","2":"type-product","3":"status-publish","4":"has-post-thumbnail","6":"product_cat-pieces-de-rechange-pour-les-toilettes-portables-cube","8":"first","9":"instock","10":"taxable","11":"shipping-taxable","12":"purchasable","13":"product-type-simple"},"yoast_head":"<!-- This site is optimized with the Yoast SEO plugin v27.5 - https:\/\/yoast.com\/product\/yoast-seo-wordpress\/ -->\n<title>Jeu d&#039;axes de charni\u00e8res de porte pour le CUBE<\/title>\n<meta name=\"description\" content=\"Jeu d&#039;axes de charni\u00e8re de porte. Axes de charni\u00e8re de porte sup\u00e9rieurs et inf\u00e9rieurs avec ressort de retenue pour les toilettes portatives CUBE\" \/>\n<meta name=\"robots\" content=\"index, follow, max-snippet:-1, max-image-preview:large, max-video-preview:-1\" \/>\n<link rel=\"canonical\" href=\"https:\/\/atlastoilets.com\/fr\/produit\/cube-jeu-daxes-de-charniere-de-porte\/\" \/>\n<meta property=\"og:locale\" content=\"fr_FR\" \/>\n<meta property=\"og:type\" content=\"article\" \/>\n<meta property=\"og:title\" content=\"Jeu d&#039;axes de charni\u00e8res de porte pour le CUBE\" \/>\n<meta property=\"og:description\" content=\"Jeu d&#039;axes de charni\u00e8re de porte. Axes de charni\u00e8re de porte sup\u00e9rieurs et inf\u00e9rieurs avec ressort de retenue pour les toilettes portatives CUBE\" \/>\n<meta property=\"og:url\" content=\"https:\/\/atlastoilets.com\/fr\/produit\/cube-jeu-daxes-de-charniere-de-porte\/\" \/>\n<meta property=\"og:site_name\" content=\"Atlas Sanitation Products\" \/>\n<meta property=\"og:image\" content=\"https:\/\/atlastoilets.com\/wp-content\/uploads\/2024\/12\/door-hinge-pins.jpg\" \/>\n\t<meta property=\"og:image:width\" content=\"600\" \/>\n\t<meta property=\"og:image:height\" content=\"600\" \/>\n\t<meta property=\"og:image:type\" content=\"image\/jpeg\" \/>\n<meta name=\"twitter:card\" content=\"summary_large_image\" \/>\n<script type=\"application\/ld+json\" class=\"yoast-schema-graph\">{\"@context\":\"https:\\\/\\\/schema.org\",\"@graph\":[{\"@type\":[\"WebPage\",\"ItemPage\"],\"@id\":\"https:\\\/\\\/atlastoilets.com\\\/fr\\\/produit\\\/cube-jeu-daxes-de-charniere-de-porte\\\/\",\"url\":\"https:\\\/\\\/atlastoilets.com\\\/fr\\\/produit\\\/cube-jeu-daxes-de-charniere-de-porte\\\/\",\"name\":\"Jeu d'axes de charni\u00e8res de porte pour le CUBE\",\"isPartOf\":{\"@id\":\"https:\\\/\\\/atlastoilets.com\\\/#website\"},\"primaryImageOfPage\":{\"@id\":\"https:\\\/\\\/atlastoilets.com\\\/fr\\\/produit\\\/cube-jeu-daxes-de-charniere-de-porte\\\/#primaryimage\"},\"image\":{\"@id\":\"https:\\\/\\\/atlastoilets.com\\\/fr\\\/produit\\\/cube-jeu-daxes-de-charniere-de-porte\\\/#primaryimage\"},\"thumbnailUrl\":\"https:\\\/\\\/atlastoilets.com\\\/wp-content\\\/uploads\\\/2024\\\/12\\\/door-hinge-pins.jpg\",\"datePublished\":\"2024-12-06T11:09:20+00:00\",\"description\":\"Jeu d'axes de charni\u00e8re de porte. Axes de charni\u00e8re de porte sup\u00e9rieurs et inf\u00e9rieurs avec ressort de retenue pour les toilettes portatives CUBE\",\"breadcrumb\":{\"@id\":\"https:\\\/\\\/atlastoilets.com\\\/fr\\\/produit\\\/cube-jeu-daxes-de-charniere-de-porte\\\/#breadcrumb\"},\"inLanguage\":\"fr-FR\",\"potentialAction\":[{\"@type\":\"ReadAction\",\"target\":[\"https:\\\/\\\/atlastoilets.com\\\/fr\\\/produit\\\/cube-jeu-daxes-de-charniere-de-porte\\\/\"]}]},{\"@type\":\"ImageObject\",\"inLanguage\":\"fr-FR\",\"@id\":\"https:\\\/\\\/atlastoilets.com\\\/fr\\\/produit\\\/cube-jeu-daxes-de-charniere-de-porte\\\/#primaryimage\",\"url\":\"https:\\\/\\\/atlastoilets.com\\\/wp-content\\\/uploads\\\/2024\\\/12\\\/door-hinge-pins.jpg\",\"contentUrl\":\"https:\\\/\\\/atlastoilets.com\\\/wp-content\\\/uploads\\\/2024\\\/12\\\/door-hinge-pins.jpg\",\"width\":600,\"height\":600,\"caption\":\"Jeu d'axes de charni\u00e8re de porte\"},{\"@type\":\"BreadcrumbList\",\"@id\":\"https:\\\/\\\/atlastoilets.com\\\/fr\\\/produit\\\/cube-jeu-daxes-de-charniere-de-porte\\\/#breadcrumb\",\"itemListElement\":[{\"@type\":\"ListItem\",\"position\":1,\"name\":\"Home\",\"item\":\"https:\\\/\\\/atlastoilets.com\\\/fr\\\/\"},{\"@type\":\"ListItem\",\"position\":2,\"name\":\"Boutique\",\"item\":\"https:\\\/\\\/atlastoilets.com\\\/fr\\\/boutique\\\/\"},{\"@type\":\"ListItem\",\"position\":3,\"name\":\"CUBE Jeu d&rsquo;axes de charni\u00e8re de porte\"}]},{\"@type\":\"WebSite\",\"@id\":\"https:\\\/\\\/atlastoilets.com\\\/#website\",\"url\":\"https:\\\/\\\/atlastoilets.com\\\/\",\"name\":\"Atlas Sanitation Products\",\"description\":\"Total supplier for toilet rental companies\",\"potentialAction\":[{\"@type\":\"SearchAction\",\"target\":{\"@type\":\"EntryPoint\",\"urlTemplate\":\"https:\\\/\\\/atlastoilets.com\\\/?s={search_term_string}\"},\"query-input\":{\"@type\":\"PropertyValueSpecification\",\"valueRequired\":true,\"valueName\":\"search_term_string\"}}],\"inLanguage\":\"fr-FR\"}]}<\/script>\n<!-- \/ Yoast SEO plugin. -->","yoast_head_json":{"title":"Jeu d'axes de charni\u00e8res de porte pour le CUBE","description":"Jeu d'axes de charni\u00e8re de porte. Axes de charni\u00e8re de porte sup\u00e9rieurs et inf\u00e9rieurs avec ressort de retenue pour les toilettes portatives CUBE","robots":{"index":"index","follow":"follow","max-snippet":"max-snippet:-1","max-image-preview":"max-image-preview:large","max-video-preview":"max-video-preview:-1"},"canonical":"https:\/\/atlastoilets.com\/fr\/produit\/cube-jeu-daxes-de-charniere-de-porte\/","og_locale":"fr_FR","og_type":"article","og_title":"Jeu d'axes de charni\u00e8res de porte pour le CUBE","og_description":"Jeu d'axes de charni\u00e8re de porte. Axes de charni\u00e8re de porte sup\u00e9rieurs et inf\u00e9rieurs avec ressort de retenue pour les toilettes portatives CUBE","og_url":"https:\/\/atlastoilets.com\/fr\/produit\/cube-jeu-daxes-de-charniere-de-porte\/","og_site_name":"Atlas Sanitation Products","og_image":[{"width":600,"height":600,"url":"https:\/\/atlastoilets.com\/wp-content\/uploads\/2024\/12\/door-hinge-pins.jpg","type":"image\/jpeg"}],"twitter_card":"summary_large_image","schema":{"@context":"https:\/\/schema.org","@graph":[{"@type":["WebPage","ItemPage"],"@id":"https:\/\/atlastoilets.com\/fr\/produit\/cube-jeu-daxes-de-charniere-de-porte\/","url":"https:\/\/atlastoilets.com\/fr\/produit\/cube-jeu-daxes-de-charniere-de-porte\/","name":"Jeu d'axes de charni\u00e8res de porte pour le CUBE","isPartOf":{"@id":"https:\/\/atlastoilets.com\/#website"},"primaryImageOfPage":{"@id":"https:\/\/atlastoilets.com\/fr\/produit\/cube-jeu-daxes-de-charniere-de-porte\/#primaryimage"},"image":{"@id":"https:\/\/atlastoilets.com\/fr\/produit\/cube-jeu-daxes-de-charniere-de-porte\/#primaryimage"},"thumbnailUrl":"https:\/\/atlastoilets.com\/wp-content\/uploads\/2024\/12\/door-hinge-pins.jpg","datePublished":"2024-12-06T11:09:20+00:00","description":"Jeu d'axes de charni\u00e8re de porte. Axes de charni\u00e8re de porte sup\u00e9rieurs et inf\u00e9rieurs avec ressort de retenue pour les toilettes portatives CUBE","breadcrumb":{"@id":"https:\/\/atlastoilets.com\/fr\/produit\/cube-jeu-daxes-de-charniere-de-porte\/#breadcrumb"},"inLanguage":"fr-FR","potentialAction":[{"@type":"ReadAction","target":["https:\/\/atlastoilets.com\/fr\/produit\/cube-jeu-daxes-de-charniere-de-porte\/"]}]},{"@type":"ImageObject","inLanguage":"fr-FR","@id":"https:\/\/atlastoilets.com\/fr\/produit\/cube-jeu-daxes-de-charniere-de-porte\/#primaryimage","url":"https:\/\/atlastoilets.com\/wp-content\/uploads\/2024\/12\/door-hinge-pins.jpg","contentUrl":"https:\/\/atlastoilets.com\/wp-content\/uploads\/2024\/12\/door-hinge-pins.jpg","width":600,"height":600,"caption":"Jeu d'axes de charni\u00e8re de porte"},{"@type":"BreadcrumbList","@id":"https:\/\/atlastoilets.com\/fr\/produit\/cube-jeu-daxes-de-charniere-de-porte\/#breadcrumb","itemListElement":[{"@type":"ListItem","position":1,"name":"Home","item":"https:\/\/atlastoilets.com\/fr\/"},{"@type":"ListItem","position":2,"name":"Boutique","item":"https:\/\/atlastoilets.com\/fr\/boutique\/"},{"@type":"ListItem","position":3,"name":"CUBE Jeu d&rsquo;axes de charni\u00e8re de porte"}]},{"@type":"WebSite","@id":"https:\/\/atlastoilets.com\/#website","url":"https:\/\/atlastoilets.com\/","name":"Atlas Sanitation Products","description":"Total supplier for toilet rental companies","potentialAction":[{"@type":"SearchAction","target":{"@type":"EntryPoint","urlTemplate":"https:\/\/atlastoilets.com\/?s={search_term_string}"},"query-input":{"@type":"PropertyValueSpecification","valueRequired":true,"valueName":"search_term_string"}}],"inLanguage":"fr-FR"}]}},"_links":{"self":[{"href":"https:\/\/atlastoilets.com\/fr\/wp-json\/wp\/v2\/product\/34097","targetHints":{"allow":["GET"]}}],"collection":[{"href":"https:\/\/atlastoilets.com\/fr\/wp-json\/wp\/v2\/product"}],"about":[{"href":"https:\/\/atlastoilets.com\/fr\/wp-json\/wp\/v2\/types\/product"}],"wp:featuredmedia":[{"embeddable":true,"href":"https:\/\/atlastoilets.com\/fr\/wp-json\/wp\/v2\/media\/33791"}],"wp:attachment":[{"href":"https:\/\/atlastoilets.com\/fr\/wp-json\/wp\/v2\/media?parent=34097"}],"wp:term":[{"taxonomy":"product_brand","embeddable":true,"href":"https:\/\/atlastoilets.com\/fr\/wp-json\/wp\/v2\/product_brand?post=34097"},{"taxonomy":"product_cat","embeddable":true,"href":"https:\/\/atlastoilets.com\/fr\/wp-json\/wp\/v2\/product_cat?post=34097"},{"taxonomy":"product_tag","embeddable":true,"href":"https:\/\/atlastoilets.com\/fr\/wp-json\/wp\/v2\/product_tag?post=34097"}],"curies":[{"name":"wp","href":"https:\/\/api.w.org\/{rel}","templated":true}]}}