{"id":34070,"date":"2025-01-06T15:43:14","date_gmt":"2025-01-06T15:43:14","guid":{"rendered":"https:\/\/atlastoilets.com\/product\/cube-vidange-durinoir\/"},"modified":"2025-01-06T15:43:14","modified_gmt":"2025-01-06T15:43:14","slug":"cube-vidange-durinoir","status":"publish","type":"product","link":"https:\/\/atlastoilets.com\/fr\/produit\/cube-vidange-durinoir\/","title":{"rendered":"CUBE Vidange d&rsquo;urinoir"},"content":{"rendered":"<p>Vidange d&rsquo;urinoir pour les toilettes portables CUBE.<br \/>\nPi\u00e8ce de rechange officielle qui relie l&rsquo;urinoir au r\u00e9servoir \u00e0 mati\u00e8res.<\/p>\n","protected":false},"excerpt":{"rendered":"<p>Vidange d&rsquo;urinoir pour les toilettes portables CUBE.<br \/>\nPi\u00e8ce de rechange officielle qui relie l&rsquo;urinoir au r\u00e9servoir \u00e0 mati\u00e8res.<\/p>\n","protected":false},"featured_media":33771,"template":"","meta":[],"product_brand":[],"product_cat":[2209],"product_tag":[],"class_list":{"0":"post-34070","1":"product","2":"type-product","3":"status-publish","4":"has-post-thumbnail","6":"product_cat-pieces-de-rechange-pour-les-toilettes-portables-cube","8":"first","9":"instock","10":"taxable","11":"shipping-taxable","12":"purchasable","13":"product-type-simple"},"yoast_head":"<!-- This site is optimized with the Yoast SEO plugin v27.5 - https:\/\/yoast.com\/product\/yoast-seo-wordpress\/ -->\n<title>Vidange d&#039;urinoir pour les toilettes portables CUBE<\/title>\n<meta name=\"description\" content=\"Vidange d&#039;urinoir pour les toilettes portables CUBE. Pi\u00e8ce de rechange officielle qui relie l&#039;urinoir au r\u00e9servoir \u00e0 mati\u00e8res.\" \/>\n<meta name=\"robots\" content=\"index, follow, max-snippet:-1, max-image-preview:large, max-video-preview:-1\" \/>\n<link rel=\"canonical\" href=\"https:\/\/atlastoilets.com\/fr\/produit\/cube-vidange-durinoir\/\" \/>\n<meta property=\"og:locale\" content=\"fr_FR\" \/>\n<meta property=\"og:type\" content=\"article\" \/>\n<meta property=\"og:title\" content=\"Vidange d&#039;urinoir pour les toilettes portables CUBE\" \/>\n<meta property=\"og:description\" content=\"Vidange d&#039;urinoir pour les toilettes portables CUBE. Pi\u00e8ce de rechange officielle qui relie l&#039;urinoir au r\u00e9servoir \u00e0 mati\u00e8res.\" \/>\n<meta property=\"og:url\" content=\"https:\/\/atlastoilets.com\/fr\/produit\/cube-vidange-durinoir\/\" \/>\n<meta property=\"og:site_name\" content=\"Atlas Sanitation Products\" \/>\n<meta property=\"og:image\" content=\"https:\/\/atlastoilets.com\/wp-content\/uploads\/2025\/01\/Urinal-drain.jpg\" \/>\n\t<meta property=\"og:image:width\" content=\"600\" \/>\n\t<meta property=\"og:image:height\" content=\"600\" \/>\n\t<meta property=\"og:image:type\" content=\"image\/jpeg\" \/>\n<meta name=\"twitter:card\" content=\"summary_large_image\" \/>\n<script type=\"application\/ld+json\" class=\"yoast-schema-graph\">{\"@context\":\"https:\\\/\\\/schema.org\",\"@graph\":[{\"@type\":[\"WebPage\",\"ItemPage\"],\"@id\":\"https:\\\/\\\/atlastoilets.com\\\/fr\\\/produit\\\/cube-vidange-durinoir\\\/\",\"url\":\"https:\\\/\\\/atlastoilets.com\\\/fr\\\/produit\\\/cube-vidange-durinoir\\\/\",\"name\":\"Vidange d'urinoir pour les toilettes portables CUBE\",\"isPartOf\":{\"@id\":\"https:\\\/\\\/atlastoilets.com\\\/#website\"},\"primaryImageOfPage\":{\"@id\":\"https:\\\/\\\/atlastoilets.com\\\/fr\\\/produit\\\/cube-vidange-durinoir\\\/#primaryimage\"},\"image\":{\"@id\":\"https:\\\/\\\/atlastoilets.com\\\/fr\\\/produit\\\/cube-vidange-durinoir\\\/#primaryimage\"},\"thumbnailUrl\":\"https:\\\/\\\/atlastoilets.com\\\/wp-content\\\/uploads\\\/2025\\\/01\\\/Urinal-drain.jpg\",\"datePublished\":\"2025-01-06T15:43:14+00:00\",\"description\":\"Vidange d'urinoir pour les toilettes portables CUBE. Pi\u00e8ce de rechange officielle qui relie l'urinoir au r\u00e9servoir \u00e0 mati\u00e8res.\",\"breadcrumb\":{\"@id\":\"https:\\\/\\\/atlastoilets.com\\\/fr\\\/produit\\\/cube-vidange-durinoir\\\/#breadcrumb\"},\"inLanguage\":\"fr-FR\",\"potentialAction\":[{\"@type\":\"ReadAction\",\"target\":[\"https:\\\/\\\/atlastoilets.com\\\/fr\\\/produit\\\/cube-vidange-durinoir\\\/\"]}]},{\"@type\":\"ImageObject\",\"inLanguage\":\"fr-FR\",\"@id\":\"https:\\\/\\\/atlastoilets.com\\\/fr\\\/produit\\\/cube-vidange-durinoir\\\/#primaryimage\",\"url\":\"https:\\\/\\\/atlastoilets.com\\\/wp-content\\\/uploads\\\/2025\\\/01\\\/Urinal-drain.jpg\",\"contentUrl\":\"https:\\\/\\\/atlastoilets.com\\\/wp-content\\\/uploads\\\/2025\\\/01\\\/Urinal-drain.jpg\",\"width\":600,\"height\":600,\"caption\":\"Vidange d'urinoir\"},{\"@type\":\"BreadcrumbList\",\"@id\":\"https:\\\/\\\/atlastoilets.com\\\/fr\\\/produit\\\/cube-vidange-durinoir\\\/#breadcrumb\",\"itemListElement\":[{\"@type\":\"ListItem\",\"position\":1,\"name\":\"Home\",\"item\":\"https:\\\/\\\/atlastoilets.com\\\/fr\\\/\"},{\"@type\":\"ListItem\",\"position\":2,\"name\":\"Boutique\",\"item\":\"https:\\\/\\\/atlastoilets.com\\\/fr\\\/boutique\\\/\"},{\"@type\":\"ListItem\",\"position\":3,\"name\":\"CUBE Vidange d&rsquo;urinoir\"}]},{\"@type\":\"WebSite\",\"@id\":\"https:\\\/\\\/atlastoilets.com\\\/#website\",\"url\":\"https:\\\/\\\/atlastoilets.com\\\/\",\"name\":\"Atlas Sanitation Products\",\"description\":\"Total supplier for toilet rental companies\",\"potentialAction\":[{\"@type\":\"SearchAction\",\"target\":{\"@type\":\"EntryPoint\",\"urlTemplate\":\"https:\\\/\\\/atlastoilets.com\\\/?s={search_term_string}\"},\"query-input\":{\"@type\":\"PropertyValueSpecification\",\"valueRequired\":true,\"valueName\":\"search_term_string\"}}],\"inLanguage\":\"fr-FR\"}]}<\/script>\n<!-- \/ Yoast SEO plugin. -->","yoast_head_json":{"title":"Vidange d'urinoir pour les toilettes portables CUBE","description":"Vidange d'urinoir pour les toilettes portables CUBE. Pi\u00e8ce de rechange officielle qui relie l'urinoir au r\u00e9servoir \u00e0 mati\u00e8res.","robots":{"index":"index","follow":"follow","max-snippet":"max-snippet:-1","max-image-preview":"max-image-preview:large","max-video-preview":"max-video-preview:-1"},"canonical":"https:\/\/atlastoilets.com\/fr\/produit\/cube-vidange-durinoir\/","og_locale":"fr_FR","og_type":"article","og_title":"Vidange d'urinoir pour les toilettes portables CUBE","og_description":"Vidange d'urinoir pour les toilettes portables CUBE. Pi\u00e8ce de rechange officielle qui relie l'urinoir au r\u00e9servoir \u00e0 mati\u00e8res.","og_url":"https:\/\/atlastoilets.com\/fr\/produit\/cube-vidange-durinoir\/","og_site_name":"Atlas Sanitation Products","og_image":[{"width":600,"height":600,"url":"https:\/\/atlastoilets.com\/wp-content\/uploads\/2025\/01\/Urinal-drain.jpg","type":"image\/jpeg"}],"twitter_card":"summary_large_image","schema":{"@context":"https:\/\/schema.org","@graph":[{"@type":["WebPage","ItemPage"],"@id":"https:\/\/atlastoilets.com\/fr\/produit\/cube-vidange-durinoir\/","url":"https:\/\/atlastoilets.com\/fr\/produit\/cube-vidange-durinoir\/","name":"Vidange d'urinoir pour les toilettes portables CUBE","isPartOf":{"@id":"https:\/\/atlastoilets.com\/#website"},"primaryImageOfPage":{"@id":"https:\/\/atlastoilets.com\/fr\/produit\/cube-vidange-durinoir\/#primaryimage"},"image":{"@id":"https:\/\/atlastoilets.com\/fr\/produit\/cube-vidange-durinoir\/#primaryimage"},"thumbnailUrl":"https:\/\/atlastoilets.com\/wp-content\/uploads\/2025\/01\/Urinal-drain.jpg","datePublished":"2025-01-06T15:43:14+00:00","description":"Vidange d'urinoir pour les toilettes portables CUBE. Pi\u00e8ce de rechange officielle qui relie l'urinoir au r\u00e9servoir \u00e0 mati\u00e8res.","breadcrumb":{"@id":"https:\/\/atlastoilets.com\/fr\/produit\/cube-vidange-durinoir\/#breadcrumb"},"inLanguage":"fr-FR","potentialAction":[{"@type":"ReadAction","target":["https:\/\/atlastoilets.com\/fr\/produit\/cube-vidange-durinoir\/"]}]},{"@type":"ImageObject","inLanguage":"fr-FR","@id":"https:\/\/atlastoilets.com\/fr\/produit\/cube-vidange-durinoir\/#primaryimage","url":"https:\/\/atlastoilets.com\/wp-content\/uploads\/2025\/01\/Urinal-drain.jpg","contentUrl":"https:\/\/atlastoilets.com\/wp-content\/uploads\/2025\/01\/Urinal-drain.jpg","width":600,"height":600,"caption":"Vidange d'urinoir"},{"@type":"BreadcrumbList","@id":"https:\/\/atlastoilets.com\/fr\/produit\/cube-vidange-durinoir\/#breadcrumb","itemListElement":[{"@type":"ListItem","position":1,"name":"Home","item":"https:\/\/atlastoilets.com\/fr\/"},{"@type":"ListItem","position":2,"name":"Boutique","item":"https:\/\/atlastoilets.com\/fr\/boutique\/"},{"@type":"ListItem","position":3,"name":"CUBE Vidange d&rsquo;urinoir"}]},{"@type":"WebSite","@id":"https:\/\/atlastoilets.com\/#website","url":"https:\/\/atlastoilets.com\/","name":"Atlas Sanitation Products","description":"Total supplier for toilet rental companies","potentialAction":[{"@type":"SearchAction","target":{"@type":"EntryPoint","urlTemplate":"https:\/\/atlastoilets.com\/?s={search_term_string}"},"query-input":{"@type":"PropertyValueSpecification","valueRequired":true,"valueName":"search_term_string"}}],"inLanguage":"fr-FR"}]}},"_links":{"self":[{"href":"https:\/\/atlastoilets.com\/fr\/wp-json\/wp\/v2\/product\/34070","targetHints":{"allow":["GET"]}}],"collection":[{"href":"https:\/\/atlastoilets.com\/fr\/wp-json\/wp\/v2\/product"}],"about":[{"href":"https:\/\/atlastoilets.com\/fr\/wp-json\/wp\/v2\/types\/product"}],"wp:featuredmedia":[{"embeddable":true,"href":"https:\/\/atlastoilets.com\/fr\/wp-json\/wp\/v2\/media\/33771"}],"wp:attachment":[{"href":"https:\/\/atlastoilets.com\/fr\/wp-json\/wp\/v2\/media?parent=34070"}],"wp:term":[{"taxonomy":"product_brand","embeddable":true,"href":"https:\/\/atlastoilets.com\/fr\/wp-json\/wp\/v2\/product_brand?post=34070"},{"taxonomy":"product_cat","embeddable":true,"href":"https:\/\/atlastoilets.com\/fr\/wp-json\/wp\/v2\/product_cat?post=34070"},{"taxonomy":"product_tag","embeddable":true,"href":"https:\/\/atlastoilets.com\/fr\/wp-json\/wp\/v2\/product_tag?post=34070"}],"curies":[{"name":"wp","href":"https:\/\/api.w.org\/{rel}","templated":true}]}}