{"id":33687,"date":"2025-01-06T10:04:55","date_gmt":"2025-01-06T10:04:55","guid":{"rendered":"https:\/\/atlastoilets.com\/product\/urinal-screen-cherry\/"},"modified":"2025-01-06T10:53:49","modified_gmt":"2025-01-06T10:53:49","slug":"urinal-screen-cherry","status":"publish","type":"product","link":"https:\/\/atlastoilets.com\/fr\/produit\/urinal-screen-cherry\/","title":{"rendered":"Grille d&rsquo;urinoir avec bloc de cerises"},"content":{"rendered":"<p>Grille d&rsquo;urinoir avec bloc de cerises nettoie et d\u00e9sodorise \u00e0 chaque chasse d&rsquo;eau tout en prot\u00e9geant le drain des d\u00e9bris.<br \/>\nBo\u00eete de 12 pi\u00e8ces.<\/p>\n","protected":false},"excerpt":{"rendered":"<p>Grille d&rsquo;urinoir avec bloc de cerises nettoie et d\u00e9sodorise \u00e0 chaque chasse d&rsquo;eau tout en prot\u00e9geant le drain des d\u00e9bris.<\/p>\n","protected":false},"featured_media":33697,"template":"","meta":[],"product_brand":[],"product_cat":[958,942,938],"product_tag":[],"class_list":{"0":"post-33687","1":"product","2":"type-product","3":"status-publish","4":"has-post-thumbnail","6":"product_cat-ecrans-durinoir-aux-senteurs-fraiches","7":"product_cat-produits-parfumes-pour-les-zones-sanitaires","8":"product_cat-produits-parfumes","10":"first","11":"instock","12":"taxable","13":"shipping-taxable","14":"purchasable","15":"product-type-simple"},"yoast_head":"<!-- This site is optimized with the Yoast SEO plugin v27.4 - https:\/\/yoast.com\/product\/yoast-seo-wordpress\/ -->\n<title>Grille d&#039;urinoir avec bloc de cerises<\/title>\n<meta name=\"description\" content=\"Grille d&#039;urinoir avec bloc de cerises nettoie et d\u00e9sodorise \u00e0 chaque chasse d&#039;eau tout en prot\u00e9geant le drain des d\u00e9bris.\" \/>\n<meta name=\"robots\" content=\"index, follow, max-snippet:-1, max-image-preview:large, max-video-preview:-1\" \/>\n<link rel=\"canonical\" href=\"https:\/\/atlastoilets.com\/fr\/produit\/urinal-screen-cherry\/\" \/>\n<meta property=\"og:locale\" content=\"fr_FR\" \/>\n<meta property=\"og:type\" content=\"article\" \/>\n<meta property=\"og:title\" content=\"Grille d&#039;urinoir avec bloc de cerises\" \/>\n<meta property=\"og:description\" content=\"Grille d&#039;urinoir avec bloc de cerises nettoie et d\u00e9sodorise \u00e0 chaque chasse d&#039;eau tout en prot\u00e9geant le drain des d\u00e9bris.\" \/>\n<meta property=\"og:url\" content=\"https:\/\/atlastoilets.com\/fr\/produit\/urinal-screen-cherry\/\" \/>\n<meta property=\"og:site_name\" content=\"Atlas Sanitation Products\" \/>\n<meta property=\"article:modified_time\" content=\"2025-01-06T10:53:49+00:00\" \/>\n<meta name=\"twitter:card\" content=\"summary_large_image\" \/>\n<script type=\"application\/ld+json\" class=\"yoast-schema-graph\">{\"@context\":\"https:\\\/\\\/schema.org\",\"@graph\":[{\"@type\":[\"WebPage\",\"ItemPage\"],\"@id\":\"https:\\\/\\\/atlastoilets.com\\\/fr\\\/produit\\\/urinal-screen-cherry\\\/\",\"url\":\"https:\\\/\\\/atlastoilets.com\\\/fr\\\/produit\\\/urinal-screen-cherry\\\/\",\"name\":\"Grille d'urinoir avec bloc de cerises\",\"isPartOf\":{\"@id\":\"https:\\\/\\\/atlastoilets.com\\\/#website\"},\"primaryImageOfPage\":{\"@id\":\"https:\\\/\\\/atlastoilets.com\\\/fr\\\/produit\\\/urinal-screen-cherry\\\/#primaryimage\"},\"image\":{\"@id\":\"https:\\\/\\\/atlastoilets.com\\\/fr\\\/produit\\\/urinal-screen-cherry\\\/#primaryimage\"},\"thumbnailUrl\":\"https:\\\/\\\/atlastoilets.com\\\/wp-content\\\/uploads\\\/2025\\\/01\\\/urinoirrooster-met-urinoirblok3.jpg\",\"datePublished\":\"2025-01-06T10:04:55+00:00\",\"dateModified\":\"2025-01-06T10:53:49+00:00\",\"description\":\"Grille d'urinoir avec bloc de cerises nettoie et d\u00e9sodorise \u00e0 chaque chasse d'eau tout en prot\u00e9geant le drain des d\u00e9bris.\",\"breadcrumb\":{\"@id\":\"https:\\\/\\\/atlastoilets.com\\\/fr\\\/produit\\\/urinal-screen-cherry\\\/#breadcrumb\"},\"inLanguage\":\"fr-FR\",\"potentialAction\":[{\"@type\":\"ReadAction\",\"target\":[\"https:\\\/\\\/atlastoilets.com\\\/fr\\\/produit\\\/urinal-screen-cherry\\\/\"]}]},{\"@type\":\"ImageObject\",\"inLanguage\":\"fr-FR\",\"@id\":\"https:\\\/\\\/atlastoilets.com\\\/fr\\\/produit\\\/urinal-screen-cherry\\\/#primaryimage\",\"url\":\"https:\\\/\\\/atlastoilets.com\\\/wp-content\\\/uploads\\\/2025\\\/01\\\/urinoirrooster-met-urinoirblok3.jpg\",\"contentUrl\":\"https:\\\/\\\/atlastoilets.com\\\/wp-content\\\/uploads\\\/2025\\\/01\\\/urinoirrooster-met-urinoirblok3.jpg\",\"width\":1000,\"height\":1000,\"caption\":\"urinoirrooster\"},{\"@type\":\"BreadcrumbList\",\"@id\":\"https:\\\/\\\/atlastoilets.com\\\/fr\\\/produit\\\/urinal-screen-cherry\\\/#breadcrumb\",\"itemListElement\":[{\"@type\":\"ListItem\",\"position\":1,\"name\":\"Home\",\"item\":\"https:\\\/\\\/atlastoilets.com\\\/fr\\\/\"},{\"@type\":\"ListItem\",\"position\":2,\"name\":\"Boutique\",\"item\":\"https:\\\/\\\/atlastoilets.com\\\/fr\\\/boutique\\\/\"},{\"@type\":\"ListItem\",\"position\":3,\"name\":\"Grille d&rsquo;urinoir avec bloc de cerises\"}]},{\"@type\":\"WebSite\",\"@id\":\"https:\\\/\\\/atlastoilets.com\\\/#website\",\"url\":\"https:\\\/\\\/atlastoilets.com\\\/\",\"name\":\"Atlas Sanitation Products\",\"description\":\"Total supplier for toilet rental companies\",\"potentialAction\":[{\"@type\":\"SearchAction\",\"target\":{\"@type\":\"EntryPoint\",\"urlTemplate\":\"https:\\\/\\\/atlastoilets.com\\\/?s={search_term_string}\"},\"query-input\":{\"@type\":\"PropertyValueSpecification\",\"valueRequired\":true,\"valueName\":\"search_term_string\"}}],\"inLanguage\":\"fr-FR\"}]}<\/script>\n<!-- \/ Yoast SEO plugin. -->","yoast_head_json":{"title":"Grille d'urinoir avec bloc de cerises","description":"Grille d'urinoir avec bloc de cerises nettoie et d\u00e9sodorise \u00e0 chaque chasse d'eau tout en prot\u00e9geant le drain des d\u00e9bris.","robots":{"index":"index","follow":"follow","max-snippet":"max-snippet:-1","max-image-preview":"max-image-preview:large","max-video-preview":"max-video-preview:-1"},"canonical":"https:\/\/atlastoilets.com\/fr\/produit\/urinal-screen-cherry\/","og_locale":"fr_FR","og_type":"article","og_title":"Grille d'urinoir avec bloc de cerises","og_description":"Grille d'urinoir avec bloc de cerises nettoie et d\u00e9sodorise \u00e0 chaque chasse d'eau tout en prot\u00e9geant le drain des d\u00e9bris.","og_url":"https:\/\/atlastoilets.com\/fr\/produit\/urinal-screen-cherry\/","og_site_name":"Atlas Sanitation Products","article_modified_time":"2025-01-06T10:53:49+00:00","twitter_card":"summary_large_image","schema":{"@context":"https:\/\/schema.org","@graph":[{"@type":["WebPage","ItemPage"],"@id":"https:\/\/atlastoilets.com\/fr\/produit\/urinal-screen-cherry\/","url":"https:\/\/atlastoilets.com\/fr\/produit\/urinal-screen-cherry\/","name":"Grille d'urinoir avec bloc de cerises","isPartOf":{"@id":"https:\/\/atlastoilets.com\/#website"},"primaryImageOfPage":{"@id":"https:\/\/atlastoilets.com\/fr\/produit\/urinal-screen-cherry\/#primaryimage"},"image":{"@id":"https:\/\/atlastoilets.com\/fr\/produit\/urinal-screen-cherry\/#primaryimage"},"thumbnailUrl":"https:\/\/atlastoilets.com\/wp-content\/uploads\/2025\/01\/urinoirrooster-met-urinoirblok3.jpg","datePublished":"2025-01-06T10:04:55+00:00","dateModified":"2025-01-06T10:53:49+00:00","description":"Grille d'urinoir avec bloc de cerises nettoie et d\u00e9sodorise \u00e0 chaque chasse d'eau tout en prot\u00e9geant le drain des d\u00e9bris.","breadcrumb":{"@id":"https:\/\/atlastoilets.com\/fr\/produit\/urinal-screen-cherry\/#breadcrumb"},"inLanguage":"fr-FR","potentialAction":[{"@type":"ReadAction","target":["https:\/\/atlastoilets.com\/fr\/produit\/urinal-screen-cherry\/"]}]},{"@type":"ImageObject","inLanguage":"fr-FR","@id":"https:\/\/atlastoilets.com\/fr\/produit\/urinal-screen-cherry\/#primaryimage","url":"https:\/\/atlastoilets.com\/wp-content\/uploads\/2025\/01\/urinoirrooster-met-urinoirblok3.jpg","contentUrl":"https:\/\/atlastoilets.com\/wp-content\/uploads\/2025\/01\/urinoirrooster-met-urinoirblok3.jpg","width":1000,"height":1000,"caption":"urinoirrooster"},{"@type":"BreadcrumbList","@id":"https:\/\/atlastoilets.com\/fr\/produit\/urinal-screen-cherry\/#breadcrumb","itemListElement":[{"@type":"ListItem","position":1,"name":"Home","item":"https:\/\/atlastoilets.com\/fr\/"},{"@type":"ListItem","position":2,"name":"Boutique","item":"https:\/\/atlastoilets.com\/fr\/boutique\/"},{"@type":"ListItem","position":3,"name":"Grille d&rsquo;urinoir avec bloc de cerises"}]},{"@type":"WebSite","@id":"https:\/\/atlastoilets.com\/#website","url":"https:\/\/atlastoilets.com\/","name":"Atlas Sanitation Products","description":"Total supplier for toilet rental companies","potentialAction":[{"@type":"SearchAction","target":{"@type":"EntryPoint","urlTemplate":"https:\/\/atlastoilets.com\/?s={search_term_string}"},"query-input":{"@type":"PropertyValueSpecification","valueRequired":true,"valueName":"search_term_string"}}],"inLanguage":"fr-FR"}]}},"_links":{"self":[{"href":"https:\/\/atlastoilets.com\/fr\/wp-json\/wp\/v2\/product\/33687","targetHints":{"allow":["GET"]}}],"collection":[{"href":"https:\/\/atlastoilets.com\/fr\/wp-json\/wp\/v2\/product"}],"about":[{"href":"https:\/\/atlastoilets.com\/fr\/wp-json\/wp\/v2\/types\/product"}],"wp:featuredmedia":[{"embeddable":true,"href":"https:\/\/atlastoilets.com\/fr\/wp-json\/wp\/v2\/media\/33697"}],"wp:attachment":[{"href":"https:\/\/atlastoilets.com\/fr\/wp-json\/wp\/v2\/media?parent=33687"}],"wp:term":[{"taxonomy":"product_brand","embeddable":true,"href":"https:\/\/atlastoilets.com\/fr\/wp-json\/wp\/v2\/product_brand?post=33687"},{"taxonomy":"product_cat","embeddable":true,"href":"https:\/\/atlastoilets.com\/fr\/wp-json\/wp\/v2\/product_cat?post=33687"},{"taxonomy":"product_tag","embeddable":true,"href":"https:\/\/atlastoilets.com\/fr\/wp-json\/wp\/v2\/product_tag?post=33687"}],"curies":[{"name":"wp","href":"https:\/\/api.w.org\/{rel}","templated":true}]}}