{"id":33430,"date":"2024-11-04T12:17:32","date_gmt":"2024-11-04T12:17:32","guid":{"rendered":"https:\/\/atlastoilets.com\/?post_type=product&#038;p=33430"},"modified":"2025-10-28T10:05:14","modified_gmt":"2025-10-28T10:05:14","slug":"reservoir-de-dechets-pour-cabines-de-chantier","status":"publish","type":"product","link":"https:\/\/atlastoilets.com\/fr\/produit\/reservoir-de-dechets-pour-cabines-de-chantier\/","title":{"rendered":"Trailer Tank"},"content":{"rendered":"<p>R\u00e9servoir de d\u00e9chets pour cabines de chantier.<br \/>\nR\u00e9servoir de toilettes pouvant \u00eatre \u00e9quip\u00e9 d&rsquo;une pompe \u00e0 main ou d&rsquo;une pompe \u00e0 pied.<br \/>\nLa pompe Whale fait recirculer l&rsquo;eau filtr\u00e9e.<br \/>\nLe r\u00e9servoir est livr\u00e9 complet avec un si\u00e8ge de toilette.<\/p>\n<p>Nom: Trailertank<br \/>\nL x P\u00a0x H: 100 x 50 x 65,3 cm<br \/>\nCapacit\u00e9: 140 litres<br \/>\nPoids : 13,6 kg<\/p>\n","protected":false},"excerpt":{"rendered":"<p>R\u00e9servoir de d\u00e9chets pour cabines de chantier.<br \/>\nR\u00e9servoir de toilettes pouvant \u00eatre \u00e9quip\u00e9 d&rsquo;une pompe \u00e0 main ou d&rsquo;une pompe \u00e0 pied.<br \/>\nLa pompe Whale fait recirculer l&rsquo;eau filtr\u00e9e.<\/p>\n","protected":false},"featured_media":33413,"template":"","meta":[],"product_brand":[],"product_cat":[910,2115],"product_tag":[1221],"class_list":{"0":"post-33430","1":"product","2":"type-product","3":"status-publish","4":"has-post-thumbnail","6":"product_cat-pieces-de-roulottes-de-chantier","7":"product_cat-reservoirs-de-toilettes","8":"product_tag-site-cabin-fr","10":"first","11":"instock","12":"taxable","13":"shipping-taxable","14":"purchasable","15":"product-type-variable","16":"has-default-attributes"},"yoast_head":"<!-- This site is optimized with the Yoast SEO plugin v27.4 - https:\/\/yoast.com\/product\/yoast-seo-wordpress\/ -->\n<title>R\u00e9servoir de d\u00e9chets pour cabines de chantier<\/title>\n<meta name=\"description\" content=\"R\u00e9servoir de d\u00e9chets pour cabines de chantier.R\u00e9servoir de toilettes pouvant \u00eatre \u00e9quip\u00e9 d&#039;une pompe \u00e0 main ou d&#039;une pompe \u00e0 pied.\" \/>\n<meta name=\"robots\" content=\"index, follow, max-snippet:-1, max-image-preview:large, max-video-preview:-1\" \/>\n<link rel=\"canonical\" href=\"https:\/\/atlastoilets.com\/fr\/produit\/reservoir-de-dechets-pour-cabines-de-chantier\/\" \/>\n<meta property=\"og:locale\" content=\"fr_FR\" \/>\n<meta property=\"og:type\" content=\"article\" \/>\n<meta property=\"og:title\" content=\"R\u00e9servoir de d\u00e9chets pour cabines de chantier\" \/>\n<meta property=\"og:description\" content=\"R\u00e9servoir de d\u00e9chets pour cabines de chantier.R\u00e9servoir de toilettes pouvant \u00eatre \u00e9quip\u00e9 d&#039;une pompe \u00e0 main ou d&#039;une pompe \u00e0 pied.\" \/>\n<meta property=\"og:url\" content=\"https:\/\/atlastoilets.com\/fr\/produit\/reservoir-de-dechets-pour-cabines-de-chantier\/\" \/>\n<meta property=\"og:site_name\" content=\"Atlas Sanitation Products\" \/>\n<meta property=\"article:modified_time\" content=\"2025-10-28T10:05:14+00:00\" \/>\n<meta property=\"og:image\" content=\"https:\/\/atlastoilets.com\/wp-content\/uploads\/2024\/11\/Trailer-tank-whale-hand-pump.jpg\" \/>\n\t<meta property=\"og:image:width\" content=\"600\" \/>\n\t<meta property=\"og:image:height\" content=\"600\" \/>\n\t<meta property=\"og:image:type\" content=\"image\/jpeg\" \/>\n<meta name=\"twitter:card\" content=\"summary_large_image\" \/>\n<meta name=\"twitter:label1\" content=\"Dur\u00e9e de lecture estim\u00e9e\" \/>\n\t<meta name=\"twitter:data1\" content=\"1 minute\" \/>\n<script type=\"application\/ld+json\" class=\"yoast-schema-graph\">{\"@context\":\"https:\\\/\\\/schema.org\",\"@graph\":[{\"@type\":[\"WebPage\",\"ItemPage\"],\"@id\":\"https:\\\/\\\/atlastoilets.com\\\/fr\\\/produit\\\/reservoir-de-dechets-pour-cabines-de-chantier\\\/\",\"url\":\"https:\\\/\\\/atlastoilets.com\\\/fr\\\/produit\\\/reservoir-de-dechets-pour-cabines-de-chantier\\\/\",\"name\":\"R\u00e9servoir de d\u00e9chets pour cabines de chantier\",\"isPartOf\":{\"@id\":\"https:\\\/\\\/atlastoilets.com\\\/#website\"},\"primaryImageOfPage\":{\"@id\":\"https:\\\/\\\/atlastoilets.com\\\/fr\\\/produit\\\/reservoir-de-dechets-pour-cabines-de-chantier\\\/#primaryimage\"},\"image\":{\"@id\":\"https:\\\/\\\/atlastoilets.com\\\/fr\\\/produit\\\/reservoir-de-dechets-pour-cabines-de-chantier\\\/#primaryimage\"},\"thumbnailUrl\":\"https:\\\/\\\/atlastoilets.com\\\/wp-content\\\/uploads\\\/2024\\\/11\\\/Trailer-tank-whale-hand-pump.jpg\",\"datePublished\":\"2024-11-04T12:17:32+00:00\",\"dateModified\":\"2025-10-28T10:05:14+00:00\",\"description\":\"R\u00e9servoir de d\u00e9chets pour cabines de chantier.R\u00e9servoir de toilettes pouvant \u00eatre \u00e9quip\u00e9 d'une pompe \u00e0 main ou d'une pompe \u00e0 pied.\",\"breadcrumb\":{\"@id\":\"https:\\\/\\\/atlastoilets.com\\\/fr\\\/produit\\\/reservoir-de-dechets-pour-cabines-de-chantier\\\/#breadcrumb\"},\"inLanguage\":\"fr-FR\",\"potentialAction\":[{\"@type\":\"ReadAction\",\"target\":[\"https:\\\/\\\/atlastoilets.com\\\/fr\\\/produit\\\/reservoir-de-dechets-pour-cabines-de-chantier\\\/\"]}]},{\"@type\":\"ImageObject\",\"inLanguage\":\"fr-FR\",\"@id\":\"https:\\\/\\\/atlastoilets.com\\\/fr\\\/produit\\\/reservoir-de-dechets-pour-cabines-de-chantier\\\/#primaryimage\",\"url\":\"https:\\\/\\\/atlastoilets.com\\\/wp-content\\\/uploads\\\/2024\\\/11\\\/Trailer-tank-whale-hand-pump.jpg\",\"contentUrl\":\"https:\\\/\\\/atlastoilets.com\\\/wp-content\\\/uploads\\\/2024\\\/11\\\/Trailer-tank-whale-hand-pump.jpg\",\"width\":600,\"height\":600,\"caption\":\"Trailer tank hand pump\"},{\"@type\":\"BreadcrumbList\",\"@id\":\"https:\\\/\\\/atlastoilets.com\\\/fr\\\/produit\\\/reservoir-de-dechets-pour-cabines-de-chantier\\\/#breadcrumb\",\"itemListElement\":[{\"@type\":\"ListItem\",\"position\":1,\"name\":\"Home\",\"item\":\"https:\\\/\\\/atlastoilets.com\\\/fr\\\/\"},{\"@type\":\"ListItem\",\"position\":2,\"name\":\"Boutique\",\"item\":\"https:\\\/\\\/atlastoilets.com\\\/fr\\\/boutique\\\/\"},{\"@type\":\"ListItem\",\"position\":3,\"name\":\"Trailer Tank\"}]},{\"@type\":\"WebSite\",\"@id\":\"https:\\\/\\\/atlastoilets.com\\\/#website\",\"url\":\"https:\\\/\\\/atlastoilets.com\\\/\",\"name\":\"Atlas Sanitation Products\",\"description\":\"Total supplier for toilet rental companies\",\"potentialAction\":[{\"@type\":\"SearchAction\",\"target\":{\"@type\":\"EntryPoint\",\"urlTemplate\":\"https:\\\/\\\/atlastoilets.com\\\/?s={search_term_string}\"},\"query-input\":{\"@type\":\"PropertyValueSpecification\",\"valueRequired\":true,\"valueName\":\"search_term_string\"}}],\"inLanguage\":\"fr-FR\"}]}<\/script>\n<!-- \/ Yoast SEO plugin. -->","yoast_head_json":{"title":"R\u00e9servoir de d\u00e9chets pour cabines de chantier","description":"R\u00e9servoir de d\u00e9chets pour cabines de chantier.R\u00e9servoir de toilettes pouvant \u00eatre \u00e9quip\u00e9 d'une pompe \u00e0 main ou d'une pompe \u00e0 pied.","robots":{"index":"index","follow":"follow","max-snippet":"max-snippet:-1","max-image-preview":"max-image-preview:large","max-video-preview":"max-video-preview:-1"},"canonical":"https:\/\/atlastoilets.com\/fr\/produit\/reservoir-de-dechets-pour-cabines-de-chantier\/","og_locale":"fr_FR","og_type":"article","og_title":"R\u00e9servoir de d\u00e9chets pour cabines de chantier","og_description":"R\u00e9servoir de d\u00e9chets pour cabines de chantier.R\u00e9servoir de toilettes pouvant \u00eatre \u00e9quip\u00e9 d'une pompe \u00e0 main ou d'une pompe \u00e0 pied.","og_url":"https:\/\/atlastoilets.com\/fr\/produit\/reservoir-de-dechets-pour-cabines-de-chantier\/","og_site_name":"Atlas Sanitation Products","article_modified_time":"2025-10-28T10:05:14+00:00","og_image":[{"width":600,"height":600,"url":"https:\/\/atlastoilets.com\/wp-content\/uploads\/2024\/11\/Trailer-tank-whale-hand-pump.jpg","type":"image\/jpeg"}],"twitter_card":"summary_large_image","twitter_misc":{"Dur\u00e9e de lecture estim\u00e9e":"1 minute"},"schema":{"@context":"https:\/\/schema.org","@graph":[{"@type":["WebPage","ItemPage"],"@id":"https:\/\/atlastoilets.com\/fr\/produit\/reservoir-de-dechets-pour-cabines-de-chantier\/","url":"https:\/\/atlastoilets.com\/fr\/produit\/reservoir-de-dechets-pour-cabines-de-chantier\/","name":"R\u00e9servoir de d\u00e9chets pour cabines de chantier","isPartOf":{"@id":"https:\/\/atlastoilets.com\/#website"},"primaryImageOfPage":{"@id":"https:\/\/atlastoilets.com\/fr\/produit\/reservoir-de-dechets-pour-cabines-de-chantier\/#primaryimage"},"image":{"@id":"https:\/\/atlastoilets.com\/fr\/produit\/reservoir-de-dechets-pour-cabines-de-chantier\/#primaryimage"},"thumbnailUrl":"https:\/\/atlastoilets.com\/wp-content\/uploads\/2024\/11\/Trailer-tank-whale-hand-pump.jpg","datePublished":"2024-11-04T12:17:32+00:00","dateModified":"2025-10-28T10:05:14+00:00","description":"R\u00e9servoir de d\u00e9chets pour cabines de chantier.R\u00e9servoir de toilettes pouvant \u00eatre \u00e9quip\u00e9 d'une pompe \u00e0 main ou d'une pompe \u00e0 pied.","breadcrumb":{"@id":"https:\/\/atlastoilets.com\/fr\/produit\/reservoir-de-dechets-pour-cabines-de-chantier\/#breadcrumb"},"inLanguage":"fr-FR","potentialAction":[{"@type":"ReadAction","target":["https:\/\/atlastoilets.com\/fr\/produit\/reservoir-de-dechets-pour-cabines-de-chantier\/"]}]},{"@type":"ImageObject","inLanguage":"fr-FR","@id":"https:\/\/atlastoilets.com\/fr\/produit\/reservoir-de-dechets-pour-cabines-de-chantier\/#primaryimage","url":"https:\/\/atlastoilets.com\/wp-content\/uploads\/2024\/11\/Trailer-tank-whale-hand-pump.jpg","contentUrl":"https:\/\/atlastoilets.com\/wp-content\/uploads\/2024\/11\/Trailer-tank-whale-hand-pump.jpg","width":600,"height":600,"caption":"Trailer tank hand pump"},{"@type":"BreadcrumbList","@id":"https:\/\/atlastoilets.com\/fr\/produit\/reservoir-de-dechets-pour-cabines-de-chantier\/#breadcrumb","itemListElement":[{"@type":"ListItem","position":1,"name":"Home","item":"https:\/\/atlastoilets.com\/fr\/"},{"@type":"ListItem","position":2,"name":"Boutique","item":"https:\/\/atlastoilets.com\/fr\/boutique\/"},{"@type":"ListItem","position":3,"name":"Trailer Tank"}]},{"@type":"WebSite","@id":"https:\/\/atlastoilets.com\/#website","url":"https:\/\/atlastoilets.com\/","name":"Atlas Sanitation Products","description":"Total supplier for toilet rental companies","potentialAction":[{"@type":"SearchAction","target":{"@type":"EntryPoint","urlTemplate":"https:\/\/atlastoilets.com\/?s={search_term_string}"},"query-input":{"@type":"PropertyValueSpecification","valueRequired":true,"valueName":"search_term_string"}}],"inLanguage":"fr-FR"}]}},"_links":{"self":[{"href":"https:\/\/atlastoilets.com\/fr\/wp-json\/wp\/v2\/product\/33430","targetHints":{"allow":["GET"]}}],"collection":[{"href":"https:\/\/atlastoilets.com\/fr\/wp-json\/wp\/v2\/product"}],"about":[{"href":"https:\/\/atlastoilets.com\/fr\/wp-json\/wp\/v2\/types\/product"}],"wp:featuredmedia":[{"embeddable":true,"href":"https:\/\/atlastoilets.com\/fr\/wp-json\/wp\/v2\/media\/33413"}],"wp:attachment":[{"href":"https:\/\/atlastoilets.com\/fr\/wp-json\/wp\/v2\/media?parent=33430"}],"wp:term":[{"taxonomy":"product_brand","embeddable":true,"href":"https:\/\/atlastoilets.com\/fr\/wp-json\/wp\/v2\/product_brand?post=33430"},{"taxonomy":"product_cat","embeddable":true,"href":"https:\/\/atlastoilets.com\/fr\/wp-json\/wp\/v2\/product_cat?post=33430"},{"taxonomy":"product_tag","embeddable":true,"href":"https:\/\/atlastoilets.com\/fr\/wp-json\/wp\/v2\/product_tag?post=33430"}],"curies":[{"name":"wp","href":"https:\/\/api.w.org\/{rel}","templated":true}]}}