{"id":32018,"date":"2023-11-14T17:25:53","date_gmt":"2023-11-14T17:25:53","guid":{"rendered":"https:\/\/atlastoilets.com\/?post_type=product&#038;p=32018"},"modified":"2023-11-24T08:35:32","modified_gmt":"2023-11-24T08:35:32","slug":"lave-mains-et-urinoir-helios","status":"publish","type":"product","link":"https:\/\/atlastoilets.com\/fr\/produit\/lave-mains-et-urinoir-helios\/","title":{"rendered":"Lave-mains et urinoir Helios"},"content":{"rendered":"<p><span class=\"HwtZe\" lang=\"fr\"><span class=\"jCAhz ChMk0b\"><span class=\"ryNqvb\">Lave-mains et urinoir, l&rsquo;Helios combine les deux en un ensemble sanitaire \u00e0 installer dans des toilettes mobiles.<\/span><\/span> <span class=\"jCAhz ChMk0b\"><span class=\"ryNqvb\">Le r\u00e9servoir d&rsquo;eau douce contient environ 36 litres d&rsquo;eau fra\u00eeche, l&rsquo;urinoir s&rsquo;\u00e9coulant dans le r\u00e9servoir des toilettes via un tuyau.<\/span><\/span> <span class=\"jCAhz ChMk0b\"><span class=\"ryNqvb\">L&rsquo;urinoir est rinc\u00e9 avec l&rsquo;eau utilis\u00e9e pour se laver les mains dans l&rsquo;\u00e9vier.<\/span><\/span> <span class=\"jCAhz ChMk0b\"><span class=\"ryNqvb\">L&rsquo;unit\u00e9 Helios est disponible en deux couleurs grises, gris fonc\u00e9 et gris clair.<\/span><\/span> <span class=\"jCAhz ChMk0b\"><span class=\"ryNqvb\">L&rsquo;Helios peut \u00eatre fourni avec votre logo.<\/span><\/span> <span class=\"jCAhz ChMk0b\"><span class=\"ryNqvb\">Veuillez nous contacter pour la quantit\u00e9 minimum de commande.<\/span><\/span><\/span><\/p>\n<p>\u00b7 Hauteur : 112 cm<br \/>\n\u00b7 Largeur du lavabo : 55 \/ 39 cm<br \/>\n\u00b7 Profondeur du lavabo : 28 \/ 25 cm<br \/>\n\u00b7 Poids : Vide 10 kg \/ Rempli 46 kg<br \/>\n\u00b7 Capacit\u00e9 d&rsquo;eau douce : 36 litres<\/p>\n","protected":false},"excerpt":{"rendered":"<p><span class=\"HwtZe\" lang=\"fr\"><span class=\"jCAhz ChMk0b\"><span class=\"ryNqvb\"><img loading=\"lazy\" decoding=\"async\" class=\"size-full wp-image-32142 alignright\" src=\"https:\/\/atlastoilets.com\/wp-content\/uploads\/2023\/11\/helios-logo-web.png\" alt=\"\" width=\"280\" height=\"149\" \/>Lave-mains et urinoir, l&rsquo;Helios combine les deux en un ensemble sanitaire \u00e0 installer dans des toilettes mobiles.<\/span><\/span> <span class=\"jCAhz ChMk0b\"><span class=\"ryNqvb\">Le r\u00e9servoir d&rsquo;eau douce contient environ 36 litres d&rsquo;eau fra\u00eeche, l&rsquo;urinoir s&rsquo;\u00e9coulant dans le r\u00e9servoir des toilettes via un tuyau.<\/span><\/span><\/span><\/p>\n<p>&nbsp;<\/p>\n","protected":false},"featured_media":32312,"template":"","meta":[],"product_brand":[],"product_cat":[910,856,860,844],"product_tag":[1035],"class_list":{"0":"post-32018","1":"product","2":"type-product","3":"status-publish","4":"has-post-thumbnail","6":"product_cat-pieces-de-roulottes-de-chantier","7":"product_cat-stations-de-lavage-des-mains","8":"product_cat-lave-mains-integres","9":"product_cat-urinoirs-de-1-personne","10":"product_tag-obbe-fr","12":"first","13":"instock","14":"taxable","15":"shipping-taxable","16":"purchasable","17":"product-type-simple"},"yoast_head":"<!-- This site is optimized with the Yoast SEO plugin v27.4 - https:\/\/yoast.com\/product\/yoast-seo-wordpress\/ -->\n<title>Unit\u00e9 de lavage des mains et urinoir Helios<\/title>\n<meta name=\"description\" content=\"Lave-mains et urinoir, l&#039;Helios combine les deux en un ensemble sanitaire \u00e0 installer dans des toilettes mobiles.\" \/>\n<meta name=\"robots\" content=\"index, follow, max-snippet:-1, max-image-preview:large, max-video-preview:-1\" \/>\n<link rel=\"canonical\" href=\"https:\/\/atlastoilets.com\/fr\/produit\/lave-mains-et-urinoir-helios\/\" \/>\n<meta property=\"og:locale\" content=\"fr_FR\" \/>\n<meta property=\"og:type\" content=\"article\" \/>\n<meta property=\"og:title\" content=\"Unit\u00e9 de lavage des mains et urinoir Helios\" \/>\n<meta property=\"og:description\" content=\"Lave-mains et urinoir, l&#039;Helios combine les deux en un ensemble sanitaire \u00e0 installer dans des toilettes mobiles.\" \/>\n<meta property=\"og:url\" content=\"https:\/\/atlastoilets.com\/fr\/produit\/lave-mains-et-urinoir-helios\/\" \/>\n<meta property=\"og:site_name\" content=\"Atlas Sanitation Products\" \/>\n<meta property=\"article:modified_time\" content=\"2023-11-24T08:35:32+00:00\" \/>\n<meta property=\"og:image\" content=\"https:\/\/atlastoilets.com\/wp-content\/uploads\/2023\/11\/Helios-gg.jpg\" \/>\n\t<meta property=\"og:image:width\" content=\"600\" \/>\n\t<meta property=\"og:image:height\" content=\"600\" \/>\n\t<meta property=\"og:image:type\" content=\"image\/jpeg\" \/>\n<meta name=\"twitter:card\" content=\"summary_large_image\" \/>\n<meta name=\"twitter:label1\" content=\"Dur\u00e9e de lecture estim\u00e9e\" \/>\n\t<meta name=\"twitter:data1\" content=\"1 minute\" \/>\n<script type=\"application\/ld+json\" class=\"yoast-schema-graph\">{\"@context\":\"https:\\\/\\\/schema.org\",\"@graph\":[{\"@type\":[\"WebPage\",\"ItemPage\"],\"@id\":\"https:\\\/\\\/atlastoilets.com\\\/fr\\\/produit\\\/lave-mains-et-urinoir-helios\\\/\",\"url\":\"https:\\\/\\\/atlastoilets.com\\\/fr\\\/produit\\\/lave-mains-et-urinoir-helios\\\/\",\"name\":\"Unit\u00e9 de lavage des mains et urinoir Helios\",\"isPartOf\":{\"@id\":\"https:\\\/\\\/atlastoilets.com\\\/#website\"},\"primaryImageOfPage\":{\"@id\":\"https:\\\/\\\/atlastoilets.com\\\/fr\\\/produit\\\/lave-mains-et-urinoir-helios\\\/#primaryimage\"},\"image\":{\"@id\":\"https:\\\/\\\/atlastoilets.com\\\/fr\\\/produit\\\/lave-mains-et-urinoir-helios\\\/#primaryimage\"},\"thumbnailUrl\":\"https:\\\/\\\/atlastoilets.com\\\/wp-content\\\/uploads\\\/2023\\\/11\\\/Helios-gg-550x550-1.jpg\",\"datePublished\":\"2023-11-14T17:25:53+00:00\",\"dateModified\":\"2023-11-24T08:35:32+00:00\",\"description\":\"Lave-mains et urinoir, l'Helios combine les deux en un ensemble sanitaire \u00e0 installer dans des toilettes mobiles.\",\"breadcrumb\":{\"@id\":\"https:\\\/\\\/atlastoilets.com\\\/fr\\\/produit\\\/lave-mains-et-urinoir-helios\\\/#breadcrumb\"},\"inLanguage\":\"fr-FR\",\"potentialAction\":[{\"@type\":\"ReadAction\",\"target\":[\"https:\\\/\\\/atlastoilets.com\\\/fr\\\/produit\\\/lave-mains-et-urinoir-helios\\\/\"]}]},{\"@type\":\"ImageObject\",\"inLanguage\":\"fr-FR\",\"@id\":\"https:\\\/\\\/atlastoilets.com\\\/fr\\\/produit\\\/lave-mains-et-urinoir-helios\\\/#primaryimage\",\"url\":\"https:\\\/\\\/atlastoilets.com\\\/wp-content\\\/uploads\\\/2023\\\/11\\\/Helios-gg-550x550-1.jpg\",\"contentUrl\":\"https:\\\/\\\/atlastoilets.com\\\/wp-content\\\/uploads\\\/2023\\\/11\\\/Helios-gg-550x550-1.jpg\",\"width\":550,\"height\":550,\"caption\":\"hand wash and urinal\"},{\"@type\":\"BreadcrumbList\",\"@id\":\"https:\\\/\\\/atlastoilets.com\\\/fr\\\/produit\\\/lave-mains-et-urinoir-helios\\\/#breadcrumb\",\"itemListElement\":[{\"@type\":\"ListItem\",\"position\":1,\"name\":\"Home\",\"item\":\"https:\\\/\\\/atlastoilets.com\\\/fr\\\/\"},{\"@type\":\"ListItem\",\"position\":2,\"name\":\"Boutique\",\"item\":\"https:\\\/\\\/atlastoilets.com\\\/fr\\\/boutique\\\/\"},{\"@type\":\"ListItem\",\"position\":3,\"name\":\"Lave-mains et urinoir Helios\"}]},{\"@type\":\"WebSite\",\"@id\":\"https:\\\/\\\/atlastoilets.com\\\/#website\",\"url\":\"https:\\\/\\\/atlastoilets.com\\\/\",\"name\":\"Atlas Sanitation Products\",\"description\":\"Total supplier for toilet rental companies\",\"potentialAction\":[{\"@type\":\"SearchAction\",\"target\":{\"@type\":\"EntryPoint\",\"urlTemplate\":\"https:\\\/\\\/atlastoilets.com\\\/?s={search_term_string}\"},\"query-input\":{\"@type\":\"PropertyValueSpecification\",\"valueRequired\":true,\"valueName\":\"search_term_string\"}}],\"inLanguage\":\"fr-FR\"}]}<\/script>\n<!-- \/ Yoast SEO plugin. -->","yoast_head_json":{"title":"Unit\u00e9 de lavage des mains et urinoir Helios","description":"Lave-mains et urinoir, l'Helios combine les deux en un ensemble sanitaire \u00e0 installer dans des toilettes mobiles.","robots":{"index":"index","follow":"follow","max-snippet":"max-snippet:-1","max-image-preview":"max-image-preview:large","max-video-preview":"max-video-preview:-1"},"canonical":"https:\/\/atlastoilets.com\/fr\/produit\/lave-mains-et-urinoir-helios\/","og_locale":"fr_FR","og_type":"article","og_title":"Unit\u00e9 de lavage des mains et urinoir Helios","og_description":"Lave-mains et urinoir, l'Helios combine les deux en un ensemble sanitaire \u00e0 installer dans des toilettes mobiles.","og_url":"https:\/\/atlastoilets.com\/fr\/produit\/lave-mains-et-urinoir-helios\/","og_site_name":"Atlas Sanitation Products","article_modified_time":"2023-11-24T08:35:32+00:00","og_image":[{"width":600,"height":600,"url":"https:\/\/atlastoilets.com\/wp-content\/uploads\/2023\/11\/Helios-gg.jpg","type":"image\/jpeg"}],"twitter_card":"summary_large_image","twitter_misc":{"Dur\u00e9e de lecture estim\u00e9e":"1 minute"},"schema":{"@context":"https:\/\/schema.org","@graph":[{"@type":["WebPage","ItemPage"],"@id":"https:\/\/atlastoilets.com\/fr\/produit\/lave-mains-et-urinoir-helios\/","url":"https:\/\/atlastoilets.com\/fr\/produit\/lave-mains-et-urinoir-helios\/","name":"Unit\u00e9 de lavage des mains et urinoir Helios","isPartOf":{"@id":"https:\/\/atlastoilets.com\/#website"},"primaryImageOfPage":{"@id":"https:\/\/atlastoilets.com\/fr\/produit\/lave-mains-et-urinoir-helios\/#primaryimage"},"image":{"@id":"https:\/\/atlastoilets.com\/fr\/produit\/lave-mains-et-urinoir-helios\/#primaryimage"},"thumbnailUrl":"https:\/\/atlastoilets.com\/wp-content\/uploads\/2023\/11\/Helios-gg-550x550-1.jpg","datePublished":"2023-11-14T17:25:53+00:00","dateModified":"2023-11-24T08:35:32+00:00","description":"Lave-mains et urinoir, l'Helios combine les deux en un ensemble sanitaire \u00e0 installer dans des toilettes mobiles.","breadcrumb":{"@id":"https:\/\/atlastoilets.com\/fr\/produit\/lave-mains-et-urinoir-helios\/#breadcrumb"},"inLanguage":"fr-FR","potentialAction":[{"@type":"ReadAction","target":["https:\/\/atlastoilets.com\/fr\/produit\/lave-mains-et-urinoir-helios\/"]}]},{"@type":"ImageObject","inLanguage":"fr-FR","@id":"https:\/\/atlastoilets.com\/fr\/produit\/lave-mains-et-urinoir-helios\/#primaryimage","url":"https:\/\/atlastoilets.com\/wp-content\/uploads\/2023\/11\/Helios-gg-550x550-1.jpg","contentUrl":"https:\/\/atlastoilets.com\/wp-content\/uploads\/2023\/11\/Helios-gg-550x550-1.jpg","width":550,"height":550,"caption":"hand wash and urinal"},{"@type":"BreadcrumbList","@id":"https:\/\/atlastoilets.com\/fr\/produit\/lave-mains-et-urinoir-helios\/#breadcrumb","itemListElement":[{"@type":"ListItem","position":1,"name":"Home","item":"https:\/\/atlastoilets.com\/fr\/"},{"@type":"ListItem","position":2,"name":"Boutique","item":"https:\/\/atlastoilets.com\/fr\/boutique\/"},{"@type":"ListItem","position":3,"name":"Lave-mains et urinoir Helios"}]},{"@type":"WebSite","@id":"https:\/\/atlastoilets.com\/#website","url":"https:\/\/atlastoilets.com\/","name":"Atlas Sanitation Products","description":"Total supplier for toilet rental companies","potentialAction":[{"@type":"SearchAction","target":{"@type":"EntryPoint","urlTemplate":"https:\/\/atlastoilets.com\/?s={search_term_string}"},"query-input":{"@type":"PropertyValueSpecification","valueRequired":true,"valueName":"search_term_string"}}],"inLanguage":"fr-FR"}]}},"_links":{"self":[{"href":"https:\/\/atlastoilets.com\/fr\/wp-json\/wp\/v2\/product\/32018","targetHints":{"allow":["GET"]}}],"collection":[{"href":"https:\/\/atlastoilets.com\/fr\/wp-json\/wp\/v2\/product"}],"about":[{"href":"https:\/\/atlastoilets.com\/fr\/wp-json\/wp\/v2\/types\/product"}],"wp:featuredmedia":[{"embeddable":true,"href":"https:\/\/atlastoilets.com\/fr\/wp-json\/wp\/v2\/media\/32312"}],"wp:attachment":[{"href":"https:\/\/atlastoilets.com\/fr\/wp-json\/wp\/v2\/media?parent=32018"}],"wp:term":[{"taxonomy":"product_brand","embeddable":true,"href":"https:\/\/atlastoilets.com\/fr\/wp-json\/wp\/v2\/product_brand?post=32018"},{"taxonomy":"product_cat","embeddable":true,"href":"https:\/\/atlastoilets.com\/fr\/wp-json\/wp\/v2\/product_cat?post=32018"},{"taxonomy":"product_tag","embeddable":true,"href":"https:\/\/atlastoilets.com\/fr\/wp-json\/wp\/v2\/product_tag?post=32018"}],"curies":[{"name":"wp","href":"https:\/\/api.w.org\/{rel}","templated":true}]}}