{"id":30364,"date":"2022-09-22T07:03:08","date_gmt":"2022-09-22T07:03:08","guid":{"rendered":"https:\/\/atlastoilets.com\/?post_type=product&#038;p=30364"},"modified":"2023-11-20T10:35:57","modified_gmt":"2023-11-20T10:35:57","slug":"station-de-lavage-des-mains-encastre-neptune","status":"publish","type":"product","link":"https:\/\/atlastoilets.com\/fr\/produit\/station-de-lavage-des-mains-encastre-neptune\/","title":{"rendered":"Station de lavage des mains encastr\u00e9 Neptune"},"content":{"rendered":"<p>Lave-mains Neptune avec lavabo spacieux pour montage dans des toilettes mobiles.<br \/>\nLe lavabo peut \u00eatre articul\u00e9 \u00e0 gauche ou \u00e0 droite, de sorte que le Neptune peut \u00eatre mont\u00e9 sur le c\u00f4t\u00e9 gauche ou droit de n&rsquo;importe quelle toilette portable. Le r\u00e9servoir Neptune est facilement accessible pour le remplissage mais aussi pour le nettoyage (haute pression). Les eaux us\u00e9es sont \u00e9vacu\u00e9es par un tuyau vers le r\u00e9servoir des toilettes.<br \/>\nLes eaux us\u00e9es sont \u00e9vacu\u00e9es vers le r\u00e9servoir des toilettes avec un tuyau.<\/p>\n<p>Caract\u00e9ristiques:<\/p>\n<p>\u00b7 Hauteur : 107 mm<br \/>\n\u00b7 Hauteur lavabo : 95 cm<br \/>\n\u00b7 Taille du lavabo : 43 x 15 cm<br \/>\n\u00b7 Largeur : 43 cm<br \/>\n\u00b7 Profondeur : 23 cm<br \/>\n\u00b7 Capacit\u00e9 eau douce : 36 litres<br \/>\n\u00b7 Disponible en : gris fonc\u00e9 et granit<br \/>\n\u00b7 Option suppl\u00e9mentaire : Cadenas<\/p>\n<p>Le Neptune peut \u00eatre fourni avec votre logo. Veuillez nous contacter pour la quantit\u00e9 minimale de commande.<\/p>\n<p>&nbsp;<\/p>\n<p>&nbsp;<\/p>\n<p><img loading=\"lazy\" decoding=\"async\" class=\"size-medium wp-image-32054 alignleft\" src=\"https:\/\/atlastoilets.com\/wp-content\/uploads\/2022\/09\/ANI_neptune-in-toilet-zijkant-300x300.gif\" alt=\"\" width=\"300\" height=\"300\" srcset=\"https:\/\/atlastoilets.com\/wp-content\/uploads\/2022\/09\/ANI_neptune-in-toilet-zijkant-300x300.gif 300w, https:\/\/atlastoilets.com\/wp-content\/uploads\/2022\/09\/ANI_neptune-in-toilet-zijkant-150x150.gif 150w, https:\/\/atlastoilets.com\/wp-content\/uploads\/2022\/09\/ANI_neptune-in-toilet-zijkant-100x100.gif 100w, https:\/\/atlastoilets.com\/wp-content\/uploads\/2022\/09\/ANI_neptune-in-toilet-zijkant-40x40.gif 40w, https:\/\/atlastoilets.com\/wp-content\/uploads\/2022\/09\/ANI_neptune-in-toilet-zijkant-500x500.gif 500w, https:\/\/atlastoilets.com\/wp-content\/uploads\/2022\/09\/ANI_neptune-in-toilet-zijkant-550x550.gif 550w\" sizes=\"auto, (max-width: 300px) 100vw, 300px\" \/><img loading=\"lazy\" decoding=\"async\" class=\"size-medium wp-image-32059 alignleft\" src=\"https:\/\/atlastoilets.com\/wp-content\/uploads\/2022\/09\/ANI_neptune-in-toilet-bovenaf-300x300.gif\" alt=\"\" width=\"300\" height=\"300\" srcset=\"https:\/\/atlastoilets.com\/wp-content\/uploads\/2022\/09\/ANI_neptune-in-toilet-bovenaf-300x300.gif 300w, https:\/\/atlastoilets.com\/wp-content\/uploads\/2022\/09\/ANI_neptune-in-toilet-bovenaf-150x150.gif 150w, https:\/\/atlastoilets.com\/wp-content\/uploads\/2022\/09\/ANI_neptune-in-toilet-bovenaf-100x100.gif 100w, https:\/\/atlastoilets.com\/wp-content\/uploads\/2022\/09\/ANI_neptune-in-toilet-bovenaf-40x40.gif 40w, https:\/\/atlastoilets.com\/wp-content\/uploads\/2022\/09\/ANI_neptune-in-toilet-bovenaf-500x500.gif 500w, https:\/\/atlastoilets.com\/wp-content\/uploads\/2022\/09\/ANI_neptune-in-toilet-bovenaf-550x550.gif 550w\" sizes=\"auto, (max-width: 300px) 100vw, 300px\" \/><\/p>\n","protected":false},"excerpt":{"rendered":"<p>La station de lavage des mains de type \u00ab\u00a0Neptune\u00a0\u00bb a un design beau et \u00e9l\u00e9gant et, tout comme le type \u00ab\u00a0Obbe\u00a0\u00bb, s&rsquo;int\u00e8gre dans toutes les toilettes mobiles.<\/p>\n<p>&nbsp;<\/p>\n","protected":false},"featured_media":30347,"template":"","meta":[],"product_brand":[],"product_cat":[910,856,860],"product_tag":[1035],"class_list":{"0":"post-30364","1":"product","2":"type-product","3":"status-publish","4":"has-post-thumbnail","6":"product_cat-pieces-de-roulottes-de-chantier","7":"product_cat-stations-de-lavage-des-mains","8":"product_cat-lave-mains-integres","9":"product_tag-obbe-fr","11":"first","12":"instock","13":"taxable","14":"shipping-taxable","15":"purchasable","16":"product-type-simple"},"yoast_head":"<!-- This site is optimized with the Yoast SEO plugin v27.4 - https:\/\/yoast.com\/product\/yoast-seo-wordpress\/ -->\n<title>Lave-mains Neptune avec \u00e9vier spacieux<\/title>\n<meta name=\"description\" content=\"Lave-mains Neptune avec \u00e9vier spacieux s&#039;adapte \u00e0 toutes les toilettes portables gr\u00e2ce au montage flexible du lavabo.\" \/>\n<meta name=\"robots\" content=\"index, follow, max-snippet:-1, max-image-preview:large, max-video-preview:-1\" \/>\n<link rel=\"canonical\" href=\"https:\/\/atlastoilets.com\/fr\/produit\/station-de-lavage-des-mains-encastre-neptune\/\" \/>\n<meta property=\"og:locale\" content=\"fr_FR\" \/>\n<meta property=\"og:type\" content=\"article\" \/>\n<meta property=\"og:title\" content=\"Lave-mains Neptune avec \u00e9vier spacieux\" \/>\n<meta property=\"og:description\" content=\"Lave-mains Neptune avec \u00e9vier spacieux s&#039;adapte \u00e0 toutes les toilettes portables gr\u00e2ce au montage flexible du lavabo.\" \/>\n<meta property=\"og:url\" content=\"https:\/\/atlastoilets.com\/fr\/produit\/station-de-lavage-des-mains-encastre-neptune\/\" \/>\n<meta property=\"og:site_name\" content=\"Atlas Sanitation Products\" \/>\n<meta property=\"article:modified_time\" content=\"2023-11-20T10:35:57+00:00\" \/>\n<meta property=\"og:image\" content=\"https:\/\/atlastoilets.com\/wp-content\/uploads\/2022\/09\/Neptune-hand-wash.jpg\" \/>\n\t<meta property=\"og:image:width\" content=\"600\" \/>\n\t<meta property=\"og:image:height\" content=\"600\" \/>\n\t<meta property=\"og:image:type\" content=\"image\/jpeg\" \/>\n<meta name=\"twitter:card\" content=\"summary_large_image\" \/>\n<meta name=\"twitter:label1\" content=\"Dur\u00e9e de lecture estim\u00e9e\" \/>\n\t<meta name=\"twitter:data1\" content=\"2 minutes\" \/>\n<script type=\"application\/ld+json\" class=\"yoast-schema-graph\">{\"@context\":\"https:\\\/\\\/schema.org\",\"@graph\":[{\"@type\":[\"WebPage\",\"ItemPage\"],\"@id\":\"https:\\\/\\\/atlastoilets.com\\\/fr\\\/produit\\\/station-de-lavage-des-mains-encastre-neptune\\\/\",\"url\":\"https:\\\/\\\/atlastoilets.com\\\/fr\\\/produit\\\/station-de-lavage-des-mains-encastre-neptune\\\/\",\"name\":\"Lave-mains Neptune avec \u00e9vier spacieux\",\"isPartOf\":{\"@id\":\"https:\\\/\\\/atlastoilets.com\\\/#website\"},\"primaryImageOfPage\":{\"@id\":\"https:\\\/\\\/atlastoilets.com\\\/fr\\\/produit\\\/station-de-lavage-des-mains-encastre-neptune\\\/#primaryimage\"},\"image\":{\"@id\":\"https:\\\/\\\/atlastoilets.com\\\/fr\\\/produit\\\/station-de-lavage-des-mains-encastre-neptune\\\/#primaryimage\"},\"thumbnailUrl\":\"https:\\\/\\\/atlastoilets.com\\\/wp-content\\\/uploads\\\/2022\\\/09\\\/Neptune-hand-wash.jpg\",\"datePublished\":\"2022-09-22T07:03:08+00:00\",\"dateModified\":\"2023-11-20T10:35:57+00:00\",\"description\":\"Lave-mains Neptune avec \u00e9vier spacieux s'adapte \u00e0 toutes les toilettes portables gr\u00e2ce au montage flexible du lavabo.\",\"breadcrumb\":{\"@id\":\"https:\\\/\\\/atlastoilets.com\\\/fr\\\/produit\\\/station-de-lavage-des-mains-encastre-neptune\\\/#breadcrumb\"},\"inLanguage\":\"fr-FR\",\"potentialAction\":[{\"@type\":\"ReadAction\",\"target\":[\"https:\\\/\\\/atlastoilets.com\\\/fr\\\/produit\\\/station-de-lavage-des-mains-encastre-neptune\\\/\"]}]},{\"@type\":\"ImageObject\",\"inLanguage\":\"fr-FR\",\"@id\":\"https:\\\/\\\/atlastoilets.com\\\/fr\\\/produit\\\/station-de-lavage-des-mains-encastre-neptune\\\/#primaryimage\",\"url\":\"https:\\\/\\\/atlastoilets.com\\\/wp-content\\\/uploads\\\/2022\\\/09\\\/Neptune-hand-wash.jpg\",\"contentUrl\":\"https:\\\/\\\/atlastoilets.com\\\/wp-content\\\/uploads\\\/2022\\\/09\\\/Neptune-hand-wash.jpg\",\"width\":600,\"height\":600,\"caption\":\"lave-mains grand bassin\"},{\"@type\":\"BreadcrumbList\",\"@id\":\"https:\\\/\\\/atlastoilets.com\\\/fr\\\/produit\\\/station-de-lavage-des-mains-encastre-neptune\\\/#breadcrumb\",\"itemListElement\":[{\"@type\":\"ListItem\",\"position\":1,\"name\":\"Home\",\"item\":\"https:\\\/\\\/atlastoilets.com\\\/fr\\\/\"},{\"@type\":\"ListItem\",\"position\":2,\"name\":\"Boutique\",\"item\":\"https:\\\/\\\/atlastoilets.com\\\/fr\\\/boutique\\\/\"},{\"@type\":\"ListItem\",\"position\":3,\"name\":\"Station de lavage des mains encastr\u00e9 Neptune\"}]},{\"@type\":\"WebSite\",\"@id\":\"https:\\\/\\\/atlastoilets.com\\\/#website\",\"url\":\"https:\\\/\\\/atlastoilets.com\\\/\",\"name\":\"Atlas Sanitation Products\",\"description\":\"Total supplier for toilet rental companies\",\"potentialAction\":[{\"@type\":\"SearchAction\",\"target\":{\"@type\":\"EntryPoint\",\"urlTemplate\":\"https:\\\/\\\/atlastoilets.com\\\/?s={search_term_string}\"},\"query-input\":{\"@type\":\"PropertyValueSpecification\",\"valueRequired\":true,\"valueName\":\"search_term_string\"}}],\"inLanguage\":\"fr-FR\"}]}<\/script>\n<!-- \/ Yoast SEO plugin. -->","yoast_head_json":{"title":"Lave-mains Neptune avec \u00e9vier spacieux","description":"Lave-mains Neptune avec \u00e9vier spacieux s'adapte \u00e0 toutes les toilettes portables gr\u00e2ce au montage flexible du lavabo.","robots":{"index":"index","follow":"follow","max-snippet":"max-snippet:-1","max-image-preview":"max-image-preview:large","max-video-preview":"max-video-preview:-1"},"canonical":"https:\/\/atlastoilets.com\/fr\/produit\/station-de-lavage-des-mains-encastre-neptune\/","og_locale":"fr_FR","og_type":"article","og_title":"Lave-mains Neptune avec \u00e9vier spacieux","og_description":"Lave-mains Neptune avec \u00e9vier spacieux s'adapte \u00e0 toutes les toilettes portables gr\u00e2ce au montage flexible du lavabo.","og_url":"https:\/\/atlastoilets.com\/fr\/produit\/station-de-lavage-des-mains-encastre-neptune\/","og_site_name":"Atlas Sanitation Products","article_modified_time":"2023-11-20T10:35:57+00:00","og_image":[{"width":600,"height":600,"url":"https:\/\/atlastoilets.com\/wp-content\/uploads\/2022\/09\/Neptune-hand-wash.jpg","type":"image\/jpeg"}],"twitter_card":"summary_large_image","twitter_misc":{"Dur\u00e9e de lecture estim\u00e9e":"2 minutes"},"schema":{"@context":"https:\/\/schema.org","@graph":[{"@type":["WebPage","ItemPage"],"@id":"https:\/\/atlastoilets.com\/fr\/produit\/station-de-lavage-des-mains-encastre-neptune\/","url":"https:\/\/atlastoilets.com\/fr\/produit\/station-de-lavage-des-mains-encastre-neptune\/","name":"Lave-mains Neptune avec \u00e9vier spacieux","isPartOf":{"@id":"https:\/\/atlastoilets.com\/#website"},"primaryImageOfPage":{"@id":"https:\/\/atlastoilets.com\/fr\/produit\/station-de-lavage-des-mains-encastre-neptune\/#primaryimage"},"image":{"@id":"https:\/\/atlastoilets.com\/fr\/produit\/station-de-lavage-des-mains-encastre-neptune\/#primaryimage"},"thumbnailUrl":"https:\/\/atlastoilets.com\/wp-content\/uploads\/2022\/09\/Neptune-hand-wash.jpg","datePublished":"2022-09-22T07:03:08+00:00","dateModified":"2023-11-20T10:35:57+00:00","description":"Lave-mains Neptune avec \u00e9vier spacieux s'adapte \u00e0 toutes les toilettes portables gr\u00e2ce au montage flexible du lavabo.","breadcrumb":{"@id":"https:\/\/atlastoilets.com\/fr\/produit\/station-de-lavage-des-mains-encastre-neptune\/#breadcrumb"},"inLanguage":"fr-FR","potentialAction":[{"@type":"ReadAction","target":["https:\/\/atlastoilets.com\/fr\/produit\/station-de-lavage-des-mains-encastre-neptune\/"]}]},{"@type":"ImageObject","inLanguage":"fr-FR","@id":"https:\/\/atlastoilets.com\/fr\/produit\/station-de-lavage-des-mains-encastre-neptune\/#primaryimage","url":"https:\/\/atlastoilets.com\/wp-content\/uploads\/2022\/09\/Neptune-hand-wash.jpg","contentUrl":"https:\/\/atlastoilets.com\/wp-content\/uploads\/2022\/09\/Neptune-hand-wash.jpg","width":600,"height":600,"caption":"lave-mains grand bassin"},{"@type":"BreadcrumbList","@id":"https:\/\/atlastoilets.com\/fr\/produit\/station-de-lavage-des-mains-encastre-neptune\/#breadcrumb","itemListElement":[{"@type":"ListItem","position":1,"name":"Home","item":"https:\/\/atlastoilets.com\/fr\/"},{"@type":"ListItem","position":2,"name":"Boutique","item":"https:\/\/atlastoilets.com\/fr\/boutique\/"},{"@type":"ListItem","position":3,"name":"Station de lavage des mains encastr\u00e9 Neptune"}]},{"@type":"WebSite","@id":"https:\/\/atlastoilets.com\/#website","url":"https:\/\/atlastoilets.com\/","name":"Atlas Sanitation Products","description":"Total supplier for toilet rental companies","potentialAction":[{"@type":"SearchAction","target":{"@type":"EntryPoint","urlTemplate":"https:\/\/atlastoilets.com\/?s={search_term_string}"},"query-input":{"@type":"PropertyValueSpecification","valueRequired":true,"valueName":"search_term_string"}}],"inLanguage":"fr-FR"}]}},"_links":{"self":[{"href":"https:\/\/atlastoilets.com\/fr\/wp-json\/wp\/v2\/product\/30364","targetHints":{"allow":["GET"]}}],"collection":[{"href":"https:\/\/atlastoilets.com\/fr\/wp-json\/wp\/v2\/product"}],"about":[{"href":"https:\/\/atlastoilets.com\/fr\/wp-json\/wp\/v2\/types\/product"}],"wp:featuredmedia":[{"embeddable":true,"href":"https:\/\/atlastoilets.com\/fr\/wp-json\/wp\/v2\/media\/30347"}],"wp:attachment":[{"href":"https:\/\/atlastoilets.com\/fr\/wp-json\/wp\/v2\/media?parent=30364"}],"wp:term":[{"taxonomy":"product_brand","embeddable":true,"href":"https:\/\/atlastoilets.com\/fr\/wp-json\/wp\/v2\/product_brand?post=30364"},{"taxonomy":"product_cat","embeddable":true,"href":"https:\/\/atlastoilets.com\/fr\/wp-json\/wp\/v2\/product_cat?post=30364"},{"taxonomy":"product_tag","embeddable":true,"href":"https:\/\/atlastoilets.com\/fr\/wp-json\/wp\/v2\/product_tag?post=30364"}],"curies":[{"name":"wp","href":"https:\/\/api.w.org\/{rel}","templated":true}]}}