{"id":28566,"date":"2022-06-27T11:44:19","date_gmt":"2022-06-27T11:44:19","guid":{"rendered":"https:\/\/www.mobileurinal.eu\/?post_type=product&#038;p=28566"},"modified":"2024-09-16T08:27:17","modified_gmt":"2024-09-16T08:27:17","slug":"toilet-autonome","status":"publish","type":"product","link":"https:\/\/atlastoilets.com\/fr\/produit\/toilet-autonome\/","title":{"rendered":"Toilet autonome CUBE"},"content":{"rendered":"<h3>Le toilet autonome CUBE<\/h3>\n<p>Le toilet autonome CUBE sont une b\u00eate de somme parmi les toilettes, con\u00e7ues pour les besoins des soci\u00e9t\u00e9s de location de toilettes. C&rsquo;est une v\u00e9ritable avanc\u00e9e dans le secteur du sanitaire mobile et le r\u00e9sultat d&rsquo;ann\u00e9es d&rsquo;exp\u00e9rience. CUBE offre une facilit\u00e9 d&rsquo;utilisation maximale pour le propri\u00e9taire et une conception soucieuse du d\u00e9tail et des besoins des utilisateurs.<\/p>\n<p>Caract\u00e9ristiques:<br \/>\n\u00b7 R\u00e9servoir d&rsquo;eau grise de 210 L\/55 gal. avec si\u00e8ge et housse<br \/>\n\u00b7 Sol antid\u00e9rapant<br \/>\n\u00b7 Peinture murale<br \/>\n\u00b7 Crochet pour ceinture \u00e0 outils ou veste<br \/>\n\u00b7 Porte-rouleau de papier toilette pour 3 rouleaux<br \/>\n\u00b7 Tuyau de ventilation adapt\u00e9 au design des murs pour maximiser l&rsquo;espace int\u00e9rieur<br \/>\n\u00b7 Ventilation int\u00e9gr\u00e9e et non amovible pour prot\u00e9ger la cabine de la pluie et assurer une bonne ventilation dans la salle de bain<br \/>\n\u00b7 Indicateur rouge\/vert occup\u00e9\/vide<br \/>\n\u00b7 Dispositif de r\u00e9sistance au vent r\u00e9glable install\u00e9 sur la porte<br \/>\n\u00b7 Charni\u00e8res \u00e0 cadenas int\u00e9gr\u00e9es<\/p>\n<p>Mat\u00e9riel:<br \/>\n\u00b7 Poly\u00e9thyl\u00e8ne haute densit\u00e9 avec traitement anti-UV<br \/>\n\u00b7 Toiture en poly\u00e9thyl\u00e8ne translucide avec traitement anti-UV<br \/>\n\u00b7 Sol en poly\u00e9thyl\u00e8ne antid\u00e9rapant<\/p>\n<p>Equip\u00e9 en standard d&rsquo;un r\u00e9servoir \u00e0 d\u00e9chets, d&rsquo;un urinoir et d&rsquo;un porte-rouleau de papier.<\/p>\n<p>Sp\u00e9cifications:<\/p>\n<table border=\"1\" cellspacing=\"0\" cellpadding=\"0\">\n<tbody>\n<tr>\n<td valign=\"top\" width=\"284\">Hauteur<\/td>\n<td valign=\"top\" width=\"284\">233 cm<\/td>\n<\/tr>\n<tr>\n<td valign=\"top\" width=\"284\">Largeur<\/td>\n<td valign=\"top\" width=\"284\">106 cm<\/td>\n<\/tr>\n<tr>\n<td valign=\"top\" width=\"284\">Profondeur<\/td>\n<td valign=\"top\" width=\"284\">106 cm<\/td>\n<\/tr>\n<tr>\n<td valign=\"top\" width=\"284\">Porte largeur<\/td>\n<td valign=\"top\" width=\"284\">66 cm<\/td>\n<\/tr>\n<tr>\n<td valign=\"top\" width=\"284\">Int\u00e9rieur<\/td>\n<td valign=\"top\" width=\"284\">100 x 100 cm<\/td>\n<\/tr>\n<tr>\n<td valign=\"top\" width=\"284\"><span id=\"result_box\" class=\"short_text\" lang=\"fr\"><span class=\"hps\" title=\"Klik voor alternatieve vertalingen\">capacit\u00e9 du r\u00e9servoir<\/span><\/span><\/td>\n<td valign=\"top\" width=\"284\">210 liter<\/td>\n<\/tr>\n<tr>\n<td valign=\"top\" width=\"284\"><span id=\"result_box\" class=\"short_text\" lang=\"fr\"><span class=\"hps\" title=\"Klik voor alternatieve vertalingen\">hauteur d&rsquo;assise<\/span><\/span><\/td>\n<td valign=\"top\" width=\"284\">51 cm<\/td>\n<\/tr>\n<tr>\n<td valign=\"top\" width=\"284\">Poids<\/td>\n<td valign=\"top\" width=\"284\">76 kg<\/td>\n<\/tr>\n<tr>\n<td valign=\"top\" width=\"284\">Mat\u00e9riel<\/td>\n<td valign=\"top\" width=\"284\">PEHD<\/td>\n<\/tr>\n<\/tbody>\n<\/table>\n<p>Ces toilettes autonomes polyvalentes sont id\u00e9ales pour desservir un grand nombre de personnes.<br \/>\nCUBE a \u00e9t\u00e9 con\u00e7u en tenant compte des besoins des utilisateurs sur les chantiers et l&rsquo;\u00e9v\u00e9nementiel. Les mat\u00e9riaux les plus r\u00e9sistants ont \u00e9t\u00e9 utilis\u00e9s pour produire des toilettes durables capables de r\u00e9sister \u00e0 une utilisation \u00e0 grande \u00e9chelle.<\/p>\n<p>Nous avons diff\u00e9rentes couleurs en stock. Pour conna\u00eetre la disponibilit\u00e9, veuillez nous contacter par <a href=\"mailto:&quot;info@atlastoilets.com&quot;\">email<\/a> ou par t\u00e9l\u00e9phone au 0031 (0) 182 -342088.<\/p>\n","protected":false},"excerpt":{"rendered":"<p>Les toilettes autonomes CUBE sont une b\u00eate de somme parmi les toilettes, con\u00e7ues pour les besoins des soci\u00e9t\u00e9s de location de toilettes. C&rsquo;est une v\u00e9ritable avanc\u00e9e dans le secteur du sanitaire mobile et le r\u00e9sultat d&rsquo;ann\u00e9es d&rsquo;exp\u00e9rience. CUBE offre une facilit\u00e9 d&rsquo;utilisation maximale pour le propri\u00e9taire et une conception soucieuse du d\u00e9tail et des besoins des utilisateurs.<\/p>\n","protected":false},"featured_media":28420,"template":"","meta":[],"product_brand":[],"product_cat":[1396],"product_tag":[],"class_list":{"0":"post-28566","1":"product","2":"type-product","3":"status-publish","4":"has-post-thumbnail","6":"product_cat-toilettes-standard","8":"first","9":"instock","10":"taxable","11":"shipping-taxable","12":"purchasable","13":"product-type-simple"},"yoast_head":"<!-- This site is optimized with the Yoast SEO plugin v27.4 - https:\/\/yoast.com\/product\/yoast-seo-wordpress\/ -->\n<title>Toilet autonome CUBE<\/title>\n<meta name=\"description\" content=\"Toilet autonome CUBE. Standard avec r\u00e9servoir \u00e0 d\u00e9chets, urinoir et rouleau de papier. Con\u00e7u pour les besoins de l&#039;industrie de la location\" \/>\n<meta name=\"robots\" content=\"index, follow, max-snippet:-1, max-image-preview:large, max-video-preview:-1\" \/>\n<link rel=\"canonical\" href=\"https:\/\/atlastoilets.com\/fr\/produit\/toilet-autonome\/\" \/>\n<meta property=\"og:locale\" content=\"fr_FR\" \/>\n<meta property=\"og:type\" content=\"article\" \/>\n<meta property=\"og:title\" content=\"Toilet autonome CUBE\" \/>\n<meta property=\"og:description\" content=\"Toilet autonome CUBE. Standard avec r\u00e9servoir \u00e0 d\u00e9chets, urinoir et rouleau de papier. Con\u00e7u pour les besoins de l&#039;industrie de la location\" \/>\n<meta property=\"og:url\" content=\"https:\/\/atlastoilets.com\/fr\/produit\/toilet-autonome\/\" \/>\n<meta property=\"og:site_name\" content=\"Atlas Sanitation Products\" \/>\n<meta property=\"article:modified_time\" content=\"2024-09-16T08:27:17+00:00\" \/>\n<meta property=\"og:image\" content=\"https:\/\/atlastoilets.com\/wp-content\/uploads\/2022\/06\/portable-toilet.jpg\" \/>\n\t<meta property=\"og:image:width\" content=\"600\" \/>\n\t<meta property=\"og:image:height\" content=\"600\" \/>\n\t<meta property=\"og:image:type\" content=\"image\/jpeg\" \/>\n<meta name=\"twitter:card\" content=\"summary_large_image\" \/>\n<meta name=\"twitter:label1\" content=\"Dur\u00e9e de lecture estim\u00e9e\" \/>\n\t<meta name=\"twitter:data1\" content=\"2 minutes\" \/>\n<script type=\"application\/ld+json\" class=\"yoast-schema-graph\">{\"@context\":\"https:\\\/\\\/schema.org\",\"@graph\":[{\"@type\":[\"WebPage\",\"ItemPage\"],\"@id\":\"https:\\\/\\\/atlastoilets.com\\\/fr\\\/produit\\\/toilet-autonome\\\/\",\"url\":\"https:\\\/\\\/atlastoilets.com\\\/fr\\\/produit\\\/toilet-autonome\\\/\",\"name\":\"Toilet autonome CUBE\",\"isPartOf\":{\"@id\":\"https:\\\/\\\/atlastoilets.com\\\/#website\"},\"primaryImageOfPage\":{\"@id\":\"https:\\\/\\\/atlastoilets.com\\\/fr\\\/produit\\\/toilet-autonome\\\/#primaryimage\"},\"image\":{\"@id\":\"https:\\\/\\\/atlastoilets.com\\\/fr\\\/produit\\\/toilet-autonome\\\/#primaryimage\"},\"thumbnailUrl\":\"https:\\\/\\\/atlastoilets.com\\\/wp-content\\\/uploads\\\/2022\\\/06\\\/portable-toilet.jpg\",\"datePublished\":\"2022-06-27T11:44:19+00:00\",\"dateModified\":\"2024-09-16T08:27:17+00:00\",\"description\":\"Toilet autonome CUBE. Standard avec r\u00e9servoir \u00e0 d\u00e9chets, urinoir et rouleau de papier. Con\u00e7u pour les besoins de l'industrie de la location\",\"breadcrumb\":{\"@id\":\"https:\\\/\\\/atlastoilets.com\\\/fr\\\/produit\\\/toilet-autonome\\\/#breadcrumb\"},\"inLanguage\":\"fr-FR\",\"potentialAction\":[{\"@type\":\"ReadAction\",\"target\":[\"https:\\\/\\\/atlastoilets.com\\\/fr\\\/produit\\\/toilet-autonome\\\/\"]}]},{\"@type\":\"ImageObject\",\"inLanguage\":\"fr-FR\",\"@id\":\"https:\\\/\\\/atlastoilets.com\\\/fr\\\/produit\\\/toilet-autonome\\\/#primaryimage\",\"url\":\"https:\\\/\\\/atlastoilets.com\\\/wp-content\\\/uploads\\\/2022\\\/06\\\/portable-toilet.jpg\",\"contentUrl\":\"https:\\\/\\\/atlastoilets.com\\\/wp-content\\\/uploads\\\/2022\\\/06\\\/portable-toilet.jpg\",\"width\":600,\"height\":600,\"caption\":\"toilette portative\"},{\"@type\":\"BreadcrumbList\",\"@id\":\"https:\\\/\\\/atlastoilets.com\\\/fr\\\/produit\\\/toilet-autonome\\\/#breadcrumb\",\"itemListElement\":[{\"@type\":\"ListItem\",\"position\":1,\"name\":\"Home\",\"item\":\"https:\\\/\\\/atlastoilets.com\\\/fr\\\/\"},{\"@type\":\"ListItem\",\"position\":2,\"name\":\"Boutique\",\"item\":\"https:\\\/\\\/atlastoilets.com\\\/fr\\\/boutique\\\/\"},{\"@type\":\"ListItem\",\"position\":3,\"name\":\"Toilet autonome CUBE\"}]},{\"@type\":\"WebSite\",\"@id\":\"https:\\\/\\\/atlastoilets.com\\\/#website\",\"url\":\"https:\\\/\\\/atlastoilets.com\\\/\",\"name\":\"Atlas Sanitation Products\",\"description\":\"Total supplier for toilet rental companies\",\"potentialAction\":[{\"@type\":\"SearchAction\",\"target\":{\"@type\":\"EntryPoint\",\"urlTemplate\":\"https:\\\/\\\/atlastoilets.com\\\/?s={search_term_string}\"},\"query-input\":{\"@type\":\"PropertyValueSpecification\",\"valueRequired\":true,\"valueName\":\"search_term_string\"}}],\"inLanguage\":\"fr-FR\"}]}<\/script>\n<!-- \/ Yoast SEO plugin. -->","yoast_head_json":{"title":"Toilet autonome CUBE","description":"Toilet autonome CUBE. Standard avec r\u00e9servoir \u00e0 d\u00e9chets, urinoir et rouleau de papier. Con\u00e7u pour les besoins de l'industrie de la location","robots":{"index":"index","follow":"follow","max-snippet":"max-snippet:-1","max-image-preview":"max-image-preview:large","max-video-preview":"max-video-preview:-1"},"canonical":"https:\/\/atlastoilets.com\/fr\/produit\/toilet-autonome\/","og_locale":"fr_FR","og_type":"article","og_title":"Toilet autonome CUBE","og_description":"Toilet autonome CUBE. Standard avec r\u00e9servoir \u00e0 d\u00e9chets, urinoir et rouleau de papier. Con\u00e7u pour les besoins de l'industrie de la location","og_url":"https:\/\/atlastoilets.com\/fr\/produit\/toilet-autonome\/","og_site_name":"Atlas Sanitation Products","article_modified_time":"2024-09-16T08:27:17+00:00","og_image":[{"width":600,"height":600,"url":"https:\/\/atlastoilets.com\/wp-content\/uploads\/2022\/06\/portable-toilet.jpg","type":"image\/jpeg"}],"twitter_card":"summary_large_image","twitter_misc":{"Dur\u00e9e de lecture estim\u00e9e":"2 minutes"},"schema":{"@context":"https:\/\/schema.org","@graph":[{"@type":["WebPage","ItemPage"],"@id":"https:\/\/atlastoilets.com\/fr\/produit\/toilet-autonome\/","url":"https:\/\/atlastoilets.com\/fr\/produit\/toilet-autonome\/","name":"Toilet autonome CUBE","isPartOf":{"@id":"https:\/\/atlastoilets.com\/#website"},"primaryImageOfPage":{"@id":"https:\/\/atlastoilets.com\/fr\/produit\/toilet-autonome\/#primaryimage"},"image":{"@id":"https:\/\/atlastoilets.com\/fr\/produit\/toilet-autonome\/#primaryimage"},"thumbnailUrl":"https:\/\/atlastoilets.com\/wp-content\/uploads\/2022\/06\/portable-toilet.jpg","datePublished":"2022-06-27T11:44:19+00:00","dateModified":"2024-09-16T08:27:17+00:00","description":"Toilet autonome CUBE. Standard avec r\u00e9servoir \u00e0 d\u00e9chets, urinoir et rouleau de papier. Con\u00e7u pour les besoins de l'industrie de la location","breadcrumb":{"@id":"https:\/\/atlastoilets.com\/fr\/produit\/toilet-autonome\/#breadcrumb"},"inLanguage":"fr-FR","potentialAction":[{"@type":"ReadAction","target":["https:\/\/atlastoilets.com\/fr\/produit\/toilet-autonome\/"]}]},{"@type":"ImageObject","inLanguage":"fr-FR","@id":"https:\/\/atlastoilets.com\/fr\/produit\/toilet-autonome\/#primaryimage","url":"https:\/\/atlastoilets.com\/wp-content\/uploads\/2022\/06\/portable-toilet.jpg","contentUrl":"https:\/\/atlastoilets.com\/wp-content\/uploads\/2022\/06\/portable-toilet.jpg","width":600,"height":600,"caption":"toilette portative"},{"@type":"BreadcrumbList","@id":"https:\/\/atlastoilets.com\/fr\/produit\/toilet-autonome\/#breadcrumb","itemListElement":[{"@type":"ListItem","position":1,"name":"Home","item":"https:\/\/atlastoilets.com\/fr\/"},{"@type":"ListItem","position":2,"name":"Boutique","item":"https:\/\/atlastoilets.com\/fr\/boutique\/"},{"@type":"ListItem","position":3,"name":"Toilet autonome CUBE"}]},{"@type":"WebSite","@id":"https:\/\/atlastoilets.com\/#website","url":"https:\/\/atlastoilets.com\/","name":"Atlas Sanitation Products","description":"Total supplier for toilet rental companies","potentialAction":[{"@type":"SearchAction","target":{"@type":"EntryPoint","urlTemplate":"https:\/\/atlastoilets.com\/?s={search_term_string}"},"query-input":{"@type":"PropertyValueSpecification","valueRequired":true,"valueName":"search_term_string"}}],"inLanguage":"fr-FR"}]}},"_links":{"self":[{"href":"https:\/\/atlastoilets.com\/fr\/wp-json\/wp\/v2\/product\/28566","targetHints":{"allow":["GET"]}}],"collection":[{"href":"https:\/\/atlastoilets.com\/fr\/wp-json\/wp\/v2\/product"}],"about":[{"href":"https:\/\/atlastoilets.com\/fr\/wp-json\/wp\/v2\/types\/product"}],"wp:featuredmedia":[{"embeddable":true,"href":"https:\/\/atlastoilets.com\/fr\/wp-json\/wp\/v2\/media\/28420"}],"wp:attachment":[{"href":"https:\/\/atlastoilets.com\/fr\/wp-json\/wp\/v2\/media?parent=28566"}],"wp:term":[{"taxonomy":"product_brand","embeddable":true,"href":"https:\/\/atlastoilets.com\/fr\/wp-json\/wp\/v2\/product_brand?post=28566"},{"taxonomy":"product_cat","embeddable":true,"href":"https:\/\/atlastoilets.com\/fr\/wp-json\/wp\/v2\/product_cat?post=28566"},{"taxonomy":"product_tag","embeddable":true,"href":"https:\/\/atlastoilets.com\/fr\/wp-json\/wp\/v2\/product_tag?post=28566"}],"curies":[{"name":"wp","href":"https:\/\/api.w.org\/{rel}","templated":true}]}}