{"id":27294,"date":"2022-05-20T14:07:06","date_gmt":"2022-05-20T14:07:06","guid":{"rendered":"https:\/\/www.mobileurinal.eu\/product\/triple-toilet-roll-holder\/"},"modified":"2022-05-24T10:59:17","modified_gmt":"2022-05-24T10:59:17","slug":"porte-rouleau-triple","status":"publish","type":"product","link":"https:\/\/atlastoilets.com\/fr\/produit\/porte-rouleau-triple\/","title":{"rendered":"Porte-rouleau triple"},"content":{"rendered":"<p>Porte-rouleau triple en m\u00e9tal.<br \/>\nCe grand support contient 3 rouleaux de papier toilette et peut \u00eatre plac\u00e9 dans tous les types de toilettes portables.<br \/>\nLongueur : 43,5 cm<\/p>\n","protected":false},"excerpt":{"rendered":"<p>Porte-rouleau triple en m\u00e9tal.<\/p>\n","protected":false},"featured_media":26956,"template":"","meta":[],"product_brand":[],"product_cat":[2088],"product_tag":[],"class_list":{"0":"post-27294","1":"product","2":"type-product","3":"status-publish","4":"has-post-thumbnail","6":"product_cat-pieces-de-rechange-pour-toilettes-portables","8":"first","9":"instock","10":"taxable","11":"shipping-taxable","12":"purchasable","13":"product-type-simple"},"yoast_head":"<!-- This site is optimized with the Yoast SEO plugin v27.4 - https:\/\/yoast.com\/product\/yoast-seo-wordpress\/ -->\n<title>Porte-rouleau triple en m\u00e9tal<\/title>\n<meta name=\"description\" content=\"Porte-rouleau triple en m\u00e9tal. Il contient 3 rouleaux de papier toilette et peut \u00eatre plac\u00e9 dans toutes les toilettes portables.\" \/>\n<meta name=\"robots\" content=\"index, follow, max-snippet:-1, max-image-preview:large, max-video-preview:-1\" \/>\n<link rel=\"canonical\" href=\"https:\/\/atlastoilets.com\/fr\/produit\/porte-rouleau-triple\/\" \/>\n<meta property=\"og:locale\" content=\"fr_FR\" \/>\n<meta property=\"og:type\" content=\"article\" \/>\n<meta property=\"og:title\" content=\"Porte-rouleau triple en m\u00e9tal\" \/>\n<meta property=\"og:description\" content=\"Porte-rouleau triple en m\u00e9tal. Il contient 3 rouleaux de papier toilette et peut \u00eatre plac\u00e9 dans toutes les toilettes portables.\" \/>\n<meta property=\"og:url\" content=\"https:\/\/atlastoilets.com\/fr\/produit\/porte-rouleau-triple\/\" \/>\n<meta property=\"og:site_name\" content=\"Atlas Sanitation Products\" \/>\n<meta property=\"article:modified_time\" content=\"2022-05-24T10:59:17+00:00\" \/>\n<meta property=\"og:image\" content=\"https:\/\/atlastoilets.com\/wp-content\/uploads\/2022\/05\/papierhouder-3-rollen-2940203.png\" \/>\n\t<meta property=\"og:image:width\" content=\"600\" \/>\n\t<meta property=\"og:image:height\" content=\"600\" \/>\n\t<meta property=\"og:image:type\" content=\"image\/png\" \/>\n<meta name=\"twitter:card\" content=\"summary_large_image\" \/>\n<meta name=\"twitter:label1\" content=\"Dur\u00e9e de lecture estim\u00e9e\" \/>\n\t<meta name=\"twitter:data1\" content=\"1 minute\" \/>\n<script type=\"application\/ld+json\" class=\"yoast-schema-graph\">{\"@context\":\"https:\\\/\\\/schema.org\",\"@graph\":[{\"@type\":[\"WebPage\",\"ItemPage\"],\"@id\":\"https:\\\/\\\/atlastoilets.com\\\/fr\\\/produit\\\/porte-rouleau-triple\\\/\",\"url\":\"https:\\\/\\\/atlastoilets.com\\\/fr\\\/produit\\\/porte-rouleau-triple\\\/\",\"name\":\"Porte-rouleau triple en m\u00e9tal\",\"isPartOf\":{\"@id\":\"https:\\\/\\\/atlastoilets.com\\\/#website\"},\"primaryImageOfPage\":{\"@id\":\"https:\\\/\\\/atlastoilets.com\\\/fr\\\/produit\\\/porte-rouleau-triple\\\/#primaryimage\"},\"image\":{\"@id\":\"https:\\\/\\\/atlastoilets.com\\\/fr\\\/produit\\\/porte-rouleau-triple\\\/#primaryimage\"},\"thumbnailUrl\":\"https:\\\/\\\/atlastoilets.com\\\/wp-content\\\/uploads\\\/2022\\\/05\\\/papierhouder-3-rollen-2940203.png\",\"datePublished\":\"2022-05-20T14:07:06+00:00\",\"dateModified\":\"2022-05-24T10:59:17+00:00\",\"description\":\"Porte-rouleau triple en m\u00e9tal. Il contient 3 rouleaux de papier toilette et peut \u00eatre plac\u00e9 dans toutes les toilettes portables.\",\"breadcrumb\":{\"@id\":\"https:\\\/\\\/atlastoilets.com\\\/fr\\\/produit\\\/porte-rouleau-triple\\\/#breadcrumb\"},\"inLanguage\":\"fr-FR\",\"potentialAction\":[{\"@type\":\"ReadAction\",\"target\":[\"https:\\\/\\\/atlastoilets.com\\\/fr\\\/produit\\\/porte-rouleau-triple\\\/\"]}]},{\"@type\":\"ImageObject\",\"inLanguage\":\"fr-FR\",\"@id\":\"https:\\\/\\\/atlastoilets.com\\\/fr\\\/produit\\\/porte-rouleau-triple\\\/#primaryimage\",\"url\":\"https:\\\/\\\/atlastoilets.com\\\/wp-content\\\/uploads\\\/2022\\\/05\\\/papierhouder-3-rollen-2940203.png\",\"contentUrl\":\"https:\\\/\\\/atlastoilets.com\\\/wp-content\\\/uploads\\\/2022\\\/05\\\/papierhouder-3-rollen-2940203.png\",\"width\":600,\"height\":600,\"caption\":\"Porte-rouleau triple\"},{\"@type\":\"BreadcrumbList\",\"@id\":\"https:\\\/\\\/atlastoilets.com\\\/fr\\\/produit\\\/porte-rouleau-triple\\\/#breadcrumb\",\"itemListElement\":[{\"@type\":\"ListItem\",\"position\":1,\"name\":\"Home\",\"item\":\"https:\\\/\\\/atlastoilets.com\\\/fr\\\/\"},{\"@type\":\"ListItem\",\"position\":2,\"name\":\"Boutique\",\"item\":\"https:\\\/\\\/atlastoilets.com\\\/fr\\\/boutique\\\/\"},{\"@type\":\"ListItem\",\"position\":3,\"name\":\"Porte-rouleau triple\"}]},{\"@type\":\"WebSite\",\"@id\":\"https:\\\/\\\/atlastoilets.com\\\/#website\",\"url\":\"https:\\\/\\\/atlastoilets.com\\\/\",\"name\":\"Atlas Sanitation Products\",\"description\":\"Total supplier for toilet rental companies\",\"potentialAction\":[{\"@type\":\"SearchAction\",\"target\":{\"@type\":\"EntryPoint\",\"urlTemplate\":\"https:\\\/\\\/atlastoilets.com\\\/?s={search_term_string}\"},\"query-input\":{\"@type\":\"PropertyValueSpecification\",\"valueRequired\":true,\"valueName\":\"search_term_string\"}}],\"inLanguage\":\"fr-FR\"}]}<\/script>\n<!-- \/ Yoast SEO plugin. -->","yoast_head_json":{"title":"Porte-rouleau triple en m\u00e9tal","description":"Porte-rouleau triple en m\u00e9tal. Il contient 3 rouleaux de papier toilette et peut \u00eatre plac\u00e9 dans toutes les toilettes portables.","robots":{"index":"index","follow":"follow","max-snippet":"max-snippet:-1","max-image-preview":"max-image-preview:large","max-video-preview":"max-video-preview:-1"},"canonical":"https:\/\/atlastoilets.com\/fr\/produit\/porte-rouleau-triple\/","og_locale":"fr_FR","og_type":"article","og_title":"Porte-rouleau triple en m\u00e9tal","og_description":"Porte-rouleau triple en m\u00e9tal. Il contient 3 rouleaux de papier toilette et peut \u00eatre plac\u00e9 dans toutes les toilettes portables.","og_url":"https:\/\/atlastoilets.com\/fr\/produit\/porte-rouleau-triple\/","og_site_name":"Atlas Sanitation Products","article_modified_time":"2022-05-24T10:59:17+00:00","og_image":[{"width":600,"height":600,"url":"https:\/\/atlastoilets.com\/wp-content\/uploads\/2022\/05\/papierhouder-3-rollen-2940203.png","type":"image\/png"}],"twitter_card":"summary_large_image","twitter_misc":{"Dur\u00e9e de lecture estim\u00e9e":"1 minute"},"schema":{"@context":"https:\/\/schema.org","@graph":[{"@type":["WebPage","ItemPage"],"@id":"https:\/\/atlastoilets.com\/fr\/produit\/porte-rouleau-triple\/","url":"https:\/\/atlastoilets.com\/fr\/produit\/porte-rouleau-triple\/","name":"Porte-rouleau triple en m\u00e9tal","isPartOf":{"@id":"https:\/\/atlastoilets.com\/#website"},"primaryImageOfPage":{"@id":"https:\/\/atlastoilets.com\/fr\/produit\/porte-rouleau-triple\/#primaryimage"},"image":{"@id":"https:\/\/atlastoilets.com\/fr\/produit\/porte-rouleau-triple\/#primaryimage"},"thumbnailUrl":"https:\/\/atlastoilets.com\/wp-content\/uploads\/2022\/05\/papierhouder-3-rollen-2940203.png","datePublished":"2022-05-20T14:07:06+00:00","dateModified":"2022-05-24T10:59:17+00:00","description":"Porte-rouleau triple en m\u00e9tal. Il contient 3 rouleaux de papier toilette et peut \u00eatre plac\u00e9 dans toutes les toilettes portables.","breadcrumb":{"@id":"https:\/\/atlastoilets.com\/fr\/produit\/porte-rouleau-triple\/#breadcrumb"},"inLanguage":"fr-FR","potentialAction":[{"@type":"ReadAction","target":["https:\/\/atlastoilets.com\/fr\/produit\/porte-rouleau-triple\/"]}]},{"@type":"ImageObject","inLanguage":"fr-FR","@id":"https:\/\/atlastoilets.com\/fr\/produit\/porte-rouleau-triple\/#primaryimage","url":"https:\/\/atlastoilets.com\/wp-content\/uploads\/2022\/05\/papierhouder-3-rollen-2940203.png","contentUrl":"https:\/\/atlastoilets.com\/wp-content\/uploads\/2022\/05\/papierhouder-3-rollen-2940203.png","width":600,"height":600,"caption":"Porte-rouleau triple"},{"@type":"BreadcrumbList","@id":"https:\/\/atlastoilets.com\/fr\/produit\/porte-rouleau-triple\/#breadcrumb","itemListElement":[{"@type":"ListItem","position":1,"name":"Home","item":"https:\/\/atlastoilets.com\/fr\/"},{"@type":"ListItem","position":2,"name":"Boutique","item":"https:\/\/atlastoilets.com\/fr\/boutique\/"},{"@type":"ListItem","position":3,"name":"Porte-rouleau triple"}]},{"@type":"WebSite","@id":"https:\/\/atlastoilets.com\/#website","url":"https:\/\/atlastoilets.com\/","name":"Atlas Sanitation Products","description":"Total supplier for toilet rental companies","potentialAction":[{"@type":"SearchAction","target":{"@type":"EntryPoint","urlTemplate":"https:\/\/atlastoilets.com\/?s={search_term_string}"},"query-input":{"@type":"PropertyValueSpecification","valueRequired":true,"valueName":"search_term_string"}}],"inLanguage":"fr-FR"}]}},"_links":{"self":[{"href":"https:\/\/atlastoilets.com\/fr\/wp-json\/wp\/v2\/product\/27294","targetHints":{"allow":["GET"]}}],"collection":[{"href":"https:\/\/atlastoilets.com\/fr\/wp-json\/wp\/v2\/product"}],"about":[{"href":"https:\/\/atlastoilets.com\/fr\/wp-json\/wp\/v2\/types\/product"}],"wp:featuredmedia":[{"embeddable":true,"href":"https:\/\/atlastoilets.com\/fr\/wp-json\/wp\/v2\/media\/26956"}],"wp:attachment":[{"href":"https:\/\/atlastoilets.com\/fr\/wp-json\/wp\/v2\/media?parent=27294"}],"wp:term":[{"taxonomy":"product_brand","embeddable":true,"href":"https:\/\/atlastoilets.com\/fr\/wp-json\/wp\/v2\/product_brand?post=27294"},{"taxonomy":"product_cat","embeddable":true,"href":"https:\/\/atlastoilets.com\/fr\/wp-json\/wp\/v2\/product_cat?post=27294"},{"taxonomy":"product_tag","embeddable":true,"href":"https:\/\/atlastoilets.com\/fr\/wp-json\/wp\/v2\/product_tag?post=27294"}],"curies":[{"name":"wp","href":"https:\/\/api.w.org\/{rel}","templated":true}]}}