{"id":26220,"date":"2015-09-24T07:58:44","date_gmt":"2015-09-24T07:58:44","guid":{"rendered":"https:\/\/www.mobileurinal.eu\/?post_type=product&#038;p=26220"},"modified":"2022-06-01T14:54:07","modified_gmt":"2022-06-01T14:54:07","slug":"pompe-a-pied","status":"publish","type":"product","link":"https:\/\/atlastoilets.com\/fr\/produit\/pompe-a-pied\/","title":{"rendered":"Pompe \u00e0 pied raccord rapide"},"content":{"rendered":"<p>Pompe \u00e0 pied de Whale des stations de lavage des mains de PolyPortables, Five Peaks und Atlas<br \/>\nVersi\u00f3n de raccord rapide.<\/p>\n","protected":false},"excerpt":{"rendered":"<p>Pompe \u00e0 pied de Whale des stations de lavage des mains de PolyPortables, Five Peaks und Atlas.<br \/>\nVersi\u00f3n de raccord rapide.<\/p>\n","protected":false},"featured_media":34780,"template":"","meta":[],"product_brand":[],"product_cat":[902,2125],"product_tag":[],"class_list":{"0":"post-26220","1":"product","2":"type-product","3":"status-publish","4":"has-post-thumbnail","6":"product_cat-pieces-de-la-station-de-lavage-des-mains","7":"product_cat-pompes-de-whale","9":"first","10":"instock","11":"taxable","12":"shipping-taxable","13":"purchasable","14":"product-type-simple"},"yoast_head":"<!-- This site is optimized with the Yoast SEO plugin v27.5 - https:\/\/yoast.com\/product\/yoast-seo-wordpress\/ -->\n<title>Pompe \u00e0 pied<\/title>\n<meta name=\"description\" content=\"Pompe \u00e0 pied de Whale des stations de lavage des mains de PolyPortables, Five Peaks und AtlasVersi\u00f3n de raccord rapide.\" \/>\n<meta name=\"robots\" content=\"index, follow, max-snippet:-1, max-image-preview:large, max-video-preview:-1\" \/>\n<link rel=\"canonical\" href=\"https:\/\/atlastoilets.com\/fr\/produit\/pompe-a-pied\/\" \/>\n<meta property=\"og:locale\" content=\"fr_FR\" \/>\n<meta property=\"og:type\" content=\"article\" \/>\n<meta property=\"og:title\" content=\"Pompe \u00e0 pied\" \/>\n<meta property=\"og:description\" content=\"Pompe \u00e0 pied de Whale des stations de lavage des mains de PolyPortables, Five Peaks und AtlasVersi\u00f3n de raccord rapide.\" \/>\n<meta property=\"og:url\" content=\"https:\/\/atlastoilets.com\/fr\/produit\/pompe-a-pied\/\" \/>\n<meta property=\"og:site_name\" content=\"Atlas Sanitation Products\" \/>\n<meta property=\"article:modified_time\" content=\"2022-06-01T14:54:07+00:00\" \/>\n<meta property=\"og:image\" content=\"https:\/\/atlastoilets.com\/wp-content\/uploads\/2022\/03\/foot-pump-quick-connect-1.jpg\" \/>\n\t<meta property=\"og:image:width\" content=\"1000\" \/>\n\t<meta property=\"og:image:height\" content=\"1000\" \/>\n\t<meta property=\"og:image:type\" content=\"image\/jpeg\" \/>\n<meta name=\"twitter:card\" content=\"summary_large_image\" \/>\n<script type=\"application\/ld+json\" class=\"yoast-schema-graph\">{\"@context\":\"https:\\\/\\\/schema.org\",\"@graph\":[{\"@type\":[\"WebPage\",\"ItemPage\"],\"@id\":\"https:\\\/\\\/atlastoilets.com\\\/fr\\\/produit\\\/pompe-a-pied\\\/\",\"url\":\"https:\\\/\\\/atlastoilets.com\\\/fr\\\/produit\\\/pompe-a-pied\\\/\",\"name\":\"Pompe \u00e0 pied\",\"isPartOf\":{\"@id\":\"https:\\\/\\\/atlastoilets.com\\\/#website\"},\"primaryImageOfPage\":{\"@id\":\"https:\\\/\\\/atlastoilets.com\\\/fr\\\/produit\\\/pompe-a-pied\\\/#primaryimage\"},\"image\":{\"@id\":\"https:\\\/\\\/atlastoilets.com\\\/fr\\\/produit\\\/pompe-a-pied\\\/#primaryimage\"},\"thumbnailUrl\":\"https:\\\/\\\/atlastoilets.com\\\/wp-content\\\/uploads\\\/2015\\\/09\\\/whale-footpump_6315310.jpg\",\"datePublished\":\"2015-09-24T07:58:44+00:00\",\"dateModified\":\"2022-06-01T14:54:07+00:00\",\"description\":\"Pompe \u00e0 pied de Whale des stations de lavage des mains de PolyPortables, Five Peaks und AtlasVersi\u00f3n de raccord rapide.\",\"breadcrumb\":{\"@id\":\"https:\\\/\\\/atlastoilets.com\\\/fr\\\/produit\\\/pompe-a-pied\\\/#breadcrumb\"},\"inLanguage\":\"fr-FR\",\"potentialAction\":[{\"@type\":\"ReadAction\",\"target\":[\"https:\\\/\\\/atlastoilets.com\\\/fr\\\/produit\\\/pompe-a-pied\\\/\"]}]},{\"@type\":\"ImageObject\",\"inLanguage\":\"fr-FR\",\"@id\":\"https:\\\/\\\/atlastoilets.com\\\/fr\\\/produit\\\/pompe-a-pied\\\/#primaryimage\",\"url\":\"https:\\\/\\\/atlastoilets.com\\\/wp-content\\\/uploads\\\/2015\\\/09\\\/whale-footpump_6315310.jpg\",\"contentUrl\":\"https:\\\/\\\/atlastoilets.com\\\/wp-content\\\/uploads\\\/2015\\\/09\\\/whale-footpump_6315310.jpg\",\"width\":1000,\"height\":1000},{\"@type\":\"BreadcrumbList\",\"@id\":\"https:\\\/\\\/atlastoilets.com\\\/fr\\\/produit\\\/pompe-a-pied\\\/#breadcrumb\",\"itemListElement\":[{\"@type\":\"ListItem\",\"position\":1,\"name\":\"Home\",\"item\":\"https:\\\/\\\/atlastoilets.com\\\/fr\\\/\"},{\"@type\":\"ListItem\",\"position\":2,\"name\":\"Boutique\",\"item\":\"https:\\\/\\\/atlastoilets.com\\\/fr\\\/boutique\\\/\"},{\"@type\":\"ListItem\",\"position\":3,\"name\":\"Pompe \u00e0 pied raccord rapide\"}]},{\"@type\":\"WebSite\",\"@id\":\"https:\\\/\\\/atlastoilets.com\\\/#website\",\"url\":\"https:\\\/\\\/atlastoilets.com\\\/\",\"name\":\"Atlas Sanitation Products\",\"description\":\"Total supplier for toilet rental companies\",\"potentialAction\":[{\"@type\":\"SearchAction\",\"target\":{\"@type\":\"EntryPoint\",\"urlTemplate\":\"https:\\\/\\\/atlastoilets.com\\\/?s={search_term_string}\"},\"query-input\":{\"@type\":\"PropertyValueSpecification\",\"valueRequired\":true,\"valueName\":\"search_term_string\"}}],\"inLanguage\":\"fr-FR\"}]}<\/script>\n<!-- \/ Yoast SEO plugin. -->","yoast_head_json":{"title":"Pompe \u00e0 pied","description":"Pompe \u00e0 pied de Whale des stations de lavage des mains de PolyPortables, Five Peaks und AtlasVersi\u00f3n de raccord rapide.","robots":{"index":"index","follow":"follow","max-snippet":"max-snippet:-1","max-image-preview":"max-image-preview:large","max-video-preview":"max-video-preview:-1"},"canonical":"https:\/\/atlastoilets.com\/fr\/produit\/pompe-a-pied\/","og_locale":"fr_FR","og_type":"article","og_title":"Pompe \u00e0 pied","og_description":"Pompe \u00e0 pied de Whale des stations de lavage des mains de PolyPortables, Five Peaks und AtlasVersi\u00f3n de raccord rapide.","og_url":"https:\/\/atlastoilets.com\/fr\/produit\/pompe-a-pied\/","og_site_name":"Atlas Sanitation Products","article_modified_time":"2022-06-01T14:54:07+00:00","og_image":[{"width":1000,"height":1000,"url":"https:\/\/atlastoilets.com\/wp-content\/uploads\/2022\/03\/foot-pump-quick-connect-1.jpg","type":"image\/jpeg"}],"twitter_card":"summary_large_image","schema":{"@context":"https:\/\/schema.org","@graph":[{"@type":["WebPage","ItemPage"],"@id":"https:\/\/atlastoilets.com\/fr\/produit\/pompe-a-pied\/","url":"https:\/\/atlastoilets.com\/fr\/produit\/pompe-a-pied\/","name":"Pompe \u00e0 pied","isPartOf":{"@id":"https:\/\/atlastoilets.com\/#website"},"primaryImageOfPage":{"@id":"https:\/\/atlastoilets.com\/fr\/produit\/pompe-a-pied\/#primaryimage"},"image":{"@id":"https:\/\/atlastoilets.com\/fr\/produit\/pompe-a-pied\/#primaryimage"},"thumbnailUrl":"https:\/\/atlastoilets.com\/wp-content\/uploads\/2015\/09\/whale-footpump_6315310.jpg","datePublished":"2015-09-24T07:58:44+00:00","dateModified":"2022-06-01T14:54:07+00:00","description":"Pompe \u00e0 pied de Whale des stations de lavage des mains de PolyPortables, Five Peaks und AtlasVersi\u00f3n de raccord rapide.","breadcrumb":{"@id":"https:\/\/atlastoilets.com\/fr\/produit\/pompe-a-pied\/#breadcrumb"},"inLanguage":"fr-FR","potentialAction":[{"@type":"ReadAction","target":["https:\/\/atlastoilets.com\/fr\/produit\/pompe-a-pied\/"]}]},{"@type":"ImageObject","inLanguage":"fr-FR","@id":"https:\/\/atlastoilets.com\/fr\/produit\/pompe-a-pied\/#primaryimage","url":"https:\/\/atlastoilets.com\/wp-content\/uploads\/2015\/09\/whale-footpump_6315310.jpg","contentUrl":"https:\/\/atlastoilets.com\/wp-content\/uploads\/2015\/09\/whale-footpump_6315310.jpg","width":1000,"height":1000},{"@type":"BreadcrumbList","@id":"https:\/\/atlastoilets.com\/fr\/produit\/pompe-a-pied\/#breadcrumb","itemListElement":[{"@type":"ListItem","position":1,"name":"Home","item":"https:\/\/atlastoilets.com\/fr\/"},{"@type":"ListItem","position":2,"name":"Boutique","item":"https:\/\/atlastoilets.com\/fr\/boutique\/"},{"@type":"ListItem","position":3,"name":"Pompe \u00e0 pied raccord rapide"}]},{"@type":"WebSite","@id":"https:\/\/atlastoilets.com\/#website","url":"https:\/\/atlastoilets.com\/","name":"Atlas Sanitation Products","description":"Total supplier for toilet rental companies","potentialAction":[{"@type":"SearchAction","target":{"@type":"EntryPoint","urlTemplate":"https:\/\/atlastoilets.com\/?s={search_term_string}"},"query-input":{"@type":"PropertyValueSpecification","valueRequired":true,"valueName":"search_term_string"}}],"inLanguage":"fr-FR"}]}},"_links":{"self":[{"href":"https:\/\/atlastoilets.com\/fr\/wp-json\/wp\/v2\/product\/26220","targetHints":{"allow":["GET"]}}],"collection":[{"href":"https:\/\/atlastoilets.com\/fr\/wp-json\/wp\/v2\/product"}],"about":[{"href":"https:\/\/atlastoilets.com\/fr\/wp-json\/wp\/v2\/types\/product"}],"wp:featuredmedia":[{"embeddable":true,"href":"https:\/\/atlastoilets.com\/fr\/wp-json\/wp\/v2\/media\/34780"}],"wp:attachment":[{"href":"https:\/\/atlastoilets.com\/fr\/wp-json\/wp\/v2\/media?parent=26220"}],"wp:term":[{"taxonomy":"product_brand","embeddable":true,"href":"https:\/\/atlastoilets.com\/fr\/wp-json\/wp\/v2\/product_brand?post=26220"},{"taxonomy":"product_cat","embeddable":true,"href":"https:\/\/atlastoilets.com\/fr\/wp-json\/wp\/v2\/product_cat?post=26220"},{"taxonomy":"product_tag","embeddable":true,"href":"https:\/\/atlastoilets.com\/fr\/wp-json\/wp\/v2\/product_tag?post=26220"}],"curies":[{"name":"wp","href":"https:\/\/api.w.org\/{rel}","templated":true}]}}