{"id":26186,"date":"2022-04-25T08:47:32","date_gmt":"2022-04-25T08:47:32","guid":{"rendered":"https:\/\/www.mobileurinal.eu\/?post_type=product&#038;p=26186"},"modified":"2024-09-27T10:05:56","modified_gmt":"2024-09-27T10:05:56","slug":"station-de-lavage-des-mains-hera","status":"publish","type":"product","link":"https:\/\/atlastoilets.com\/fr\/produit\/station-de-lavage-des-mains-hera\/","title":{"rendered":"Lave-mains autonome Hera1"},"content":{"rendered":"<p><strong><em>Double station de lavage des mains spacieux<\/em><\/strong><\/p>\n<p>Hera est une Lave-mains avec 2 bassins et pompes \u00e0 pied, id\u00e9ale pour une utilisation sur les lieux de f\u00eates et d&rsquo;\u00e9v\u00e8nements.<br \/>\nLe mod\u00e8le Hera fournit beaucoup d&rsquo;espace \u00e0 l&rsquo;utilisateur. Gr\u00e2ce \u00e0 cela, les utilisateurs \u00e9prouvent un sentiment agr\u00e9able d&rsquo;hygi\u00e8ne et les files d&rsquo;attente devant les toilettes mobiles seront moins longues.<br \/>\nLe mod\u00e8le Hera offre la possibilit\u00e9 de monter un \u00e9ventuel distributeur de savon ou de papier.<\/p>\n<p><span class=\"tlid-translation translation\" lang=\"fr\"><span class=\"\" title=\"\">Sur la base de 3 \u00e0 6 mouvements de pompe, le nombre d&rsquo;utilisations sera compris entre 450 et 800.<\/span><\/span><\/p>\n<p><img loading=\"lazy\" decoding=\"async\" class=\"alignright size-full wp-image-30100\" src=\"https:\/\/atlastoilets.com\/wp-content\/uploads\/2022\/03\/LOGO-hera-handwash.jpg\" alt=\"hera hand wash logo\" width=\"227\" height=\"100\" \/>Les sp\u00e9cifications:<\/p>\n<ul>\n<li>Hauteur: 1370 mm<\/li>\n<li>Largeur: 1250 mm<\/li>\n<li>Profondeur: 600 mm<\/li>\n<li>Poids: 40 kg<\/li>\n<li>Capacit\u00e9 d&rsquo;eau fra\u00eeche: 162 Litre<\/li>\n<li>Capacit\u00e9 d&rsquo;eau-vannes: 178 Litre<\/li>\n<li>Disponible en: Granit<\/li>\n<\/ul>\n<p>Le mod\u00e8le Hera standard est \u00e9quip\u00e9 de:<\/p>\n<ul>\n<li>Couvercle amovible<\/li>\n<li>2 pompes \u00e0 pieds pratiques<\/li>\n<li>Un grand lavabo<\/li>\n<li>Des poign\u00e9es pour une mise en place et un d\u00e9placement ais\u00e9s<\/li>\n<li>Espace pour le parasol en cas de positionnement insulaire<\/li>\n<\/ul>\n<p><strong>POUR COMPARAISON, NOS 3 UNIT\u00c9S DE LAVAGE DE MAINS HERA<br \/>\n<\/strong><\/p>\n<table>\n<tbody>\n<tr>\n<td><\/td>\n<td><strong>Hera1<\/strong><\/td>\n<td><strong>Hera2<\/strong><\/td>\n<td><strong>Hera3<\/strong><\/td>\n<\/tr>\n<tr>\n<td>De mesures (HxLxP)<\/td>\n<td>1280x600x1370mm<\/td>\n<td>720x520x1290mm<\/td>\n<td>998x575x1350MM<\/td>\n<\/tr>\n<tr>\n<td>Poids<\/td>\n<td>47<\/td>\n<td>40<\/td>\n<td>35<\/td>\n<\/tr>\n<tr>\n<td>Capacit\u00e9 d\u2019eau fra\u00eecheer<\/td>\n<td>162<\/td>\n<td>75<\/td>\n<td>100<\/td>\n<\/tr>\n<tr>\n<td>Capacit\u00e9 d\u2019eau-vannes<\/td>\n<td>178<\/td>\n<td>85<\/td>\n<td>110<\/td>\n<\/tr>\n<\/tbody>\n<\/table>\n","protected":false},"excerpt":{"rendered":"<p>Hera est une Lave-mains avec 2 bassins et pompes \u00e0 pied, id\u00e9ale pour une utilisation sur les lieux de f\u00eates et d&rsquo;\u00e9v\u00e8nements.<br \/>\nLe mod\u00e8le Hera fournit beaucoup d&rsquo;espace \u00e0 l&rsquo;utilisateur. Gr\u00e2ce \u00e0 cela, les utilisateurs \u00e9prouvent un sentiment agr\u00e9able d&rsquo;hygi\u00e8ne et les files d&rsquo;attente devant les toilettes mobiles seront moins longues.<img loading=\"lazy\" decoding=\"async\" class=\"alignright size-full wp-image-30100\" src=\"https:\/\/atlastoilets.com\/wp-content\/uploads\/2022\/03\/LOGO-hera-handwash.jpg\" alt=\"hera hand wash logo\" width=\"227\" height=\"100\" \/><\/p>\n","protected":false},"featured_media":18299,"template":"","meta":[],"product_brand":[],"product_cat":[886],"product_tag":[],"class_list":{"0":"post-26186","1":"product","2":"type-product","3":"status-publish","4":"has-post-thumbnail","6":"product_cat-stations-de-lavage-des-mains-autonomes","8":"first","9":"outofstock","10":"taxable","11":"shipping-taxable","12":"purchasable","13":"product-type-simple"},"yoast_head":"<!-- This site is optimized with the Yoast SEO plugin v27.5 - https:\/\/yoast.com\/product\/yoast-seo-wordpress\/ -->\n<title>Station de lavage des mains Hera<\/title>\n<meta name=\"description\" content=\"Double station de lavage des mains spacieux hera, id\u00e9ale pour une utilisation sur les lieux de f\u00eates et d&#039;\u00e9v\u00e8nements.\" \/>\n<meta name=\"robots\" content=\"index, follow, max-snippet:-1, max-image-preview:large, max-video-preview:-1\" \/>\n<link rel=\"canonical\" href=\"https:\/\/atlastoilets.com\/fr\/produit\/station-de-lavage-des-mains-hera\/\" \/>\n<meta property=\"og:locale\" content=\"fr_FR\" \/>\n<meta property=\"og:type\" content=\"article\" \/>\n<meta property=\"og:title\" content=\"Station de lavage des mains Hera\" \/>\n<meta property=\"og:description\" content=\"Double station de lavage des mains spacieux hera, id\u00e9ale pour une utilisation sur les lieux de f\u00eates et d&#039;\u00e9v\u00e8nements.\" \/>\n<meta property=\"og:url\" content=\"https:\/\/atlastoilets.com\/fr\/produit\/station-de-lavage-des-mains-hera\/\" \/>\n<meta property=\"og:site_name\" content=\"Atlas Sanitation Products\" \/>\n<meta property=\"article:modified_time\" content=\"2024-09-27T10:05:56+00:00\" \/>\n<meta property=\"og:image\" content=\"https:\/\/atlastoilets.com\/wp-content\/uploads\/2022\/03\/hand-wash-station-with-basic-taps.jpg\" \/>\n\t<meta property=\"og:image:width\" content=\"1000\" \/>\n\t<meta property=\"og:image:height\" content=\"1000\" \/>\n\t<meta property=\"og:image:type\" content=\"image\/jpeg\" \/>\n<meta name=\"twitter:card\" content=\"summary_large_image\" \/>\n<meta name=\"twitter:label1\" content=\"Dur\u00e9e de lecture estim\u00e9e\" \/>\n\t<meta name=\"twitter:data1\" content=\"2 minutes\" \/>\n<script type=\"application\/ld+json\" class=\"yoast-schema-graph\">{\"@context\":\"https:\\\/\\\/schema.org\",\"@graph\":[{\"@type\":[\"WebPage\",\"ItemPage\"],\"@id\":\"https:\\\/\\\/atlastoilets.com\\\/fr\\\/produit\\\/station-de-lavage-des-mains-hera\\\/\",\"url\":\"https:\\\/\\\/atlastoilets.com\\\/fr\\\/produit\\\/station-de-lavage-des-mains-hera\\\/\",\"name\":\"Station de lavage des mains Hera\",\"isPartOf\":{\"@id\":\"https:\\\/\\\/atlastoilets.com\\\/#website\"},\"primaryImageOfPage\":{\"@id\":\"https:\\\/\\\/atlastoilets.com\\\/fr\\\/produit\\\/station-de-lavage-des-mains-hera\\\/#primaryimage\"},\"image\":{\"@id\":\"https:\\\/\\\/atlastoilets.com\\\/fr\\\/produit\\\/station-de-lavage-des-mains-hera\\\/#primaryimage\"},\"thumbnailUrl\":\"https:\\\/\\\/atlastoilets.com\\\/wp-content\\\/uploads\\\/2022\\\/03\\\/hand-wash-station-with-basic-taps.jpg\",\"datePublished\":\"2022-04-25T08:47:32+00:00\",\"dateModified\":\"2024-09-27T10:05:56+00:00\",\"description\":\"Double station de lavage des mains spacieux hera, id\u00e9ale pour une utilisation sur les lieux de f\u00eates et d'\u00e9v\u00e8nements.\",\"breadcrumb\":{\"@id\":\"https:\\\/\\\/atlastoilets.com\\\/fr\\\/produit\\\/station-de-lavage-des-mains-hera\\\/#breadcrumb\"},\"inLanguage\":\"fr-FR\",\"potentialAction\":[{\"@type\":\"ReadAction\",\"target\":[\"https:\\\/\\\/atlastoilets.com\\\/fr\\\/produit\\\/station-de-lavage-des-mains-hera\\\/\"]}]},{\"@type\":\"ImageObject\",\"inLanguage\":\"fr-FR\",\"@id\":\"https:\\\/\\\/atlastoilets.com\\\/fr\\\/produit\\\/station-de-lavage-des-mains-hera\\\/#primaryimage\",\"url\":\"https:\\\/\\\/atlastoilets.com\\\/wp-content\\\/uploads\\\/2022\\\/03\\\/hand-wash-station-with-basic-taps.jpg\",\"contentUrl\":\"https:\\\/\\\/atlastoilets.com\\\/wp-content\\\/uploads\\\/2022\\\/03\\\/hand-wash-station-with-basic-taps.jpg\",\"width\":1000,\"height\":1000,\"caption\":\"Techo de inodoro para ba\u00f1os port\u00e1tiles\"},{\"@type\":\"BreadcrumbList\",\"@id\":\"https:\\\/\\\/atlastoilets.com\\\/fr\\\/produit\\\/station-de-lavage-des-mains-hera\\\/#breadcrumb\",\"itemListElement\":[{\"@type\":\"ListItem\",\"position\":1,\"name\":\"Home\",\"item\":\"https:\\\/\\\/atlastoilets.com\\\/fr\\\/\"},{\"@type\":\"ListItem\",\"position\":2,\"name\":\"Boutique\",\"item\":\"https:\\\/\\\/atlastoilets.com\\\/fr\\\/boutique\\\/\"},{\"@type\":\"ListItem\",\"position\":3,\"name\":\"Lave-mains autonome Hera1\"}]},{\"@type\":\"WebSite\",\"@id\":\"https:\\\/\\\/atlastoilets.com\\\/#website\",\"url\":\"https:\\\/\\\/atlastoilets.com\\\/\",\"name\":\"Atlas Sanitation Products\",\"description\":\"Total supplier for toilet rental companies\",\"potentialAction\":[{\"@type\":\"SearchAction\",\"target\":{\"@type\":\"EntryPoint\",\"urlTemplate\":\"https:\\\/\\\/atlastoilets.com\\\/?s={search_term_string}\"},\"query-input\":{\"@type\":\"PropertyValueSpecification\",\"valueRequired\":true,\"valueName\":\"search_term_string\"}}],\"inLanguage\":\"fr-FR\"}]}<\/script>\n<!-- \/ Yoast SEO plugin. -->","yoast_head_json":{"title":"Station de lavage des mains Hera","description":"Double station de lavage des mains spacieux hera, id\u00e9ale pour une utilisation sur les lieux de f\u00eates et d'\u00e9v\u00e8nements.","robots":{"index":"index","follow":"follow","max-snippet":"max-snippet:-1","max-image-preview":"max-image-preview:large","max-video-preview":"max-video-preview:-1"},"canonical":"https:\/\/atlastoilets.com\/fr\/produit\/station-de-lavage-des-mains-hera\/","og_locale":"fr_FR","og_type":"article","og_title":"Station de lavage des mains Hera","og_description":"Double station de lavage des mains spacieux hera, id\u00e9ale pour une utilisation sur les lieux de f\u00eates et d'\u00e9v\u00e8nements.","og_url":"https:\/\/atlastoilets.com\/fr\/produit\/station-de-lavage-des-mains-hera\/","og_site_name":"Atlas Sanitation Products","article_modified_time":"2024-09-27T10:05:56+00:00","og_image":[{"width":1000,"height":1000,"url":"https:\/\/atlastoilets.com\/wp-content\/uploads\/2022\/03\/hand-wash-station-with-basic-taps.jpg","type":"image\/jpeg"}],"twitter_card":"summary_large_image","twitter_misc":{"Dur\u00e9e de lecture estim\u00e9e":"2 minutes"},"schema":{"@context":"https:\/\/schema.org","@graph":[{"@type":["WebPage","ItemPage"],"@id":"https:\/\/atlastoilets.com\/fr\/produit\/station-de-lavage-des-mains-hera\/","url":"https:\/\/atlastoilets.com\/fr\/produit\/station-de-lavage-des-mains-hera\/","name":"Station de lavage des mains Hera","isPartOf":{"@id":"https:\/\/atlastoilets.com\/#website"},"primaryImageOfPage":{"@id":"https:\/\/atlastoilets.com\/fr\/produit\/station-de-lavage-des-mains-hera\/#primaryimage"},"image":{"@id":"https:\/\/atlastoilets.com\/fr\/produit\/station-de-lavage-des-mains-hera\/#primaryimage"},"thumbnailUrl":"https:\/\/atlastoilets.com\/wp-content\/uploads\/2022\/03\/hand-wash-station-with-basic-taps.jpg","datePublished":"2022-04-25T08:47:32+00:00","dateModified":"2024-09-27T10:05:56+00:00","description":"Double station de lavage des mains spacieux hera, id\u00e9ale pour une utilisation sur les lieux de f\u00eates et d'\u00e9v\u00e8nements.","breadcrumb":{"@id":"https:\/\/atlastoilets.com\/fr\/produit\/station-de-lavage-des-mains-hera\/#breadcrumb"},"inLanguage":"fr-FR","potentialAction":[{"@type":"ReadAction","target":["https:\/\/atlastoilets.com\/fr\/produit\/station-de-lavage-des-mains-hera\/"]}]},{"@type":"ImageObject","inLanguage":"fr-FR","@id":"https:\/\/atlastoilets.com\/fr\/produit\/station-de-lavage-des-mains-hera\/#primaryimage","url":"https:\/\/atlastoilets.com\/wp-content\/uploads\/2022\/03\/hand-wash-station-with-basic-taps.jpg","contentUrl":"https:\/\/atlastoilets.com\/wp-content\/uploads\/2022\/03\/hand-wash-station-with-basic-taps.jpg","width":1000,"height":1000,"caption":"Techo de inodoro para ba\u00f1os port\u00e1tiles"},{"@type":"BreadcrumbList","@id":"https:\/\/atlastoilets.com\/fr\/produit\/station-de-lavage-des-mains-hera\/#breadcrumb","itemListElement":[{"@type":"ListItem","position":1,"name":"Home","item":"https:\/\/atlastoilets.com\/fr\/"},{"@type":"ListItem","position":2,"name":"Boutique","item":"https:\/\/atlastoilets.com\/fr\/boutique\/"},{"@type":"ListItem","position":3,"name":"Lave-mains autonome Hera1"}]},{"@type":"WebSite","@id":"https:\/\/atlastoilets.com\/#website","url":"https:\/\/atlastoilets.com\/","name":"Atlas Sanitation Products","description":"Total supplier for toilet rental companies","potentialAction":[{"@type":"SearchAction","target":{"@type":"EntryPoint","urlTemplate":"https:\/\/atlastoilets.com\/?s={search_term_string}"},"query-input":{"@type":"PropertyValueSpecification","valueRequired":true,"valueName":"search_term_string"}}],"inLanguage":"fr-FR"}]}},"_links":{"self":[{"href":"https:\/\/atlastoilets.com\/fr\/wp-json\/wp\/v2\/product\/26186","targetHints":{"allow":["GET"]}}],"collection":[{"href":"https:\/\/atlastoilets.com\/fr\/wp-json\/wp\/v2\/product"}],"about":[{"href":"https:\/\/atlastoilets.com\/fr\/wp-json\/wp\/v2\/types\/product"}],"wp:featuredmedia":[{"embeddable":true,"href":"https:\/\/atlastoilets.com\/fr\/wp-json\/wp\/v2\/media\/18299"}],"wp:attachment":[{"href":"https:\/\/atlastoilets.com\/fr\/wp-json\/wp\/v2\/media?parent=26186"}],"wp:term":[{"taxonomy":"product_brand","embeddable":true,"href":"https:\/\/atlastoilets.com\/fr\/wp-json\/wp\/v2\/product_brand?post=26186"},{"taxonomy":"product_cat","embeddable":true,"href":"https:\/\/atlastoilets.com\/fr\/wp-json\/wp\/v2\/product_cat?post=26186"},{"taxonomy":"product_tag","embeddable":true,"href":"https:\/\/atlastoilets.com\/fr\/wp-json\/wp\/v2\/product_tag?post=26186"}],"curies":[{"name":"wp","href":"https:\/\/api.w.org\/{rel}","templated":true}]}}