{"id":23572,"date":"2022-03-21T09:43:29","date_gmt":"2022-03-21T09:43:29","guid":{"rendered":"https:\/\/www.mobileurinal.eu\/?post_type=product&#038;p=23572"},"modified":"2022-05-16T11:49:27","modified_gmt":"2022-05-16T11:49:27","slug":"lave-mains-mobile","status":"publish","type":"product","link":"https:\/\/atlastoilets.com\/fr\/produit\/lave-mains-mobile\/","title":{"rendered":"Lave mains mobile Obbe FS"},"content":{"rendered":"<div class=\"FFpbKc\">Lave mains mobile Obbe FS est une extension de la station de lavage des mains Obbe. Cette station de lavage des mains est dans un support, qui fonctionne comme un r\u00e9servoir d&rsquo;eau propre. Cela rend l&rsquo;unit\u00e9 compl\u00e8tement ind\u00e9pendante. Les roues rendent l&rsquo;Obbe FS facile \u00e0 d\u00e9placer et \u00e0 placer n&rsquo;importe o\u00f9. Lave mains mobile Obbe FS peut \u00eatre utilis\u00e9 en version autonome, avec un r\u00e9servoir d&rsquo;eau propre de 30 litres. L&rsquo;Obbe FS peut \u00e9galement \u00eatre raccord\u00e9 \u00e0 une alimentation en eau, le cas \u00e9ch\u00e9ant.<\/div>\n<p>Caract\u00e9ristiques:<br \/>\n\u00b7 Disponible en diff\u00e9rentes couleurs<br \/>\n\u00b7 Peut \u00eatre marqu\u00e9 avec le nom de votre entreprise<br \/>\n\u00b7 Peut \u00eatre d\u00e9plac\u00e9 vers n&rsquo;importe quel emplacement souhait\u00e9<br \/>\n\u00b7 Equip\u00e9 de bouchons pour vidanger l&rsquo;eau propre ou le r\u00e9servoir d&rsquo;eaux us\u00e9es<br \/>\n\u00b7 Disponible en 2 versions: Type WM (avec un raccordement pour l&rsquo;eau courante) ou FW (eau douce)<br \/>\n\u00b7 Dimensions H x L x P: 168 x 56 x 37<br \/>\n\u00b7 Poids: 23 kg<\/p>\n","protected":false},"excerpt":{"rendered":"<p>Obbe FS est une extension de la station de lavage des mains Obbe. Cette station de lavage des mains est dans un support, qui fonctionne comme un r\u00e9servoir d&rsquo;eau propre. Cela rend l&rsquo;unit\u00e9 compl\u00e8tement ind\u00e9pendante.<\/p>\n","protected":false},"featured_media":22617,"template":"","meta":[],"product_brand":[],"product_cat":[856,886],"product_tag":[],"class_list":{"0":"post-23572","1":"product","2":"type-product","3":"status-publish","4":"has-post-thumbnail","6":"product_cat-stations-de-lavage-des-mains","7":"product_cat-stations-de-lavage-des-mains-autonomes","9":"first","10":"instock","11":"taxable","12":"shipping-taxable","13":"purchasable","14":"product-type-variable","15":"has-default-attributes"},"yoast_head":"<!-- This site is optimized with the Yoast SEO plugin v27.4 - https:\/\/yoast.com\/product\/yoast-seo-wordpress\/ -->\n<title>Lave mains mobile avec un r\u00e9servoir d&#039;eau fra\u00eeche et grise<\/title>\n<meta name=\"description\" content=\"Lave mains mobile avec un r\u00e9servoir d&#039;eau fra\u00eeche et grise Obbe FS. En raison de ses dimensions compactes,\" \/>\n<meta name=\"robots\" content=\"index, follow, max-snippet:-1, max-image-preview:large, max-video-preview:-1\" \/>\n<link rel=\"canonical\" href=\"https:\/\/atlastoilets.com\/fr\/produit\/lave-mains-mobile\/\" \/>\n<meta property=\"og:locale\" content=\"fr_FR\" \/>\n<meta property=\"og:type\" content=\"article\" \/>\n<meta property=\"og:title\" content=\"Lave mains mobile avec un r\u00e9servoir d&#039;eau fra\u00eeche et grise\" \/>\n<meta property=\"og:description\" content=\"Lave mains mobile avec un r\u00e9servoir d&#039;eau fra\u00eeche et grise Obbe FS. En raison de ses dimensions compactes,\" \/>\n<meta property=\"og:url\" content=\"https:\/\/atlastoilets.com\/fr\/produit\/lave-mains-mobile\/\" \/>\n<meta property=\"og:site_name\" content=\"Atlas Sanitation Products\" \/>\n<meta property=\"article:modified_time\" content=\"2022-05-16T11:49:27+00:00\" \/>\n<meta property=\"og:image\" content=\"https:\/\/atlastoilets.com\/wp-content\/uploads\/2022\/03\/Free-stand-blue.jpg\" \/>\n\t<meta property=\"og:image:width\" content=\"600\" \/>\n\t<meta property=\"og:image:height\" content=\"600\" \/>\n\t<meta property=\"og:image:type\" content=\"image\/jpeg\" \/>\n<meta name=\"twitter:card\" content=\"summary_large_image\" \/>\n<meta name=\"twitter:label1\" content=\"Dur\u00e9e de lecture estim\u00e9e\" \/>\n\t<meta name=\"twitter:data1\" content=\"1 minute\" \/>\n<script type=\"application\/ld+json\" class=\"yoast-schema-graph\">{\"@context\":\"https:\\\/\\\/schema.org\",\"@graph\":[{\"@type\":[\"WebPage\",\"ItemPage\"],\"@id\":\"https:\\\/\\\/atlastoilets.com\\\/fr\\\/produit\\\/lave-mains-mobile\\\/\",\"url\":\"https:\\\/\\\/atlastoilets.com\\\/fr\\\/produit\\\/lave-mains-mobile\\\/\",\"name\":\"Lave mains mobile avec un r\u00e9servoir d'eau fra\u00eeche et grise\",\"isPartOf\":{\"@id\":\"https:\\\/\\\/atlastoilets.com\\\/#website\"},\"primaryImageOfPage\":{\"@id\":\"https:\\\/\\\/atlastoilets.com\\\/fr\\\/produit\\\/lave-mains-mobile\\\/#primaryimage\"},\"image\":{\"@id\":\"https:\\\/\\\/atlastoilets.com\\\/fr\\\/produit\\\/lave-mains-mobile\\\/#primaryimage\"},\"thumbnailUrl\":\"https:\\\/\\\/atlastoilets.com\\\/wp-content\\\/uploads\\\/2022\\\/03\\\/Free-stand-blue.jpg\",\"datePublished\":\"2022-03-21T09:43:29+00:00\",\"dateModified\":\"2022-05-16T11:49:27+00:00\",\"description\":\"Lave mains mobile avec un r\u00e9servoir d'eau fra\u00eeche et grise Obbe FS. En raison de ses dimensions compactes,\",\"breadcrumb\":{\"@id\":\"https:\\\/\\\/atlastoilets.com\\\/fr\\\/produit\\\/lave-mains-mobile\\\/#breadcrumb\"},\"inLanguage\":\"fr-FR\",\"potentialAction\":[{\"@type\":\"ReadAction\",\"target\":[\"https:\\\/\\\/atlastoilets.com\\\/fr\\\/produit\\\/lave-mains-mobile\\\/\"]}]},{\"@type\":\"ImageObject\",\"inLanguage\":\"fr-FR\",\"@id\":\"https:\\\/\\\/atlastoilets.com\\\/fr\\\/produit\\\/lave-mains-mobile\\\/#primaryimage\",\"url\":\"https:\\\/\\\/atlastoilets.com\\\/wp-content\\\/uploads\\\/2022\\\/03\\\/Free-stand-blue.jpg\",\"contentUrl\":\"https:\\\/\\\/atlastoilets.com\\\/wp-content\\\/uploads\\\/2022\\\/03\\\/Free-stand-blue.jpg\",\"width\":600,\"height\":600,\"caption\":\"lave mains mobile\"},{\"@type\":\"BreadcrumbList\",\"@id\":\"https:\\\/\\\/atlastoilets.com\\\/fr\\\/produit\\\/lave-mains-mobile\\\/#breadcrumb\",\"itemListElement\":[{\"@type\":\"ListItem\",\"position\":1,\"name\":\"Home\",\"item\":\"https:\\\/\\\/atlastoilets.com\\\/fr\\\/\"},{\"@type\":\"ListItem\",\"position\":2,\"name\":\"Boutique\",\"item\":\"https:\\\/\\\/atlastoilets.com\\\/fr\\\/boutique\\\/\"},{\"@type\":\"ListItem\",\"position\":3,\"name\":\"Lave mains mobile Obbe FS\"}]},{\"@type\":\"WebSite\",\"@id\":\"https:\\\/\\\/atlastoilets.com\\\/#website\",\"url\":\"https:\\\/\\\/atlastoilets.com\\\/\",\"name\":\"Atlas Sanitation Products\",\"description\":\"Total supplier for toilet rental companies\",\"potentialAction\":[{\"@type\":\"SearchAction\",\"target\":{\"@type\":\"EntryPoint\",\"urlTemplate\":\"https:\\\/\\\/atlastoilets.com\\\/?s={search_term_string}\"},\"query-input\":{\"@type\":\"PropertyValueSpecification\",\"valueRequired\":true,\"valueName\":\"search_term_string\"}}],\"inLanguage\":\"fr-FR\"}]}<\/script>\n<!-- \/ Yoast SEO plugin. -->","yoast_head_json":{"title":"Lave mains mobile avec un r\u00e9servoir d'eau fra\u00eeche et grise","description":"Lave mains mobile avec un r\u00e9servoir d'eau fra\u00eeche et grise Obbe FS. En raison de ses dimensions compactes,","robots":{"index":"index","follow":"follow","max-snippet":"max-snippet:-1","max-image-preview":"max-image-preview:large","max-video-preview":"max-video-preview:-1"},"canonical":"https:\/\/atlastoilets.com\/fr\/produit\/lave-mains-mobile\/","og_locale":"fr_FR","og_type":"article","og_title":"Lave mains mobile avec un r\u00e9servoir d'eau fra\u00eeche et grise","og_description":"Lave mains mobile avec un r\u00e9servoir d'eau fra\u00eeche et grise Obbe FS. En raison de ses dimensions compactes,","og_url":"https:\/\/atlastoilets.com\/fr\/produit\/lave-mains-mobile\/","og_site_name":"Atlas Sanitation Products","article_modified_time":"2022-05-16T11:49:27+00:00","og_image":[{"width":600,"height":600,"url":"https:\/\/atlastoilets.com\/wp-content\/uploads\/2022\/03\/Free-stand-blue.jpg","type":"image\/jpeg"}],"twitter_card":"summary_large_image","twitter_misc":{"Dur\u00e9e de lecture estim\u00e9e":"1 minute"},"schema":{"@context":"https:\/\/schema.org","@graph":[{"@type":["WebPage","ItemPage"],"@id":"https:\/\/atlastoilets.com\/fr\/produit\/lave-mains-mobile\/","url":"https:\/\/atlastoilets.com\/fr\/produit\/lave-mains-mobile\/","name":"Lave mains mobile avec un r\u00e9servoir d'eau fra\u00eeche et grise","isPartOf":{"@id":"https:\/\/atlastoilets.com\/#website"},"primaryImageOfPage":{"@id":"https:\/\/atlastoilets.com\/fr\/produit\/lave-mains-mobile\/#primaryimage"},"image":{"@id":"https:\/\/atlastoilets.com\/fr\/produit\/lave-mains-mobile\/#primaryimage"},"thumbnailUrl":"https:\/\/atlastoilets.com\/wp-content\/uploads\/2022\/03\/Free-stand-blue.jpg","datePublished":"2022-03-21T09:43:29+00:00","dateModified":"2022-05-16T11:49:27+00:00","description":"Lave mains mobile avec un r\u00e9servoir d'eau fra\u00eeche et grise Obbe FS. En raison de ses dimensions compactes,","breadcrumb":{"@id":"https:\/\/atlastoilets.com\/fr\/produit\/lave-mains-mobile\/#breadcrumb"},"inLanguage":"fr-FR","potentialAction":[{"@type":"ReadAction","target":["https:\/\/atlastoilets.com\/fr\/produit\/lave-mains-mobile\/"]}]},{"@type":"ImageObject","inLanguage":"fr-FR","@id":"https:\/\/atlastoilets.com\/fr\/produit\/lave-mains-mobile\/#primaryimage","url":"https:\/\/atlastoilets.com\/wp-content\/uploads\/2022\/03\/Free-stand-blue.jpg","contentUrl":"https:\/\/atlastoilets.com\/wp-content\/uploads\/2022\/03\/Free-stand-blue.jpg","width":600,"height":600,"caption":"lave mains mobile"},{"@type":"BreadcrumbList","@id":"https:\/\/atlastoilets.com\/fr\/produit\/lave-mains-mobile\/#breadcrumb","itemListElement":[{"@type":"ListItem","position":1,"name":"Home","item":"https:\/\/atlastoilets.com\/fr\/"},{"@type":"ListItem","position":2,"name":"Boutique","item":"https:\/\/atlastoilets.com\/fr\/boutique\/"},{"@type":"ListItem","position":3,"name":"Lave mains mobile Obbe FS"}]},{"@type":"WebSite","@id":"https:\/\/atlastoilets.com\/#website","url":"https:\/\/atlastoilets.com\/","name":"Atlas Sanitation Products","description":"Total supplier for toilet rental companies","potentialAction":[{"@type":"SearchAction","target":{"@type":"EntryPoint","urlTemplate":"https:\/\/atlastoilets.com\/?s={search_term_string}"},"query-input":{"@type":"PropertyValueSpecification","valueRequired":true,"valueName":"search_term_string"}}],"inLanguage":"fr-FR"}]}},"_links":{"self":[{"href":"https:\/\/atlastoilets.com\/fr\/wp-json\/wp\/v2\/product\/23572","targetHints":{"allow":["GET"]}}],"collection":[{"href":"https:\/\/atlastoilets.com\/fr\/wp-json\/wp\/v2\/product"}],"about":[{"href":"https:\/\/atlastoilets.com\/fr\/wp-json\/wp\/v2\/types\/product"}],"wp:featuredmedia":[{"embeddable":true,"href":"https:\/\/atlastoilets.com\/fr\/wp-json\/wp\/v2\/media\/22617"}],"wp:attachment":[{"href":"https:\/\/atlastoilets.com\/fr\/wp-json\/wp\/v2\/media?parent=23572"}],"wp:term":[{"taxonomy":"product_brand","embeddable":true,"href":"https:\/\/atlastoilets.com\/fr\/wp-json\/wp\/v2\/product_brand?post=23572"},{"taxonomy":"product_cat","embeddable":true,"href":"https:\/\/atlastoilets.com\/fr\/wp-json\/wp\/v2\/product_cat?post=23572"},{"taxonomy":"product_tag","embeddable":true,"href":"https:\/\/atlastoilets.com\/fr\/wp-json\/wp\/v2\/product_tag?post=23572"}],"curies":[{"name":"wp","href":"https:\/\/api.w.org\/{rel}","templated":true}]}}