{"id":23569,"date":"2022-03-21T09:43:29","date_gmt":"2022-03-21T09:43:29","guid":{"rendered":"https:\/\/www.mobileurinal.eu\/?post_type=product&#038;p=23569"},"modified":"2023-12-11T11:16:54","modified_gmt":"2023-12-11T11:16:54","slug":"serrure-pour-toilettes","status":"publish","type":"product","link":"https:\/\/atlastoilets.com\/fr\/produit\/serrure-pour-toilettes\/","title":{"rendered":"Serrure pour toilettes portable"},"content":{"rendered":"<p>Serrure pour toilettes avec glissi\u00e8re verte et rouge et support en plastique.<br \/>\nLes \u00e9l\u00e9ments individuels peuvent \u00eatre command\u00e9s s\u00e9par\u00e9ment.<br \/>\n<span class=\"\">SKU 2028009 &#8211; Glissement Rouge-Vert<br \/>\nSKU 2028008 &#8211; Support<\/span><\/p>\n","protected":false},"excerpt":{"rendered":"<p>Verrouiller d&rsquo;une toilette portable avec un glissement (rouge \/ vert) et\u00a0un support\u00a0plastique.<br \/>\nLes \u00e9l\u00e9ments individuels peuvent \u00eatre command\u00e9s s\u00e9par\u00e9ment.<br \/>\nSKU 2028009 &#8211; Glissement Rouge-Vert<br \/>\nSKU 2028008 &#8211; Support<\/p>\n","protected":false},"featured_media":22043,"template":"","meta":[],"product_brand":[],"product_cat":[922,926],"product_tag":[],"class_list":{"0":"post-23569","1":"product","2":"type-product","3":"status-publish","4":"has-post-thumbnail","6":"product_cat-pieces-de-polyportables","7":"product_cat-pieces-de-toilette-universelles","9":"first","10":"instock","11":"taxable","12":"shipping-taxable","13":"purchasable","14":"product-type-variable","15":"has-default-attributes"},"yoast_head":"<!-- This site is optimized with the Yoast SEO plugin v27.5 - https:\/\/yoast.com\/product\/yoast-seo-wordpress\/ -->\n<title>Serrure pour toilettes avec glissi\u00e8re verte et rouge<\/title>\n<meta name=\"description\" content=\"Serrure pour toilettes avec glissi\u00e8re verte et rouge et support en plastique. Le mieux adapt\u00e9 pour toilettes de Polyportables\" \/>\n<meta name=\"robots\" content=\"index, follow, max-snippet:-1, max-image-preview:large, max-video-preview:-1\" \/>\n<link rel=\"canonical\" href=\"https:\/\/atlastoilets.com\/fr\/produit\/serrure-pour-toilettes\/\" \/>\n<meta property=\"og:locale\" content=\"fr_FR\" \/>\n<meta property=\"og:type\" content=\"article\" \/>\n<meta property=\"og:title\" content=\"Serrure pour toilettes avec glissi\u00e8re verte et rouge\" \/>\n<meta property=\"og:description\" content=\"Serrure pour toilettes avec glissi\u00e8re verte et rouge et support en plastique. Le mieux adapt\u00e9 pour toilettes de Polyportables\" \/>\n<meta property=\"og:url\" content=\"https:\/\/atlastoilets.com\/fr\/produit\/serrure-pour-toilettes\/\" \/>\n<meta property=\"og:site_name\" content=\"Atlas Sanitation Products\" \/>\n<meta property=\"article:modified_time\" content=\"2023-12-11T11:16:54+00:00\" \/>\n<meta property=\"og:image\" content=\"https:\/\/atlastoilets.com\/wp-content\/uploads\/2022\/03\/door-lock-complete.jpg\" \/>\n\t<meta property=\"og:image:width\" content=\"1000\" \/>\n\t<meta property=\"og:image:height\" content=\"1000\" \/>\n\t<meta property=\"og:image:type\" content=\"image\/jpeg\" \/>\n<meta name=\"twitter:card\" content=\"summary_large_image\" \/>\n<meta name=\"twitter:label1\" content=\"Dur\u00e9e de lecture estim\u00e9e\" \/>\n\t<meta name=\"twitter:data1\" content=\"1 minute\" \/>\n<script type=\"application\/ld+json\" class=\"yoast-schema-graph\">{\"@context\":\"https:\\\/\\\/schema.org\",\"@graph\":[{\"@type\":[\"WebPage\",\"ItemPage\"],\"@id\":\"https:\\\/\\\/atlastoilets.com\\\/fr\\\/produit\\\/serrure-pour-toilettes\\\/\",\"url\":\"https:\\\/\\\/atlastoilets.com\\\/fr\\\/produit\\\/serrure-pour-toilettes\\\/\",\"name\":\"Serrure pour toilettes avec glissi\u00e8re verte et rouge\",\"isPartOf\":{\"@id\":\"https:\\\/\\\/atlastoilets.com\\\/#website\"},\"primaryImageOfPage\":{\"@id\":\"https:\\\/\\\/atlastoilets.com\\\/fr\\\/produit\\\/serrure-pour-toilettes\\\/#primaryimage\"},\"image\":{\"@id\":\"https:\\\/\\\/atlastoilets.com\\\/fr\\\/produit\\\/serrure-pour-toilettes\\\/#primaryimage\"},\"thumbnailUrl\":\"https:\\\/\\\/atlastoilets.com\\\/wp-content\\\/uploads\\\/2022\\\/03\\\/door-lock-complete.jpg\",\"datePublished\":\"2022-03-21T09:43:29+00:00\",\"dateModified\":\"2023-12-11T11:16:54+00:00\",\"description\":\"Serrure pour toilettes avec glissi\u00e8re verte et rouge et support en plastique. Le mieux adapt\u00e9 pour toilettes de Polyportables\",\"breadcrumb\":{\"@id\":\"https:\\\/\\\/atlastoilets.com\\\/fr\\\/produit\\\/serrure-pour-toilettes\\\/#breadcrumb\"},\"inLanguage\":\"fr-FR\",\"potentialAction\":[{\"@type\":\"ReadAction\",\"target\":[\"https:\\\/\\\/atlastoilets.com\\\/fr\\\/produit\\\/serrure-pour-toilettes\\\/\"]}]},{\"@type\":\"ImageObject\",\"inLanguage\":\"fr-FR\",\"@id\":\"https:\\\/\\\/atlastoilets.com\\\/fr\\\/produit\\\/serrure-pour-toilettes\\\/#primaryimage\",\"url\":\"https:\\\/\\\/atlastoilets.com\\\/wp-content\\\/uploads\\\/2022\\\/03\\\/door-lock-complete.jpg\",\"contentUrl\":\"https:\\\/\\\/atlastoilets.com\\\/wp-content\\\/uploads\\\/2022\\\/03\\\/door-lock-complete.jpg\",\"width\":1000,\"height\":1000,\"caption\":\"Serrure de porte\"},{\"@type\":\"BreadcrumbList\",\"@id\":\"https:\\\/\\\/atlastoilets.com\\\/fr\\\/produit\\\/serrure-pour-toilettes\\\/#breadcrumb\",\"itemListElement\":[{\"@type\":\"ListItem\",\"position\":1,\"name\":\"Home\",\"item\":\"https:\\\/\\\/atlastoilets.com\\\/fr\\\/\"},{\"@type\":\"ListItem\",\"position\":2,\"name\":\"Boutique\",\"item\":\"https:\\\/\\\/atlastoilets.com\\\/fr\\\/boutique\\\/\"},{\"@type\":\"ListItem\",\"position\":3,\"name\":\"Serrure pour toilettes portable\"}]},{\"@type\":\"WebSite\",\"@id\":\"https:\\\/\\\/atlastoilets.com\\\/#website\",\"url\":\"https:\\\/\\\/atlastoilets.com\\\/\",\"name\":\"Atlas Sanitation Products\",\"description\":\"Total supplier for toilet rental companies\",\"potentialAction\":[{\"@type\":\"SearchAction\",\"target\":{\"@type\":\"EntryPoint\",\"urlTemplate\":\"https:\\\/\\\/atlastoilets.com\\\/?s={search_term_string}\"},\"query-input\":{\"@type\":\"PropertyValueSpecification\",\"valueRequired\":true,\"valueName\":\"search_term_string\"}}],\"inLanguage\":\"fr-FR\"}]}<\/script>\n<!-- \/ Yoast SEO plugin. -->","yoast_head_json":{"title":"Serrure pour toilettes avec glissi\u00e8re verte et rouge","description":"Serrure pour toilettes avec glissi\u00e8re verte et rouge et support en plastique. Le mieux adapt\u00e9 pour toilettes de Polyportables","robots":{"index":"index","follow":"follow","max-snippet":"max-snippet:-1","max-image-preview":"max-image-preview:large","max-video-preview":"max-video-preview:-1"},"canonical":"https:\/\/atlastoilets.com\/fr\/produit\/serrure-pour-toilettes\/","og_locale":"fr_FR","og_type":"article","og_title":"Serrure pour toilettes avec glissi\u00e8re verte et rouge","og_description":"Serrure pour toilettes avec glissi\u00e8re verte et rouge et support en plastique. Le mieux adapt\u00e9 pour toilettes de Polyportables","og_url":"https:\/\/atlastoilets.com\/fr\/produit\/serrure-pour-toilettes\/","og_site_name":"Atlas Sanitation Products","article_modified_time":"2023-12-11T11:16:54+00:00","og_image":[{"width":1000,"height":1000,"url":"https:\/\/atlastoilets.com\/wp-content\/uploads\/2022\/03\/door-lock-complete.jpg","type":"image\/jpeg"}],"twitter_card":"summary_large_image","twitter_misc":{"Dur\u00e9e de lecture estim\u00e9e":"1 minute"},"schema":{"@context":"https:\/\/schema.org","@graph":[{"@type":["WebPage","ItemPage"],"@id":"https:\/\/atlastoilets.com\/fr\/produit\/serrure-pour-toilettes\/","url":"https:\/\/atlastoilets.com\/fr\/produit\/serrure-pour-toilettes\/","name":"Serrure pour toilettes avec glissi\u00e8re verte et rouge","isPartOf":{"@id":"https:\/\/atlastoilets.com\/#website"},"primaryImageOfPage":{"@id":"https:\/\/atlastoilets.com\/fr\/produit\/serrure-pour-toilettes\/#primaryimage"},"image":{"@id":"https:\/\/atlastoilets.com\/fr\/produit\/serrure-pour-toilettes\/#primaryimage"},"thumbnailUrl":"https:\/\/atlastoilets.com\/wp-content\/uploads\/2022\/03\/door-lock-complete.jpg","datePublished":"2022-03-21T09:43:29+00:00","dateModified":"2023-12-11T11:16:54+00:00","description":"Serrure pour toilettes avec glissi\u00e8re verte et rouge et support en plastique. Le mieux adapt\u00e9 pour toilettes de Polyportables","breadcrumb":{"@id":"https:\/\/atlastoilets.com\/fr\/produit\/serrure-pour-toilettes\/#breadcrumb"},"inLanguage":"fr-FR","potentialAction":[{"@type":"ReadAction","target":["https:\/\/atlastoilets.com\/fr\/produit\/serrure-pour-toilettes\/"]}]},{"@type":"ImageObject","inLanguage":"fr-FR","@id":"https:\/\/atlastoilets.com\/fr\/produit\/serrure-pour-toilettes\/#primaryimage","url":"https:\/\/atlastoilets.com\/wp-content\/uploads\/2022\/03\/door-lock-complete.jpg","contentUrl":"https:\/\/atlastoilets.com\/wp-content\/uploads\/2022\/03\/door-lock-complete.jpg","width":1000,"height":1000,"caption":"Serrure de porte"},{"@type":"BreadcrumbList","@id":"https:\/\/atlastoilets.com\/fr\/produit\/serrure-pour-toilettes\/#breadcrumb","itemListElement":[{"@type":"ListItem","position":1,"name":"Home","item":"https:\/\/atlastoilets.com\/fr\/"},{"@type":"ListItem","position":2,"name":"Boutique","item":"https:\/\/atlastoilets.com\/fr\/boutique\/"},{"@type":"ListItem","position":3,"name":"Serrure pour toilettes portable"}]},{"@type":"WebSite","@id":"https:\/\/atlastoilets.com\/#website","url":"https:\/\/atlastoilets.com\/","name":"Atlas Sanitation Products","description":"Total supplier for toilet rental companies","potentialAction":[{"@type":"SearchAction","target":{"@type":"EntryPoint","urlTemplate":"https:\/\/atlastoilets.com\/?s={search_term_string}"},"query-input":{"@type":"PropertyValueSpecification","valueRequired":true,"valueName":"search_term_string"}}],"inLanguage":"fr-FR"}]}},"_links":{"self":[{"href":"https:\/\/atlastoilets.com\/fr\/wp-json\/wp\/v2\/product\/23569","targetHints":{"allow":["GET"]}}],"collection":[{"href":"https:\/\/atlastoilets.com\/fr\/wp-json\/wp\/v2\/product"}],"about":[{"href":"https:\/\/atlastoilets.com\/fr\/wp-json\/wp\/v2\/types\/product"}],"wp:featuredmedia":[{"embeddable":true,"href":"https:\/\/atlastoilets.com\/fr\/wp-json\/wp\/v2\/media\/22043"}],"wp:attachment":[{"href":"https:\/\/atlastoilets.com\/fr\/wp-json\/wp\/v2\/media?parent=23569"}],"wp:term":[{"taxonomy":"product_brand","embeddable":true,"href":"https:\/\/atlastoilets.com\/fr\/wp-json\/wp\/v2\/product_brand?post=23569"},{"taxonomy":"product_cat","embeddable":true,"href":"https:\/\/atlastoilets.com\/fr\/wp-json\/wp\/v2\/product_cat?post=23569"},{"taxonomy":"product_tag","embeddable":true,"href":"https:\/\/atlastoilets.com\/fr\/wp-json\/wp\/v2\/product_tag?post=23569"}],"curies":[{"name":"wp","href":"https:\/\/api.w.org\/{rel}","templated":true}]}}