{"id":23556,"date":"2022-03-21T09:43:28","date_gmt":"2022-03-21T09:43:28","guid":{"rendered":"https:\/\/www.mobileurinal.eu\/?post_type=product&#038;p=23556"},"modified":"2022-06-02T14:17:05","modified_gmt":"2022-06-02T14:17:05","slug":"ressorts-de-porte","status":"publish","type":"product","link":"https:\/\/atlastoilets.com\/fr\/produit\/ressorts-de-porte\/","title":{"rendered":"Ressorts de la porte"},"content":{"rendered":"<p>Ressorts de porte pour toilettes portatives Satellite Tufway, PolyPortables et Synergy High Tech 1.<br \/>\nPi\u00e8ce de rechange pour les soci\u00e9t\u00e9s de location de toilettes.<\/p>\n","protected":false},"excerpt":{"rendered":"<p><span id=\"result_box\" class=\"\" lang=\"fr\"><span class=\"hps\">Ressorts de porte<\/span> <span class=\"hps\">pour les<\/span> <span class=\"hps\">toilettes portatives<\/span>. <span class=\"hps\">Disponible en 3 versions<\/span>, convenant <span class=\"hps\">pour le<\/span> toilettes de S<span class=\"hps\">atellite<\/span>, <span class=\"hps\">PolyPortables<\/span> <span class=\"hps\">ou<\/span> <span class=\"hps\">Synergy<\/span><span class=\"\">.<\/span><\/span><\/p>\n","protected":false},"featured_media":22003,"template":"","meta":[],"product_brand":[],"product_cat":[922,926],"product_tag":[],"class_list":{"0":"post-23556","1":"product","2":"type-product","3":"status-publish","4":"has-post-thumbnail","6":"product_cat-pieces-de-polyportables","7":"product_cat-pieces-de-toilette-universelles","9":"first","10":"instock","11":"taxable","12":"shipping-taxable","13":"purchasable","14":"product-type-variable","15":"has-default-attributes"},"yoast_head":"<!-- This site is optimized with the Yoast SEO plugin v27.4 - https:\/\/yoast.com\/product\/yoast-seo-wordpress\/ -->\n<title>Ressorts de porte pour toilettes portatives.<\/title>\n<meta name=\"description\" content=\"Ressorts de porte pour toilettes portatives Satellite et PolyPortables. Pi\u00e8ce de rechange pour les soci\u00e9t\u00e9s de location de toilettes.\" \/>\n<meta name=\"robots\" content=\"index, follow, max-snippet:-1, max-image-preview:large, max-video-preview:-1\" \/>\n<link rel=\"canonical\" href=\"https:\/\/atlastoilets.com\/fr\/produit\/ressorts-de-porte\/\" \/>\n<meta property=\"og:locale\" content=\"fr_FR\" \/>\n<meta property=\"og:type\" content=\"article\" \/>\n<meta property=\"og:title\" content=\"Ressorts de porte pour toilettes portatives.\" \/>\n<meta property=\"og:description\" content=\"Ressorts de porte pour toilettes portatives Satellite et PolyPortables. Pi\u00e8ce de rechange pour les soci\u00e9t\u00e9s de location de toilettes.\" \/>\n<meta property=\"og:url\" content=\"https:\/\/atlastoilets.com\/fr\/produit\/ressorts-de-porte\/\" \/>\n<meta property=\"og:site_name\" content=\"Atlas Sanitation Products\" \/>\n<meta property=\"article:modified_time\" content=\"2022-06-02T14:17:05+00:00\" \/>\n<meta property=\"og:image\" content=\"https:\/\/atlastoilets.com\/wp-content\/uploads\/2022\/03\/Door-spring-PolyPortables-toilets.jpg\" \/>\n\t<meta property=\"og:image:width\" content=\"1000\" \/>\n\t<meta property=\"og:image:height\" content=\"1000\" \/>\n\t<meta property=\"og:image:type\" content=\"image\/jpeg\" \/>\n<meta name=\"twitter:card\" content=\"summary_large_image\" \/>\n<meta name=\"twitter:label1\" content=\"Dur\u00e9e de lecture estim\u00e9e\" \/>\n\t<meta name=\"twitter:data1\" content=\"1 minute\" \/>\n<script type=\"application\/ld+json\" class=\"yoast-schema-graph\">{\"@context\":\"https:\\\/\\\/schema.org\",\"@graph\":[{\"@type\":[\"WebPage\",\"ItemPage\"],\"@id\":\"https:\\\/\\\/atlastoilets.com\\\/fr\\\/produit\\\/ressorts-de-porte\\\/\",\"url\":\"https:\\\/\\\/atlastoilets.com\\\/fr\\\/produit\\\/ressorts-de-porte\\\/\",\"name\":\"Ressorts de porte pour toilettes portatives.\",\"isPartOf\":{\"@id\":\"https:\\\/\\\/atlastoilets.com\\\/#website\"},\"primaryImageOfPage\":{\"@id\":\"https:\\\/\\\/atlastoilets.com\\\/fr\\\/produit\\\/ressorts-de-porte\\\/#primaryimage\"},\"image\":{\"@id\":\"https:\\\/\\\/atlastoilets.com\\\/fr\\\/produit\\\/ressorts-de-porte\\\/#primaryimage\"},\"thumbnailUrl\":\"https:\\\/\\\/atlastoilets.com\\\/wp-content\\\/uploads\\\/2022\\\/03\\\/Door-spring-PolyPortables-toilets.jpg\",\"datePublished\":\"2022-03-21T09:43:28+00:00\",\"dateModified\":\"2022-06-02T14:17:05+00:00\",\"description\":\"Ressorts de porte pour toilettes portatives Satellite et PolyPortables. Pi\u00e8ce de rechange pour les soci\u00e9t\u00e9s de location de toilettes.\",\"breadcrumb\":{\"@id\":\"https:\\\/\\\/atlastoilets.com\\\/fr\\\/produit\\\/ressorts-de-porte\\\/#breadcrumb\"},\"inLanguage\":\"fr-FR\",\"potentialAction\":[{\"@type\":\"ReadAction\",\"target\":[\"https:\\\/\\\/atlastoilets.com\\\/fr\\\/produit\\\/ressorts-de-porte\\\/\"]}]},{\"@type\":\"ImageObject\",\"inLanguage\":\"fr-FR\",\"@id\":\"https:\\\/\\\/atlastoilets.com\\\/fr\\\/produit\\\/ressorts-de-porte\\\/#primaryimage\",\"url\":\"https:\\\/\\\/atlastoilets.com\\\/wp-content\\\/uploads\\\/2022\\\/03\\\/Door-spring-PolyPortables-toilets.jpg\",\"contentUrl\":\"https:\\\/\\\/atlastoilets.com\\\/wp-content\\\/uploads\\\/2022\\\/03\\\/Door-spring-PolyPortables-toilets.jpg\",\"width\":1000,\"height\":1000,\"caption\":\"Ressorts de porte\"},{\"@type\":\"BreadcrumbList\",\"@id\":\"https:\\\/\\\/atlastoilets.com\\\/fr\\\/produit\\\/ressorts-de-porte\\\/#breadcrumb\",\"itemListElement\":[{\"@type\":\"ListItem\",\"position\":1,\"name\":\"Home\",\"item\":\"https:\\\/\\\/atlastoilets.com\\\/fr\\\/\"},{\"@type\":\"ListItem\",\"position\":2,\"name\":\"Boutique\",\"item\":\"https:\\\/\\\/atlastoilets.com\\\/fr\\\/boutique\\\/\"},{\"@type\":\"ListItem\",\"position\":3,\"name\":\"Ressorts de la porte\"}]},{\"@type\":\"WebSite\",\"@id\":\"https:\\\/\\\/atlastoilets.com\\\/#website\",\"url\":\"https:\\\/\\\/atlastoilets.com\\\/\",\"name\":\"Atlas Sanitation Products\",\"description\":\"Total supplier for toilet rental companies\",\"potentialAction\":[{\"@type\":\"SearchAction\",\"target\":{\"@type\":\"EntryPoint\",\"urlTemplate\":\"https:\\\/\\\/atlastoilets.com\\\/?s={search_term_string}\"},\"query-input\":{\"@type\":\"PropertyValueSpecification\",\"valueRequired\":true,\"valueName\":\"search_term_string\"}}],\"inLanguage\":\"fr-FR\"}]}<\/script>\n<!-- \/ Yoast SEO plugin. -->","yoast_head_json":{"title":"Ressorts de porte pour toilettes portatives.","description":"Ressorts de porte pour toilettes portatives Satellite et PolyPortables. Pi\u00e8ce de rechange pour les soci\u00e9t\u00e9s de location de toilettes.","robots":{"index":"index","follow":"follow","max-snippet":"max-snippet:-1","max-image-preview":"max-image-preview:large","max-video-preview":"max-video-preview:-1"},"canonical":"https:\/\/atlastoilets.com\/fr\/produit\/ressorts-de-porte\/","og_locale":"fr_FR","og_type":"article","og_title":"Ressorts de porte pour toilettes portatives.","og_description":"Ressorts de porte pour toilettes portatives Satellite et PolyPortables. Pi\u00e8ce de rechange pour les soci\u00e9t\u00e9s de location de toilettes.","og_url":"https:\/\/atlastoilets.com\/fr\/produit\/ressorts-de-porte\/","og_site_name":"Atlas Sanitation Products","article_modified_time":"2022-06-02T14:17:05+00:00","og_image":[{"width":1000,"height":1000,"url":"https:\/\/atlastoilets.com\/wp-content\/uploads\/2022\/03\/Door-spring-PolyPortables-toilets.jpg","type":"image\/jpeg"}],"twitter_card":"summary_large_image","twitter_misc":{"Dur\u00e9e de lecture estim\u00e9e":"1 minute"},"schema":{"@context":"https:\/\/schema.org","@graph":[{"@type":["WebPage","ItemPage"],"@id":"https:\/\/atlastoilets.com\/fr\/produit\/ressorts-de-porte\/","url":"https:\/\/atlastoilets.com\/fr\/produit\/ressorts-de-porte\/","name":"Ressorts de porte pour toilettes portatives.","isPartOf":{"@id":"https:\/\/atlastoilets.com\/#website"},"primaryImageOfPage":{"@id":"https:\/\/atlastoilets.com\/fr\/produit\/ressorts-de-porte\/#primaryimage"},"image":{"@id":"https:\/\/atlastoilets.com\/fr\/produit\/ressorts-de-porte\/#primaryimage"},"thumbnailUrl":"https:\/\/atlastoilets.com\/wp-content\/uploads\/2022\/03\/Door-spring-PolyPortables-toilets.jpg","datePublished":"2022-03-21T09:43:28+00:00","dateModified":"2022-06-02T14:17:05+00:00","description":"Ressorts de porte pour toilettes portatives Satellite et PolyPortables. Pi\u00e8ce de rechange pour les soci\u00e9t\u00e9s de location de toilettes.","breadcrumb":{"@id":"https:\/\/atlastoilets.com\/fr\/produit\/ressorts-de-porte\/#breadcrumb"},"inLanguage":"fr-FR","potentialAction":[{"@type":"ReadAction","target":["https:\/\/atlastoilets.com\/fr\/produit\/ressorts-de-porte\/"]}]},{"@type":"ImageObject","inLanguage":"fr-FR","@id":"https:\/\/atlastoilets.com\/fr\/produit\/ressorts-de-porte\/#primaryimage","url":"https:\/\/atlastoilets.com\/wp-content\/uploads\/2022\/03\/Door-spring-PolyPortables-toilets.jpg","contentUrl":"https:\/\/atlastoilets.com\/wp-content\/uploads\/2022\/03\/Door-spring-PolyPortables-toilets.jpg","width":1000,"height":1000,"caption":"Ressorts de porte"},{"@type":"BreadcrumbList","@id":"https:\/\/atlastoilets.com\/fr\/produit\/ressorts-de-porte\/#breadcrumb","itemListElement":[{"@type":"ListItem","position":1,"name":"Home","item":"https:\/\/atlastoilets.com\/fr\/"},{"@type":"ListItem","position":2,"name":"Boutique","item":"https:\/\/atlastoilets.com\/fr\/boutique\/"},{"@type":"ListItem","position":3,"name":"Ressorts de la porte"}]},{"@type":"WebSite","@id":"https:\/\/atlastoilets.com\/#website","url":"https:\/\/atlastoilets.com\/","name":"Atlas Sanitation Products","description":"Total supplier for toilet rental companies","potentialAction":[{"@type":"SearchAction","target":{"@type":"EntryPoint","urlTemplate":"https:\/\/atlastoilets.com\/?s={search_term_string}"},"query-input":{"@type":"PropertyValueSpecification","valueRequired":true,"valueName":"search_term_string"}}],"inLanguage":"fr-FR"}]}},"_links":{"self":[{"href":"https:\/\/atlastoilets.com\/fr\/wp-json\/wp\/v2\/product\/23556","targetHints":{"allow":["GET"]}}],"collection":[{"href":"https:\/\/atlastoilets.com\/fr\/wp-json\/wp\/v2\/product"}],"about":[{"href":"https:\/\/atlastoilets.com\/fr\/wp-json\/wp\/v2\/types\/product"}],"wp:featuredmedia":[{"embeddable":true,"href":"https:\/\/atlastoilets.com\/fr\/wp-json\/wp\/v2\/media\/22003"}],"wp:attachment":[{"href":"https:\/\/atlastoilets.com\/fr\/wp-json\/wp\/v2\/media?parent=23556"}],"wp:term":[{"taxonomy":"product_brand","embeddable":true,"href":"https:\/\/atlastoilets.com\/fr\/wp-json\/wp\/v2\/product_brand?post=23556"},{"taxonomy":"product_cat","embeddable":true,"href":"https:\/\/atlastoilets.com\/fr\/wp-json\/wp\/v2\/product_cat?post=23556"},{"taxonomy":"product_tag","embeddable":true,"href":"https:\/\/atlastoilets.com\/fr\/wp-json\/wp\/v2\/product_tag?post=23556"}],"curies":[{"name":"wp","href":"https:\/\/api.w.org\/{rel}","templated":true}]}}