{"id":21346,"date":"2022-03-18T07:46:23","date_gmt":"2022-03-18T07:46:23","guid":{"rendered":"https:\/\/www.mobileurinal.eu\/?post_type=product&#038;p=21346"},"modified":"2022-04-26T09:35:51","modified_gmt":"2022-04-26T09:35:51","slug":"toilet-portable-axxis-de-polyportables","status":"publish","type":"product","link":"https:\/\/atlastoilets.com\/fr\/produit\/toilet-portable-axxis-de-polyportables\/","title":{"rendered":"Toilet Portable Axxis de PolyPortables"},"content":{"rendered":"<p>Le Axxis est le nouveau toilette de PolyPortables, o\u00f9 les ann\u00e9es d&rsquo;exp\u00e9rience des clients et de leur propre expertise de PolyPortables est trait\u00e9e.<br \/>\nLe r\u00e9sultat est une toilette mobile avec des charni\u00e8res \u00e0 fermeture automatique r\u00e9volutionnaire, verrouillage robuste, loquet rotatif, poign\u00e9es de porte \u00e0 double profondeur et nouveau cadre de porte con\u00e7u.<\/p>\n<p><strong>Caract\u00e9ristiques:<\/strong><\/p>\n<ul>\n<li>Les charni\u00e8res \u00e0 fermeture automatique qui fonctionnent \u00e0 partir d&rsquo;un ressort en acier inoxydable interne. mati\u00e8res premi\u00e8res renouvelables et qualitatives, et la construction solide polym\u00e8re fondu qui assure de nombreuses ann\u00e9es d&rsquo;utilisation<\/li>\n<li>Lourd mais facile \u00e0 utiliser verrouillage rotatif qui est con\u00e7u pour r\u00e9sister aux utilisateurs les plus durs<\/li>\n<li>Profonde, poign\u00e9e double face offre une meilleure prise en main et le nec plus ultra en mati\u00e8re de commodit\u00e9<\/li>\n<li>Cadre de la porte avec le style Refonte porte simple et double structure<\/li>\n<li>Porte continue afin qu&rsquo;il n&rsquo;y ait pas besoin de seuil<\/li>\n<li>Rotationally molded plastic skid<\/li>\n<li>De rotation de base en mati\u00e8re plastique moul\u00e9e<\/li>\n<li>R\u00e9servoir de 250 litres avec une frite int\u00e9rieure et profonde lisse<\/li>\n<li>Si\u00e8ge de toilette<\/li>\n<li>Urinoir<\/li>\n<li>Complete support de rouleau de papier pour les rouleaux 3<\/li>\n<li>crochets de verrouillage en acier inoxydable<\/li>\n<li>v\u00eatements crochet<\/li>\n<li>construction murale modulaire permet une r\u00e9paration facile et peu co\u00fbteux<\/li>\n<li>Mat\u00e9riaux avec un poids mol\u00e9culaire \u00e9lev\u00e9 et une protection UV suppl\u00e9mentaire en sorte que cette toilette, il y a longtemps en tant que nouveau continuera \u00e0 chercher<\/li>\n<\/ul>\n<p>&nbsp;<\/p>\n","protected":false},"excerpt":{"rendered":"<p>Le Axxis est le nouveau toilette de\u00a0PolyPortables, o\u00f9 les ann\u00e9es d&rsquo;exp\u00e9rience des clients et de leur propre expertise de PolyPortables est trait\u00e9e.<br \/>\nLe r\u00e9sultat est une toilette mobile avec des charni\u00e8res \u00e0 fermeture automatique r\u00e9volutionnaire, verrouillage robuste, loquet rotatif, poign\u00e9es de porte \u00e0 double profondeur et nouveau cadre de porte con\u00e7u.<\/p>\n","protected":false},"featured_media":21627,"template":"","meta":[],"product_brand":[],"product_cat":[1396],"product_tag":[],"class_list":{"0":"post-21346","1":"product","2":"type-product","3":"status-publish","4":"has-post-thumbnail","6":"product_cat-toilettes-standard","8":"first","9":"instock","10":"taxable","11":"shipping-taxable","12":"purchasable","13":"product-type-variable"},"yoast_head":"<!-- This site is optimized with the Yoast SEO plugin v27.4 - https:\/\/yoast.com\/product\/yoast-seo-wordpress\/ -->\n<title>Toilet Portable Axxis de PolyPortables - Atlas Sanitation Products<\/title>\n<meta name=\"robots\" content=\"index, follow, max-snippet:-1, max-image-preview:large, max-video-preview:-1\" \/>\n<link rel=\"canonical\" href=\"https:\/\/atlastoilets.com\/fr\/produit\/toilet-portable-axxis-de-polyportables\/\" \/>\n<meta property=\"og:locale\" content=\"fr_FR\" \/>\n<meta property=\"og:type\" content=\"article\" \/>\n<meta property=\"og:title\" content=\"Toilet Portable Axxis de PolyPortables - Atlas Sanitation Products\" \/>\n<meta property=\"og:description\" content=\"Le Axxis est le nouveau toilette de\u00a0PolyPortables, o\u00f9 les ann\u00e9es d&#039;exp\u00e9rience des clients et de leur propre expertise de PolyPortables est trait\u00e9e. Le r\u00e9sultat est une toilette mobile avec des charni\u00e8res \u00e0 fermeture automatique r\u00e9volutionnaire, verrouillage robuste, loquet rotatif, poign\u00e9es de porte \u00e0 double profondeur et nouveau cadre de porte con\u00e7u.\" \/>\n<meta property=\"og:url\" content=\"https:\/\/atlastoilets.com\/fr\/produit\/toilet-portable-axxis-de-polyportables\/\" \/>\n<meta property=\"og:site_name\" content=\"Atlas Sanitation Products\" \/>\n<meta property=\"article:modified_time\" content=\"2022-04-26T09:35:51+00:00\" \/>\n<meta property=\"og:image\" content=\"https:\/\/atlastoilets.com\/wp-content\/uploads\/2022\/03\/PolyPortables-AXXIS-toilet-blauw-2.jpg\" \/>\n\t<meta property=\"og:image:width\" content=\"1000\" \/>\n\t<meta property=\"og:image:height\" content=\"1000\" \/>\n\t<meta property=\"og:image:type\" content=\"image\/jpeg\" \/>\n<meta name=\"twitter:card\" content=\"summary_large_image\" \/>\n<meta name=\"twitter:label1\" content=\"Dur\u00e9e de lecture estim\u00e9e\" \/>\n\t<meta name=\"twitter:data1\" content=\"1 minute\" \/>\n<script type=\"application\/ld+json\" class=\"yoast-schema-graph\">{\"@context\":\"https:\\\/\\\/schema.org\",\"@graph\":[{\"@type\":[\"WebPage\",\"ItemPage\"],\"@id\":\"https:\\\/\\\/atlastoilets.com\\\/fr\\\/produit\\\/toilet-portable-axxis-de-polyportables\\\/\",\"url\":\"https:\\\/\\\/atlastoilets.com\\\/fr\\\/produit\\\/toilet-portable-axxis-de-polyportables\\\/\",\"name\":\"Toilet Portable Axxis de PolyPortables - Atlas Sanitation Products\",\"isPartOf\":{\"@id\":\"https:\\\/\\\/atlastoilets.com\\\/#website\"},\"primaryImageOfPage\":{\"@id\":\"https:\\\/\\\/atlastoilets.com\\\/fr\\\/produit\\\/toilet-portable-axxis-de-polyportables\\\/#primaryimage\"},\"image\":{\"@id\":\"https:\\\/\\\/atlastoilets.com\\\/fr\\\/produit\\\/toilet-portable-axxis-de-polyportables\\\/#primaryimage\"},\"thumbnailUrl\":\"https:\\\/\\\/atlastoilets.com\\\/wp-content\\\/uploads\\\/2022\\\/03\\\/PolyPortables-AXXIS-toilet-blauw-2.jpg\",\"datePublished\":\"2022-03-18T07:46:23+00:00\",\"dateModified\":\"2022-04-26T09:35:51+00:00\",\"breadcrumb\":{\"@id\":\"https:\\\/\\\/atlastoilets.com\\\/fr\\\/produit\\\/toilet-portable-axxis-de-polyportables\\\/#breadcrumb\"},\"inLanguage\":\"fr-FR\",\"potentialAction\":[{\"@type\":\"ReadAction\",\"target\":[\"https:\\\/\\\/atlastoilets.com\\\/fr\\\/produit\\\/toilet-portable-axxis-de-polyportables\\\/\"]}]},{\"@type\":\"ImageObject\",\"inLanguage\":\"fr-FR\",\"@id\":\"https:\\\/\\\/atlastoilets.com\\\/fr\\\/produit\\\/toilet-portable-axxis-de-polyportables\\\/#primaryimage\",\"url\":\"https:\\\/\\\/atlastoilets.com\\\/wp-content\\\/uploads\\\/2022\\\/03\\\/PolyPortables-AXXIS-toilet-blauw-2.jpg\",\"contentUrl\":\"https:\\\/\\\/atlastoilets.com\\\/wp-content\\\/uploads\\\/2022\\\/03\\\/PolyPortables-AXXIS-toilet-blauw-2.jpg\",\"width\":1000,\"height\":1000},{\"@type\":\"BreadcrumbList\",\"@id\":\"https:\\\/\\\/atlastoilets.com\\\/fr\\\/produit\\\/toilet-portable-axxis-de-polyportables\\\/#breadcrumb\",\"itemListElement\":[{\"@type\":\"ListItem\",\"position\":1,\"name\":\"Home\",\"item\":\"https:\\\/\\\/atlastoilets.com\\\/fr\\\/\"},{\"@type\":\"ListItem\",\"position\":2,\"name\":\"Boutique\",\"item\":\"https:\\\/\\\/atlastoilets.com\\\/fr\\\/boutique\\\/\"},{\"@type\":\"ListItem\",\"position\":3,\"name\":\"Toilet Portable Axxis de PolyPortables\"}]},{\"@type\":\"WebSite\",\"@id\":\"https:\\\/\\\/atlastoilets.com\\\/#website\",\"url\":\"https:\\\/\\\/atlastoilets.com\\\/\",\"name\":\"Atlas Sanitation Products\",\"description\":\"Total supplier for toilet rental companies\",\"potentialAction\":[{\"@type\":\"SearchAction\",\"target\":{\"@type\":\"EntryPoint\",\"urlTemplate\":\"https:\\\/\\\/atlastoilets.com\\\/?s={search_term_string}\"},\"query-input\":{\"@type\":\"PropertyValueSpecification\",\"valueRequired\":true,\"valueName\":\"search_term_string\"}}],\"inLanguage\":\"fr-FR\"}]}<\/script>\n<!-- \/ Yoast SEO plugin. -->","yoast_head_json":{"title":"Toilet Portable Axxis de PolyPortables - Atlas Sanitation Products","robots":{"index":"index","follow":"follow","max-snippet":"max-snippet:-1","max-image-preview":"max-image-preview:large","max-video-preview":"max-video-preview:-1"},"canonical":"https:\/\/atlastoilets.com\/fr\/produit\/toilet-portable-axxis-de-polyportables\/","og_locale":"fr_FR","og_type":"article","og_title":"Toilet Portable Axxis de PolyPortables - Atlas Sanitation Products","og_description":"Le Axxis est le nouveau toilette de\u00a0PolyPortables, o\u00f9 les ann\u00e9es d'exp\u00e9rience des clients et de leur propre expertise de PolyPortables est trait\u00e9e. Le r\u00e9sultat est une toilette mobile avec des charni\u00e8res \u00e0 fermeture automatique r\u00e9volutionnaire, verrouillage robuste, loquet rotatif, poign\u00e9es de porte \u00e0 double profondeur et nouveau cadre de porte con\u00e7u.","og_url":"https:\/\/atlastoilets.com\/fr\/produit\/toilet-portable-axxis-de-polyportables\/","og_site_name":"Atlas Sanitation Products","article_modified_time":"2022-04-26T09:35:51+00:00","og_image":[{"width":1000,"height":1000,"url":"https:\/\/atlastoilets.com\/wp-content\/uploads\/2022\/03\/PolyPortables-AXXIS-toilet-blauw-2.jpg","type":"image\/jpeg"}],"twitter_card":"summary_large_image","twitter_misc":{"Dur\u00e9e de lecture estim\u00e9e":"1 minute"},"schema":{"@context":"https:\/\/schema.org","@graph":[{"@type":["WebPage","ItemPage"],"@id":"https:\/\/atlastoilets.com\/fr\/produit\/toilet-portable-axxis-de-polyportables\/","url":"https:\/\/atlastoilets.com\/fr\/produit\/toilet-portable-axxis-de-polyportables\/","name":"Toilet Portable Axxis de PolyPortables - Atlas Sanitation Products","isPartOf":{"@id":"https:\/\/atlastoilets.com\/#website"},"primaryImageOfPage":{"@id":"https:\/\/atlastoilets.com\/fr\/produit\/toilet-portable-axxis-de-polyportables\/#primaryimage"},"image":{"@id":"https:\/\/atlastoilets.com\/fr\/produit\/toilet-portable-axxis-de-polyportables\/#primaryimage"},"thumbnailUrl":"https:\/\/atlastoilets.com\/wp-content\/uploads\/2022\/03\/PolyPortables-AXXIS-toilet-blauw-2.jpg","datePublished":"2022-03-18T07:46:23+00:00","dateModified":"2022-04-26T09:35:51+00:00","breadcrumb":{"@id":"https:\/\/atlastoilets.com\/fr\/produit\/toilet-portable-axxis-de-polyportables\/#breadcrumb"},"inLanguage":"fr-FR","potentialAction":[{"@type":"ReadAction","target":["https:\/\/atlastoilets.com\/fr\/produit\/toilet-portable-axxis-de-polyportables\/"]}]},{"@type":"ImageObject","inLanguage":"fr-FR","@id":"https:\/\/atlastoilets.com\/fr\/produit\/toilet-portable-axxis-de-polyportables\/#primaryimage","url":"https:\/\/atlastoilets.com\/wp-content\/uploads\/2022\/03\/PolyPortables-AXXIS-toilet-blauw-2.jpg","contentUrl":"https:\/\/atlastoilets.com\/wp-content\/uploads\/2022\/03\/PolyPortables-AXXIS-toilet-blauw-2.jpg","width":1000,"height":1000},{"@type":"BreadcrumbList","@id":"https:\/\/atlastoilets.com\/fr\/produit\/toilet-portable-axxis-de-polyportables\/#breadcrumb","itemListElement":[{"@type":"ListItem","position":1,"name":"Home","item":"https:\/\/atlastoilets.com\/fr\/"},{"@type":"ListItem","position":2,"name":"Boutique","item":"https:\/\/atlastoilets.com\/fr\/boutique\/"},{"@type":"ListItem","position":3,"name":"Toilet Portable Axxis de PolyPortables"}]},{"@type":"WebSite","@id":"https:\/\/atlastoilets.com\/#website","url":"https:\/\/atlastoilets.com\/","name":"Atlas Sanitation Products","description":"Total supplier for toilet rental companies","potentialAction":[{"@type":"SearchAction","target":{"@type":"EntryPoint","urlTemplate":"https:\/\/atlastoilets.com\/?s={search_term_string}"},"query-input":{"@type":"PropertyValueSpecification","valueRequired":true,"valueName":"search_term_string"}}],"inLanguage":"fr-FR"}]}},"_links":{"self":[{"href":"https:\/\/atlastoilets.com\/fr\/wp-json\/wp\/v2\/product\/21346","targetHints":{"allow":["GET"]}}],"collection":[{"href":"https:\/\/atlastoilets.com\/fr\/wp-json\/wp\/v2\/product"}],"about":[{"href":"https:\/\/atlastoilets.com\/fr\/wp-json\/wp\/v2\/types\/product"}],"wp:featuredmedia":[{"embeddable":true,"href":"https:\/\/atlastoilets.com\/fr\/wp-json\/wp\/v2\/media\/21627"}],"wp:attachment":[{"href":"https:\/\/atlastoilets.com\/fr\/wp-json\/wp\/v2\/media?parent=21346"}],"wp:term":[{"taxonomy":"product_brand","embeddable":true,"href":"https:\/\/atlastoilets.com\/fr\/wp-json\/wp\/v2\/product_brand?post=21346"},{"taxonomy":"product_cat","embeddable":true,"href":"https:\/\/atlastoilets.com\/fr\/wp-json\/wp\/v2\/product_cat?post=21346"},{"taxonomy":"product_tag","embeddable":true,"href":"https:\/\/atlastoilets.com\/fr\/wp-json\/wp\/v2\/product_tag?post=21346"}],"curies":[{"name":"wp","href":"https:\/\/api.w.org\/{rel}","templated":true}]}}