{"id":21345,"date":"2022-03-18T07:46:23","date_gmt":"2022-03-18T07:46:23","guid":{"rendered":"https:\/\/www.mobileurinal.eu\/?post_type=product&#038;p=21345"},"modified":"2023-12-11T11:15:47","modified_gmt":"2023-12-11T11:15:47","slug":"toilet-portable-glacier-ii-reflow-plus-de-five-peaks","status":"publish","type":"product","link":"https:\/\/atlastoilets.com\/fr\/produit\/toilet-portable-glacier-ii-reflow-plus-de-five-peaks\/","title":{"rendered":"Toilet portable Glacier II Reflow Plus de Five peaks"},"content":{"rendered":"<p>Les toilettes portables Glacier II sont \u00e9quip\u00e9es d&rsquo;une pompe \u00e0 recirculation mains libre.<br \/>\nCette toilette portable est livr\u00e9e avec un r\u00e9servoir de d\u00e9chets, un urinoir et un porte-rouleau en papier.<\/p>\n<ul>\n<li>Le mod\u00e8le Reflow Plus est une unit\u00e9 de rin\u00e7age \u00e0 recirculation qui utilise une pompe \u00e0 pied mains libres.<\/li>\n<li>Grand r\u00e9servoir de 238 litres avec Syst\u00e8me de chasse \u00e0 recirculation de pompe \u00e0 pied<\/li>\n<li>R\u00e9servoir moul\u00e9 rotatif\u00a0 et conception de base robuste<\/li>\n<li>Couvercle avec une charni\u00e8re int\u00e9gr\u00e9e, pour un nettoyage et un entretien faciles<\/li>\n<li>La pompe \u00e0 pied est id\u00e9alement situ\u00e9e dans une alc\u00f4ve \u00e9liminant l&rsquo;exposition \u00e0 la circulation de p\u00e9age<\/li>\n<li>Le Glacier II dispose d&rsquo;une paroi lat\u00e9rale d&rsquo;un seul panneau sans lignes de formage plus et surface ultra douce \u00e0 l&rsquo;int\u00e9rieur et \u00e0 l&rsquo;ext\u00e9rieur.<\/li>\n<\/ul>\n<p>&nbsp;<\/p>\n","protected":false},"excerpt":{"rendered":"<p>Les toilettes portables Glacier II sont \u00e9quip\u00e9es d&rsquo;une pompe \u00e0 recirculation mains libre.<br \/>\nCette toilette portable est livr\u00e9e avec un r\u00e9servoir de d\u00e9chets, un urinoir et un porte-rouleau en papier.<\/p>\n<ul>\n<li>Le mod\u00e8le Reflow Plus est une unit\u00e9 de rin\u00e7age \u00e0 recirculation qui utilise une pompe \u00e0 pied mains libres.<\/li>\n<li>Grand r\u00e9servoir de 238 litres avec Syst\u00e8me de chasse \u00e0 recirculation de pompe \u00e0 pied<\/li>\n<li>R\u00e9servoir moul\u00e9 rotatif\u00a0 et conception de base robuste<\/li>\n<li>Couvercle avec une charni\u00e8re int\u00e9gr\u00e9e, pour un nettoyage et un entretien faciles<\/li>\n<li>La pompe \u00e0 pied est id\u00e9alement situ\u00e9e dans une alc\u00f4ve \u00e9liminant l&rsquo;exposition \u00e0 la circulation de p\u00e9age<\/li>\n<li>Le Glacier II dispose d&rsquo;une paroi lat\u00e9rale d&rsquo;un seul panneau sans lignes de formage plus et surface ultra douce \u00e0 l&rsquo;int\u00e9rieur et \u00e0 l&rsquo;ext\u00e9rieur.<\/li>\n<\/ul>\n","protected":false},"featured_media":22492,"template":"","meta":[],"product_brand":[],"product_cat":[1396],"product_tag":[],"class_list":{"0":"post-21345","1":"product","2":"type-product","3":"status-publish","4":"has-post-thumbnail","6":"product_cat-toilettes-standard","8":"first","9":"instock","10":"taxable","11":"shipping-taxable","12":"purchasable","13":"product-type-variable","14":"has-default-attributes"},"yoast_head":"<!-- This site is optimized with the Yoast SEO plugin v27.5 - https:\/\/yoast.com\/product\/yoast-seo-wordpress\/ -->\n<title>Toilet portable Glacier II Reflow Plus de Five peaks<\/title>\n<meta name=\"robots\" content=\"index, follow, max-snippet:-1, max-image-preview:large, max-video-preview:-1\" \/>\n<link rel=\"canonical\" href=\"https:\/\/atlastoilets.com\/fr\/produit\/toilet-portable-glacier-ii-reflow-plus-de-five-peaks\/\" \/>\n<meta property=\"og:locale\" content=\"fr_FR\" \/>\n<meta property=\"og:type\" content=\"article\" \/>\n<meta property=\"og:title\" content=\"Toilet portable Glacier II Reflow Plus de Five peaks\" \/>\n<meta property=\"og:description\" content=\"Les toilettes portables Glacier II sont \u00e9quip\u00e9es d&#039;une pompe \u00e0 recirculation mains libre. Cette toilette portable est livr\u00e9e avec un r\u00e9servoir de d\u00e9chets, un urinoir et un porte-rouleau en papier.   Le mod\u00e8le Reflow Plus est une unit\u00e9 de rin\u00e7age \u00e0 recirculation qui utilise une pompe \u00e0 pied mains libres.  Grand r\u00e9servoir de 238 litres avec Syst\u00e8me de chasse \u00e0 recirculation de pompe \u00e0 pied  R\u00e9servoir moul\u00e9 rotatif\u00a0 et conception de base robuste  Couvercle avec une charni\u00e8re int\u00e9gr\u00e9e, pour un nettoyage et un entretien faciles  La pompe \u00e0 pied est id\u00e9alement situ\u00e9e dans une alc\u00f4ve \u00e9liminant l&#039;exposition \u00e0 la circulation de p\u00e9age  Le Glacier II dispose d&#039;une paroi lat\u00e9rale d&#039;un seul panneau sans lignes de formage plus et surface ultra douce \u00e0 l&#039;int\u00e9rieur et \u00e0 l&#039;ext\u00e9rieur.\" \/>\n<meta property=\"og:url\" content=\"https:\/\/atlastoilets.com\/fr\/produit\/toilet-portable-glacier-ii-reflow-plus-de-five-peaks\/\" \/>\n<meta property=\"og:site_name\" content=\"Atlas Sanitation Products\" \/>\n<meta property=\"article:modified_time\" content=\"2023-12-11T11:15:47+00:00\" \/>\n<meta property=\"og:image\" content=\"https:\/\/atlastoilets.com\/wp-content\/uploads\/2022\/03\/Recirculatie-toilet-4.jpg\" \/>\n\t<meta property=\"og:image:width\" content=\"1000\" \/>\n\t<meta property=\"og:image:height\" content=\"1000\" \/>\n\t<meta property=\"og:image:type\" content=\"image\/jpeg\" \/>\n<meta name=\"twitter:card\" content=\"summary_large_image\" \/>\n<meta name=\"twitter:label1\" content=\"Dur\u00e9e de lecture estim\u00e9e\" \/>\n\t<meta name=\"twitter:data1\" content=\"1 minute\" \/>\n<script type=\"application\/ld+json\" class=\"yoast-schema-graph\">{\"@context\":\"https:\\\/\\\/schema.org\",\"@graph\":[{\"@type\":[\"WebPage\",\"ItemPage\"],\"@id\":\"https:\\\/\\\/atlastoilets.com\\\/fr\\\/produit\\\/toilet-portable-glacier-ii-reflow-plus-de-five-peaks\\\/\",\"url\":\"https:\\\/\\\/atlastoilets.com\\\/fr\\\/produit\\\/toilet-portable-glacier-ii-reflow-plus-de-five-peaks\\\/\",\"name\":\"Toilet portable Glacier II Reflow Plus de Five peaks\",\"isPartOf\":{\"@id\":\"https:\\\/\\\/atlastoilets.com\\\/#website\"},\"primaryImageOfPage\":{\"@id\":\"https:\\\/\\\/atlastoilets.com\\\/fr\\\/produit\\\/toilet-portable-glacier-ii-reflow-plus-de-five-peaks\\\/#primaryimage\"},\"image\":{\"@id\":\"https:\\\/\\\/atlastoilets.com\\\/fr\\\/produit\\\/toilet-portable-glacier-ii-reflow-plus-de-five-peaks\\\/#primaryimage\"},\"thumbnailUrl\":\"https:\\\/\\\/atlastoilets.com\\\/wp-content\\\/uploads\\\/2022\\\/03\\\/Recirculatie-toilet-4.jpg\",\"datePublished\":\"2022-03-18T07:46:23+00:00\",\"dateModified\":\"2023-12-11T11:15:47+00:00\",\"breadcrumb\":{\"@id\":\"https:\\\/\\\/atlastoilets.com\\\/fr\\\/produit\\\/toilet-portable-glacier-ii-reflow-plus-de-five-peaks\\\/#breadcrumb\"},\"inLanguage\":\"fr-FR\",\"potentialAction\":[{\"@type\":\"ReadAction\",\"target\":[\"https:\\\/\\\/atlastoilets.com\\\/fr\\\/produit\\\/toilet-portable-glacier-ii-reflow-plus-de-five-peaks\\\/\"]}]},{\"@type\":\"ImageObject\",\"inLanguage\":\"fr-FR\",\"@id\":\"https:\\\/\\\/atlastoilets.com\\\/fr\\\/produit\\\/toilet-portable-glacier-ii-reflow-plus-de-five-peaks\\\/#primaryimage\",\"url\":\"https:\\\/\\\/atlastoilets.com\\\/wp-content\\\/uploads\\\/2022\\\/03\\\/Recirculatie-toilet-4.jpg\",\"contentUrl\":\"https:\\\/\\\/atlastoilets.com\\\/wp-content\\\/uploads\\\/2022\\\/03\\\/Recirculatie-toilet-4.jpg\",\"width\":1000,\"height\":1000},{\"@type\":\"BreadcrumbList\",\"@id\":\"https:\\\/\\\/atlastoilets.com\\\/fr\\\/produit\\\/toilet-portable-glacier-ii-reflow-plus-de-five-peaks\\\/#breadcrumb\",\"itemListElement\":[{\"@type\":\"ListItem\",\"position\":1,\"name\":\"Home\",\"item\":\"https:\\\/\\\/atlastoilets.com\\\/fr\\\/\"},{\"@type\":\"ListItem\",\"position\":2,\"name\":\"Boutique\",\"item\":\"https:\\\/\\\/atlastoilets.com\\\/fr\\\/boutique\\\/\"},{\"@type\":\"ListItem\",\"position\":3,\"name\":\"Toilet portable Glacier II Reflow Plus de Five peaks\"}]},{\"@type\":\"WebSite\",\"@id\":\"https:\\\/\\\/atlastoilets.com\\\/#website\",\"url\":\"https:\\\/\\\/atlastoilets.com\\\/\",\"name\":\"Atlas Sanitation Products\",\"description\":\"Total supplier for toilet rental companies\",\"potentialAction\":[{\"@type\":\"SearchAction\",\"target\":{\"@type\":\"EntryPoint\",\"urlTemplate\":\"https:\\\/\\\/atlastoilets.com\\\/?s={search_term_string}\"},\"query-input\":{\"@type\":\"PropertyValueSpecification\",\"valueRequired\":true,\"valueName\":\"search_term_string\"}}],\"inLanguage\":\"fr-FR\"}]}<\/script>\n<!-- \/ Yoast SEO plugin. -->","yoast_head_json":{"title":"Toilet portable Glacier II Reflow Plus de Five peaks","robots":{"index":"index","follow":"follow","max-snippet":"max-snippet:-1","max-image-preview":"max-image-preview:large","max-video-preview":"max-video-preview:-1"},"canonical":"https:\/\/atlastoilets.com\/fr\/produit\/toilet-portable-glacier-ii-reflow-plus-de-five-peaks\/","og_locale":"fr_FR","og_type":"article","og_title":"Toilet portable Glacier II Reflow Plus de Five peaks","og_description":"Les toilettes portables Glacier II sont \u00e9quip\u00e9es d'une pompe \u00e0 recirculation mains libre. Cette toilette portable est livr\u00e9e avec un r\u00e9servoir de d\u00e9chets, un urinoir et un porte-rouleau en papier.   Le mod\u00e8le Reflow Plus est une unit\u00e9 de rin\u00e7age \u00e0 recirculation qui utilise une pompe \u00e0 pied mains libres.  Grand r\u00e9servoir de 238 litres avec Syst\u00e8me de chasse \u00e0 recirculation de pompe \u00e0 pied  R\u00e9servoir moul\u00e9 rotatif\u00a0 et conception de base robuste  Couvercle avec une charni\u00e8re int\u00e9gr\u00e9e, pour un nettoyage et un entretien faciles  La pompe \u00e0 pied est id\u00e9alement situ\u00e9e dans une alc\u00f4ve \u00e9liminant l'exposition \u00e0 la circulation de p\u00e9age  Le Glacier II dispose d'une paroi lat\u00e9rale d'un seul panneau sans lignes de formage plus et surface ultra douce \u00e0 l'int\u00e9rieur et \u00e0 l'ext\u00e9rieur.","og_url":"https:\/\/atlastoilets.com\/fr\/produit\/toilet-portable-glacier-ii-reflow-plus-de-five-peaks\/","og_site_name":"Atlas Sanitation Products","article_modified_time":"2023-12-11T11:15:47+00:00","og_image":[{"width":1000,"height":1000,"url":"https:\/\/atlastoilets.com\/wp-content\/uploads\/2022\/03\/Recirculatie-toilet-4.jpg","type":"image\/jpeg"}],"twitter_card":"summary_large_image","twitter_misc":{"Dur\u00e9e de lecture estim\u00e9e":"1 minute"},"schema":{"@context":"https:\/\/schema.org","@graph":[{"@type":["WebPage","ItemPage"],"@id":"https:\/\/atlastoilets.com\/fr\/produit\/toilet-portable-glacier-ii-reflow-plus-de-five-peaks\/","url":"https:\/\/atlastoilets.com\/fr\/produit\/toilet-portable-glacier-ii-reflow-plus-de-five-peaks\/","name":"Toilet portable Glacier II Reflow Plus de Five peaks","isPartOf":{"@id":"https:\/\/atlastoilets.com\/#website"},"primaryImageOfPage":{"@id":"https:\/\/atlastoilets.com\/fr\/produit\/toilet-portable-glacier-ii-reflow-plus-de-five-peaks\/#primaryimage"},"image":{"@id":"https:\/\/atlastoilets.com\/fr\/produit\/toilet-portable-glacier-ii-reflow-plus-de-five-peaks\/#primaryimage"},"thumbnailUrl":"https:\/\/atlastoilets.com\/wp-content\/uploads\/2022\/03\/Recirculatie-toilet-4.jpg","datePublished":"2022-03-18T07:46:23+00:00","dateModified":"2023-12-11T11:15:47+00:00","breadcrumb":{"@id":"https:\/\/atlastoilets.com\/fr\/produit\/toilet-portable-glacier-ii-reflow-plus-de-five-peaks\/#breadcrumb"},"inLanguage":"fr-FR","potentialAction":[{"@type":"ReadAction","target":["https:\/\/atlastoilets.com\/fr\/produit\/toilet-portable-glacier-ii-reflow-plus-de-five-peaks\/"]}]},{"@type":"ImageObject","inLanguage":"fr-FR","@id":"https:\/\/atlastoilets.com\/fr\/produit\/toilet-portable-glacier-ii-reflow-plus-de-five-peaks\/#primaryimage","url":"https:\/\/atlastoilets.com\/wp-content\/uploads\/2022\/03\/Recirculatie-toilet-4.jpg","contentUrl":"https:\/\/atlastoilets.com\/wp-content\/uploads\/2022\/03\/Recirculatie-toilet-4.jpg","width":1000,"height":1000},{"@type":"BreadcrumbList","@id":"https:\/\/atlastoilets.com\/fr\/produit\/toilet-portable-glacier-ii-reflow-plus-de-five-peaks\/#breadcrumb","itemListElement":[{"@type":"ListItem","position":1,"name":"Home","item":"https:\/\/atlastoilets.com\/fr\/"},{"@type":"ListItem","position":2,"name":"Boutique","item":"https:\/\/atlastoilets.com\/fr\/boutique\/"},{"@type":"ListItem","position":3,"name":"Toilet portable Glacier II Reflow Plus de Five peaks"}]},{"@type":"WebSite","@id":"https:\/\/atlastoilets.com\/#website","url":"https:\/\/atlastoilets.com\/","name":"Atlas Sanitation Products","description":"Total supplier for toilet rental companies","potentialAction":[{"@type":"SearchAction","target":{"@type":"EntryPoint","urlTemplate":"https:\/\/atlastoilets.com\/?s={search_term_string}"},"query-input":{"@type":"PropertyValueSpecification","valueRequired":true,"valueName":"search_term_string"}}],"inLanguage":"fr-FR"}]}},"_links":{"self":[{"href":"https:\/\/atlastoilets.com\/fr\/wp-json\/wp\/v2\/product\/21345","targetHints":{"allow":["GET"]}}],"collection":[{"href":"https:\/\/atlastoilets.com\/fr\/wp-json\/wp\/v2\/product"}],"about":[{"href":"https:\/\/atlastoilets.com\/fr\/wp-json\/wp\/v2\/types\/product"}],"wp:featuredmedia":[{"embeddable":true,"href":"https:\/\/atlastoilets.com\/fr\/wp-json\/wp\/v2\/media\/22492"}],"wp:attachment":[{"href":"https:\/\/atlastoilets.com\/fr\/wp-json\/wp\/v2\/media?parent=21345"}],"wp:term":[{"taxonomy":"product_brand","embeddable":true,"href":"https:\/\/atlastoilets.com\/fr\/wp-json\/wp\/v2\/product_brand?post=21345"},{"taxonomy":"product_cat","embeddable":true,"href":"https:\/\/atlastoilets.com\/fr\/wp-json\/wp\/v2\/product_cat?post=21345"},{"taxonomy":"product_tag","embeddable":true,"href":"https:\/\/atlastoilets.com\/fr\/wp-json\/wp\/v2\/product_tag?post=21345"}],"curies":[{"name":"wp","href":"https:\/\/api.w.org\/{rel}","templated":true}]}}