{"id":21344,"date":"2022-03-18T07:46:23","date_gmt":"2022-03-18T07:46:23","guid":{"rendered":"https:\/\/www.mobileurinal.eu\/?post_type=product&#038;p=21344"},"modified":"2022-03-18T11:30:32","modified_gmt":"2022-03-18T11:30:32","slug":"toilet-portable-glacier-de-five-peaks","status":"publish","type":"product","link":"https:\/\/atlastoilets.com\/fr\/produit\/toilet-portable-glacier-de-five-peaks\/","title":{"rendered":"Toilet portable Glacier de Five Peaks"},"content":{"rendered":"<p><strong><em>Fonctionnalit\u00e9 combin\u00e9s avec le style<\/em><\/strong><\/p>\n<p>Les toilettes portables de Five Peaks Glacier combine un beau design avec toutes les fonctionnalit\u00e9s d&rsquo;une toilette mobile moderne.<br \/>Standard avec r\u00e9servoir de d\u00e9chets, urinoir et porte-papier.<\/p>\n<p>Caract\u00e9ristiques:<\/p>\n<p>\u2022\u00a0Les trois panneaux de paroi sont \u00e0 la fois \u00e0 l&rsquo;ext\u00e9rieur et \u00e0 l&rsquo;int\u00e9rieur enti\u00e8rement plat.<br \/>\u2022\u00a0Tr\u00e8s grande surface dans les murs pour le placement du nom et \/ ou la publicit\u00e9 soci\u00e9t\u00e9.<br \/>\u2022\u00a0Les grilles d&rsquo;a\u00e9ration sont int\u00e9gr\u00e9s dans les panneaux de paroi.<br \/>\u2022\u00a0Le panneau de porte est constitu\u00e9 de deux couches de mati\u00e8re plastique.<br \/>\u2022\u00a0La porte est munie d&rsquo;une charni\u00e8re avec des ressorts de torsion int\u00e9gr\u00e9s.<br \/>\u2022\u00a0La porte ext\u00e9rieure et int\u00e9rieure sont \u00e9quip\u00e9es de grandes poign\u00e9es.<br \/>\u2022\u00a0Aux angles sont handgrepoen de manoeuvre des toilettes.<br \/>\u2022\u00a0Standard avec r\u00e9servoir d&rsquo;eaux us\u00e9es, urinoir et porte-papier.<\/p>\n<p>Sp\u00e9cifications:<\/p>\n<table border=\"1\" cellspacing=\"0\" cellpadding=\"0\">\n<tbody>\n<tr>\n<td valign=\"top\" width=\"284\">\n<p>Hauteur<\/p>\n<\/td>\n<td valign=\"top\" width=\"284\">\n<p>235 cm<\/p>\n<\/td>\n<\/tr>\n<tr>\n<td valign=\"top\" width=\"284\">\n<p>Largeur<\/p>\n<\/td>\n<td valign=\"top\" width=\"284\">\n<p>118 cm<\/p>\n<\/td>\n<\/tr>\n<tr>\n<td valign=\"top\" width=\"284\">\n<p>Profondeur<\/p>\n<\/td>\n<td valign=\"top\" width=\"284\">\n<p>123 cm<\/p>\n<\/td>\n<\/tr>\n<tr>\n<td valign=\"top\" width=\"284\">\n<p>Porte<\/p>\n<\/td>\n<td valign=\"top\" width=\"284\">\n<p>71 x 189 cm<\/p>\n<\/td>\n<\/tr>\n<tr>\n<td valign=\"top\" width=\"284\">\n<p>Int\u00e9rieur<\/p>\n<\/td>\n<td valign=\"top\" width=\"284\">\n<p>104 x 104 cm<\/p>\n<\/td>\n<\/tr>\n<tr>\n<td valign=\"top\" width=\"284\">\n<p><span id=\"result_box\" class=\"short_text\" lang=\"fr\"><span class=\"hps\" title=\"Klik voor alternatieve vertalingen\">capacit\u00e9 du r\u00e9servoir<\/span><\/span><\/p>\n<\/td>\n<td valign=\"top\" width=\"284\">\n<p>246 liter<\/p>\n<\/td>\n<\/tr>\n<tr>\n<td valign=\"top\" width=\"284\">\n<p><span id=\"result_box\" class=\"short_text\" lang=\"fr\"><span class=\"hps\" title=\"Klik voor alternatieve vertalingen\">hauteur d&rsquo;assise<\/span><\/span><\/p>\n<\/td>\n<td valign=\"top\" width=\"284\">\n<p>49,5 cm<\/p>\n<\/td>\n<\/tr>\n<tr>\n<td valign=\"top\" width=\"284\">\n<p>Poids<\/p>\n<\/td>\n<td valign=\"top\" width=\"284\">\n<p>72 kg<\/p>\n<\/td>\n<\/tr>\n<tr>\n<td valign=\"top\" width=\"284\">\n<p>Mat\u00e9riel<\/p>\n<\/td>\n<td valign=\"top\" width=\"284\">\n<p>PEHD<\/p>\n<\/td>\n<\/tr>\n<\/tbody>\n<\/table>\n<p>\u00a0<\/p>\n","protected":false},"excerpt":{"rendered":"<p><strong><em>Fonctionnalit\u00e9 combin\u00e9s avec le style<\/em><\/strong><\/p>\n<p>Les toilettes portables de Five Peaks Glacier combine un beau design avec toutes les fonctionnalit\u00e9s d&rsquo;une toilette mobile moderne.<br \/>Standard avec r\u00e9servoir de d\u00e9chets, urinoir et porte-papier.<\/p>\n","protected":false},"featured_media":21717,"template":"","meta":[],"product_brand":[],"product_cat":[1396],"product_tag":[1024,1398],"class_list":{"0":"post-21344","1":"product","2":"type-product","3":"status-publish","4":"has-post-thumbnail","6":"product_cat-toilettes-standard","7":"product_tag-five-peaks-fr","8":"product_tag-interieur-fr-2","10":"first","11":"instock","12":"taxable","13":"shipping-taxable","14":"purchasable","15":"product-type-variable","16":"has-default-attributes"},"yoast_head":"<!-- This site is optimized with the Yoast SEO plugin v27.4 - https:\/\/yoast.com\/product\/yoast-seo-wordpress\/ -->\n<title>Toilet portable Glacier de Five Peaks - Atlas Sanitation Products<\/title>\n<meta name=\"robots\" content=\"index, follow, max-snippet:-1, max-image-preview:large, max-video-preview:-1\" \/>\n<link rel=\"canonical\" href=\"https:\/\/atlastoilets.com\/fr\/produit\/toilet-portable-glacier-de-five-peaks\/\" \/>\n<meta property=\"og:locale\" content=\"fr_FR\" \/>\n<meta property=\"og:type\" content=\"article\" \/>\n<meta property=\"og:title\" content=\"Toilet portable Glacier de Five Peaks - Atlas Sanitation Products\" \/>\n<meta property=\"og:description\" content=\"Fonctionnalit\u00e9 combin\u00e9s avec le styleLes toilettes portables de Five Peaks Glacier combine un beau design avec toutes les fonctionnalit\u00e9s d&#039;une toilette mobile moderne.Standard avec r\u00e9servoir de d\u00e9chets, urinoir et porte-papier.\" \/>\n<meta property=\"og:url\" content=\"https:\/\/atlastoilets.com\/fr\/produit\/toilet-portable-glacier-de-five-peaks\/\" \/>\n<meta property=\"og:site_name\" content=\"Atlas Sanitation Products\" \/>\n<meta property=\"article:modified_time\" content=\"2022-03-18T11:30:32+00:00\" \/>\n<meta property=\"og:image\" content=\"https:\/\/atlastoilets.com\/wp-content\/uploads\/2022\/03\/Portable-toilet-Five-Peaks-Blue-3.jpg\" \/>\n\t<meta property=\"og:image:width\" content=\"1000\" \/>\n\t<meta property=\"og:image:height\" content=\"1000\" \/>\n\t<meta property=\"og:image:type\" content=\"image\/jpeg\" \/>\n<meta name=\"twitter:card\" content=\"summary_large_image\" \/>\n<meta name=\"twitter:label1\" content=\"Dur\u00e9e de lecture estim\u00e9e\" \/>\n\t<meta name=\"twitter:data1\" content=\"1 minute\" \/>\n<script type=\"application\/ld+json\" class=\"yoast-schema-graph\">{\"@context\":\"https:\\\/\\\/schema.org\",\"@graph\":[{\"@type\":[\"WebPage\",\"ItemPage\"],\"@id\":\"https:\\\/\\\/atlastoilets.com\\\/fr\\\/produit\\\/toilet-portable-glacier-de-five-peaks\\\/\",\"url\":\"https:\\\/\\\/atlastoilets.com\\\/fr\\\/produit\\\/toilet-portable-glacier-de-five-peaks\\\/\",\"name\":\"Toilet portable Glacier de Five Peaks - Atlas Sanitation Products\",\"isPartOf\":{\"@id\":\"https:\\\/\\\/atlastoilets.com\\\/#website\"},\"primaryImageOfPage\":{\"@id\":\"https:\\\/\\\/atlastoilets.com\\\/fr\\\/produit\\\/toilet-portable-glacier-de-five-peaks\\\/#primaryimage\"},\"image\":{\"@id\":\"https:\\\/\\\/atlastoilets.com\\\/fr\\\/produit\\\/toilet-portable-glacier-de-five-peaks\\\/#primaryimage\"},\"thumbnailUrl\":\"https:\\\/\\\/atlastoilets.com\\\/wp-content\\\/uploads\\\/2022\\\/03\\\/Portable-toilet-Five-Peaks-Blue-3.jpg\",\"datePublished\":\"2022-03-18T07:46:23+00:00\",\"dateModified\":\"2022-03-18T11:30:32+00:00\",\"breadcrumb\":{\"@id\":\"https:\\\/\\\/atlastoilets.com\\\/fr\\\/produit\\\/toilet-portable-glacier-de-five-peaks\\\/#breadcrumb\"},\"inLanguage\":\"fr-FR\",\"potentialAction\":[{\"@type\":\"ReadAction\",\"target\":[\"https:\\\/\\\/atlastoilets.com\\\/fr\\\/produit\\\/toilet-portable-glacier-de-five-peaks\\\/\"]}]},{\"@type\":\"ImageObject\",\"inLanguage\":\"fr-FR\",\"@id\":\"https:\\\/\\\/atlastoilets.com\\\/fr\\\/produit\\\/toilet-portable-glacier-de-five-peaks\\\/#primaryimage\",\"url\":\"https:\\\/\\\/atlastoilets.com\\\/wp-content\\\/uploads\\\/2022\\\/03\\\/Portable-toilet-Five-Peaks-Blue-3.jpg\",\"contentUrl\":\"https:\\\/\\\/atlastoilets.com\\\/wp-content\\\/uploads\\\/2022\\\/03\\\/Portable-toilet-Five-Peaks-Blue-3.jpg\",\"width\":1000,\"height\":1000},{\"@type\":\"BreadcrumbList\",\"@id\":\"https:\\\/\\\/atlastoilets.com\\\/fr\\\/produit\\\/toilet-portable-glacier-de-five-peaks\\\/#breadcrumb\",\"itemListElement\":[{\"@type\":\"ListItem\",\"position\":1,\"name\":\"Home\",\"item\":\"https:\\\/\\\/atlastoilets.com\\\/fr\\\/\"},{\"@type\":\"ListItem\",\"position\":2,\"name\":\"Boutique\",\"item\":\"https:\\\/\\\/atlastoilets.com\\\/fr\\\/boutique\\\/\"},{\"@type\":\"ListItem\",\"position\":3,\"name\":\"Toilet portable Glacier de Five Peaks\"}]},{\"@type\":\"WebSite\",\"@id\":\"https:\\\/\\\/atlastoilets.com\\\/#website\",\"url\":\"https:\\\/\\\/atlastoilets.com\\\/\",\"name\":\"Atlas Sanitation Products\",\"description\":\"Total supplier for toilet rental companies\",\"potentialAction\":[{\"@type\":\"SearchAction\",\"target\":{\"@type\":\"EntryPoint\",\"urlTemplate\":\"https:\\\/\\\/atlastoilets.com\\\/?s={search_term_string}\"},\"query-input\":{\"@type\":\"PropertyValueSpecification\",\"valueRequired\":true,\"valueName\":\"search_term_string\"}}],\"inLanguage\":\"fr-FR\"}]}<\/script>\n<!-- \/ Yoast SEO plugin. -->","yoast_head_json":{"title":"Toilet portable Glacier de Five Peaks - Atlas Sanitation Products","robots":{"index":"index","follow":"follow","max-snippet":"max-snippet:-1","max-image-preview":"max-image-preview:large","max-video-preview":"max-video-preview:-1"},"canonical":"https:\/\/atlastoilets.com\/fr\/produit\/toilet-portable-glacier-de-five-peaks\/","og_locale":"fr_FR","og_type":"article","og_title":"Toilet portable Glacier de Five Peaks - Atlas Sanitation Products","og_description":"Fonctionnalit\u00e9 combin\u00e9s avec le styleLes toilettes portables de Five Peaks Glacier combine un beau design avec toutes les fonctionnalit\u00e9s d'une toilette mobile moderne.Standard avec r\u00e9servoir de d\u00e9chets, urinoir et porte-papier.","og_url":"https:\/\/atlastoilets.com\/fr\/produit\/toilet-portable-glacier-de-five-peaks\/","og_site_name":"Atlas Sanitation Products","article_modified_time":"2022-03-18T11:30:32+00:00","og_image":[{"width":1000,"height":1000,"url":"https:\/\/atlastoilets.com\/wp-content\/uploads\/2022\/03\/Portable-toilet-Five-Peaks-Blue-3.jpg","type":"image\/jpeg"}],"twitter_card":"summary_large_image","twitter_misc":{"Dur\u00e9e de lecture estim\u00e9e":"1 minute"},"schema":{"@context":"https:\/\/schema.org","@graph":[{"@type":["WebPage","ItemPage"],"@id":"https:\/\/atlastoilets.com\/fr\/produit\/toilet-portable-glacier-de-five-peaks\/","url":"https:\/\/atlastoilets.com\/fr\/produit\/toilet-portable-glacier-de-five-peaks\/","name":"Toilet portable Glacier de Five Peaks - Atlas Sanitation Products","isPartOf":{"@id":"https:\/\/atlastoilets.com\/#website"},"primaryImageOfPage":{"@id":"https:\/\/atlastoilets.com\/fr\/produit\/toilet-portable-glacier-de-five-peaks\/#primaryimage"},"image":{"@id":"https:\/\/atlastoilets.com\/fr\/produit\/toilet-portable-glacier-de-five-peaks\/#primaryimage"},"thumbnailUrl":"https:\/\/atlastoilets.com\/wp-content\/uploads\/2022\/03\/Portable-toilet-Five-Peaks-Blue-3.jpg","datePublished":"2022-03-18T07:46:23+00:00","dateModified":"2022-03-18T11:30:32+00:00","breadcrumb":{"@id":"https:\/\/atlastoilets.com\/fr\/produit\/toilet-portable-glacier-de-five-peaks\/#breadcrumb"},"inLanguage":"fr-FR","potentialAction":[{"@type":"ReadAction","target":["https:\/\/atlastoilets.com\/fr\/produit\/toilet-portable-glacier-de-five-peaks\/"]}]},{"@type":"ImageObject","inLanguage":"fr-FR","@id":"https:\/\/atlastoilets.com\/fr\/produit\/toilet-portable-glacier-de-five-peaks\/#primaryimage","url":"https:\/\/atlastoilets.com\/wp-content\/uploads\/2022\/03\/Portable-toilet-Five-Peaks-Blue-3.jpg","contentUrl":"https:\/\/atlastoilets.com\/wp-content\/uploads\/2022\/03\/Portable-toilet-Five-Peaks-Blue-3.jpg","width":1000,"height":1000},{"@type":"BreadcrumbList","@id":"https:\/\/atlastoilets.com\/fr\/produit\/toilet-portable-glacier-de-five-peaks\/#breadcrumb","itemListElement":[{"@type":"ListItem","position":1,"name":"Home","item":"https:\/\/atlastoilets.com\/fr\/"},{"@type":"ListItem","position":2,"name":"Boutique","item":"https:\/\/atlastoilets.com\/fr\/boutique\/"},{"@type":"ListItem","position":3,"name":"Toilet portable Glacier de Five Peaks"}]},{"@type":"WebSite","@id":"https:\/\/atlastoilets.com\/#website","url":"https:\/\/atlastoilets.com\/","name":"Atlas Sanitation Products","description":"Total supplier for toilet rental companies","potentialAction":[{"@type":"SearchAction","target":{"@type":"EntryPoint","urlTemplate":"https:\/\/atlastoilets.com\/?s={search_term_string}"},"query-input":{"@type":"PropertyValueSpecification","valueRequired":true,"valueName":"search_term_string"}}],"inLanguage":"fr-FR"}]}},"_links":{"self":[{"href":"https:\/\/atlastoilets.com\/fr\/wp-json\/wp\/v2\/product\/21344","targetHints":{"allow":["GET"]}}],"collection":[{"href":"https:\/\/atlastoilets.com\/fr\/wp-json\/wp\/v2\/product"}],"about":[{"href":"https:\/\/atlastoilets.com\/fr\/wp-json\/wp\/v2\/types\/product"}],"wp:featuredmedia":[{"embeddable":true,"href":"https:\/\/atlastoilets.com\/fr\/wp-json\/wp\/v2\/media\/21717"}],"wp:attachment":[{"href":"https:\/\/atlastoilets.com\/fr\/wp-json\/wp\/v2\/media?parent=21344"}],"wp:term":[{"taxonomy":"product_brand","embeddable":true,"href":"https:\/\/atlastoilets.com\/fr\/wp-json\/wp\/v2\/product_brand?post=21344"},{"taxonomy":"product_cat","embeddable":true,"href":"https:\/\/atlastoilets.com\/fr\/wp-json\/wp\/v2\/product_cat?post=21344"},{"taxonomy":"product_tag","embeddable":true,"href":"https:\/\/atlastoilets.com\/fr\/wp-json\/wp\/v2\/product_tag?post=21344"}],"curies":[{"name":"wp","href":"https:\/\/api.w.org\/{rel}","templated":true}]}}