{"id":21343,"date":"2022-03-18T07:46:23","date_gmt":"2022-03-18T07:46:23","guid":{"rendered":"https:\/\/www.mobileurinal.eu\/?post_type=product&#038;p=21343"},"modified":"2022-05-20T12:43:06","modified_gmt":"2022-05-20T12:43:06","slug":"toilette-handicape-portable","status":"publish","type":"product","link":"https:\/\/atlastoilets.com\/fr\/produit\/toilette-handicape-portable\/","title":{"rendered":"Toilette handicap\u00e9 portable Comfort XL de PolyJohn"},"content":{"rendered":"<p><span id=\"result_box\" class=\"\" lang=\"fr\"><em><strong><span class=\"hps\">Toilette handicap\u00e9 portable<\/span>\u00a0<span class=\"hps\">accessible aux fauteuils roulants<\/span><\/strong><\/em><\/span><\/p>\n<p><span class=\"hps\">Les personnes handicap\u00e9es<\/span> <span class=\"hps\">ou avec un <\/span><span class=\"hps alt-edited\">mobilit\u00e9 limit\u00e9e<\/span>, en particulier les <span class=\"hps\">utilisateurs de fauteuils roulants<\/span>, <span class=\"hps\">peuvent compter<\/span> <span class=\"hps\">sur le toilette <\/span><span class=\"hps\">handicap\u00e9 <\/span><span class=\"hps\">portable<\/span> <span class=\"hps\">Poly<\/span> <span class=\"hps\">John<\/span> <span class=\"hps\">Comfort<\/span> <span class=\"hps\">XL pour<\/span> <span class=\"hps\">un coffre-fort<\/span>, <span class=\"hps\">confortables et pratiques<\/span> <span class=\"hps\">sanitaires<\/span>. <span class=\"hps\">Lors d&rsquo;\u00e9v\u00e9nements<\/span> <span class=\"hps\">publics et priv\u00e9s,<\/span> <span class=\"hps\">formel ou informel<\/span>, <span class=\"hps\">mariage<\/span>, concert, exposition, festival <span class=\"hps\">ou d&rsquo;un parti<\/span>, <span class=\"hps\">sont<\/span> <span class=\"hps\">accessibles en fauteuil roulant<\/span> <span class=\"hps\">toilettes ne sont pas<\/span> <span class=\"hps\">seulement<\/span> <span class=\"hps\">les extras<\/span>, <span class=\"hps\">ils sont essentiels<\/span>.<\/p>\n<p><span class=\"hps\">En fait<\/span>, <span class=\"hps\">chaque utilisateur<\/span> <span class=\"hps\">qui a besoin de<\/span> <span class=\"hps\">plus d&rsquo;espace<\/span>, l&rsquo;accessibilit\u00e9 et <span class=\"hps\">la facilit\u00e9 d&rsquo;utilisation<\/span> <span class=\"hps\">peut appr\u00e9cier<\/span> <span class=\"hps\">cette toilette<\/span>.<\/p>\n<p><span class=\"hps\">Caract\u00e9ristiques:<\/span><br \/>\n<span class=\"hps\">\u2022<\/span> <span class=\"hps\">Int\u00e9rieur<\/span> <span class=\"hps\">avec pr\u00e8s de<\/span> <span class=\"hps\">5 \u00e9tage<\/span> <span class=\"hps\">carr\u00e9<\/span><br \/>\n<span class=\"hps\">\u2022<\/span>, <span class=\"hps\">porte<\/span> <span class=\"hps\">\u00e0 fermeture automatique<\/span> <span class=\"hps\">surdimensionn\u00e9<\/span><br \/>\n<span class=\"hps\">\u2022<\/span> <span class=\"hps\">\u00e9tages<\/span>, <span class=\"hps\">plancher plat<\/span><br \/>\n<span class=\"hps\">\u2022<\/span> <span class=\"hps\">rampes<\/span> <span class=\"hps\">d&rsquo;int\u00e9rieur<\/span><\/p>\n<p>Sp\u00e9cifications:<\/p>\n<table border=\"1\" cellspacing=\"0\" cellpadding=\"0\">\n<tbody>\n<tr>\n<td valign=\"top\" width=\"284\">Hauteur<\/td>\n<td valign=\"top\" width=\"284\">231 cm<\/td>\n<\/tr>\n<tr>\n<td valign=\"top\" width=\"284\">Largeur<\/td>\n<td valign=\"top\" width=\"284\">157 cm<\/td>\n<\/tr>\n<tr>\n<td valign=\"top\" width=\"284\">Profondeur<\/td>\n<td valign=\"top\" width=\"284\">157 cm<\/td>\n<\/tr>\n<tr>\n<td valign=\"top\" width=\"284\">Porte<\/td>\n<td valign=\"top\" width=\"284\">81 x 188 cm<\/td>\n<\/tr>\n<tr>\n<td valign=\"top\" width=\"284\">Int\u00e9rieur<\/td>\n<td valign=\"top\" width=\"284\">150 x 150 cm<\/td>\n<\/tr>\n<tr>\n<td valign=\"top\" width=\"284\">Capacit\u00e9 du r\u00e9servoir<\/td>\n<td valign=\"top\" width=\"284\">125 liter<\/td>\n<\/tr>\n<tr>\n<td valign=\"top\" width=\"284\">Hauteur d&rsquo;assisee<\/td>\n<td valign=\"top\" width=\"284\">48 cm<\/td>\n<\/tr>\n<tr>\n<td valign=\"top\" width=\"284\">Poids<\/td>\n<td valign=\"top\" width=\"284\">108 kg<\/td>\n<\/tr>\n<tr>\n<td valign=\"top\" width=\"284\">Mat\u00e9riel<\/td>\n<td valign=\"top\" width=\"284\">HDPE<\/td>\n<\/tr>\n<\/tbody>\n<\/table>\n","protected":false},"excerpt":{"rendered":"<p><span class=\"hps\">Les personnes handicap\u00e9es<\/span> <span class=\"hps\">ou avec un <\/span><span class=\"hps alt-edited\">mobilit\u00e9 limit\u00e9e<\/span>, en particulier les <span class=\"hps\">utilisateurs de fauteuils roulants<\/span>, <span class=\"hps\">peuvent compter<\/span> <span class=\"hps\">sur les toilettes<\/span> <span class=\"hps\">handicap\u00e9s<\/span> <span class=\"hps\">portable<\/span> <span class=\"hps\">Poly<\/span> <span class=\"hps\">John<\/span> <span class=\"hps\">Comfort<\/span> <span class=\"hps\">XL pour<\/span> <span class=\"hps\">un coffre-fort<\/span>, <span class=\"hps\">confortables et pratiques<\/span> <span class=\"hps\">sanitaires<\/span>.<\/p>\n","protected":false},"featured_media":21702,"template":"","meta":[],"product_brand":[],"product_cat":[884],"product_tag":[],"class_list":{"0":"post-21343","1":"product","2":"type-product","3":"status-publish","4":"has-post-thumbnail","6":"product_cat-toilettes-pour-handicapes","8":"first","9":"instock","10":"taxable","11":"shipping-taxable","12":"purchasable","13":"product-type-variable","14":"has-default-attributes"},"yoast_head":"<!-- This site is optimized with the Yoast SEO plugin v27.4 - https:\/\/yoast.com\/product\/yoast-seo-wordpress\/ -->\n<title>Toilette handicap\u00e9 portable Comfort XL de PolyJohn<\/title>\n<meta name=\"description\" content=\"Toilette handicap\u00e9 portable Comfort XL de PolyJohn pour les personnes handicap\u00e9es ou avec un mobilit\u00e9 limit\u00e9e\" \/>\n<meta name=\"robots\" content=\"index, follow, max-snippet:-1, max-image-preview:large, max-video-preview:-1\" \/>\n<link rel=\"canonical\" href=\"https:\/\/atlastoilets.com\/fr\/produit\/toilette-handicape-portable\/\" \/>\n<meta property=\"og:locale\" content=\"fr_FR\" \/>\n<meta property=\"og:type\" content=\"article\" \/>\n<meta property=\"og:title\" content=\"Toilette handicap\u00e9 portable Comfort XL de PolyJohn\" \/>\n<meta property=\"og:description\" content=\"Toilette handicap\u00e9 portable Comfort XL de PolyJohn pour les personnes handicap\u00e9es ou avec un mobilit\u00e9 limit\u00e9e\" \/>\n<meta property=\"og:url\" content=\"https:\/\/atlastoilets.com\/fr\/produit\/toilette-handicape-portable\/\" \/>\n<meta property=\"og:site_name\" content=\"Atlas Sanitation Products\" \/>\n<meta property=\"article:modified_time\" content=\"2022-05-20T12:43:06+00:00\" \/>\n<meta property=\"og:image\" content=\"https:\/\/atlastoilets.com\/wp-content\/uploads\/2022\/03\/PolyJohns-handicap-toilet-3.jpg\" \/>\n\t<meta property=\"og:image:width\" content=\"1000\" \/>\n\t<meta property=\"og:image:height\" content=\"1000\" \/>\n\t<meta property=\"og:image:type\" content=\"image\/jpeg\" \/>\n<meta name=\"twitter:card\" content=\"summary_large_image\" \/>\n<meta name=\"twitter:label1\" content=\"Dur\u00e9e de lecture estim\u00e9e\" \/>\n\t<meta name=\"twitter:data1\" content=\"1 minute\" \/>\n<script type=\"application\/ld+json\" class=\"yoast-schema-graph\">{\"@context\":\"https:\\\/\\\/schema.org\",\"@graph\":[{\"@type\":[\"WebPage\",\"ItemPage\"],\"@id\":\"https:\\\/\\\/atlastoilets.com\\\/fr\\\/produit\\\/toilette-handicape-portable\\\/\",\"url\":\"https:\\\/\\\/atlastoilets.com\\\/fr\\\/produit\\\/toilette-handicape-portable\\\/\",\"name\":\"Toilette handicap\u00e9 portable Comfort XL de PolyJohn\",\"isPartOf\":{\"@id\":\"https:\\\/\\\/atlastoilets.com\\\/#website\"},\"primaryImageOfPage\":{\"@id\":\"https:\\\/\\\/atlastoilets.com\\\/fr\\\/produit\\\/toilette-handicape-portable\\\/#primaryimage\"},\"image\":{\"@id\":\"https:\\\/\\\/atlastoilets.com\\\/fr\\\/produit\\\/toilette-handicape-portable\\\/#primaryimage\"},\"thumbnailUrl\":\"https:\\\/\\\/atlastoilets.com\\\/wp-content\\\/uploads\\\/2022\\\/03\\\/PolyJohns-handicap-toilet-3.jpg\",\"datePublished\":\"2022-03-18T07:46:23+00:00\",\"dateModified\":\"2022-05-20T12:43:06+00:00\",\"description\":\"Toilette handicap\u00e9 portable Comfort XL de PolyJohn pour les personnes handicap\u00e9es ou avec un mobilit\u00e9 limit\u00e9e\",\"breadcrumb\":{\"@id\":\"https:\\\/\\\/atlastoilets.com\\\/fr\\\/produit\\\/toilette-handicape-portable\\\/#breadcrumb\"},\"inLanguage\":\"fr-FR\",\"potentialAction\":[{\"@type\":\"ReadAction\",\"target\":[\"https:\\\/\\\/atlastoilets.com\\\/fr\\\/produit\\\/toilette-handicape-portable\\\/\"]}]},{\"@type\":\"ImageObject\",\"inLanguage\":\"fr-FR\",\"@id\":\"https:\\\/\\\/atlastoilets.com\\\/fr\\\/produit\\\/toilette-handicape-portable\\\/#primaryimage\",\"url\":\"https:\\\/\\\/atlastoilets.com\\\/wp-content\\\/uploads\\\/2022\\\/03\\\/PolyJohns-handicap-toilet-3.jpg\",\"contentUrl\":\"https:\\\/\\\/atlastoilets.com\\\/wp-content\\\/uploads\\\/2022\\\/03\\\/PolyJohns-handicap-toilet-3.jpg\",\"width\":1000,\"height\":1000,\"caption\":\"Toilette handicap\u00e9 portable\"},{\"@type\":\"BreadcrumbList\",\"@id\":\"https:\\\/\\\/atlastoilets.com\\\/fr\\\/produit\\\/toilette-handicape-portable\\\/#breadcrumb\",\"itemListElement\":[{\"@type\":\"ListItem\",\"position\":1,\"name\":\"Home\",\"item\":\"https:\\\/\\\/atlastoilets.com\\\/fr\\\/\"},{\"@type\":\"ListItem\",\"position\":2,\"name\":\"Boutique\",\"item\":\"https:\\\/\\\/atlastoilets.com\\\/fr\\\/boutique\\\/\"},{\"@type\":\"ListItem\",\"position\":3,\"name\":\"Toilette handicap\u00e9 portable Comfort XL de PolyJohn\"}]},{\"@type\":\"WebSite\",\"@id\":\"https:\\\/\\\/atlastoilets.com\\\/#website\",\"url\":\"https:\\\/\\\/atlastoilets.com\\\/\",\"name\":\"Atlas Sanitation Products\",\"description\":\"Total supplier for toilet rental companies\",\"potentialAction\":[{\"@type\":\"SearchAction\",\"target\":{\"@type\":\"EntryPoint\",\"urlTemplate\":\"https:\\\/\\\/atlastoilets.com\\\/?s={search_term_string}\"},\"query-input\":{\"@type\":\"PropertyValueSpecification\",\"valueRequired\":true,\"valueName\":\"search_term_string\"}}],\"inLanguage\":\"fr-FR\"}]}<\/script>\n<!-- \/ Yoast SEO plugin. -->","yoast_head_json":{"title":"Toilette handicap\u00e9 portable Comfort XL de PolyJohn","description":"Toilette handicap\u00e9 portable Comfort XL de PolyJohn pour les personnes handicap\u00e9es ou avec un mobilit\u00e9 limit\u00e9e","robots":{"index":"index","follow":"follow","max-snippet":"max-snippet:-1","max-image-preview":"max-image-preview:large","max-video-preview":"max-video-preview:-1"},"canonical":"https:\/\/atlastoilets.com\/fr\/produit\/toilette-handicape-portable\/","og_locale":"fr_FR","og_type":"article","og_title":"Toilette handicap\u00e9 portable Comfort XL de PolyJohn","og_description":"Toilette handicap\u00e9 portable Comfort XL de PolyJohn pour les personnes handicap\u00e9es ou avec un mobilit\u00e9 limit\u00e9e","og_url":"https:\/\/atlastoilets.com\/fr\/produit\/toilette-handicape-portable\/","og_site_name":"Atlas Sanitation Products","article_modified_time":"2022-05-20T12:43:06+00:00","og_image":[{"width":1000,"height":1000,"url":"https:\/\/atlastoilets.com\/wp-content\/uploads\/2022\/03\/PolyJohns-handicap-toilet-3.jpg","type":"image\/jpeg"}],"twitter_card":"summary_large_image","twitter_misc":{"Dur\u00e9e de lecture estim\u00e9e":"1 minute"},"schema":{"@context":"https:\/\/schema.org","@graph":[{"@type":["WebPage","ItemPage"],"@id":"https:\/\/atlastoilets.com\/fr\/produit\/toilette-handicape-portable\/","url":"https:\/\/atlastoilets.com\/fr\/produit\/toilette-handicape-portable\/","name":"Toilette handicap\u00e9 portable Comfort XL de PolyJohn","isPartOf":{"@id":"https:\/\/atlastoilets.com\/#website"},"primaryImageOfPage":{"@id":"https:\/\/atlastoilets.com\/fr\/produit\/toilette-handicape-portable\/#primaryimage"},"image":{"@id":"https:\/\/atlastoilets.com\/fr\/produit\/toilette-handicape-portable\/#primaryimage"},"thumbnailUrl":"https:\/\/atlastoilets.com\/wp-content\/uploads\/2022\/03\/PolyJohns-handicap-toilet-3.jpg","datePublished":"2022-03-18T07:46:23+00:00","dateModified":"2022-05-20T12:43:06+00:00","description":"Toilette handicap\u00e9 portable Comfort XL de PolyJohn pour les personnes handicap\u00e9es ou avec un mobilit\u00e9 limit\u00e9e","breadcrumb":{"@id":"https:\/\/atlastoilets.com\/fr\/produit\/toilette-handicape-portable\/#breadcrumb"},"inLanguage":"fr-FR","potentialAction":[{"@type":"ReadAction","target":["https:\/\/atlastoilets.com\/fr\/produit\/toilette-handicape-portable\/"]}]},{"@type":"ImageObject","inLanguage":"fr-FR","@id":"https:\/\/atlastoilets.com\/fr\/produit\/toilette-handicape-portable\/#primaryimage","url":"https:\/\/atlastoilets.com\/wp-content\/uploads\/2022\/03\/PolyJohns-handicap-toilet-3.jpg","contentUrl":"https:\/\/atlastoilets.com\/wp-content\/uploads\/2022\/03\/PolyJohns-handicap-toilet-3.jpg","width":1000,"height":1000,"caption":"Toilette handicap\u00e9 portable"},{"@type":"BreadcrumbList","@id":"https:\/\/atlastoilets.com\/fr\/produit\/toilette-handicape-portable\/#breadcrumb","itemListElement":[{"@type":"ListItem","position":1,"name":"Home","item":"https:\/\/atlastoilets.com\/fr\/"},{"@type":"ListItem","position":2,"name":"Boutique","item":"https:\/\/atlastoilets.com\/fr\/boutique\/"},{"@type":"ListItem","position":3,"name":"Toilette handicap\u00e9 portable Comfort XL de PolyJohn"}]},{"@type":"WebSite","@id":"https:\/\/atlastoilets.com\/#website","url":"https:\/\/atlastoilets.com\/","name":"Atlas Sanitation Products","description":"Total supplier for toilet rental companies","potentialAction":[{"@type":"SearchAction","target":{"@type":"EntryPoint","urlTemplate":"https:\/\/atlastoilets.com\/?s={search_term_string}"},"query-input":{"@type":"PropertyValueSpecification","valueRequired":true,"valueName":"search_term_string"}}],"inLanguage":"fr-FR"}]}},"_links":{"self":[{"href":"https:\/\/atlastoilets.com\/fr\/wp-json\/wp\/v2\/product\/21343","targetHints":{"allow":["GET"]}}],"collection":[{"href":"https:\/\/atlastoilets.com\/fr\/wp-json\/wp\/v2\/product"}],"about":[{"href":"https:\/\/atlastoilets.com\/fr\/wp-json\/wp\/v2\/types\/product"}],"wp:featuredmedia":[{"embeddable":true,"href":"https:\/\/atlastoilets.com\/fr\/wp-json\/wp\/v2\/media\/21702"}],"wp:attachment":[{"href":"https:\/\/atlastoilets.com\/fr\/wp-json\/wp\/v2\/media?parent=21343"}],"wp:term":[{"taxonomy":"product_brand","embeddable":true,"href":"https:\/\/atlastoilets.com\/fr\/wp-json\/wp\/v2\/product_brand?post=21343"},{"taxonomy":"product_cat","embeddable":true,"href":"https:\/\/atlastoilets.com\/fr\/wp-json\/wp\/v2\/product_cat?post=21343"},{"taxonomy":"product_tag","embeddable":true,"href":"https:\/\/atlastoilets.com\/fr\/wp-json\/wp\/v2\/product_tag?post=21343"}],"curies":[{"name":"wp","href":"https:\/\/api.w.org\/{rel}","templated":true}]}}