{"id":20511,"date":"2022-03-07T13:41:25","date_gmt":"2022-03-07T13:41:25","guid":{"rendered":"https:\/\/www.mobileurinal.eu\/product\/station-de-distribution-de-savon-mobile-la-tulipe\/"},"modified":"2022-06-03T12:09:09","modified_gmt":"2022-06-03T12:09:09","slug":"station-de-distribution-de-savon-mobile-la-tulipe","status":"publish","type":"product","link":"https:\/\/atlastoilets.com\/fr\/produit\/station-de-distribution-de-savon-mobile-la-tulipe\/","title":{"rendered":"Station de distribution de savon mobile la Tulipe"},"content":{"rendered":"<p><span class=\"tlid-translation translation\" lang=\"fr\"><span title=\"\">Station de distribution de savon mobile la Tulipe.<\/span><br \/>\n<span title=\"\">Les roues en caoutchouc permettent un placement pratique sur n&rsquo;importe quel endroit imaginable.<\/span><br \/>\n<span title=\"\">Le r\u00e9servoir de ballast peut \u00eatre rempli jusqu&rsquo;\u00e0 70 litres (70 kg) pour une grande stabilit\u00e9.<\/span><br \/>\n<span title=\"\">La station est adapt\u00e9e \u00e0 une grande vari\u00e9t\u00e9 de distributeurs.<\/span><\/span><\/p>\n<p><span class=\"\" title=\"\">\u00b7 3 couleurs disponibles sur stock<\/span><br \/>\n<span title=\"\">\u00b7 Ballast de 70 litres<\/span><br \/>\n<span title=\"\">\u00b7 Roues en caoutchouc<\/span><br \/>\n<span title=\"\">\u00b7 Pr\u00e9par\u00e9 pour le d\u00e9tenteur de l&rsquo;enseigne<\/span><\/p>\n<p><span class=\"\" title=\"\">Le produit standard est sans le distributeur de savon.<\/span><\/p>\n<p><img loading=\"lazy\" decoding=\"async\" class=\"alignleft size-full wp-image-27866\" src=\"https:\/\/atlastoilets.com\/wp-content\/uploads\/2022\/03\/Thispencer-productsheet-2020.jpg\" alt=\"dispenser productsheet\" width=\"600\" height=\"424\" srcset=\"https:\/\/atlastoilets.com\/wp-content\/uploads\/2022\/03\/Thispencer-productsheet-2020.jpg 600w, https:\/\/atlastoilets.com\/wp-content\/uploads\/2022\/03\/Thispencer-productsheet-2020-300x212.jpg 300w, https:\/\/atlastoilets.com\/wp-content\/uploads\/2022\/03\/Thispencer-productsheet-2020-380x269.jpg 380w, https:\/\/atlastoilets.com\/wp-content\/uploads\/2022\/03\/Thispencer-productsheet-2020-550x389.jpg 550w\" sizes=\"auto, (max-width: 600px) 100vw, 600px\" \/><\/p>\n","protected":false},"excerpt":{"rendered":"<p><span class=\"tlid-translation translation\" lang=\"fr\"><span title=\"\">Station de distribution de savon mobile la Tulipe.<br \/>\n<\/span><\/span><\/p>\n","protected":false},"featured_media":18887,"template":"","meta":[],"product_brand":[],"product_cat":[836,886],"product_tag":[],"class_list":{"0":"post-20511","1":"product","2":"type-product","3":"status-publish","4":"has-post-thumbnail","6":"product_cat-produits-dhygiene","7":"product_cat-stations-de-lavage-des-mains-autonomes","9":"first","10":"instock","11":"taxable","12":"shipping-taxable","13":"purchasable","14":"product-type-simple"},"yoast_head":"<!-- This site is optimized with the Yoast SEO plugin v27.5 - https:\/\/yoast.com\/product\/yoast-seo-wordpress\/ -->\n<title>Station de distribution de savon mobile La Tulipe<\/title>\n<meta name=\"description\" content=\"Station de distribution de savon mobile la Tulipe. Les roues permettent un placement pratique sur n&#039;importe quel endroit imaginable.\" \/>\n<meta name=\"robots\" content=\"index, follow, max-snippet:-1, max-image-preview:large, max-video-preview:-1\" \/>\n<link rel=\"canonical\" href=\"https:\/\/atlastoilets.com\/fr\/produit\/station-de-distribution-de-savon-mobile-la-tulipe\/\" \/>\n<meta property=\"og:locale\" content=\"fr_FR\" \/>\n<meta property=\"og:type\" content=\"article\" \/>\n<meta property=\"og:title\" content=\"Station de distribution de savon mobile La Tulipe\" \/>\n<meta property=\"og:description\" content=\"Station de distribution de savon mobile la Tulipe. Les roues permettent un placement pratique sur n&#039;importe quel endroit imaginable.\" \/>\n<meta property=\"og:url\" content=\"https:\/\/atlastoilets.com\/fr\/produit\/station-de-distribution-de-savon-mobile-la-tulipe\/\" \/>\n<meta property=\"og:site_name\" content=\"Atlas Sanitation Products\" \/>\n<meta property=\"article:modified_time\" content=\"2022-06-03T12:09:09+00:00\" \/>\n<meta property=\"og:image\" content=\"https:\/\/atlastoilets.com\/wp-content\/uploads\/2022\/03\/dispenserstation-tulip.jpg\" \/>\n\t<meta property=\"og:image:width\" content=\"600\" \/>\n\t<meta property=\"og:image:height\" content=\"600\" \/>\n\t<meta property=\"og:image:type\" content=\"image\/jpeg\" \/>\n<meta name=\"twitter:card\" content=\"summary_large_image\" \/>\n<script type=\"application\/ld+json\" class=\"yoast-schema-graph\">{\"@context\":\"https:\\\/\\\/schema.org\",\"@graph\":[{\"@type\":[\"WebPage\",\"ItemPage\"],\"@id\":\"https:\\\/\\\/atlastoilets.com\\\/fr\\\/produit\\\/station-de-distribution-de-savon-mobile-la-tulipe\\\/\",\"url\":\"https:\\\/\\\/atlastoilets.com\\\/fr\\\/produit\\\/station-de-distribution-de-savon-mobile-la-tulipe\\\/\",\"name\":\"Station de distribution de savon mobile La Tulipe\",\"isPartOf\":{\"@id\":\"https:\\\/\\\/atlastoilets.com\\\/#website\"},\"primaryImageOfPage\":{\"@id\":\"https:\\\/\\\/atlastoilets.com\\\/fr\\\/produit\\\/station-de-distribution-de-savon-mobile-la-tulipe\\\/#primaryimage\"},\"image\":{\"@id\":\"https:\\\/\\\/atlastoilets.com\\\/fr\\\/produit\\\/station-de-distribution-de-savon-mobile-la-tulipe\\\/#primaryimage\"},\"thumbnailUrl\":\"https:\\\/\\\/atlastoilets.com\\\/wp-content\\\/uploads\\\/2022\\\/03\\\/dispenserstation-tulip.jpg\",\"datePublished\":\"2022-03-07T13:41:25+00:00\",\"dateModified\":\"2022-06-03T12:09:09+00:00\",\"description\":\"Station de distribution de savon mobile la Tulipe. Les roues permettent un placement pratique sur n'importe quel endroit imaginable.\",\"breadcrumb\":{\"@id\":\"https:\\\/\\\/atlastoilets.com\\\/fr\\\/produit\\\/station-de-distribution-de-savon-mobile-la-tulipe\\\/#breadcrumb\"},\"inLanguage\":\"fr-FR\",\"potentialAction\":[{\"@type\":\"ReadAction\",\"target\":[\"https:\\\/\\\/atlastoilets.com\\\/fr\\\/produit\\\/station-de-distribution-de-savon-mobile-la-tulipe\\\/\"]}]},{\"@type\":\"ImageObject\",\"inLanguage\":\"fr-FR\",\"@id\":\"https:\\\/\\\/atlastoilets.com\\\/fr\\\/produit\\\/station-de-distribution-de-savon-mobile-la-tulipe\\\/#primaryimage\",\"url\":\"https:\\\/\\\/atlastoilets.com\\\/wp-content\\\/uploads\\\/2022\\\/03\\\/dispenserstation-tulip.jpg\",\"contentUrl\":\"https:\\\/\\\/atlastoilets.com\\\/wp-content\\\/uploads\\\/2022\\\/03\\\/dispenserstation-tulip.jpg\",\"width\":600,\"height\":600,\"caption\":\"Station de distribution de savon mobile\"},{\"@type\":\"BreadcrumbList\",\"@id\":\"https:\\\/\\\/atlastoilets.com\\\/fr\\\/produit\\\/station-de-distribution-de-savon-mobile-la-tulipe\\\/#breadcrumb\",\"itemListElement\":[{\"@type\":\"ListItem\",\"position\":1,\"name\":\"Home\",\"item\":\"https:\\\/\\\/atlastoilets.com\\\/fr\\\/\"},{\"@type\":\"ListItem\",\"position\":2,\"name\":\"Boutique\",\"item\":\"https:\\\/\\\/atlastoilets.com\\\/fr\\\/boutique\\\/\"},{\"@type\":\"ListItem\",\"position\":3,\"name\":\"Station de distribution de savon mobile la Tulipe\"}]},{\"@type\":\"WebSite\",\"@id\":\"https:\\\/\\\/atlastoilets.com\\\/#website\",\"url\":\"https:\\\/\\\/atlastoilets.com\\\/\",\"name\":\"Atlas Sanitation Products\",\"description\":\"Total supplier for toilet rental companies\",\"potentialAction\":[{\"@type\":\"SearchAction\",\"target\":{\"@type\":\"EntryPoint\",\"urlTemplate\":\"https:\\\/\\\/atlastoilets.com\\\/?s={search_term_string}\"},\"query-input\":{\"@type\":\"PropertyValueSpecification\",\"valueRequired\":true,\"valueName\":\"search_term_string\"}}],\"inLanguage\":\"fr-FR\"}]}<\/script>\n<!-- \/ Yoast SEO plugin. -->","yoast_head_json":{"title":"Station de distribution de savon mobile La Tulipe","description":"Station de distribution de savon mobile la Tulipe. Les roues permettent un placement pratique sur n'importe quel endroit imaginable.","robots":{"index":"index","follow":"follow","max-snippet":"max-snippet:-1","max-image-preview":"max-image-preview:large","max-video-preview":"max-video-preview:-1"},"canonical":"https:\/\/atlastoilets.com\/fr\/produit\/station-de-distribution-de-savon-mobile-la-tulipe\/","og_locale":"fr_FR","og_type":"article","og_title":"Station de distribution de savon mobile La Tulipe","og_description":"Station de distribution de savon mobile la Tulipe. Les roues permettent un placement pratique sur n'importe quel endroit imaginable.","og_url":"https:\/\/atlastoilets.com\/fr\/produit\/station-de-distribution-de-savon-mobile-la-tulipe\/","og_site_name":"Atlas Sanitation Products","article_modified_time":"2022-06-03T12:09:09+00:00","og_image":[{"width":600,"height":600,"url":"https:\/\/atlastoilets.com\/wp-content\/uploads\/2022\/03\/dispenserstation-tulip.jpg","type":"image\/jpeg"}],"twitter_card":"summary_large_image","schema":{"@context":"https:\/\/schema.org","@graph":[{"@type":["WebPage","ItemPage"],"@id":"https:\/\/atlastoilets.com\/fr\/produit\/station-de-distribution-de-savon-mobile-la-tulipe\/","url":"https:\/\/atlastoilets.com\/fr\/produit\/station-de-distribution-de-savon-mobile-la-tulipe\/","name":"Station de distribution de savon mobile La Tulipe","isPartOf":{"@id":"https:\/\/atlastoilets.com\/#website"},"primaryImageOfPage":{"@id":"https:\/\/atlastoilets.com\/fr\/produit\/station-de-distribution-de-savon-mobile-la-tulipe\/#primaryimage"},"image":{"@id":"https:\/\/atlastoilets.com\/fr\/produit\/station-de-distribution-de-savon-mobile-la-tulipe\/#primaryimage"},"thumbnailUrl":"https:\/\/atlastoilets.com\/wp-content\/uploads\/2022\/03\/dispenserstation-tulip.jpg","datePublished":"2022-03-07T13:41:25+00:00","dateModified":"2022-06-03T12:09:09+00:00","description":"Station de distribution de savon mobile la Tulipe. Les roues permettent un placement pratique sur n'importe quel endroit imaginable.","breadcrumb":{"@id":"https:\/\/atlastoilets.com\/fr\/produit\/station-de-distribution-de-savon-mobile-la-tulipe\/#breadcrumb"},"inLanguage":"fr-FR","potentialAction":[{"@type":"ReadAction","target":["https:\/\/atlastoilets.com\/fr\/produit\/station-de-distribution-de-savon-mobile-la-tulipe\/"]}]},{"@type":"ImageObject","inLanguage":"fr-FR","@id":"https:\/\/atlastoilets.com\/fr\/produit\/station-de-distribution-de-savon-mobile-la-tulipe\/#primaryimage","url":"https:\/\/atlastoilets.com\/wp-content\/uploads\/2022\/03\/dispenserstation-tulip.jpg","contentUrl":"https:\/\/atlastoilets.com\/wp-content\/uploads\/2022\/03\/dispenserstation-tulip.jpg","width":600,"height":600,"caption":"Station de distribution de savon mobile"},{"@type":"BreadcrumbList","@id":"https:\/\/atlastoilets.com\/fr\/produit\/station-de-distribution-de-savon-mobile-la-tulipe\/#breadcrumb","itemListElement":[{"@type":"ListItem","position":1,"name":"Home","item":"https:\/\/atlastoilets.com\/fr\/"},{"@type":"ListItem","position":2,"name":"Boutique","item":"https:\/\/atlastoilets.com\/fr\/boutique\/"},{"@type":"ListItem","position":3,"name":"Station de distribution de savon mobile la Tulipe"}]},{"@type":"WebSite","@id":"https:\/\/atlastoilets.com\/#website","url":"https:\/\/atlastoilets.com\/","name":"Atlas Sanitation Products","description":"Total supplier for toilet rental companies","potentialAction":[{"@type":"SearchAction","target":{"@type":"EntryPoint","urlTemplate":"https:\/\/atlastoilets.com\/?s={search_term_string}"},"query-input":{"@type":"PropertyValueSpecification","valueRequired":true,"valueName":"search_term_string"}}],"inLanguage":"fr-FR"}]}},"_links":{"self":[{"href":"https:\/\/atlastoilets.com\/fr\/wp-json\/wp\/v2\/product\/20511","targetHints":{"allow":["GET"]}}],"collection":[{"href":"https:\/\/atlastoilets.com\/fr\/wp-json\/wp\/v2\/product"}],"about":[{"href":"https:\/\/atlastoilets.com\/fr\/wp-json\/wp\/v2\/types\/product"}],"wp:featuredmedia":[{"embeddable":true,"href":"https:\/\/atlastoilets.com\/fr\/wp-json\/wp\/v2\/media\/18887"}],"wp:attachment":[{"href":"https:\/\/atlastoilets.com\/fr\/wp-json\/wp\/v2\/media?parent=20511"}],"wp:term":[{"taxonomy":"product_brand","embeddable":true,"href":"https:\/\/atlastoilets.com\/fr\/wp-json\/wp\/v2\/product_brand?post=20511"},{"taxonomy":"product_cat","embeddable":true,"href":"https:\/\/atlastoilets.com\/fr\/wp-json\/wp\/v2\/product_cat?post=20511"},{"taxonomy":"product_tag","embeddable":true,"href":"https:\/\/atlastoilets.com\/fr\/wp-json\/wp\/v2\/product_tag?post=20511"}],"curies":[{"name":"wp","href":"https:\/\/api.w.org\/{rel}","templated":true}]}}