{"id":20508,"date":"2022-03-07T13:41:25","date_gmt":"2022-03-07T13:41:25","guid":{"rendered":"https:\/\/www.mobileurinal.eu\/product\/reservoir-a-dechets-pour-remorques-de-toilettes\/"},"modified":"2022-05-23T11:22:05","modified_gmt":"2022-05-23T11:22:05","slug":"reservoir-a-dechets-pour-remorques-de-toilettes","status":"publish","type":"product","link":"https:\/\/atlastoilets.com\/fr\/produit\/reservoir-a-dechets-pour-remorques-de-toilettes\/","title":{"rendered":"R\u00e9servoir \u00e0 d\u00e9chets pour remorques de toilettes"},"content":{"rendered":"<p>R\u00e9servoir \u00e0 d\u00e9chets pour remorques de toilettes d&rsquo;une capacit\u00e9 de 150 litres.<br \/>\nLe si\u00e8ge des toilettes est inclin\u00e9 pour une utilisation efficace de l&rsquo;espace.<br \/>\nUn syst\u00e8me de rin\u00e7age \u00e0 recirculation et un bouchon \u00e0 vis sont optionnels.<\/p>\n<p>Profondeur \u00e0 gauche: 718 mm<br \/>\nProfondeur \u00e0 droite: 215 mm<br \/>\nLargeur: 734 mm<br \/>\nHauteur: 587 mm<\/p>\n","protected":false},"excerpt":{"rendered":"<p>R\u00e9servoir \u00e0 d\u00e9chets pour remorques de toilettes d&rsquo;une capacit\u00e9 de 150 litres.<br \/>\nLe si\u00e8ge des toilettes est inclin\u00e9 pour une utilisation efficace de l&rsquo;espace.<br \/>\nUn syst\u00e8me de rin\u00e7age \u00e0 recirculation et un bouchon \u00e0 vis sont optionnels.<\/p>\n","protected":false},"featured_media":18819,"template":"","meta":[],"product_brand":[],"product_cat":[910,2115],"product_tag":[],"class_list":{"0":"post-20508","1":"product","2":"type-product","3":"status-publish","4":"has-post-thumbnail","6":"product_cat-pieces-de-roulottes-de-chantier","7":"product_cat-reservoirs-de-toilettes","9":"first","10":"instock","11":"taxable","12":"shipping-taxable","13":"purchasable","14":"product-type-simple"},"yoast_head":"<!-- This site is optimized with the Yoast SEO plugin v27.4 - https:\/\/yoast.com\/product\/yoast-seo-wordpress\/ -->\n<title>R\u00e9servoir \u00e0 d\u00e9chets pour remorques de toilettes<\/title>\n<meta name=\"description\" content=\"R\u00e9servoir \u00e0 d\u00e9chets pour remorques de toilettes. Le si\u00e8ge des toilettes est inclin\u00e9 pour une utilisation efficace de l&#039;espace.\" \/>\n<meta name=\"robots\" content=\"index, follow, max-snippet:-1, max-image-preview:large, max-video-preview:-1\" \/>\n<link rel=\"canonical\" href=\"https:\/\/atlastoilets.com\/fr\/produit\/reservoir-a-dechets-pour-remorques-de-toilettes\/\" \/>\n<meta property=\"og:locale\" content=\"fr_FR\" \/>\n<meta property=\"og:type\" content=\"article\" \/>\n<meta property=\"og:title\" content=\"R\u00e9servoir \u00e0 d\u00e9chets pour remorques de toilettes\" \/>\n<meta property=\"og:description\" content=\"R\u00e9servoir \u00e0 d\u00e9chets pour remorques de toilettes. Le si\u00e8ge des toilettes est inclin\u00e9 pour une utilisation efficace de l&#039;espace.\" \/>\n<meta property=\"og:url\" content=\"https:\/\/atlastoilets.com\/fr\/produit\/reservoir-a-dechets-pour-remorques-de-toilettes\/\" \/>\n<meta property=\"og:site_name\" content=\"Atlas Sanitation Products\" \/>\n<meta property=\"article:modified_time\" content=\"2022-05-23T11:22:05+00:00\" \/>\n<meta property=\"og:image\" content=\"https:\/\/atlastoilets.com\/wp-content\/uploads\/2022\/03\/hoektank1.jpg\" \/>\n\t<meta property=\"og:image:width\" content=\"600\" \/>\n\t<meta property=\"og:image:height\" content=\"600\" \/>\n\t<meta property=\"og:image:type\" content=\"image\/jpeg\" \/>\n<meta name=\"twitter:card\" content=\"summary_large_image\" \/>\n<script type=\"application\/ld+json\" class=\"yoast-schema-graph\">{\"@context\":\"https:\\\/\\\/schema.org\",\"@graph\":[{\"@type\":[\"WebPage\",\"ItemPage\"],\"@id\":\"https:\\\/\\\/atlastoilets.com\\\/fr\\\/produit\\\/reservoir-a-dechets-pour-remorques-de-toilettes\\\/\",\"url\":\"https:\\\/\\\/atlastoilets.com\\\/fr\\\/produit\\\/reservoir-a-dechets-pour-remorques-de-toilettes\\\/\",\"name\":\"R\u00e9servoir \u00e0 d\u00e9chets pour remorques de toilettes\",\"isPartOf\":{\"@id\":\"https:\\\/\\\/atlastoilets.com\\\/#website\"},\"primaryImageOfPage\":{\"@id\":\"https:\\\/\\\/atlastoilets.com\\\/fr\\\/produit\\\/reservoir-a-dechets-pour-remorques-de-toilettes\\\/#primaryimage\"},\"image\":{\"@id\":\"https:\\\/\\\/atlastoilets.com\\\/fr\\\/produit\\\/reservoir-a-dechets-pour-remorques-de-toilettes\\\/#primaryimage\"},\"thumbnailUrl\":\"https:\\\/\\\/atlastoilets.com\\\/wp-content\\\/uploads\\\/2022\\\/03\\\/hoektank1.jpg\",\"datePublished\":\"2022-03-07T13:41:25+00:00\",\"dateModified\":\"2022-05-23T11:22:05+00:00\",\"description\":\"R\u00e9servoir \u00e0 d\u00e9chets pour remorques de toilettes. Le si\u00e8ge des toilettes est inclin\u00e9 pour une utilisation efficace de l'espace.\",\"breadcrumb\":{\"@id\":\"https:\\\/\\\/atlastoilets.com\\\/fr\\\/produit\\\/reservoir-a-dechets-pour-remorques-de-toilettes\\\/#breadcrumb\"},\"inLanguage\":\"fr-FR\",\"potentialAction\":[{\"@type\":\"ReadAction\",\"target\":[\"https:\\\/\\\/atlastoilets.com\\\/fr\\\/produit\\\/reservoir-a-dechets-pour-remorques-de-toilettes\\\/\"]}]},{\"@type\":\"ImageObject\",\"inLanguage\":\"fr-FR\",\"@id\":\"https:\\\/\\\/atlastoilets.com\\\/fr\\\/produit\\\/reservoir-a-dechets-pour-remorques-de-toilettes\\\/#primaryimage\",\"url\":\"https:\\\/\\\/atlastoilets.com\\\/wp-content\\\/uploads\\\/2022\\\/03\\\/hoektank1.jpg\",\"contentUrl\":\"https:\\\/\\\/atlastoilets.com\\\/wp-content\\\/uploads\\\/2022\\\/03\\\/hoektank1.jpg\",\"width\":600,\"height\":600,\"caption\":\"R\u00e9servoir \u00e0 d\u00e9chets\"},{\"@type\":\"BreadcrumbList\",\"@id\":\"https:\\\/\\\/atlastoilets.com\\\/fr\\\/produit\\\/reservoir-a-dechets-pour-remorques-de-toilettes\\\/#breadcrumb\",\"itemListElement\":[{\"@type\":\"ListItem\",\"position\":1,\"name\":\"Home\",\"item\":\"https:\\\/\\\/atlastoilets.com\\\/fr\\\/\"},{\"@type\":\"ListItem\",\"position\":2,\"name\":\"Boutique\",\"item\":\"https:\\\/\\\/atlastoilets.com\\\/fr\\\/boutique\\\/\"},{\"@type\":\"ListItem\",\"position\":3,\"name\":\"R\u00e9servoir \u00e0 d\u00e9chets pour remorques de toilettes\"}]},{\"@type\":\"WebSite\",\"@id\":\"https:\\\/\\\/atlastoilets.com\\\/#website\",\"url\":\"https:\\\/\\\/atlastoilets.com\\\/\",\"name\":\"Atlas Sanitation Products\",\"description\":\"Total supplier for toilet rental companies\",\"potentialAction\":[{\"@type\":\"SearchAction\",\"target\":{\"@type\":\"EntryPoint\",\"urlTemplate\":\"https:\\\/\\\/atlastoilets.com\\\/?s={search_term_string}\"},\"query-input\":{\"@type\":\"PropertyValueSpecification\",\"valueRequired\":true,\"valueName\":\"search_term_string\"}}],\"inLanguage\":\"fr-FR\"}]}<\/script>\n<!-- \/ Yoast SEO plugin. -->","yoast_head_json":{"title":"R\u00e9servoir \u00e0 d\u00e9chets pour remorques de toilettes","description":"R\u00e9servoir \u00e0 d\u00e9chets pour remorques de toilettes. Le si\u00e8ge des toilettes est inclin\u00e9 pour une utilisation efficace de l'espace.","robots":{"index":"index","follow":"follow","max-snippet":"max-snippet:-1","max-image-preview":"max-image-preview:large","max-video-preview":"max-video-preview:-1"},"canonical":"https:\/\/atlastoilets.com\/fr\/produit\/reservoir-a-dechets-pour-remorques-de-toilettes\/","og_locale":"fr_FR","og_type":"article","og_title":"R\u00e9servoir \u00e0 d\u00e9chets pour remorques de toilettes","og_description":"R\u00e9servoir \u00e0 d\u00e9chets pour remorques de toilettes. Le si\u00e8ge des toilettes est inclin\u00e9 pour une utilisation efficace de l'espace.","og_url":"https:\/\/atlastoilets.com\/fr\/produit\/reservoir-a-dechets-pour-remorques-de-toilettes\/","og_site_name":"Atlas Sanitation Products","article_modified_time":"2022-05-23T11:22:05+00:00","og_image":[{"width":600,"height":600,"url":"https:\/\/atlastoilets.com\/wp-content\/uploads\/2022\/03\/hoektank1.jpg","type":"image\/jpeg"}],"twitter_card":"summary_large_image","schema":{"@context":"https:\/\/schema.org","@graph":[{"@type":["WebPage","ItemPage"],"@id":"https:\/\/atlastoilets.com\/fr\/produit\/reservoir-a-dechets-pour-remorques-de-toilettes\/","url":"https:\/\/atlastoilets.com\/fr\/produit\/reservoir-a-dechets-pour-remorques-de-toilettes\/","name":"R\u00e9servoir \u00e0 d\u00e9chets pour remorques de toilettes","isPartOf":{"@id":"https:\/\/atlastoilets.com\/#website"},"primaryImageOfPage":{"@id":"https:\/\/atlastoilets.com\/fr\/produit\/reservoir-a-dechets-pour-remorques-de-toilettes\/#primaryimage"},"image":{"@id":"https:\/\/atlastoilets.com\/fr\/produit\/reservoir-a-dechets-pour-remorques-de-toilettes\/#primaryimage"},"thumbnailUrl":"https:\/\/atlastoilets.com\/wp-content\/uploads\/2022\/03\/hoektank1.jpg","datePublished":"2022-03-07T13:41:25+00:00","dateModified":"2022-05-23T11:22:05+00:00","description":"R\u00e9servoir \u00e0 d\u00e9chets pour remorques de toilettes. Le si\u00e8ge des toilettes est inclin\u00e9 pour une utilisation efficace de l'espace.","breadcrumb":{"@id":"https:\/\/atlastoilets.com\/fr\/produit\/reservoir-a-dechets-pour-remorques-de-toilettes\/#breadcrumb"},"inLanguage":"fr-FR","potentialAction":[{"@type":"ReadAction","target":["https:\/\/atlastoilets.com\/fr\/produit\/reservoir-a-dechets-pour-remorques-de-toilettes\/"]}]},{"@type":"ImageObject","inLanguage":"fr-FR","@id":"https:\/\/atlastoilets.com\/fr\/produit\/reservoir-a-dechets-pour-remorques-de-toilettes\/#primaryimage","url":"https:\/\/atlastoilets.com\/wp-content\/uploads\/2022\/03\/hoektank1.jpg","contentUrl":"https:\/\/atlastoilets.com\/wp-content\/uploads\/2022\/03\/hoektank1.jpg","width":600,"height":600,"caption":"R\u00e9servoir \u00e0 d\u00e9chets"},{"@type":"BreadcrumbList","@id":"https:\/\/atlastoilets.com\/fr\/produit\/reservoir-a-dechets-pour-remorques-de-toilettes\/#breadcrumb","itemListElement":[{"@type":"ListItem","position":1,"name":"Home","item":"https:\/\/atlastoilets.com\/fr\/"},{"@type":"ListItem","position":2,"name":"Boutique","item":"https:\/\/atlastoilets.com\/fr\/boutique\/"},{"@type":"ListItem","position":3,"name":"R\u00e9servoir \u00e0 d\u00e9chets pour remorques de toilettes"}]},{"@type":"WebSite","@id":"https:\/\/atlastoilets.com\/#website","url":"https:\/\/atlastoilets.com\/","name":"Atlas Sanitation Products","description":"Total supplier for toilet rental companies","potentialAction":[{"@type":"SearchAction","target":{"@type":"EntryPoint","urlTemplate":"https:\/\/atlastoilets.com\/?s={search_term_string}"},"query-input":{"@type":"PropertyValueSpecification","valueRequired":true,"valueName":"search_term_string"}}],"inLanguage":"fr-FR"}]}},"_links":{"self":[{"href":"https:\/\/atlastoilets.com\/fr\/wp-json\/wp\/v2\/product\/20508","targetHints":{"allow":["GET"]}}],"collection":[{"href":"https:\/\/atlastoilets.com\/fr\/wp-json\/wp\/v2\/product"}],"about":[{"href":"https:\/\/atlastoilets.com\/fr\/wp-json\/wp\/v2\/types\/product"}],"wp:featuredmedia":[{"embeddable":true,"href":"https:\/\/atlastoilets.com\/fr\/wp-json\/wp\/v2\/media\/18819"}],"wp:attachment":[{"href":"https:\/\/atlastoilets.com\/fr\/wp-json\/wp\/v2\/media?parent=20508"}],"wp:term":[{"taxonomy":"product_brand","embeddable":true,"href":"https:\/\/atlastoilets.com\/fr\/wp-json\/wp\/v2\/product_brand?post=20508"},{"taxonomy":"product_cat","embeddable":true,"href":"https:\/\/atlastoilets.com\/fr\/wp-json\/wp\/v2\/product_cat?post=20508"},{"taxonomy":"product_tag","embeddable":true,"href":"https:\/\/atlastoilets.com\/fr\/wp-json\/wp\/v2\/product_tag?post=20508"}],"curies":[{"name":"wp","href":"https:\/\/api.w.org\/{rel}","templated":true}]}}