{"id":20507,"date":"2022-03-07T13:41:25","date_gmt":"2022-03-07T13:41:25","guid":{"rendered":"https:\/\/www.mobileurinal.eu\/product\/pee-flush\/"},"modified":"2022-08-12T08:26:36","modified_gmt":"2022-08-12T08:26:36","slug":"urinoir-avec-fonction-de-chasse-d-eau","status":"publish","type":"product","link":"https:\/\/atlastoilets.com\/fr\/produit\/urinoir-avec-fonction-de-chasse-d-eau\/","title":{"rendered":"Pee flush"},"content":{"rendered":"<p>Urinoir avec fonction de chasse d&rsquo;eau, un urinoir int\u00e9gr\u00e9 avec r\u00e9servoir d&rsquo;eau douce, adapt\u00e9 aux toilettes mobiles de toutes marques et marques.<br \/>\nNotre urinoir \u00e0 eau douce r\u00e9cemment d\u00e9velopp\u00e9 est un urinoir int\u00e9gr\u00e9 qui convient aux toilettes de toutes les marques.<br \/>\nUne pompe \u00e0 pied permet de vider le r\u00e9servoir de 11,5 litres, apr\u00e8s quoi l\u2019eau est \u00e9vacu\u00e9e vers le r\u00e9servoir de r\u00e9cup\u00e9ration de la toilette.<br \/>\nEn raison de son design \u00e9lanc\u00e9, le Pee Flush ne prend que tr\u00e8s peu de place au sol, sans limiter l\u2019espace de la personne utilisant les toilettes.<\/p>\n<p>Hauteur x largeur x profondeur: 1054 x 192 x 240 mm<br \/>\nCapacit\u00e9: 11,5 litres<\/p>\n","protected":false},"excerpt":{"rendered":"<p><img loading=\"lazy\" decoding=\"async\" class=\"alignright size-full wp-image-30175\" src=\"https:\/\/atlastoilets.com\/wp-content\/uploads\/2022\/03\/Peeflush-logo-1.png\" alt=\"pee flush logo\" width=\"222\" height=\"131\" \/>Notre urinoir \u00e0 eau douce r\u00e9cemment d\u00e9velopp\u00e9 est un urinoir int\u00e9gr\u00e9 qui convient aux toilettes de toutes les marques. Une pompe \u00e0 pied permet de vider le r\u00e9servoir de 11,5 litres, apr\u00e8s quoi l\u2019eau est \u00e9vacu\u00e9e vers le r\u00e9servoir de r\u00e9cup\u00e9ration de la toilette.<\/p>\n","protected":false},"featured_media":18803,"template":"","meta":[],"product_brand":[],"product_cat":[844],"product_tag":[],"class_list":{"0":"post-20507","1":"product","2":"type-product","3":"status-publish","4":"has-post-thumbnail","6":"product_cat-urinoirs-de-1-personne","8":"first","9":"instock","10":"taxable","11":"shipping-taxable","12":"purchasable","13":"product-type-simple"},"yoast_head":"<!-- This site is optimized with the Yoast SEO plugin v27.4 - https:\/\/yoast.com\/product\/yoast-seo-wordpress\/ -->\n<title>Urinoir avec fonction de chasse d&#039;eau<\/title>\n<meta name=\"description\" content=\"Urinoir avec fonction de chasse d&#039;eau, urinoir int\u00e9gr\u00e9 avec r\u00e9servoir d&#039;eau douce, adapt\u00e9 aux toilettes mobiles de toutes marques et marques\" \/>\n<meta name=\"robots\" content=\"index, follow, max-snippet:-1, max-image-preview:large, max-video-preview:-1\" \/>\n<link rel=\"canonical\" href=\"https:\/\/atlastoilets.com\/fr\/produit\/urinoir-avec-fonction-de-chasse-d-eau\/\" \/>\n<meta property=\"og:locale\" content=\"fr_FR\" \/>\n<meta property=\"og:type\" content=\"article\" \/>\n<meta property=\"og:title\" content=\"Urinoir avec fonction de chasse d&#039;eau\" \/>\n<meta property=\"og:description\" content=\"Urinoir avec fonction de chasse d&#039;eau, urinoir int\u00e9gr\u00e9 avec r\u00e9servoir d&#039;eau douce, adapt\u00e9 aux toilettes mobiles de toutes marques et marques\" \/>\n<meta property=\"og:url\" content=\"https:\/\/atlastoilets.com\/fr\/produit\/urinoir-avec-fonction-de-chasse-d-eau\/\" \/>\n<meta property=\"og:site_name\" content=\"Atlas Sanitation Products\" \/>\n<meta property=\"article:modified_time\" content=\"2022-08-12T08:26:36+00:00\" \/>\n<meta property=\"og:image\" content=\"https:\/\/atlastoilets.com\/wp-content\/uploads\/2022\/03\/pee-flush.jpg\" \/>\n\t<meta property=\"og:image:width\" content=\"1000\" \/>\n\t<meta property=\"og:image:height\" content=\"1000\" \/>\n\t<meta property=\"og:image:type\" content=\"image\/jpeg\" \/>\n<meta name=\"twitter:card\" content=\"summary_large_image\" \/>\n<meta name=\"twitter:label1\" content=\"Dur\u00e9e de lecture estim\u00e9e\" \/>\n\t<meta name=\"twitter:data1\" content=\"1 minute\" \/>\n<script type=\"application\/ld+json\" class=\"yoast-schema-graph\">{\"@context\":\"https:\\\/\\\/schema.org\",\"@graph\":[{\"@type\":[\"WebPage\",\"ItemPage\"],\"@id\":\"https:\\\/\\\/atlastoilets.com\\\/fr\\\/produit\\\/urinoir-avec-fonction-de-chasse-d-eau\\\/\",\"url\":\"https:\\\/\\\/atlastoilets.com\\\/fr\\\/produit\\\/urinoir-avec-fonction-de-chasse-d-eau\\\/\",\"name\":\"Urinoir avec fonction de chasse d'eau\",\"isPartOf\":{\"@id\":\"https:\\\/\\\/atlastoilets.com\\\/#website\"},\"primaryImageOfPage\":{\"@id\":\"https:\\\/\\\/atlastoilets.com\\\/fr\\\/produit\\\/urinoir-avec-fonction-de-chasse-d-eau\\\/#primaryimage\"},\"image\":{\"@id\":\"https:\\\/\\\/atlastoilets.com\\\/fr\\\/produit\\\/urinoir-avec-fonction-de-chasse-d-eau\\\/#primaryimage\"},\"thumbnailUrl\":\"https:\\\/\\\/atlastoilets.com\\\/wp-content\\\/uploads\\\/2022\\\/03\\\/pee-flush.jpg\",\"datePublished\":\"2022-03-07T13:41:25+00:00\",\"dateModified\":\"2022-08-12T08:26:36+00:00\",\"description\":\"Urinoir avec fonction de chasse d'eau, urinoir int\u00e9gr\u00e9 avec r\u00e9servoir d'eau douce, adapt\u00e9 aux toilettes mobiles de toutes marques et marques\",\"breadcrumb\":{\"@id\":\"https:\\\/\\\/atlastoilets.com\\\/fr\\\/produit\\\/urinoir-avec-fonction-de-chasse-d-eau\\\/#breadcrumb\"},\"inLanguage\":\"fr-FR\",\"potentialAction\":[{\"@type\":\"ReadAction\",\"target\":[\"https:\\\/\\\/atlastoilets.com\\\/fr\\\/produit\\\/urinoir-avec-fonction-de-chasse-d-eau\\\/\"]}]},{\"@type\":\"ImageObject\",\"inLanguage\":\"fr-FR\",\"@id\":\"https:\\\/\\\/atlastoilets.com\\\/fr\\\/produit\\\/urinoir-avec-fonction-de-chasse-d-eau\\\/#primaryimage\",\"url\":\"https:\\\/\\\/atlastoilets.com\\\/wp-content\\\/uploads\\\/2022\\\/03\\\/pee-flush.jpg\",\"contentUrl\":\"https:\\\/\\\/atlastoilets.com\\\/wp-content\\\/uploads\\\/2022\\\/03\\\/pee-flush.jpg\",\"width\":1000,\"height\":1000,\"caption\":\"Urinoir avec fonction de chasse d'eau\"},{\"@type\":\"BreadcrumbList\",\"@id\":\"https:\\\/\\\/atlastoilets.com\\\/fr\\\/produit\\\/urinoir-avec-fonction-de-chasse-d-eau\\\/#breadcrumb\",\"itemListElement\":[{\"@type\":\"ListItem\",\"position\":1,\"name\":\"Home\",\"item\":\"https:\\\/\\\/atlastoilets.com\\\/fr\\\/\"},{\"@type\":\"ListItem\",\"position\":2,\"name\":\"Boutique\",\"item\":\"https:\\\/\\\/atlastoilets.com\\\/fr\\\/boutique\\\/\"},{\"@type\":\"ListItem\",\"position\":3,\"name\":\"Pee flush\"}]},{\"@type\":\"WebSite\",\"@id\":\"https:\\\/\\\/atlastoilets.com\\\/#website\",\"url\":\"https:\\\/\\\/atlastoilets.com\\\/\",\"name\":\"Atlas Sanitation Products\",\"description\":\"Total supplier for toilet rental companies\",\"potentialAction\":[{\"@type\":\"SearchAction\",\"target\":{\"@type\":\"EntryPoint\",\"urlTemplate\":\"https:\\\/\\\/atlastoilets.com\\\/?s={search_term_string}\"},\"query-input\":{\"@type\":\"PropertyValueSpecification\",\"valueRequired\":true,\"valueName\":\"search_term_string\"}}],\"inLanguage\":\"fr-FR\"}]}<\/script>\n<!-- \/ Yoast SEO plugin. -->","yoast_head_json":{"title":"Urinoir avec fonction de chasse d'eau","description":"Urinoir avec fonction de chasse d'eau, urinoir int\u00e9gr\u00e9 avec r\u00e9servoir d'eau douce, adapt\u00e9 aux toilettes mobiles de toutes marques et marques","robots":{"index":"index","follow":"follow","max-snippet":"max-snippet:-1","max-image-preview":"max-image-preview:large","max-video-preview":"max-video-preview:-1"},"canonical":"https:\/\/atlastoilets.com\/fr\/produit\/urinoir-avec-fonction-de-chasse-d-eau\/","og_locale":"fr_FR","og_type":"article","og_title":"Urinoir avec fonction de chasse d'eau","og_description":"Urinoir avec fonction de chasse d'eau, urinoir int\u00e9gr\u00e9 avec r\u00e9servoir d'eau douce, adapt\u00e9 aux toilettes mobiles de toutes marques et marques","og_url":"https:\/\/atlastoilets.com\/fr\/produit\/urinoir-avec-fonction-de-chasse-d-eau\/","og_site_name":"Atlas Sanitation Products","article_modified_time":"2022-08-12T08:26:36+00:00","og_image":[{"width":1000,"height":1000,"url":"https:\/\/atlastoilets.com\/wp-content\/uploads\/2022\/03\/pee-flush.jpg","type":"image\/jpeg"}],"twitter_card":"summary_large_image","twitter_misc":{"Dur\u00e9e de lecture estim\u00e9e":"1 minute"},"schema":{"@context":"https:\/\/schema.org","@graph":[{"@type":["WebPage","ItemPage"],"@id":"https:\/\/atlastoilets.com\/fr\/produit\/urinoir-avec-fonction-de-chasse-d-eau\/","url":"https:\/\/atlastoilets.com\/fr\/produit\/urinoir-avec-fonction-de-chasse-d-eau\/","name":"Urinoir avec fonction de chasse d'eau","isPartOf":{"@id":"https:\/\/atlastoilets.com\/#website"},"primaryImageOfPage":{"@id":"https:\/\/atlastoilets.com\/fr\/produit\/urinoir-avec-fonction-de-chasse-d-eau\/#primaryimage"},"image":{"@id":"https:\/\/atlastoilets.com\/fr\/produit\/urinoir-avec-fonction-de-chasse-d-eau\/#primaryimage"},"thumbnailUrl":"https:\/\/atlastoilets.com\/wp-content\/uploads\/2022\/03\/pee-flush.jpg","datePublished":"2022-03-07T13:41:25+00:00","dateModified":"2022-08-12T08:26:36+00:00","description":"Urinoir avec fonction de chasse d'eau, urinoir int\u00e9gr\u00e9 avec r\u00e9servoir d'eau douce, adapt\u00e9 aux toilettes mobiles de toutes marques et marques","breadcrumb":{"@id":"https:\/\/atlastoilets.com\/fr\/produit\/urinoir-avec-fonction-de-chasse-d-eau\/#breadcrumb"},"inLanguage":"fr-FR","potentialAction":[{"@type":"ReadAction","target":["https:\/\/atlastoilets.com\/fr\/produit\/urinoir-avec-fonction-de-chasse-d-eau\/"]}]},{"@type":"ImageObject","inLanguage":"fr-FR","@id":"https:\/\/atlastoilets.com\/fr\/produit\/urinoir-avec-fonction-de-chasse-d-eau\/#primaryimage","url":"https:\/\/atlastoilets.com\/wp-content\/uploads\/2022\/03\/pee-flush.jpg","contentUrl":"https:\/\/atlastoilets.com\/wp-content\/uploads\/2022\/03\/pee-flush.jpg","width":1000,"height":1000,"caption":"Urinoir avec fonction de chasse d'eau"},{"@type":"BreadcrumbList","@id":"https:\/\/atlastoilets.com\/fr\/produit\/urinoir-avec-fonction-de-chasse-d-eau\/#breadcrumb","itemListElement":[{"@type":"ListItem","position":1,"name":"Home","item":"https:\/\/atlastoilets.com\/fr\/"},{"@type":"ListItem","position":2,"name":"Boutique","item":"https:\/\/atlastoilets.com\/fr\/boutique\/"},{"@type":"ListItem","position":3,"name":"Pee flush"}]},{"@type":"WebSite","@id":"https:\/\/atlastoilets.com\/#website","url":"https:\/\/atlastoilets.com\/","name":"Atlas Sanitation Products","description":"Total supplier for toilet rental companies","potentialAction":[{"@type":"SearchAction","target":{"@type":"EntryPoint","urlTemplate":"https:\/\/atlastoilets.com\/?s={search_term_string}"},"query-input":{"@type":"PropertyValueSpecification","valueRequired":true,"valueName":"search_term_string"}}],"inLanguage":"fr-FR"}]}},"_links":{"self":[{"href":"https:\/\/atlastoilets.com\/fr\/wp-json\/wp\/v2\/product\/20507","targetHints":{"allow":["GET"]}}],"collection":[{"href":"https:\/\/atlastoilets.com\/fr\/wp-json\/wp\/v2\/product"}],"about":[{"href":"https:\/\/atlastoilets.com\/fr\/wp-json\/wp\/v2\/types\/product"}],"wp:featuredmedia":[{"embeddable":true,"href":"https:\/\/atlastoilets.com\/fr\/wp-json\/wp\/v2\/media\/18803"}],"wp:attachment":[{"href":"https:\/\/atlastoilets.com\/fr\/wp-json\/wp\/v2\/media?parent=20507"}],"wp:term":[{"taxonomy":"product_brand","embeddable":true,"href":"https:\/\/atlastoilets.com\/fr\/wp-json\/wp\/v2\/product_brand?post=20507"},{"taxonomy":"product_cat","embeddable":true,"href":"https:\/\/atlastoilets.com\/fr\/wp-json\/wp\/v2\/product_cat?post=20507"},{"taxonomy":"product_tag","embeddable":true,"href":"https:\/\/atlastoilets.com\/fr\/wp-json\/wp\/v2\/product_tag?post=20507"}],"curies":[{"name":"wp","href":"https:\/\/api.w.org\/{rel}","templated":true}]}}