{"id":20505,"date":"2022-03-07T13:41:25","date_gmt":"2022-03-07T13:41:25","guid":{"rendered":"https:\/\/www.mobileurinal.eu\/product\/pastilles-pour-urinoirs-avec-parfum-citron\/"},"modified":"2022-05-24T11:29:50","modified_gmt":"2022-05-24T11:29:50","slug":"pastilles-pour-urinoirs","status":"publish","type":"product","link":"https:\/\/atlastoilets.com\/fr\/produit\/pastilles-pour-urinoirs\/","title":{"rendered":"Pastilles pour urinoirs avec parfum citron"},"content":{"rendered":"<p>Pastilles pour urinoirs solubles dans l&rsquo;eau avec un parfum de citron fort qui maintiennent les pi\u00e8ges et les tuyaux d&rsquo;urinoir propres, sans odeur.<br \/>\nChaque fois que l&rsquo;urinoir est utilis\u00e9, l&rsquo;adoucisseur d&rsquo;eau et les produits de nettoyage sont livr\u00e9s dans le pi\u00e8ge pour nettoyer et entretenir les tuyauteries pour pr\u00e9venir les odeurs et les blocages.<br \/>\nUn seau contient env. 50 blocs d&rsquo;urinoir.<\/p>\n","protected":false},"excerpt":{"rendered":"<p>Pastilles pour urinoirs solubles dans l&rsquo;eau avec un parfum de citron fort qui maintiennent les pi\u00e8ges et les tuyaux d&rsquo;urinoir propres, sans odeur.<br \/>\nChaque fois que l&rsquo;urinoir est utilis\u00e9, l&rsquo;adoucisseur d&rsquo;eau et les produits de nettoyage sont livr\u00e9s dans le pi\u00e8ge pour nettoyer et entretenir les tuyauteries pour pr\u00e9venir les odeurs et les blocages.<br \/>\nUn seau contient env. 50 blocs d&rsquo;urinoir.<\/p>\n","protected":false},"featured_media":18795,"template":"","meta":[],"product_brand":[],"product_cat":[954],"product_tag":[],"class_list":{"0":"post-20505","1":"product","2":"type-product","3":"status-publish","4":"has-post-thumbnail","6":"product_cat-cubes-urinoir","8":"first","9":"instock","10":"taxable","11":"shipping-taxable","12":"purchasable","13":"product-type-simple"},"yoast_head":"<!-- This site is optimized with the Yoast SEO plugin v27.4 - https:\/\/yoast.com\/product\/yoast-seo-wordpress\/ -->\n<title>Pastilles pour urinoirs solubles dans l&#039;eau avec un parfum de citron fort<\/title>\n<meta name=\"description\" content=\"Pastilles pour urinoirs solubles dans l&#039;eau avec un parfum de citron fort qui maintiennent les pi\u00e8ges et les tuyaux d&#039;urinoir propres\" \/>\n<meta name=\"robots\" content=\"index, follow, max-snippet:-1, max-image-preview:large, max-video-preview:-1\" \/>\n<link rel=\"canonical\" href=\"https:\/\/atlastoilets.com\/fr\/produit\/pastilles-pour-urinoirs\/\" \/>\n<meta property=\"og:locale\" content=\"fr_FR\" \/>\n<meta property=\"og:type\" content=\"article\" \/>\n<meta property=\"og:title\" content=\"Pastilles pour urinoirs solubles dans l&#039;eau avec un parfum de citron fort\" \/>\n<meta property=\"og:description\" content=\"Pastilles pour urinoirs solubles dans l&#039;eau avec un parfum de citron fort qui maintiennent les pi\u00e8ges et les tuyaux d&#039;urinoir propres\" \/>\n<meta property=\"og:url\" content=\"https:\/\/atlastoilets.com\/fr\/produit\/pastilles-pour-urinoirs\/\" \/>\n<meta property=\"og:site_name\" content=\"Atlas Sanitation Products\" \/>\n<meta property=\"article:modified_time\" content=\"2022-05-24T11:29:50+00:00\" \/>\n<meta property=\"og:image\" content=\"https:\/\/atlastoilets.com\/wp-content\/uploads\/2022\/03\/urinal-blocks-lemon-bucket.jpg\" \/>\n\t<meta property=\"og:image:width\" content=\"1000\" \/>\n\t<meta property=\"og:image:height\" content=\"1000\" \/>\n\t<meta property=\"og:image:type\" content=\"image\/jpeg\" \/>\n<meta name=\"twitter:card\" content=\"summary_large_image\" \/>\n<script type=\"application\/ld+json\" class=\"yoast-schema-graph\">{\"@context\":\"https:\\\/\\\/schema.org\",\"@graph\":[{\"@type\":[\"WebPage\",\"ItemPage\"],\"@id\":\"https:\\\/\\\/atlastoilets.com\\\/fr\\\/produit\\\/pastilles-pour-urinoirs\\\/\",\"url\":\"https:\\\/\\\/atlastoilets.com\\\/fr\\\/produit\\\/pastilles-pour-urinoirs\\\/\",\"name\":\"Pastilles pour urinoirs solubles dans l'eau avec un parfum de citron fort\",\"isPartOf\":{\"@id\":\"https:\\\/\\\/atlastoilets.com\\\/#website\"},\"primaryImageOfPage\":{\"@id\":\"https:\\\/\\\/atlastoilets.com\\\/fr\\\/produit\\\/pastilles-pour-urinoirs\\\/#primaryimage\"},\"image\":{\"@id\":\"https:\\\/\\\/atlastoilets.com\\\/fr\\\/produit\\\/pastilles-pour-urinoirs\\\/#primaryimage\"},\"thumbnailUrl\":\"https:\\\/\\\/atlastoilets.com\\\/wp-content\\\/uploads\\\/2022\\\/03\\\/urinal-blocks-lemon-bucket.jpg\",\"datePublished\":\"2022-03-07T13:41:25+00:00\",\"dateModified\":\"2022-05-24T11:29:50+00:00\",\"description\":\"Pastilles pour urinoirs solubles dans l'eau avec un parfum de citron fort qui maintiennent les pi\u00e8ges et les tuyaux d'urinoir propres\",\"breadcrumb\":{\"@id\":\"https:\\\/\\\/atlastoilets.com\\\/fr\\\/produit\\\/pastilles-pour-urinoirs\\\/#breadcrumb\"},\"inLanguage\":\"fr-FR\",\"potentialAction\":[{\"@type\":\"ReadAction\",\"target\":[\"https:\\\/\\\/atlastoilets.com\\\/fr\\\/produit\\\/pastilles-pour-urinoirs\\\/\"]}]},{\"@type\":\"ImageObject\",\"inLanguage\":\"fr-FR\",\"@id\":\"https:\\\/\\\/atlastoilets.com\\\/fr\\\/produit\\\/pastilles-pour-urinoirs\\\/#primaryimage\",\"url\":\"https:\\\/\\\/atlastoilets.com\\\/wp-content\\\/uploads\\\/2022\\\/03\\\/urinal-blocks-lemon-bucket.jpg\",\"contentUrl\":\"https:\\\/\\\/atlastoilets.com\\\/wp-content\\\/uploads\\\/2022\\\/03\\\/urinal-blocks-lemon-bucket.jpg\",\"width\":1000,\"height\":1000,\"caption\":\"Pastilles pour urinoirs\"},{\"@type\":\"BreadcrumbList\",\"@id\":\"https:\\\/\\\/atlastoilets.com\\\/fr\\\/produit\\\/pastilles-pour-urinoirs\\\/#breadcrumb\",\"itemListElement\":[{\"@type\":\"ListItem\",\"position\":1,\"name\":\"Home\",\"item\":\"https:\\\/\\\/atlastoilets.com\\\/fr\\\/\"},{\"@type\":\"ListItem\",\"position\":2,\"name\":\"Boutique\",\"item\":\"https:\\\/\\\/atlastoilets.com\\\/fr\\\/boutique\\\/\"},{\"@type\":\"ListItem\",\"position\":3,\"name\":\"Pastilles pour urinoirs avec parfum citron\"}]},{\"@type\":\"WebSite\",\"@id\":\"https:\\\/\\\/atlastoilets.com\\\/#website\",\"url\":\"https:\\\/\\\/atlastoilets.com\\\/\",\"name\":\"Atlas Sanitation Products\",\"description\":\"Total supplier for toilet rental companies\",\"potentialAction\":[{\"@type\":\"SearchAction\",\"target\":{\"@type\":\"EntryPoint\",\"urlTemplate\":\"https:\\\/\\\/atlastoilets.com\\\/?s={search_term_string}\"},\"query-input\":{\"@type\":\"PropertyValueSpecification\",\"valueRequired\":true,\"valueName\":\"search_term_string\"}}],\"inLanguage\":\"fr-FR\"}]}<\/script>\n<!-- \/ Yoast SEO plugin. -->","yoast_head_json":{"title":"Pastilles pour urinoirs solubles dans l'eau avec un parfum de citron fort","description":"Pastilles pour urinoirs solubles dans l'eau avec un parfum de citron fort qui maintiennent les pi\u00e8ges et les tuyaux d'urinoir propres","robots":{"index":"index","follow":"follow","max-snippet":"max-snippet:-1","max-image-preview":"max-image-preview:large","max-video-preview":"max-video-preview:-1"},"canonical":"https:\/\/atlastoilets.com\/fr\/produit\/pastilles-pour-urinoirs\/","og_locale":"fr_FR","og_type":"article","og_title":"Pastilles pour urinoirs solubles dans l'eau avec un parfum de citron fort","og_description":"Pastilles pour urinoirs solubles dans l'eau avec un parfum de citron fort qui maintiennent les pi\u00e8ges et les tuyaux d'urinoir propres","og_url":"https:\/\/atlastoilets.com\/fr\/produit\/pastilles-pour-urinoirs\/","og_site_name":"Atlas Sanitation Products","article_modified_time":"2022-05-24T11:29:50+00:00","og_image":[{"width":1000,"height":1000,"url":"https:\/\/atlastoilets.com\/wp-content\/uploads\/2022\/03\/urinal-blocks-lemon-bucket.jpg","type":"image\/jpeg"}],"twitter_card":"summary_large_image","schema":{"@context":"https:\/\/schema.org","@graph":[{"@type":["WebPage","ItemPage"],"@id":"https:\/\/atlastoilets.com\/fr\/produit\/pastilles-pour-urinoirs\/","url":"https:\/\/atlastoilets.com\/fr\/produit\/pastilles-pour-urinoirs\/","name":"Pastilles pour urinoirs solubles dans l'eau avec un parfum de citron fort","isPartOf":{"@id":"https:\/\/atlastoilets.com\/#website"},"primaryImageOfPage":{"@id":"https:\/\/atlastoilets.com\/fr\/produit\/pastilles-pour-urinoirs\/#primaryimage"},"image":{"@id":"https:\/\/atlastoilets.com\/fr\/produit\/pastilles-pour-urinoirs\/#primaryimage"},"thumbnailUrl":"https:\/\/atlastoilets.com\/wp-content\/uploads\/2022\/03\/urinal-blocks-lemon-bucket.jpg","datePublished":"2022-03-07T13:41:25+00:00","dateModified":"2022-05-24T11:29:50+00:00","description":"Pastilles pour urinoirs solubles dans l'eau avec un parfum de citron fort qui maintiennent les pi\u00e8ges et les tuyaux d'urinoir propres","breadcrumb":{"@id":"https:\/\/atlastoilets.com\/fr\/produit\/pastilles-pour-urinoirs\/#breadcrumb"},"inLanguage":"fr-FR","potentialAction":[{"@type":"ReadAction","target":["https:\/\/atlastoilets.com\/fr\/produit\/pastilles-pour-urinoirs\/"]}]},{"@type":"ImageObject","inLanguage":"fr-FR","@id":"https:\/\/atlastoilets.com\/fr\/produit\/pastilles-pour-urinoirs\/#primaryimage","url":"https:\/\/atlastoilets.com\/wp-content\/uploads\/2022\/03\/urinal-blocks-lemon-bucket.jpg","contentUrl":"https:\/\/atlastoilets.com\/wp-content\/uploads\/2022\/03\/urinal-blocks-lemon-bucket.jpg","width":1000,"height":1000,"caption":"Pastilles pour urinoirs"},{"@type":"BreadcrumbList","@id":"https:\/\/atlastoilets.com\/fr\/produit\/pastilles-pour-urinoirs\/#breadcrumb","itemListElement":[{"@type":"ListItem","position":1,"name":"Home","item":"https:\/\/atlastoilets.com\/fr\/"},{"@type":"ListItem","position":2,"name":"Boutique","item":"https:\/\/atlastoilets.com\/fr\/boutique\/"},{"@type":"ListItem","position":3,"name":"Pastilles pour urinoirs avec parfum citron"}]},{"@type":"WebSite","@id":"https:\/\/atlastoilets.com\/#website","url":"https:\/\/atlastoilets.com\/","name":"Atlas Sanitation Products","description":"Total supplier for toilet rental companies","potentialAction":[{"@type":"SearchAction","target":{"@type":"EntryPoint","urlTemplate":"https:\/\/atlastoilets.com\/?s={search_term_string}"},"query-input":{"@type":"PropertyValueSpecification","valueRequired":true,"valueName":"search_term_string"}}],"inLanguage":"fr-FR"}]}},"_links":{"self":[{"href":"https:\/\/atlastoilets.com\/fr\/wp-json\/wp\/v2\/product\/20505","targetHints":{"allow":["GET"]}}],"collection":[{"href":"https:\/\/atlastoilets.com\/fr\/wp-json\/wp\/v2\/product"}],"about":[{"href":"https:\/\/atlastoilets.com\/fr\/wp-json\/wp\/v2\/types\/product"}],"wp:featuredmedia":[{"embeddable":true,"href":"https:\/\/atlastoilets.com\/fr\/wp-json\/wp\/v2\/media\/18795"}],"wp:attachment":[{"href":"https:\/\/atlastoilets.com\/fr\/wp-json\/wp\/v2\/media?parent=20505"}],"wp:term":[{"taxonomy":"product_brand","embeddable":true,"href":"https:\/\/atlastoilets.com\/fr\/wp-json\/wp\/v2\/product_brand?post=20505"},{"taxonomy":"product_cat","embeddable":true,"href":"https:\/\/atlastoilets.com\/fr\/wp-json\/wp\/v2\/product_cat?post=20505"},{"taxonomy":"product_tag","embeddable":true,"href":"https:\/\/atlastoilets.com\/fr\/wp-json\/wp\/v2\/product_tag?post=20505"}],"curies":[{"name":"wp","href":"https:\/\/api.w.org\/{rel}","templated":true}]}}