{"id":20501,"date":"2022-03-07T13:41:25","date_gmt":"2022-03-07T13:41:25","guid":{"rendered":"https:\/\/www.mobileurinal.eu\/product\/reservoir-avec-chasse-deau-douche-fresh-flush\/"},"modified":"2022-08-11T15:06:30","modified_gmt":"2022-08-11T15:06:30","slug":"reservoir-avec-chasse-deau-douche-fresh-flush","status":"publish","type":"product","link":"https:\/\/atlastoilets.com\/fr\/produit\/reservoir-avec-chasse-deau-douche-fresh-flush\/","title":{"rendered":"R\u00e9servoir avec chasse d&rsquo;eau douche \u00ab\u00a0Fresh Flush\u00a0\u00bb"},"content":{"rendered":"<p>R\u00e9servoir de d\u00e9chets avec chasse d&rsquo;eau douche.<br \/>\nLe r\u00e9servoir \u00ab\u00a0Fresh Flush\u00a0\u00bb\u00a0complet se compose de 2 r\u00e9servoirs, un r\u00e9servoir de d\u00e9chets de 208 litres, plus un r\u00e9servoir d&rsquo;eau douce de 94 litres pour la chasse d&rsquo;eau douce.<\/p>\n","protected":false},"excerpt":{"rendered":"<p><img loading=\"lazy\" decoding=\"async\" class=\"alignright size-full wp-image-30068\" src=\"https:\/\/atlastoilets.com\/wp-content\/uploads\/2022\/03\/Fresh-Flush.png\" alt=\"\" width=\"227\" height=\"128\" \/>R\u00e9servoir de d\u00e9chets avec chasse d&rsquo;eau douche.<br \/>\nLe r\u00e9servoir \u00ab\u00a0Fresh Flush\u00a0\u00bb complet se compose de 2 r\u00e9servoirs, un r\u00e9servoir de d\u00e9chets de 208 litres, plus un r\u00e9servoir d&rsquo;eau douce de 94 litres pour la chasse d&rsquo;eau douce.<\/p>\n<p>L x P x H:\u00a0107 x 58 x 67 cm<\/p>\n","protected":false},"featured_media":18767,"template":"","meta":[],"product_brand":[],"product_cat":[910,2115],"product_tag":[1221],"class_list":{"0":"post-20501","1":"product","2":"type-product","3":"status-publish","4":"has-post-thumbnail","6":"product_cat-pieces-de-roulottes-de-chantier","7":"product_cat-reservoirs-de-toilettes","8":"product_tag-site-cabin-fr","10":"first","11":"outofstock","12":"taxable","13":"shipping-taxable","14":"purchasable","15":"product-type-simple"},"yoast_head":"<!-- This site is optimized with the Yoast SEO plugin v27.4 - https:\/\/yoast.com\/product\/yoast-seo-wordpress\/ -->\n<title>R\u00e9servoir de d\u00e9chets avec chasse d&#039;eau douche Fresh Flush<\/title>\n<meta name=\"description\" content=\"R\u00e9servoir de d\u00e9chets avec chasse d&#039;eau douche.Le r\u00e9servoir &quot;Fresh Flush&quot; plus un r\u00e9servoir d&#039;eau douce de 94 litres pour la chasse d&#039;eau douce.\" \/>\n<meta name=\"robots\" content=\"index, follow, max-snippet:-1, max-image-preview:large, max-video-preview:-1\" \/>\n<link rel=\"canonical\" href=\"https:\/\/atlastoilets.com\/produit\/fresh-water-flush\/\" \/>\n<meta property=\"og:locale\" content=\"fr_FR\" \/>\n<meta property=\"og:type\" content=\"article\" \/>\n<meta property=\"og:title\" content=\"R\u00e9servoir de d\u00e9chets avec chasse d&#039;eau douche Fresh Flush\" \/>\n<meta property=\"og:description\" content=\"R\u00e9servoir de d\u00e9chets avec chasse d&#039;eau douche.Le r\u00e9servoir &quot;Fresh Flush&quot; plus un r\u00e9servoir d&#039;eau douce de 94 litres pour la chasse d&#039;eau douce.\" \/>\n<meta property=\"og:url\" content=\"https:\/\/atlastoilets.com\/produit\/fresh-water-flush\/\" \/>\n<meta property=\"og:site_name\" content=\"Atlas Sanitation Products\" \/>\n<meta property=\"article:modified_time\" content=\"2022-08-11T15:06:30+00:00\" \/>\n<meta property=\"og:image\" content=\"https:\/\/atlastoilets.com\/wp-content\/uploads\/2022\/03\/fresh-flush-waste-tank.jpg\" \/>\n\t<meta property=\"og:image:width\" content=\"1000\" \/>\n\t<meta property=\"og:image:height\" content=\"1000\" \/>\n\t<meta property=\"og:image:type\" content=\"image\/jpeg\" \/>\n<meta name=\"twitter:card\" content=\"summary_large_image\" \/>\n<meta name=\"twitter:label1\" content=\"Dur\u00e9e de lecture estim\u00e9e\" \/>\n\t<meta name=\"twitter:data1\" content=\"1 minute\" \/>\n<script type=\"application\/ld+json\" class=\"yoast-schema-graph\">{\"@context\":\"https:\\\/\\\/schema.org\",\"@graph\":[{\"@type\":[\"WebPage\",\"ItemPage\"],\"@id\":\"https:\\\/\\\/atlastoilets.com\\\/produit\\\/fresh-water-flush\\\/\",\"url\":\"https:\\\/\\\/atlastoilets.com\\\/produit\\\/fresh-water-flush\\\/\",\"name\":\"R\u00e9servoir de d\u00e9chets avec chasse d'eau douche Fresh Flush\",\"isPartOf\":{\"@id\":\"https:\\\/\\\/atlastoilets.com\\\/#website\"},\"primaryImageOfPage\":{\"@id\":\"https:\\\/\\\/atlastoilets.com\\\/produit\\\/fresh-water-flush\\\/#primaryimage\"},\"image\":{\"@id\":\"https:\\\/\\\/atlastoilets.com\\\/produit\\\/fresh-water-flush\\\/#primaryimage\"},\"thumbnailUrl\":\"https:\\\/\\\/atlastoilets.com\\\/wp-content\\\/uploads\\\/2022\\\/03\\\/fresh-flush-waste-tank.jpg\",\"datePublished\":\"2022-03-07T13:41:25+00:00\",\"dateModified\":\"2022-08-11T15:06:30+00:00\",\"description\":\"R\u00e9servoir de d\u00e9chets avec chasse d'eau douche.Le r\u00e9servoir \\\"Fresh Flush\\\" plus un r\u00e9servoir d'eau douce de 94 litres pour la chasse d'eau douce.\",\"breadcrumb\":{\"@id\":\"https:\\\/\\\/atlastoilets.com\\\/produit\\\/fresh-water-flush\\\/#breadcrumb\"},\"inLanguage\":\"fr-FR\",\"potentialAction\":[{\"@type\":\"ReadAction\",\"target\":[\"https:\\\/\\\/atlastoilets.com\\\/produit\\\/fresh-water-flush\\\/\"]}]},{\"@type\":\"ImageObject\",\"inLanguage\":\"fr-FR\",\"@id\":\"https:\\\/\\\/atlastoilets.com\\\/produit\\\/fresh-water-flush\\\/#primaryimage\",\"url\":\"https:\\\/\\\/atlastoilets.com\\\/wp-content\\\/uploads\\\/2022\\\/03\\\/fresh-flush-waste-tank.jpg\",\"contentUrl\":\"https:\\\/\\\/atlastoilets.com\\\/wp-content\\\/uploads\\\/2022\\\/03\\\/fresh-flush-waste-tank.jpg\",\"width\":1000,\"height\":1000,\"caption\":\"Fresh water flush\"},{\"@type\":\"BreadcrumbList\",\"@id\":\"https:\\\/\\\/atlastoilets.com\\\/produit\\\/fresh-water-flush\\\/#breadcrumb\",\"itemListElement\":[{\"@type\":\"ListItem\",\"position\":1,\"name\":\"Home\",\"item\":\"https:\\\/\\\/atlastoilets.com\\\/fr\\\/\"},{\"@type\":\"ListItem\",\"position\":2,\"name\":\"Boutique\",\"item\":\"https:\\\/\\\/atlastoilets.com\\\/fr\\\/boutique\\\/\"},{\"@type\":\"ListItem\",\"position\":3,\"name\":\"R\u00e9servoir avec chasse d&#8217;eau douche &#8222;Fresh Flush&#8220;\"}]},{\"@type\":\"WebSite\",\"@id\":\"https:\\\/\\\/atlastoilets.com\\\/#website\",\"url\":\"https:\\\/\\\/atlastoilets.com\\\/\",\"name\":\"Atlas Sanitation Products\",\"description\":\"Total supplier for toilet rental companies\",\"potentialAction\":[{\"@type\":\"SearchAction\",\"target\":{\"@type\":\"EntryPoint\",\"urlTemplate\":\"https:\\\/\\\/atlastoilets.com\\\/?s={search_term_string}\"},\"query-input\":{\"@type\":\"PropertyValueSpecification\",\"valueRequired\":true,\"valueName\":\"search_term_string\"}}],\"inLanguage\":\"fr-FR\"}]}<\/script>\n<!-- \/ Yoast SEO plugin. -->","yoast_head_json":{"title":"R\u00e9servoir de d\u00e9chets avec chasse d'eau douche Fresh Flush","description":"R\u00e9servoir de d\u00e9chets avec chasse d'eau douche.Le r\u00e9servoir \"Fresh Flush\" plus un r\u00e9servoir d'eau douce de 94 litres pour la chasse d'eau douce.","robots":{"index":"index","follow":"follow","max-snippet":"max-snippet:-1","max-image-preview":"max-image-preview:large","max-video-preview":"max-video-preview:-1"},"canonical":"https:\/\/atlastoilets.com\/produit\/fresh-water-flush\/","og_locale":"fr_FR","og_type":"article","og_title":"R\u00e9servoir de d\u00e9chets avec chasse d'eau douche Fresh Flush","og_description":"R\u00e9servoir de d\u00e9chets avec chasse d'eau douche.Le r\u00e9servoir \"Fresh Flush\" plus un r\u00e9servoir d'eau douce de 94 litres pour la chasse d'eau douce.","og_url":"https:\/\/atlastoilets.com\/produit\/fresh-water-flush\/","og_site_name":"Atlas Sanitation Products","article_modified_time":"2022-08-11T15:06:30+00:00","og_image":[{"width":1000,"height":1000,"url":"https:\/\/atlastoilets.com\/wp-content\/uploads\/2022\/03\/fresh-flush-waste-tank.jpg","type":"image\/jpeg"}],"twitter_card":"summary_large_image","twitter_misc":{"Dur\u00e9e de lecture estim\u00e9e":"1 minute"},"schema":{"@context":"https:\/\/schema.org","@graph":[{"@type":["WebPage","ItemPage"],"@id":"https:\/\/atlastoilets.com\/produit\/fresh-water-flush\/","url":"https:\/\/atlastoilets.com\/produit\/fresh-water-flush\/","name":"R\u00e9servoir de d\u00e9chets avec chasse d'eau douche Fresh Flush","isPartOf":{"@id":"https:\/\/atlastoilets.com\/#website"},"primaryImageOfPage":{"@id":"https:\/\/atlastoilets.com\/produit\/fresh-water-flush\/#primaryimage"},"image":{"@id":"https:\/\/atlastoilets.com\/produit\/fresh-water-flush\/#primaryimage"},"thumbnailUrl":"https:\/\/atlastoilets.com\/wp-content\/uploads\/2022\/03\/fresh-flush-waste-tank.jpg","datePublished":"2022-03-07T13:41:25+00:00","dateModified":"2022-08-11T15:06:30+00:00","description":"R\u00e9servoir de d\u00e9chets avec chasse d'eau douche.Le r\u00e9servoir \"Fresh Flush\" plus un r\u00e9servoir d'eau douce de 94 litres pour la chasse d'eau douce.","breadcrumb":{"@id":"https:\/\/atlastoilets.com\/produit\/fresh-water-flush\/#breadcrumb"},"inLanguage":"fr-FR","potentialAction":[{"@type":"ReadAction","target":["https:\/\/atlastoilets.com\/produit\/fresh-water-flush\/"]}]},{"@type":"ImageObject","inLanguage":"fr-FR","@id":"https:\/\/atlastoilets.com\/produit\/fresh-water-flush\/#primaryimage","url":"https:\/\/atlastoilets.com\/wp-content\/uploads\/2022\/03\/fresh-flush-waste-tank.jpg","contentUrl":"https:\/\/atlastoilets.com\/wp-content\/uploads\/2022\/03\/fresh-flush-waste-tank.jpg","width":1000,"height":1000,"caption":"Fresh water flush"},{"@type":"BreadcrumbList","@id":"https:\/\/atlastoilets.com\/produit\/fresh-water-flush\/#breadcrumb","itemListElement":[{"@type":"ListItem","position":1,"name":"Home","item":"https:\/\/atlastoilets.com\/fr\/"},{"@type":"ListItem","position":2,"name":"Boutique","item":"https:\/\/atlastoilets.com\/fr\/boutique\/"},{"@type":"ListItem","position":3,"name":"R\u00e9servoir avec chasse d&#8217;eau douche &#8222;Fresh Flush&#8220;"}]},{"@type":"WebSite","@id":"https:\/\/atlastoilets.com\/#website","url":"https:\/\/atlastoilets.com\/","name":"Atlas Sanitation Products","description":"Total supplier for toilet rental companies","potentialAction":[{"@type":"SearchAction","target":{"@type":"EntryPoint","urlTemplate":"https:\/\/atlastoilets.com\/?s={search_term_string}"},"query-input":{"@type":"PropertyValueSpecification","valueRequired":true,"valueName":"search_term_string"}}],"inLanguage":"fr-FR"}]}},"_links":{"self":[{"href":"https:\/\/atlastoilets.com\/fr\/wp-json\/wp\/v2\/product\/20501","targetHints":{"allow":["GET"]}}],"collection":[{"href":"https:\/\/atlastoilets.com\/fr\/wp-json\/wp\/v2\/product"}],"about":[{"href":"https:\/\/atlastoilets.com\/fr\/wp-json\/wp\/v2\/types\/product"}],"wp:featuredmedia":[{"embeddable":true,"href":"https:\/\/atlastoilets.com\/fr\/wp-json\/wp\/v2\/media\/18767"}],"wp:attachment":[{"href":"https:\/\/atlastoilets.com\/fr\/wp-json\/wp\/v2\/media?parent=20501"}],"wp:term":[{"taxonomy":"product_brand","embeddable":true,"href":"https:\/\/atlastoilets.com\/fr\/wp-json\/wp\/v2\/product_brand?post=20501"},{"taxonomy":"product_cat","embeddable":true,"href":"https:\/\/atlastoilets.com\/fr\/wp-json\/wp\/v2\/product_cat?post=20501"},{"taxonomy":"product_tag","embeddable":true,"href":"https:\/\/atlastoilets.com\/fr\/wp-json\/wp\/v2\/product_tag?post=20501"}],"curies":[{"name":"wp","href":"https:\/\/api.w.org\/{rel}","templated":true}]}}