{"id":20494,"date":"2022-03-07T13:40:58","date_gmt":"2022-03-07T13:40:58","guid":{"rendered":"https:\/\/www.mobileurinal.eu\/product\/toilette-handicape-enhanced-access-unit-eau-de-polyportables\/"},"modified":"2023-12-11T11:15:16","modified_gmt":"2023-12-11T11:15:16","slug":"toilette-handicape-enhanced-access-unit-eau-de-polyportables","status":"publish","type":"product","link":"https:\/\/atlastoilets.com\/fr\/produit\/toilette-handicape-enhanced-access-unit-eau-de-polyportables\/","title":{"rendered":"Toilette handicap\u00e9 Enhanced Access Unit (EAU) de PolyPortables"},"content":{"rendered":"<p><span class=\"\" lang=\"fr\"><strong><em><span class=\"hps\">Tr\u00e8s accessible<\/span> <span class=\"hps\">par l&rsquo;entr\u00e9e<\/span> <span class=\"hps\">au niveau<\/span><\/em> <em><span class=\"hps\">rez de chauss\u00e9e<\/span><\/em><\/strong><\/span><\/p>\n<p><span class=\"hps\">Le toilette<\/span> <span class=\"hps\">handicap\u00e9<\/span>, Enhanced <span class=\"hps\">Access Unit<\/span> <span class=\"hps atn\">(<\/span><span class=\"\">EAU<\/span>) <span class=\"hps\">offre un acc\u00e8s pratique<\/span> <span class=\"hps\">pour les personnes<\/span> <span class=\"hps\">\u00e0 mobilit\u00e9<\/span> <span class=\"hps\">r\u00e9duite, par exemple<\/span> <span class=\"hps\">les utilisateurs<\/span> <span class=\"hps\">en fauteuil roulant.<\/span><br \/>\n<span class=\"hps\">L&rsquo;admission est<\/span> <span class=\"hps\">pratiquement<\/span> <span class=\"hps\">rez de chauss\u00e9e,<\/span> <span class=\"hps\">l&rsquo;entr\u00e9e<\/span> <span class=\"hps\">qui le rend tr\u00e8s<\/span> <span class=\"hps\">accessible.<\/span><br \/>\n<span class=\"hps\">La toilette<\/span> <span class=\"hps\">est \u00e0 l&rsquo;int\u00e9rieur<\/span> <span class=\"hps\">avec des balustrades en<\/span> <span class=\"hps\">aluminium autour<\/span>.<\/p>\n<p><span class=\"hps\">Caract\u00e9ristiques:<\/span><\/p>\n<p><span class=\"hps\">\u2022<\/span> <span class=\"hps\">Plus<\/span> <span class=\"hps\">d&rsquo;un centim\u00e8tre<\/span> <span class=\"hps\">d&rsquo;\u00e9paisseur<\/span> <span class=\"hps\">poly\u00e9thyl\u00e8ne<\/span> <span class=\"hps\">\u00e9tage<\/span> <span class=\"hps\">d&rsquo;extrusion<\/span><br \/>\n<span class=\"hps\">\u2022<\/span> <span class=\"hps\">citerne \u00e0 d\u00e9chets<\/span> <span class=\"hps\">de 40 litres<\/span><br \/>\n<span class=\"hps\">\u2022<\/span> <span class=\"hps\">si\u00e8ge de<\/span> <span class=\"hps\">toilettes<\/span> <span class=\"hps\">et le couvercle<\/span><br \/>\n<span class=\"hps\">\u2022<\/span> Porte rouleau papier toilette <span class=\"hps\">pour<\/span> <span class=\"hps\">deux rouleaux de<\/span> <span class=\"hps\">papier toilette<\/span><br \/>\n<span class=\"hps\">\u2022<\/span> <span class=\"hps\">Rampes d&rsquo;aluminium<\/span><br \/>\n<span class=\"hps\">\u2022 Porte<\/span> <span class=\"hps\">pneumatique<\/span> <span class=\"hps\">de plus pr\u00e8s,<\/span> <span class=\"hps\">pour une entr\u00e9e<\/span> <span class=\"hps\">confortable,<\/span> <span class=\"hps\">coh\u00e9rent et pr\u00e9visible<\/span><br \/>\n<span class=\"hps\">\u2022<\/span> <span class=\"hps\">Une protection suppl\u00e9mentaire<\/span> <span class=\"hps\">UV<\/span> <span class=\"hps\">assure<\/span> <span class=\"hps\">que les toilettes<\/span> <span class=\"hps\">de longs s\u00e9jours<\/span> <span class=\"hps\">comme neuf<\/span><\/p>\n<p>&nbsp;<\/p>\n<table border=\"1\" cellspacing=\"0\" cellpadding=\"0\">\n<tbody>\n<tr>\n<td valign=\"top\" width=\"284\">Hauteur<\/td>\n<td valign=\"top\" width=\"284\">220 cm<\/td>\n<\/tr>\n<tr>\n<td valign=\"top\" width=\"284\">Largeur<\/td>\n<td valign=\"top\" width=\"284\">155 cm<\/td>\n<\/tr>\n<tr>\n<td valign=\"top\" width=\"284\">Profondeur<\/td>\n<td valign=\"top\" width=\"284\">155 cm<\/td>\n<\/tr>\n<tr>\n<td valign=\"top\" width=\"284\">Porte<\/td>\n<td valign=\"top\" width=\"284\">90 x 187 cm<\/td>\n<\/tr>\n<tr>\n<td valign=\"top\" width=\"284\">Int\u00e9rieur<\/td>\n<td valign=\"top\" width=\"284\">150 x 150 cm<\/td>\n<\/tr>\n<tr>\n<td valign=\"top\" width=\"284\">Capacit\u00e9 du r\u00e9servoir<\/td>\n<td valign=\"top\" width=\"284\">151 liter<\/td>\n<\/tr>\n<tr>\n<td valign=\"top\" width=\"284\">Hauteur d&rsquo;assise<\/td>\n<td valign=\"top\" width=\"284\">49,5 cm<\/td>\n<\/tr>\n<tr>\n<td valign=\"top\" width=\"284\">Poids<\/td>\n<td valign=\"top\" width=\"284\">127 kg<\/td>\n<\/tr>\n<tr>\n<td valign=\"top\" width=\"284\">Materi\u00e9l<\/td>\n<td valign=\"top\" width=\"284\">HDPE<\/td>\n<\/tr>\n<\/tbody>\n<\/table>\n<p><span id=\"result_box\" class=\"\" lang=\"fr\"><span class=\"hps\">\u00a0<\/span><\/span><\/p>\n","protected":false},"excerpt":{"rendered":"<p><span class=\"\" lang=\"fr\"><strong><em><span class=\"hps\">Tr\u00e8s accessible<\/span> <span class=\"hps\">par l&rsquo;entr\u00e9e<\/span> <span class=\"hps\">au niveau<\/span><\/em> <em><span class=\"hps\">rez de chauss\u00e9e<\/span><\/em><\/strong><\/span><\/p>\n<p><span class=\"hps\">Le toilette<\/span> <span class=\"hps\">handicap\u00e9<\/span>, Enhanced <span class=\"hps\">Access Unit<\/span> <span class=\"hps atn\">(<\/span><span class=\"\">EAU<\/span>) <span class=\"hps\">offre un acc\u00e8s pratique<\/span> <span class=\"hps\">pour les personnes<\/span> <span class=\"hps\">\u00e0 mobilit\u00e9<\/span> <span class=\"hps\">r\u00e9duite, par exemple<\/span> <span class=\"hps\">les utilisateurs<\/span> <span class=\"hps\">en fauteuil roulant.<\/span><br \/>\n<span class=\"hps\">L&rsquo;admission est<\/span> <span class=\"hps\">pratiquement<\/span> <span class=\"hps\">rez de chauss\u00e9e,<\/span> <span class=\"hps\">l&rsquo;entr\u00e9e<\/span> <span class=\"hps\">qui le rend tr\u00e8s<\/span> <span class=\"hps\">accessible.<\/span><br \/>\n<span class=\"hps\">La toilette<\/span> <span class=\"hps\">est \u00e0 l&rsquo;int\u00e9rieur<\/span> <span class=\"hps\">avec des balustrades en<\/span> <span class=\"hps\">aluminium autour<\/span>.<\/p>\n","protected":false},"featured_media":18735,"template":"","meta":[],"product_brand":[],"product_cat":[884],"product_tag":[],"class_list":{"0":"post-20494","1":"product","2":"type-product","3":"status-publish","4":"has-post-thumbnail","6":"product_cat-toilettes-pour-handicapes","8":"first","9":"instock","10":"taxable","11":"shipping-taxable","12":"purchasable","13":"product-type-simple"},"yoast_head":"<!-- This site is optimized with the Yoast SEO plugin v27.4 - https:\/\/yoast.com\/product\/yoast-seo-wordpress\/ -->\n<title>Toilette handicap\u00e9 Enhanced Access Unit (EAU)<\/title>\n<meta name=\"robots\" content=\"index, follow, max-snippet:-1, max-image-preview:large, max-video-preview:-1\" \/>\n<link rel=\"canonical\" href=\"https:\/\/atlastoilets.com\/fr\/produit\/toilette-handicape-enhanced-access-unit-eau-de-polyportables\/\" \/>\n<meta property=\"og:locale\" content=\"fr_FR\" \/>\n<meta property=\"og:type\" content=\"article\" \/>\n<meta property=\"og:title\" content=\"Toilette handicap\u00e9 Enhanced Access Unit (EAU)\" \/>\n<meta property=\"og:description\" content=\"Tr\u00e8s accessible par l&#039;entr\u00e9e au niveau rez de chauss\u00e9e  Le toilette handicap\u00e9, Enhanced Access Unit (EAU) offre un acc\u00e8s pratique pour les personnes \u00e0 mobilit\u00e9 r\u00e9duite, par exemple les utilisateurs en fauteuil roulant. L&#039;admission est pratiquement rez de chauss\u00e9e, l&#039;entr\u00e9e qui le rend tr\u00e8s accessible. La toilette est \u00e0 l&#039;int\u00e9rieur avec des balustrades en aluminium autour.\" \/>\n<meta property=\"og:url\" content=\"https:\/\/atlastoilets.com\/fr\/produit\/toilette-handicape-enhanced-access-unit-eau-de-polyportables\/\" \/>\n<meta property=\"og:site_name\" content=\"Atlas Sanitation Products\" \/>\n<meta property=\"article:modified_time\" content=\"2023-12-11T11:15:16+00:00\" \/>\n<meta property=\"og:image\" content=\"https:\/\/atlastoilets.com\/wp-content\/uploads\/2022\/03\/PolyPortables-handicap-toilet.jpg\" \/>\n\t<meta property=\"og:image:width\" content=\"1000\" \/>\n\t<meta property=\"og:image:height\" content=\"1000\" \/>\n\t<meta property=\"og:image:type\" content=\"image\/jpeg\" \/>\n<meta name=\"twitter:card\" content=\"summary_large_image\" \/>\n<meta name=\"twitter:label1\" content=\"Dur\u00e9e de lecture estim\u00e9e\" \/>\n\t<meta name=\"twitter:data1\" content=\"1 minute\" \/>\n<script type=\"application\/ld+json\" class=\"yoast-schema-graph\">{\"@context\":\"https:\\\/\\\/schema.org\",\"@graph\":[{\"@type\":[\"WebPage\",\"ItemPage\"],\"@id\":\"https:\\\/\\\/atlastoilets.com\\\/fr\\\/produit\\\/toilette-handicape-enhanced-access-unit-eau-de-polyportables\\\/\",\"url\":\"https:\\\/\\\/atlastoilets.com\\\/fr\\\/produit\\\/toilette-handicape-enhanced-access-unit-eau-de-polyportables\\\/\",\"name\":\"Toilette handicap\u00e9 Enhanced Access Unit (EAU)\",\"isPartOf\":{\"@id\":\"https:\\\/\\\/atlastoilets.com\\\/#website\"},\"primaryImageOfPage\":{\"@id\":\"https:\\\/\\\/atlastoilets.com\\\/fr\\\/produit\\\/toilette-handicape-enhanced-access-unit-eau-de-polyportables\\\/#primaryimage\"},\"image\":{\"@id\":\"https:\\\/\\\/atlastoilets.com\\\/fr\\\/produit\\\/toilette-handicape-enhanced-access-unit-eau-de-polyportables\\\/#primaryimage\"},\"thumbnailUrl\":\"https:\\\/\\\/atlastoilets.com\\\/wp-content\\\/uploads\\\/2022\\\/03\\\/PolyPortables-handicap-toilet.jpg\",\"datePublished\":\"2022-03-07T13:40:58+00:00\",\"dateModified\":\"2023-12-11T11:15:16+00:00\",\"breadcrumb\":{\"@id\":\"https:\\\/\\\/atlastoilets.com\\\/fr\\\/produit\\\/toilette-handicape-enhanced-access-unit-eau-de-polyportables\\\/#breadcrumb\"},\"inLanguage\":\"fr-FR\",\"potentialAction\":[{\"@type\":\"ReadAction\",\"target\":[\"https:\\\/\\\/atlastoilets.com\\\/fr\\\/produit\\\/toilette-handicape-enhanced-access-unit-eau-de-polyportables\\\/\"]}]},{\"@type\":\"ImageObject\",\"inLanguage\":\"fr-FR\",\"@id\":\"https:\\\/\\\/atlastoilets.com\\\/fr\\\/produit\\\/toilette-handicape-enhanced-access-unit-eau-de-polyportables\\\/#primaryimage\",\"url\":\"https:\\\/\\\/atlastoilets.com\\\/wp-content\\\/uploads\\\/2022\\\/03\\\/PolyPortables-handicap-toilet.jpg\",\"contentUrl\":\"https:\\\/\\\/atlastoilets.com\\\/wp-content\\\/uploads\\\/2022\\\/03\\\/PolyPortables-handicap-toilet.jpg\",\"width\":1000,\"height\":1000},{\"@type\":\"BreadcrumbList\",\"@id\":\"https:\\\/\\\/atlastoilets.com\\\/fr\\\/produit\\\/toilette-handicape-enhanced-access-unit-eau-de-polyportables\\\/#breadcrumb\",\"itemListElement\":[{\"@type\":\"ListItem\",\"position\":1,\"name\":\"Home\",\"item\":\"https:\\\/\\\/atlastoilets.com\\\/fr\\\/\"},{\"@type\":\"ListItem\",\"position\":2,\"name\":\"Boutique\",\"item\":\"https:\\\/\\\/atlastoilets.com\\\/fr\\\/boutique\\\/\"},{\"@type\":\"ListItem\",\"position\":3,\"name\":\"Toilette handicap\u00e9 Enhanced Access Unit (EAU) de PolyPortables\"}]},{\"@type\":\"WebSite\",\"@id\":\"https:\\\/\\\/atlastoilets.com\\\/#website\",\"url\":\"https:\\\/\\\/atlastoilets.com\\\/\",\"name\":\"Atlas Sanitation Products\",\"description\":\"Total supplier for toilet rental companies\",\"potentialAction\":[{\"@type\":\"SearchAction\",\"target\":{\"@type\":\"EntryPoint\",\"urlTemplate\":\"https:\\\/\\\/atlastoilets.com\\\/?s={search_term_string}\"},\"query-input\":{\"@type\":\"PropertyValueSpecification\",\"valueRequired\":true,\"valueName\":\"search_term_string\"}}],\"inLanguage\":\"fr-FR\"}]}<\/script>\n<!-- \/ Yoast SEO plugin. -->","yoast_head_json":{"title":"Toilette handicap\u00e9 Enhanced Access Unit (EAU)","robots":{"index":"index","follow":"follow","max-snippet":"max-snippet:-1","max-image-preview":"max-image-preview:large","max-video-preview":"max-video-preview:-1"},"canonical":"https:\/\/atlastoilets.com\/fr\/produit\/toilette-handicape-enhanced-access-unit-eau-de-polyportables\/","og_locale":"fr_FR","og_type":"article","og_title":"Toilette handicap\u00e9 Enhanced Access Unit (EAU)","og_description":"Tr\u00e8s accessible par l'entr\u00e9e au niveau rez de chauss\u00e9e  Le toilette handicap\u00e9, Enhanced Access Unit (EAU) offre un acc\u00e8s pratique pour les personnes \u00e0 mobilit\u00e9 r\u00e9duite, par exemple les utilisateurs en fauteuil roulant. L'admission est pratiquement rez de chauss\u00e9e, l'entr\u00e9e qui le rend tr\u00e8s accessible. La toilette est \u00e0 l'int\u00e9rieur avec des balustrades en aluminium autour.","og_url":"https:\/\/atlastoilets.com\/fr\/produit\/toilette-handicape-enhanced-access-unit-eau-de-polyportables\/","og_site_name":"Atlas Sanitation Products","article_modified_time":"2023-12-11T11:15:16+00:00","og_image":[{"width":1000,"height":1000,"url":"https:\/\/atlastoilets.com\/wp-content\/uploads\/2022\/03\/PolyPortables-handicap-toilet.jpg","type":"image\/jpeg"}],"twitter_card":"summary_large_image","twitter_misc":{"Dur\u00e9e de lecture estim\u00e9e":"1 minute"},"schema":{"@context":"https:\/\/schema.org","@graph":[{"@type":["WebPage","ItemPage"],"@id":"https:\/\/atlastoilets.com\/fr\/produit\/toilette-handicape-enhanced-access-unit-eau-de-polyportables\/","url":"https:\/\/atlastoilets.com\/fr\/produit\/toilette-handicape-enhanced-access-unit-eau-de-polyportables\/","name":"Toilette handicap\u00e9 Enhanced Access Unit (EAU)","isPartOf":{"@id":"https:\/\/atlastoilets.com\/#website"},"primaryImageOfPage":{"@id":"https:\/\/atlastoilets.com\/fr\/produit\/toilette-handicape-enhanced-access-unit-eau-de-polyportables\/#primaryimage"},"image":{"@id":"https:\/\/atlastoilets.com\/fr\/produit\/toilette-handicape-enhanced-access-unit-eau-de-polyportables\/#primaryimage"},"thumbnailUrl":"https:\/\/atlastoilets.com\/wp-content\/uploads\/2022\/03\/PolyPortables-handicap-toilet.jpg","datePublished":"2022-03-07T13:40:58+00:00","dateModified":"2023-12-11T11:15:16+00:00","breadcrumb":{"@id":"https:\/\/atlastoilets.com\/fr\/produit\/toilette-handicape-enhanced-access-unit-eau-de-polyportables\/#breadcrumb"},"inLanguage":"fr-FR","potentialAction":[{"@type":"ReadAction","target":["https:\/\/atlastoilets.com\/fr\/produit\/toilette-handicape-enhanced-access-unit-eau-de-polyportables\/"]}]},{"@type":"ImageObject","inLanguage":"fr-FR","@id":"https:\/\/atlastoilets.com\/fr\/produit\/toilette-handicape-enhanced-access-unit-eau-de-polyportables\/#primaryimage","url":"https:\/\/atlastoilets.com\/wp-content\/uploads\/2022\/03\/PolyPortables-handicap-toilet.jpg","contentUrl":"https:\/\/atlastoilets.com\/wp-content\/uploads\/2022\/03\/PolyPortables-handicap-toilet.jpg","width":1000,"height":1000},{"@type":"BreadcrumbList","@id":"https:\/\/atlastoilets.com\/fr\/produit\/toilette-handicape-enhanced-access-unit-eau-de-polyportables\/#breadcrumb","itemListElement":[{"@type":"ListItem","position":1,"name":"Home","item":"https:\/\/atlastoilets.com\/fr\/"},{"@type":"ListItem","position":2,"name":"Boutique","item":"https:\/\/atlastoilets.com\/fr\/boutique\/"},{"@type":"ListItem","position":3,"name":"Toilette handicap\u00e9 Enhanced Access Unit (EAU) de PolyPortables"}]},{"@type":"WebSite","@id":"https:\/\/atlastoilets.com\/#website","url":"https:\/\/atlastoilets.com\/","name":"Atlas Sanitation Products","description":"Total supplier for toilet rental companies","potentialAction":[{"@type":"SearchAction","target":{"@type":"EntryPoint","urlTemplate":"https:\/\/atlastoilets.com\/?s={search_term_string}"},"query-input":{"@type":"PropertyValueSpecification","valueRequired":true,"valueName":"search_term_string"}}],"inLanguage":"fr-FR"}]}},"_links":{"self":[{"href":"https:\/\/atlastoilets.com\/fr\/wp-json\/wp\/v2\/product\/20494","targetHints":{"allow":["GET"]}}],"collection":[{"href":"https:\/\/atlastoilets.com\/fr\/wp-json\/wp\/v2\/product"}],"about":[{"href":"https:\/\/atlastoilets.com\/fr\/wp-json\/wp\/v2\/types\/product"}],"wp:featuredmedia":[{"embeddable":true,"href":"https:\/\/atlastoilets.com\/fr\/wp-json\/wp\/v2\/media\/18735"}],"wp:attachment":[{"href":"https:\/\/atlastoilets.com\/fr\/wp-json\/wp\/v2\/media?parent=20494"}],"wp:term":[{"taxonomy":"product_brand","embeddable":true,"href":"https:\/\/atlastoilets.com\/fr\/wp-json\/wp\/v2\/product_brand?post=20494"},{"taxonomy":"product_cat","embeddable":true,"href":"https:\/\/atlastoilets.com\/fr\/wp-json\/wp\/v2\/product_cat?post=20494"},{"taxonomy":"product_tag","embeddable":true,"href":"https:\/\/atlastoilets.com\/fr\/wp-json\/wp\/v2\/product_tag?post=20494"}],"curies":[{"name":"wp","href":"https:\/\/api.w.org\/{rel}","templated":true}]}}