{"id":20493,"date":"2022-03-07T13:40:58","date_gmt":"2022-03-07T13:40:58","guid":{"rendered":"https:\/\/www.mobileurinal.eu\/product\/station-de-lavage-des-mains-autonome-hera-en-stock\/"},"modified":"2025-03-18T13:05:39","modified_gmt":"2025-03-18T13:05:39","slug":"station-de-lavage-des-mains-compacte","status":"publish","type":"product","link":"https:\/\/atlastoilets.com\/fr\/produit\/station-de-lavage-des-mains-compacte\/","title":{"rendered":"Lave mains autonome Hera2"},"content":{"rendered":"<p><strong><em>Double station de lavage des mains compacte<\/em><\/strong><\/p>\n<p>Le Hera2 est, tout comme sa grande soeur Hera, une station de lavage des mains double.<br \/>\nLe mod\u00e8le Hera2 offre la possibilit\u00e9 de monter un \u00e9ventuel distributeur de savon ou de papier.<br \/>\n<span class=\"tlid-translation translation\" lang=\"fr\"><span class=\"\" title=\"\"><br \/>\nSur la base de 3 \u00e0 6 mouvements de pompe, le nombre d\u2019utilisations sera compris entre 200 et 375.<\/span><\/span><\/p>\n<p><span class=\"tlid-translation translation\" lang=\"fr\"><span class=\"\" title=\"\">Caract\u00e9ristiques<\/span><\/span><\/p>\n<ul>\n<li>Hauteur: 1290 mm<\/li>\n<li>Largeur: 720 mm<\/li>\n<li>Profondeur: 520 mm<\/li>\n<li>Poids: 27 kg<\/li>\n<li>Capacit\u00e9 eau douce: 75 Liter<\/li>\n<li>Capacit\u00e9 des aux us\u00e9es: 85 Liter<\/li>\n<li>Disponible en: Granite<\/li>\n<\/ul>\n<p><img loading=\"lazy\" decoding=\"async\" class=\"alignright size-full wp-image-30095\" src=\"https:\/\/atlastoilets.com\/wp-content\/uploads\/2022\/03\/LOGO-hera2-handwash-1.jpg\" alt=\"hera 2 logo\" width=\"227\" height=\"100\" \/>Le mod\u00e8le Hera2 standard est \u00e9quip\u00e9 de:<\/p>\n<ul>\n<li>Couvercle amovible<\/li>\n<li>2 pompes \u00e0 pieds pratiques<\/li>\n<li>Un grand lavabo<\/li>\n<\/ul>\n<p><strong>POUR COMPARAISON, NOS 3 UNIT\u00c9S DE LAVAGE DE MAINS HERA<br \/>\n<\/strong><\/p>\n<table>\n<tbody>\n<tr>\n<td><\/td>\n<td><strong>Hera1<\/strong><\/td>\n<td><strong>Hera2<\/strong><\/td>\n<td><strong>Hera3<\/strong><\/td>\n<\/tr>\n<tr>\n<td>De mesures (HxLxP)<\/td>\n<td>1280x600x1370mm<\/td>\n<td>720x520x1290mm<\/td>\n<td>998x575x1350MM<\/td>\n<\/tr>\n<tr>\n<td>Poids<\/td>\n<td>47<\/td>\n<td>40<\/td>\n<td>35<\/td>\n<\/tr>\n<tr>\n<td>Capacit\u00e9 d\u2019eau fra\u00eecheer<\/td>\n<td>162<\/td>\n<td>75<\/td>\n<td>100<\/td>\n<\/tr>\n<tr>\n<td>Capacit\u00e9 d\u2019eau-vannes<\/td>\n<td>178<\/td>\n<td>85<\/td>\n<td>110<\/td>\n<\/tr>\n<\/tbody>\n<\/table>\n<p>&nbsp;<\/p>\n<ul>\n<li>Des poign\u00e9es pour une mise en place et un d\u00e9placement ais\u00e9s<\/li>\n<\/ul>\n","protected":false},"excerpt":{"rendered":"<p><img loading=\"lazy\" decoding=\"async\" class=\"alignright size-full wp-image-30095\" src=\"https:\/\/atlastoilets.com\/wp-content\/uploads\/2022\/03\/LOGO-hera2-handwash-1.jpg\" alt=\"hera 2 logo\" width=\"227\" height=\"100\" \/>Le Hera2 est, tout comme sa grande soeur Hera, une station de lavage des mains double.<br \/>\nLe mod\u00e8le Hera2 offre la possibilit\u00e9 de monter un \u00e9ventuel distributeur de savon ou de papier.<\/p>\n","protected":false},"featured_media":18295,"template":"","meta":[],"product_brand":[],"product_cat":[836,856,886],"product_tag":[1008,1009,1015],"class_list":{"0":"post-20493","1":"product","2":"type-product","3":"status-publish","4":"has-post-thumbnail","6":"product_cat-produits-dhygiene","7":"product_cat-stations-de-lavage-des-mains","8":"product_cat-stations-de-lavage-des-mains-autonomes","9":"product_tag-handwash-fr","10":"product_tag-hygiene-fr","11":"product_tag-whale-fr","13":"first","14":"outofstock","15":"taxable","16":"shipping-taxable","17":"purchasable","18":"product-type-simple"},"yoast_head":"<!-- This site is optimized with the Yoast SEO plugin v27.4 - https:\/\/yoast.com\/product\/yoast-seo-wordpress\/ -->\n<title>Double station de lavage des mains compacte<\/title>\n<meta name=\"description\" content=\"Double station de lavage des mains compacte. Le mod\u00e8le Hera2 offre la possibilit\u00e9 de monter un \u00e9ventuel distributeur de savon ou de papier.\" \/>\n<meta name=\"robots\" content=\"index, follow, max-snippet:-1, max-image-preview:large, max-video-preview:-1\" \/>\n<link rel=\"canonical\" href=\"https:\/\/atlastoilets.com\/fr\/produit\/station-de-lavage-des-mains-compacte\/\" \/>\n<meta property=\"og:locale\" content=\"fr_FR\" \/>\n<meta property=\"og:type\" content=\"article\" \/>\n<meta property=\"og:title\" content=\"Double station de lavage des mains compacte\" \/>\n<meta property=\"og:description\" content=\"Double station de lavage des mains compacte. Le mod\u00e8le Hera2 offre la possibilit\u00e9 de monter un \u00e9ventuel distributeur de savon ou de papier.\" \/>\n<meta property=\"og:url\" content=\"https:\/\/atlastoilets.com\/fr\/produit\/station-de-lavage-des-mains-compacte\/\" \/>\n<meta property=\"og:site_name\" content=\"Atlas Sanitation Products\" \/>\n<meta property=\"article:modified_time\" content=\"2025-03-18T13:05:39+00:00\" \/>\n<meta property=\"og:image\" content=\"https:\/\/atlastoilets.com\/wp-content\/uploads\/2022\/03\/Hera2-hand-wash.jpg\" \/>\n\t<meta property=\"og:image:width\" content=\"1000\" \/>\n\t<meta property=\"og:image:height\" content=\"1000\" \/>\n\t<meta property=\"og:image:type\" content=\"image\/jpeg\" \/>\n<meta name=\"twitter:card\" content=\"summary_large_image\" \/>\n<meta name=\"twitter:label1\" content=\"Dur\u00e9e de lecture estim\u00e9e\" \/>\n\t<meta name=\"twitter:data1\" content=\"2 minutes\" \/>\n<script type=\"application\/ld+json\" class=\"yoast-schema-graph\">{\"@context\":\"https:\\\/\\\/schema.org\",\"@graph\":[{\"@type\":[\"WebPage\",\"ItemPage\"],\"@id\":\"https:\\\/\\\/atlastoilets.com\\\/fr\\\/produit\\\/station-de-lavage-des-mains-compacte\\\/\",\"url\":\"https:\\\/\\\/atlastoilets.com\\\/fr\\\/produit\\\/station-de-lavage-des-mains-compacte\\\/\",\"name\":\"Double station de lavage des mains compacte\",\"isPartOf\":{\"@id\":\"https:\\\/\\\/atlastoilets.com\\\/#website\"},\"primaryImageOfPage\":{\"@id\":\"https:\\\/\\\/atlastoilets.com\\\/fr\\\/produit\\\/station-de-lavage-des-mains-compacte\\\/#primaryimage\"},\"image\":{\"@id\":\"https:\\\/\\\/atlastoilets.com\\\/fr\\\/produit\\\/station-de-lavage-des-mains-compacte\\\/#primaryimage\"},\"thumbnailUrl\":\"https:\\\/\\\/atlastoilets.com\\\/wp-content\\\/uploads\\\/2022\\\/03\\\/Hera2-hand-wash.jpg\",\"datePublished\":\"2022-03-07T13:40:58+00:00\",\"dateModified\":\"2025-03-18T13:05:39+00:00\",\"description\":\"Double station de lavage des mains compacte. Le mod\u00e8le Hera2 offre la possibilit\u00e9 de monter un \u00e9ventuel distributeur de savon ou de papier.\",\"breadcrumb\":{\"@id\":\"https:\\\/\\\/atlastoilets.com\\\/fr\\\/produit\\\/station-de-lavage-des-mains-compacte\\\/#breadcrumb\"},\"inLanguage\":\"fr-FR\",\"potentialAction\":[{\"@type\":\"ReadAction\",\"target\":[\"https:\\\/\\\/atlastoilets.com\\\/fr\\\/produit\\\/station-de-lavage-des-mains-compacte\\\/\"]}]},{\"@type\":\"ImageObject\",\"inLanguage\":\"fr-FR\",\"@id\":\"https:\\\/\\\/atlastoilets.com\\\/fr\\\/produit\\\/station-de-lavage-des-mains-compacte\\\/#primaryimage\",\"url\":\"https:\\\/\\\/atlastoilets.com\\\/wp-content\\\/uploads\\\/2022\\\/03\\\/Hera2-hand-wash.jpg\",\"contentUrl\":\"https:\\\/\\\/atlastoilets.com\\\/wp-content\\\/uploads\\\/2022\\\/03\\\/Hera2-hand-wash.jpg\",\"width\":1000,\"height\":1000,\"caption\":\"dubbele handwas unit hera 2\"},{\"@type\":\"BreadcrumbList\",\"@id\":\"https:\\\/\\\/atlastoilets.com\\\/fr\\\/produit\\\/station-de-lavage-des-mains-compacte\\\/#breadcrumb\",\"itemListElement\":[{\"@type\":\"ListItem\",\"position\":1,\"name\":\"Home\",\"item\":\"https:\\\/\\\/atlastoilets.com\\\/fr\\\/\"},{\"@type\":\"ListItem\",\"position\":2,\"name\":\"Boutique\",\"item\":\"https:\\\/\\\/atlastoilets.com\\\/fr\\\/boutique\\\/\"},{\"@type\":\"ListItem\",\"position\":3,\"name\":\"Lave mains autonome Hera2\"}]},{\"@type\":\"WebSite\",\"@id\":\"https:\\\/\\\/atlastoilets.com\\\/#website\",\"url\":\"https:\\\/\\\/atlastoilets.com\\\/\",\"name\":\"Atlas Sanitation Products\",\"description\":\"Total supplier for toilet rental companies\",\"potentialAction\":[{\"@type\":\"SearchAction\",\"target\":{\"@type\":\"EntryPoint\",\"urlTemplate\":\"https:\\\/\\\/atlastoilets.com\\\/?s={search_term_string}\"},\"query-input\":{\"@type\":\"PropertyValueSpecification\",\"valueRequired\":true,\"valueName\":\"search_term_string\"}}],\"inLanguage\":\"fr-FR\"}]}<\/script>\n<!-- \/ Yoast SEO plugin. -->","yoast_head_json":{"title":"Double station de lavage des mains compacte","description":"Double station de lavage des mains compacte. Le mod\u00e8le Hera2 offre la possibilit\u00e9 de monter un \u00e9ventuel distributeur de savon ou de papier.","robots":{"index":"index","follow":"follow","max-snippet":"max-snippet:-1","max-image-preview":"max-image-preview:large","max-video-preview":"max-video-preview:-1"},"canonical":"https:\/\/atlastoilets.com\/fr\/produit\/station-de-lavage-des-mains-compacte\/","og_locale":"fr_FR","og_type":"article","og_title":"Double station de lavage des mains compacte","og_description":"Double station de lavage des mains compacte. Le mod\u00e8le Hera2 offre la possibilit\u00e9 de monter un \u00e9ventuel distributeur de savon ou de papier.","og_url":"https:\/\/atlastoilets.com\/fr\/produit\/station-de-lavage-des-mains-compacte\/","og_site_name":"Atlas Sanitation Products","article_modified_time":"2025-03-18T13:05:39+00:00","og_image":[{"width":1000,"height":1000,"url":"https:\/\/atlastoilets.com\/wp-content\/uploads\/2022\/03\/Hera2-hand-wash.jpg","type":"image\/jpeg"}],"twitter_card":"summary_large_image","twitter_misc":{"Dur\u00e9e de lecture estim\u00e9e":"2 minutes"},"schema":{"@context":"https:\/\/schema.org","@graph":[{"@type":["WebPage","ItemPage"],"@id":"https:\/\/atlastoilets.com\/fr\/produit\/station-de-lavage-des-mains-compacte\/","url":"https:\/\/atlastoilets.com\/fr\/produit\/station-de-lavage-des-mains-compacte\/","name":"Double station de lavage des mains compacte","isPartOf":{"@id":"https:\/\/atlastoilets.com\/#website"},"primaryImageOfPage":{"@id":"https:\/\/atlastoilets.com\/fr\/produit\/station-de-lavage-des-mains-compacte\/#primaryimage"},"image":{"@id":"https:\/\/atlastoilets.com\/fr\/produit\/station-de-lavage-des-mains-compacte\/#primaryimage"},"thumbnailUrl":"https:\/\/atlastoilets.com\/wp-content\/uploads\/2022\/03\/Hera2-hand-wash.jpg","datePublished":"2022-03-07T13:40:58+00:00","dateModified":"2025-03-18T13:05:39+00:00","description":"Double station de lavage des mains compacte. Le mod\u00e8le Hera2 offre la possibilit\u00e9 de monter un \u00e9ventuel distributeur de savon ou de papier.","breadcrumb":{"@id":"https:\/\/atlastoilets.com\/fr\/produit\/station-de-lavage-des-mains-compacte\/#breadcrumb"},"inLanguage":"fr-FR","potentialAction":[{"@type":"ReadAction","target":["https:\/\/atlastoilets.com\/fr\/produit\/station-de-lavage-des-mains-compacte\/"]}]},{"@type":"ImageObject","inLanguage":"fr-FR","@id":"https:\/\/atlastoilets.com\/fr\/produit\/station-de-lavage-des-mains-compacte\/#primaryimage","url":"https:\/\/atlastoilets.com\/wp-content\/uploads\/2022\/03\/Hera2-hand-wash.jpg","contentUrl":"https:\/\/atlastoilets.com\/wp-content\/uploads\/2022\/03\/Hera2-hand-wash.jpg","width":1000,"height":1000,"caption":"dubbele handwas unit hera 2"},{"@type":"BreadcrumbList","@id":"https:\/\/atlastoilets.com\/fr\/produit\/station-de-lavage-des-mains-compacte\/#breadcrumb","itemListElement":[{"@type":"ListItem","position":1,"name":"Home","item":"https:\/\/atlastoilets.com\/fr\/"},{"@type":"ListItem","position":2,"name":"Boutique","item":"https:\/\/atlastoilets.com\/fr\/boutique\/"},{"@type":"ListItem","position":3,"name":"Lave mains autonome Hera2"}]},{"@type":"WebSite","@id":"https:\/\/atlastoilets.com\/#website","url":"https:\/\/atlastoilets.com\/","name":"Atlas Sanitation Products","description":"Total supplier for toilet rental companies","potentialAction":[{"@type":"SearchAction","target":{"@type":"EntryPoint","urlTemplate":"https:\/\/atlastoilets.com\/?s={search_term_string}"},"query-input":{"@type":"PropertyValueSpecification","valueRequired":true,"valueName":"search_term_string"}}],"inLanguage":"fr-FR"}]}},"_links":{"self":[{"href":"https:\/\/atlastoilets.com\/fr\/wp-json\/wp\/v2\/product\/20493","targetHints":{"allow":["GET"]}}],"collection":[{"href":"https:\/\/atlastoilets.com\/fr\/wp-json\/wp\/v2\/product"}],"about":[{"href":"https:\/\/atlastoilets.com\/fr\/wp-json\/wp\/v2\/types\/product"}],"wp:featuredmedia":[{"embeddable":true,"href":"https:\/\/atlastoilets.com\/fr\/wp-json\/wp\/v2\/media\/18295"}],"wp:attachment":[{"href":"https:\/\/atlastoilets.com\/fr\/wp-json\/wp\/v2\/media?parent=20493"}],"wp:term":[{"taxonomy":"product_brand","embeddable":true,"href":"https:\/\/atlastoilets.com\/fr\/wp-json\/wp\/v2\/product_brand?post=20493"},{"taxonomy":"product_cat","embeddable":true,"href":"https:\/\/atlastoilets.com\/fr\/wp-json\/wp\/v2\/product_cat?post=20493"},{"taxonomy":"product_tag","embeddable":true,"href":"https:\/\/atlastoilets.com\/fr\/wp-json\/wp\/v2\/product_tag?post=20493"}],"curies":[{"name":"wp","href":"https:\/\/api.w.org\/{rel}","templated":true}]}}