{"id":20492,"date":"2022-03-07T13:40:58","date_gmt":"2022-03-07T13:40:58","guid":{"rendered":"https:\/\/www.mobileurinal.eu\/product\/station-de-lavage-des-mains-encastre-obbe-2\/"},"modified":"2025-04-25T11:18:06","modified_gmt":"2025-04-25T11:18:06","slug":"station-de-lavage-des-mains-encastre-obbe-2","status":"publish","type":"product","link":"https:\/\/atlastoilets.com\/fr\/produit\/station-de-lavage-des-mains-encastre-obbe-2\/","title":{"rendered":"Station de lavage des mains encastr\u00e9 Obbe 2"},"content":{"rendered":"<p><strong><em>Station de lavage de\u00a0main universel adapt\u00e9 \u00e0 tous les toilettes portatives<\/em><\/strong><br \/>\n<img loading=\"lazy\" decoding=\"async\" class=\"size-full wp-image-30107 alignright\" src=\"https:\/\/atlastoilets.com\/wp-content\/uploads\/2022\/03\/LOGO-obbehandwash-1.jpg\" alt=\"obbe lavamanos logo\" width=\"227\" height=\"100\" \/><br \/>\nLe station de lavage des mains Obbe 2 est une lave-mains universel convient a tout les marques et modeles de toilettes mobiles.<br \/>\nLe mod\u00e8le Orion peut \u00eatre install\u00e9 \u00e0 gauche et \u00e0 droite, dans les toilettes. L&rsquo;\u00e9vacuation peut se faire vers le r\u00e9servoir \u00e0 mati\u00e8res, ou bien dans toute autre direction souhait\u00e9e.<\/p>\n<p>Les sp\u00e9cifications:<\/p>\n<ul>\n<li>Hauteur: 1100 mm<\/li>\n<li>Largeur: 380 mm<\/li>\n<li>Profondeur: 205 mm<\/li>\n<li>Capacit\u00e9 &lsquo;eau fra\u00eeche: 34 litres<\/li>\n<li>Disponible en: Gris et Granit<\/li>\n<\/ul>\n<p>Le mod\u00e8le Orion standard est \u00e9quip\u00e9 de :<\/p>\n<ul>\n<li>pompes \u00e0 pieds pratiques<\/li>\n<li>canal de d\u00e9charge<\/li>\n<\/ul>\n<p>En option:<\/p>\n<ul>\n<li><a href=\"https:\/\/atlastoilets.com\/fr\/produit\/bouchon-a-vis-pour-lave-mains-obbe-2\/\">Bouchon \u00e0 vis<\/a><\/li>\n<li><a href=\"https:\/\/atlastoilets.com\/fr\/produit\/plaque-de-base-pour-le-lave-mains-obbe-2\/\">Plaque de base<\/a><\/li>\n<\/ul>\n","protected":false},"excerpt":{"rendered":"<p><strong><em>Station de lavage de\u00a0main universel adapt\u00e9 \u00e0 tous les toilettes portatives<\/em><\/strong><br \/>\n<img loading=\"lazy\" decoding=\"async\" class=\"size-full wp-image-30107 alignright\" src=\"https:\/\/atlastoilets.com\/wp-content\/uploads\/2022\/03\/LOGO-obbehandwash-1.jpg\" alt=\"obbe lavamanos logo\" width=\"227\" height=\"100\" \/><br \/>\nLe station de lavage des mains Obbe 2 est une lave-mains universel convient a tout les marques et modeles de toilettes mobiles.<br \/>\nLe mod\u00e8le Orion peut \u00eatre install\u00e9 \u00e0 gauche et \u00e0 droite, dans les toilettes. L&rsquo;\u00e9vacuation peut se faire vers le r\u00e9servoir \u00e0 mati\u00e8res, ou bien dans toute autre direction souhait\u00e9e.<\/p>\n","protected":false},"featured_media":18683,"template":"","meta":[],"product_brand":[],"product_cat":[910,856,860],"product_tag":[1035],"class_list":{"0":"post-20492","1":"product","2":"type-product","3":"status-publish","4":"has-post-thumbnail","6":"product_cat-pieces-de-roulottes-de-chantier","7":"product_cat-stations-de-lavage-des-mains","8":"product_cat-lave-mains-integres","9":"product_tag-obbe-fr","11":"first","12":"instock","13":"taxable","14":"shipping-taxable","15":"purchasable","16":"product-type-simple"},"yoast_head":"<!-- This site is optimized with the Yoast SEO plugin v27.5 - https:\/\/yoast.com\/product\/yoast-seo-wordpress\/ -->\n<title>Station de lavage des mains encastr\u00e9 Obbe 2 - Atlas Sanitation Products<\/title>\n<meta name=\"robots\" content=\"index, follow, max-snippet:-1, max-image-preview:large, max-video-preview:-1\" \/>\n<link rel=\"canonical\" href=\"https:\/\/atlastoilets.com\/fr\/produit\/station-de-lavage-des-mains-encastre-obbe-2\/\" \/>\n<meta property=\"og:locale\" content=\"fr_FR\" \/>\n<meta property=\"og:type\" content=\"article\" \/>\n<meta property=\"og:title\" content=\"Station de lavage des mains encastr\u00e9 Obbe 2 - Atlas Sanitation Products\" \/>\n<meta property=\"og:description\" content=\"Station de lavage de\u00a0main universel adapt\u00e9 \u00e0 tous les toilettes portatives  Le station de lavage des mains Obbe 2 est une lave-mains universel convient a tout les marques et modeles de toilettes mobiles. Le mod\u00e8le Orion peut \u00eatre install\u00e9 \u00e0 gauche et \u00e0 droite, dans les toilettes. L&#039;\u00e9vacuation peut se faire vers le r\u00e9servoir \u00e0 mati\u00e8res, ou bien dans toute autre direction souhait\u00e9e.\" \/>\n<meta property=\"og:url\" content=\"https:\/\/atlastoilets.com\/fr\/produit\/station-de-lavage-des-mains-encastre-obbe-2\/\" \/>\n<meta property=\"og:site_name\" content=\"Atlas Sanitation Products\" \/>\n<meta property=\"article:modified_time\" content=\"2025-04-25T11:18:06+00:00\" \/>\n<meta property=\"og:image\" content=\"https:\/\/atlastoilets.com\/wp-content\/uploads\/2022\/03\/Obbe-2-voorkant.jpg\" \/>\n\t<meta property=\"og:image:width\" content=\"600\" \/>\n\t<meta property=\"og:image:height\" content=\"600\" \/>\n\t<meta property=\"og:image:type\" content=\"image\/jpeg\" \/>\n<meta name=\"twitter:card\" content=\"summary_large_image\" \/>\n<meta name=\"twitter:label1\" content=\"Dur\u00e9e de lecture estim\u00e9e\" \/>\n\t<meta name=\"twitter:data1\" content=\"1 minute\" \/>\n<script type=\"application\/ld+json\" class=\"yoast-schema-graph\">{\"@context\":\"https:\\\/\\\/schema.org\",\"@graph\":[{\"@type\":[\"WebPage\",\"ItemPage\"],\"@id\":\"https:\\\/\\\/atlastoilets.com\\\/fr\\\/produit\\\/station-de-lavage-des-mains-encastre-obbe-2\\\/\",\"url\":\"https:\\\/\\\/atlastoilets.com\\\/fr\\\/produit\\\/station-de-lavage-des-mains-encastre-obbe-2\\\/\",\"name\":\"Station de lavage des mains encastr\u00e9 Obbe 2 - Atlas Sanitation Products\",\"isPartOf\":{\"@id\":\"https:\\\/\\\/atlastoilets.com\\\/#website\"},\"primaryImageOfPage\":{\"@id\":\"https:\\\/\\\/atlastoilets.com\\\/fr\\\/produit\\\/station-de-lavage-des-mains-encastre-obbe-2\\\/#primaryimage\"},\"image\":{\"@id\":\"https:\\\/\\\/atlastoilets.com\\\/fr\\\/produit\\\/station-de-lavage-des-mains-encastre-obbe-2\\\/#primaryimage\"},\"thumbnailUrl\":\"https:\\\/\\\/atlastoilets.com\\\/wp-content\\\/uploads\\\/2022\\\/03\\\/Obbe-2-voorkant.jpg\",\"datePublished\":\"2022-03-07T13:40:58+00:00\",\"dateModified\":\"2025-04-25T11:18:06+00:00\",\"breadcrumb\":{\"@id\":\"https:\\\/\\\/atlastoilets.com\\\/fr\\\/produit\\\/station-de-lavage-des-mains-encastre-obbe-2\\\/#breadcrumb\"},\"inLanguage\":\"fr-FR\",\"potentialAction\":[{\"@type\":\"ReadAction\",\"target\":[\"https:\\\/\\\/atlastoilets.com\\\/fr\\\/produit\\\/station-de-lavage-des-mains-encastre-obbe-2\\\/\"]}]},{\"@type\":\"ImageObject\",\"inLanguage\":\"fr-FR\",\"@id\":\"https:\\\/\\\/atlastoilets.com\\\/fr\\\/produit\\\/station-de-lavage-des-mains-encastre-obbe-2\\\/#primaryimage\",\"url\":\"https:\\\/\\\/atlastoilets.com\\\/wp-content\\\/uploads\\\/2022\\\/03\\\/Obbe-2-voorkant.jpg\",\"contentUrl\":\"https:\\\/\\\/atlastoilets.com\\\/wp-content\\\/uploads\\\/2022\\\/03\\\/Obbe-2-voorkant.jpg\",\"width\":600,\"height\":600,\"caption\":\"Hand washing unit\"},{\"@type\":\"BreadcrumbList\",\"@id\":\"https:\\\/\\\/atlastoilets.com\\\/fr\\\/produit\\\/station-de-lavage-des-mains-encastre-obbe-2\\\/#breadcrumb\",\"itemListElement\":[{\"@type\":\"ListItem\",\"position\":1,\"name\":\"Home\",\"item\":\"https:\\\/\\\/atlastoilets.com\\\/fr\\\/\"},{\"@type\":\"ListItem\",\"position\":2,\"name\":\"Boutique\",\"item\":\"https:\\\/\\\/atlastoilets.com\\\/fr\\\/boutique\\\/\"},{\"@type\":\"ListItem\",\"position\":3,\"name\":\"Station de lavage des mains encastr\u00e9 Obbe 2\"}]},{\"@type\":\"WebSite\",\"@id\":\"https:\\\/\\\/atlastoilets.com\\\/#website\",\"url\":\"https:\\\/\\\/atlastoilets.com\\\/\",\"name\":\"Atlas Sanitation Products\",\"description\":\"Total supplier for toilet rental companies\",\"potentialAction\":[{\"@type\":\"SearchAction\",\"target\":{\"@type\":\"EntryPoint\",\"urlTemplate\":\"https:\\\/\\\/atlastoilets.com\\\/?s={search_term_string}\"},\"query-input\":{\"@type\":\"PropertyValueSpecification\",\"valueRequired\":true,\"valueName\":\"search_term_string\"}}],\"inLanguage\":\"fr-FR\"}]}<\/script>\n<!-- \/ Yoast SEO plugin. -->","yoast_head_json":{"title":"Station de lavage des mains encastr\u00e9 Obbe 2 - Atlas Sanitation Products","robots":{"index":"index","follow":"follow","max-snippet":"max-snippet:-1","max-image-preview":"max-image-preview:large","max-video-preview":"max-video-preview:-1"},"canonical":"https:\/\/atlastoilets.com\/fr\/produit\/station-de-lavage-des-mains-encastre-obbe-2\/","og_locale":"fr_FR","og_type":"article","og_title":"Station de lavage des mains encastr\u00e9 Obbe 2 - Atlas Sanitation Products","og_description":"Station de lavage de\u00a0main universel adapt\u00e9 \u00e0 tous les toilettes portatives  Le station de lavage des mains Obbe 2 est une lave-mains universel convient a tout les marques et modeles de toilettes mobiles. Le mod\u00e8le Orion peut \u00eatre install\u00e9 \u00e0 gauche et \u00e0 droite, dans les toilettes. L'\u00e9vacuation peut se faire vers le r\u00e9servoir \u00e0 mati\u00e8res, ou bien dans toute autre direction souhait\u00e9e.","og_url":"https:\/\/atlastoilets.com\/fr\/produit\/station-de-lavage-des-mains-encastre-obbe-2\/","og_site_name":"Atlas Sanitation Products","article_modified_time":"2025-04-25T11:18:06+00:00","og_image":[{"width":600,"height":600,"url":"https:\/\/atlastoilets.com\/wp-content\/uploads\/2022\/03\/Obbe-2-voorkant.jpg","type":"image\/jpeg"}],"twitter_card":"summary_large_image","twitter_misc":{"Dur\u00e9e de lecture estim\u00e9e":"1 minute"},"schema":{"@context":"https:\/\/schema.org","@graph":[{"@type":["WebPage","ItemPage"],"@id":"https:\/\/atlastoilets.com\/fr\/produit\/station-de-lavage-des-mains-encastre-obbe-2\/","url":"https:\/\/atlastoilets.com\/fr\/produit\/station-de-lavage-des-mains-encastre-obbe-2\/","name":"Station de lavage des mains encastr\u00e9 Obbe 2 - Atlas Sanitation Products","isPartOf":{"@id":"https:\/\/atlastoilets.com\/#website"},"primaryImageOfPage":{"@id":"https:\/\/atlastoilets.com\/fr\/produit\/station-de-lavage-des-mains-encastre-obbe-2\/#primaryimage"},"image":{"@id":"https:\/\/atlastoilets.com\/fr\/produit\/station-de-lavage-des-mains-encastre-obbe-2\/#primaryimage"},"thumbnailUrl":"https:\/\/atlastoilets.com\/wp-content\/uploads\/2022\/03\/Obbe-2-voorkant.jpg","datePublished":"2022-03-07T13:40:58+00:00","dateModified":"2025-04-25T11:18:06+00:00","breadcrumb":{"@id":"https:\/\/atlastoilets.com\/fr\/produit\/station-de-lavage-des-mains-encastre-obbe-2\/#breadcrumb"},"inLanguage":"fr-FR","potentialAction":[{"@type":"ReadAction","target":["https:\/\/atlastoilets.com\/fr\/produit\/station-de-lavage-des-mains-encastre-obbe-2\/"]}]},{"@type":"ImageObject","inLanguage":"fr-FR","@id":"https:\/\/atlastoilets.com\/fr\/produit\/station-de-lavage-des-mains-encastre-obbe-2\/#primaryimage","url":"https:\/\/atlastoilets.com\/wp-content\/uploads\/2022\/03\/Obbe-2-voorkant.jpg","contentUrl":"https:\/\/atlastoilets.com\/wp-content\/uploads\/2022\/03\/Obbe-2-voorkant.jpg","width":600,"height":600,"caption":"Hand washing unit"},{"@type":"BreadcrumbList","@id":"https:\/\/atlastoilets.com\/fr\/produit\/station-de-lavage-des-mains-encastre-obbe-2\/#breadcrumb","itemListElement":[{"@type":"ListItem","position":1,"name":"Home","item":"https:\/\/atlastoilets.com\/fr\/"},{"@type":"ListItem","position":2,"name":"Boutique","item":"https:\/\/atlastoilets.com\/fr\/boutique\/"},{"@type":"ListItem","position":3,"name":"Station de lavage des mains encastr\u00e9 Obbe 2"}]},{"@type":"WebSite","@id":"https:\/\/atlastoilets.com\/#website","url":"https:\/\/atlastoilets.com\/","name":"Atlas Sanitation Products","description":"Total supplier for toilet rental companies","potentialAction":[{"@type":"SearchAction","target":{"@type":"EntryPoint","urlTemplate":"https:\/\/atlastoilets.com\/?s={search_term_string}"},"query-input":{"@type":"PropertyValueSpecification","valueRequired":true,"valueName":"search_term_string"}}],"inLanguage":"fr-FR"}]}},"_links":{"self":[{"href":"https:\/\/atlastoilets.com\/fr\/wp-json\/wp\/v2\/product\/20492","targetHints":{"allow":["GET"]}}],"collection":[{"href":"https:\/\/atlastoilets.com\/fr\/wp-json\/wp\/v2\/product"}],"about":[{"href":"https:\/\/atlastoilets.com\/fr\/wp-json\/wp\/v2\/types\/product"}],"wp:featuredmedia":[{"embeddable":true,"href":"https:\/\/atlastoilets.com\/fr\/wp-json\/wp\/v2\/media\/18683"}],"wp:attachment":[{"href":"https:\/\/atlastoilets.com\/fr\/wp-json\/wp\/v2\/media?parent=20492"}],"wp:term":[{"taxonomy":"product_brand","embeddable":true,"href":"https:\/\/atlastoilets.com\/fr\/wp-json\/wp\/v2\/product_brand?post=20492"},{"taxonomy":"product_cat","embeddable":true,"href":"https:\/\/atlastoilets.com\/fr\/wp-json\/wp\/v2\/product_cat?post=20492"},{"taxonomy":"product_tag","embeddable":true,"href":"https:\/\/atlastoilets.com\/fr\/wp-json\/wp\/v2\/product_tag?post=20492"}],"curies":[{"name":"wp","href":"https:\/\/api.w.org\/{rel}","templated":true}]}}