{"id":20491,"date":"2022-03-07T13:40:58","date_gmt":"2022-03-07T13:40:58","guid":{"rendered":"https:\/\/www.mobileurinal.eu\/product\/station-de-lavage-des-mains-encastres-orion\/"},"modified":"2022-08-12T09:25:27","modified_gmt":"2022-08-12T09:25:27","slug":"station-de-lavage-des-mains-encastres-orion","status":"publish","type":"product","link":"https:\/\/atlastoilets.com\/fr\/produit\/station-de-lavage-des-mains-encastres-orion\/","title":{"rendered":"Station de lavage des mains encastr\u00e9s Orion"},"content":{"rendered":"<p><em><strong>Station de lavage des mains encastr\u00e9s con\u00e7u pour une utilisation optimale de l&rsquo;espace<\/strong><\/em><\/p>\n<p><a href=\"#\"><img loading=\"lazy\" decoding=\"async\" class=\"alignright size-full wp-image-3400\" src=\"https:\/\/atlastoilets.com\/wp-content\/uploads\/2022\/05\/orion-logo.png\" alt=\"orion\" width=\"227\" height=\"117\" \/><\/a>Orion est une lave-mains con\u00e7ue pour \u00eatre int\u00e9gr\u00e9 dans les toilettes portables. Elle peut \u00eatre plac\u00e9e dans\u00a0diverses marques de toilettes portables. Le mod\u00e8le Orion peut \u00eatre install\u00e9 \u00e0 gauche et \u00e0 droite, dans les toilettes.<br \/>\nL&rsquo;\u00e9vacuation peut se faire vers le r\u00e9servoir \u00e0 mati\u00e8res, ou bien dans toute autre direction souhait\u00e9e.<\/p>\n<p>&nbsp;<\/p>\n<p>Les sp\u00e9cifications:<\/p>\n<ul>\n<li>Hauteur: 1010 mm<\/li>\n<li>Largeur: 470 mm<\/li>\n<li>Profondeur: 190 mm<\/li>\n<li>Capacit\u00e9 &lsquo;eau fra\u00eeche: 38 Litre<\/li>\n<li>Disponible en: Gris et Granit<\/li>\n<\/ul>\n<p>Le mod\u00e8le Orion standard est \u00e9quip\u00e9 de :<\/p>\n<ul>\n<li>Couvercle amovible<\/li>\n<li>pompes \u00e0 pieds pratiques<\/li>\n<li>canal de d\u00e9charge<\/li>\n<\/ul>\n","protected":false},"excerpt":{"rendered":"<p><img loading=\"lazy\" decoding=\"async\" class=\"alignright size-full wp-image-30105\" src=\"https:\/\/atlastoilets.com\/wp-content\/uploads\/2022\/03\/LOGO-orion-handwash.jpg\" alt=\"orion logo\" width=\"227\" height=\"100\" \/>Orion est une lave-mains con\u00e7ue pour \u00eatre int\u00e9gr\u00e9 dans les toilettes portables. Elle peut \u00eatre plac\u00e9e dans\u00a0diverses marques de toilettes portables. Le mod\u00e8le Orion peut \u00eatre install\u00e9 \u00e0 gauche et \u00e0 droite, dans les toilettes.<br \/>\nL&rsquo;\u00e9vacuation peut se faire vers le r\u00e9servoir \u00e0 mati\u00e8res, ou bien dans toute autre direction souhait\u00e9e.<\/p>\n","protected":false},"featured_media":18679,"template":"","meta":[],"product_brand":[],"product_cat":[856,860],"product_tag":[1035],"class_list":{"0":"post-20491","1":"product","2":"type-product","3":"status-publish","4":"has-post-thumbnail","6":"product_cat-stations-de-lavage-des-mains","7":"product_cat-lave-mains-integres","8":"product_tag-obbe-fr","10":"first","11":"outofstock","12":"taxable","13":"shipping-taxable","14":"purchasable","15":"product-type-simple"},"yoast_head":"<!-- This site is optimized with the Yoast SEO plugin v27.5 - https:\/\/yoast.com\/product\/yoast-seo-wordpress\/ -->\n<title>Station de lavage des mains encastr\u00e9s Orion<\/title>\n<meta name=\"description\" content=\"Station de lavage des mains encastr\u00e9s con\u00e7u pour une utilisation optimale de l&#039;espace.Elle peut \u00eatre plac\u00e9e dans\u00a0diverses marques de toilettes portables.\" \/>\n<meta name=\"robots\" content=\"index, follow, max-snippet:-1, max-image-preview:large, max-video-preview:-1\" \/>\n<link rel=\"canonical\" href=\"https:\/\/atlastoilets.com\/fr\/produit\/station-de-lavage-des-mains-encastres-orion\/\" \/>\n<meta property=\"og:locale\" content=\"fr_FR\" \/>\n<meta property=\"og:type\" content=\"article\" \/>\n<meta property=\"og:title\" content=\"Station de lavage des mains encastr\u00e9s Orion\" \/>\n<meta property=\"og:description\" content=\"Station de lavage des mains encastr\u00e9s con\u00e7u pour une utilisation optimale de l&#039;espace.Elle peut \u00eatre plac\u00e9e dans\u00a0diverses marques de toilettes portables.\" \/>\n<meta property=\"og:url\" content=\"https:\/\/atlastoilets.com\/fr\/produit\/station-de-lavage-des-mains-encastres-orion\/\" \/>\n<meta property=\"og:site_name\" content=\"Atlas Sanitation Products\" \/>\n<meta property=\"article:modified_time\" content=\"2022-08-12T09:25:27+00:00\" \/>\n<meta property=\"og:image\" content=\"https:\/\/atlastoilets.com\/wp-content\/uploads\/2022\/03\/Orion-hand-wash-station.jpg\" \/>\n\t<meta property=\"og:image:width\" content=\"1000\" \/>\n\t<meta property=\"og:image:height\" content=\"1000\" \/>\n\t<meta property=\"og:image:type\" content=\"image\/jpeg\" \/>\n<meta name=\"twitter:card\" content=\"summary_large_image\" \/>\n<meta name=\"twitter:label1\" content=\"Dur\u00e9e de lecture estim\u00e9e\" \/>\n\t<meta name=\"twitter:data1\" content=\"1 minute\" \/>\n<script type=\"application\/ld+json\" class=\"yoast-schema-graph\">{\"@context\":\"https:\\\/\\\/schema.org\",\"@graph\":[{\"@type\":[\"WebPage\",\"ItemPage\"],\"@id\":\"https:\\\/\\\/atlastoilets.com\\\/fr\\\/produit\\\/station-de-lavage-des-mains-encastres-orion\\\/\",\"url\":\"https:\\\/\\\/atlastoilets.com\\\/fr\\\/produit\\\/station-de-lavage-des-mains-encastres-orion\\\/\",\"name\":\"Station de lavage des mains encastr\u00e9s Orion\",\"isPartOf\":{\"@id\":\"https:\\\/\\\/atlastoilets.com\\\/#website\"},\"primaryImageOfPage\":{\"@id\":\"https:\\\/\\\/atlastoilets.com\\\/fr\\\/produit\\\/station-de-lavage-des-mains-encastres-orion\\\/#primaryimage\"},\"image\":{\"@id\":\"https:\\\/\\\/atlastoilets.com\\\/fr\\\/produit\\\/station-de-lavage-des-mains-encastres-orion\\\/#primaryimage\"},\"thumbnailUrl\":\"https:\\\/\\\/atlastoilets.com\\\/wp-content\\\/uploads\\\/2022\\\/03\\\/Orion-hand-wash-station.jpg\",\"datePublished\":\"2022-03-07T13:40:58+00:00\",\"dateModified\":\"2022-08-12T09:25:27+00:00\",\"description\":\"Station de lavage des mains encastr\u00e9s con\u00e7u pour une utilisation optimale de l'espace.Elle peut \u00eatre plac\u00e9e dans\u00a0diverses marques de toilettes portables.\",\"breadcrumb\":{\"@id\":\"https:\\\/\\\/atlastoilets.com\\\/fr\\\/produit\\\/station-de-lavage-des-mains-encastres-orion\\\/#breadcrumb\"},\"inLanguage\":\"fr-FR\",\"potentialAction\":[{\"@type\":\"ReadAction\",\"target\":[\"https:\\\/\\\/atlastoilets.com\\\/fr\\\/produit\\\/station-de-lavage-des-mains-encastres-orion\\\/\"]}]},{\"@type\":\"ImageObject\",\"inLanguage\":\"fr-FR\",\"@id\":\"https:\\\/\\\/atlastoilets.com\\\/fr\\\/produit\\\/station-de-lavage-des-mains-encastres-orion\\\/#primaryimage\",\"url\":\"https:\\\/\\\/atlastoilets.com\\\/wp-content\\\/uploads\\\/2022\\\/03\\\/Orion-hand-wash-station.jpg\",\"contentUrl\":\"https:\\\/\\\/atlastoilets.com\\\/wp-content\\\/uploads\\\/2022\\\/03\\\/Orion-hand-wash-station.jpg\",\"width\":1000,\"height\":1000,\"caption\":\"In-unit hand wash\"},{\"@type\":\"BreadcrumbList\",\"@id\":\"https:\\\/\\\/atlastoilets.com\\\/fr\\\/produit\\\/station-de-lavage-des-mains-encastres-orion\\\/#breadcrumb\",\"itemListElement\":[{\"@type\":\"ListItem\",\"position\":1,\"name\":\"Home\",\"item\":\"https:\\\/\\\/atlastoilets.com\\\/fr\\\/\"},{\"@type\":\"ListItem\",\"position\":2,\"name\":\"Boutique\",\"item\":\"https:\\\/\\\/atlastoilets.com\\\/fr\\\/boutique\\\/\"},{\"@type\":\"ListItem\",\"position\":3,\"name\":\"Station de lavage des mains encastr\u00e9s Orion\"}]},{\"@type\":\"WebSite\",\"@id\":\"https:\\\/\\\/atlastoilets.com\\\/#website\",\"url\":\"https:\\\/\\\/atlastoilets.com\\\/\",\"name\":\"Atlas Sanitation Products\",\"description\":\"Total supplier for toilet rental companies\",\"potentialAction\":[{\"@type\":\"SearchAction\",\"target\":{\"@type\":\"EntryPoint\",\"urlTemplate\":\"https:\\\/\\\/atlastoilets.com\\\/?s={search_term_string}\"},\"query-input\":{\"@type\":\"PropertyValueSpecification\",\"valueRequired\":true,\"valueName\":\"search_term_string\"}}],\"inLanguage\":\"fr-FR\"}]}<\/script>\n<!-- \/ Yoast SEO plugin. -->","yoast_head_json":{"title":"Station de lavage des mains encastr\u00e9s Orion","description":"Station de lavage des mains encastr\u00e9s con\u00e7u pour une utilisation optimale de l'espace.Elle peut \u00eatre plac\u00e9e dans\u00a0diverses marques de toilettes portables.","robots":{"index":"index","follow":"follow","max-snippet":"max-snippet:-1","max-image-preview":"max-image-preview:large","max-video-preview":"max-video-preview:-1"},"canonical":"https:\/\/atlastoilets.com\/fr\/produit\/station-de-lavage-des-mains-encastres-orion\/","og_locale":"fr_FR","og_type":"article","og_title":"Station de lavage des mains encastr\u00e9s Orion","og_description":"Station de lavage des mains encastr\u00e9s con\u00e7u pour une utilisation optimale de l'espace.Elle peut \u00eatre plac\u00e9e dans\u00a0diverses marques de toilettes portables.","og_url":"https:\/\/atlastoilets.com\/fr\/produit\/station-de-lavage-des-mains-encastres-orion\/","og_site_name":"Atlas Sanitation Products","article_modified_time":"2022-08-12T09:25:27+00:00","og_image":[{"width":1000,"height":1000,"url":"https:\/\/atlastoilets.com\/wp-content\/uploads\/2022\/03\/Orion-hand-wash-station.jpg","type":"image\/jpeg"}],"twitter_card":"summary_large_image","twitter_misc":{"Dur\u00e9e de lecture estim\u00e9e":"1 minute"},"schema":{"@context":"https:\/\/schema.org","@graph":[{"@type":["WebPage","ItemPage"],"@id":"https:\/\/atlastoilets.com\/fr\/produit\/station-de-lavage-des-mains-encastres-orion\/","url":"https:\/\/atlastoilets.com\/fr\/produit\/station-de-lavage-des-mains-encastres-orion\/","name":"Station de lavage des mains encastr\u00e9s Orion","isPartOf":{"@id":"https:\/\/atlastoilets.com\/#website"},"primaryImageOfPage":{"@id":"https:\/\/atlastoilets.com\/fr\/produit\/station-de-lavage-des-mains-encastres-orion\/#primaryimage"},"image":{"@id":"https:\/\/atlastoilets.com\/fr\/produit\/station-de-lavage-des-mains-encastres-orion\/#primaryimage"},"thumbnailUrl":"https:\/\/atlastoilets.com\/wp-content\/uploads\/2022\/03\/Orion-hand-wash-station.jpg","datePublished":"2022-03-07T13:40:58+00:00","dateModified":"2022-08-12T09:25:27+00:00","description":"Station de lavage des mains encastr\u00e9s con\u00e7u pour une utilisation optimale de l'espace.Elle peut \u00eatre plac\u00e9e dans\u00a0diverses marques de toilettes portables.","breadcrumb":{"@id":"https:\/\/atlastoilets.com\/fr\/produit\/station-de-lavage-des-mains-encastres-orion\/#breadcrumb"},"inLanguage":"fr-FR","potentialAction":[{"@type":"ReadAction","target":["https:\/\/atlastoilets.com\/fr\/produit\/station-de-lavage-des-mains-encastres-orion\/"]}]},{"@type":"ImageObject","inLanguage":"fr-FR","@id":"https:\/\/atlastoilets.com\/fr\/produit\/station-de-lavage-des-mains-encastres-orion\/#primaryimage","url":"https:\/\/atlastoilets.com\/wp-content\/uploads\/2022\/03\/Orion-hand-wash-station.jpg","contentUrl":"https:\/\/atlastoilets.com\/wp-content\/uploads\/2022\/03\/Orion-hand-wash-station.jpg","width":1000,"height":1000,"caption":"In-unit hand wash"},{"@type":"BreadcrumbList","@id":"https:\/\/atlastoilets.com\/fr\/produit\/station-de-lavage-des-mains-encastres-orion\/#breadcrumb","itemListElement":[{"@type":"ListItem","position":1,"name":"Home","item":"https:\/\/atlastoilets.com\/fr\/"},{"@type":"ListItem","position":2,"name":"Boutique","item":"https:\/\/atlastoilets.com\/fr\/boutique\/"},{"@type":"ListItem","position":3,"name":"Station de lavage des mains encastr\u00e9s Orion"}]},{"@type":"WebSite","@id":"https:\/\/atlastoilets.com\/#website","url":"https:\/\/atlastoilets.com\/","name":"Atlas Sanitation Products","description":"Total supplier for toilet rental companies","potentialAction":[{"@type":"SearchAction","target":{"@type":"EntryPoint","urlTemplate":"https:\/\/atlastoilets.com\/?s={search_term_string}"},"query-input":{"@type":"PropertyValueSpecification","valueRequired":true,"valueName":"search_term_string"}}],"inLanguage":"fr-FR"}]}},"_links":{"self":[{"href":"https:\/\/atlastoilets.com\/fr\/wp-json\/wp\/v2\/product\/20491","targetHints":{"allow":["GET"]}}],"collection":[{"href":"https:\/\/atlastoilets.com\/fr\/wp-json\/wp\/v2\/product"}],"about":[{"href":"https:\/\/atlastoilets.com\/fr\/wp-json\/wp\/v2\/types\/product"}],"wp:featuredmedia":[{"embeddable":true,"href":"https:\/\/atlastoilets.com\/fr\/wp-json\/wp\/v2\/media\/18679"}],"wp:attachment":[{"href":"https:\/\/atlastoilets.com\/fr\/wp-json\/wp\/v2\/media?parent=20491"}],"wp:term":[{"taxonomy":"product_brand","embeddable":true,"href":"https:\/\/atlastoilets.com\/fr\/wp-json\/wp\/v2\/product_brand?post=20491"},{"taxonomy":"product_cat","embeddable":true,"href":"https:\/\/atlastoilets.com\/fr\/wp-json\/wp\/v2\/product_cat?post=20491"},{"taxonomy":"product_tag","embeddable":true,"href":"https:\/\/atlastoilets.com\/fr\/wp-json\/wp\/v2\/product_tag?post=20491"}],"curies":[{"name":"wp","href":"https:\/\/api.w.org\/{rel}","templated":true}]}}