{"id":20490,"date":"2022-03-07T13:40:58","date_gmt":"2022-03-07T13:40:58","guid":{"rendered":"https:\/\/www.mobileurinal.eu\/product\/urinoir-autonome-semipermanent-pluto4\/"},"modified":"2022-08-12T08:13:38","modified_gmt":"2022-08-12T08:13:38","slug":"urinoir-autonome-semipermanent-pluto4","status":"publish","type":"product","link":"https:\/\/atlastoilets.com\/fr\/produit\/urinoir-autonome-semipermanent-pluto4\/","title":{"rendered":"Urinoir autonome semipermanent Pluto4"},"content":{"rendered":"<p><strong><em>Urinoir autonome semipermanent pour des \u00e9v\u00e9nements et des centres-villes<\/em><\/strong><\/p>\n<p><img loading=\"lazy\" decoding=\"async\" class=\"alignright size-full wp-image-30120\" src=\"https:\/\/atlastoilets.com\/wp-content\/uploads\/2022\/03\/LOGO-PLUTO-4-mobile-urinal.png\" alt=\"pluto 4 logo\" width=\"227\" height=\"114\" \/>Nous sommes fiers de vous pr\u00e9senter notre dernier produit novateur, l&rsquo;urinoir Pluto4.<br \/>\nExp\u00e9riences et les souhaits de nos clients\u00a0sont incorpor\u00e9s dans cette nouvelle unit\u00e9, con\u00e7u pour \u00eatre d\u00e9ploy\u00e9 dans une grande vari\u00e9t\u00e9 de conditions et de lieux.<\/p>\n<p>L&rsquo;urinoir Pluto3 est le mieux adapt\u00e9 pour une utilisation sur des \u00e9v\u00e9nements sp\u00e9ciaux, en raison de ses avantages logistiques (empilable jusqu&rsquo;\u00e0 4 unit\u00e9s), le Pluto4 est un urinoir plus permanent, id\u00e9al pour de longues p\u00e9riodes de mise en place, comme dans les centres urbains, les terrains de camping , stations-service, aires de pique-nique, des marinas et cetera.<\/p>\n<p>Son design attractif permet l&rsquo;urinoir Pluto4 la solution id\u00e9ale pour r\u00e9duire la miction publique dans presque toutes les situations. L&rsquo;unit\u00e9 peut \u00eatre \u00e9vacu\u00e9e dans les \u00e9gouts ou qu&rsquo;elle soit desservie par une compagnie de location de toilettes. Espace au sol Il est identique \u00e0 celui de la plupart des communes de toilettes portables, assurant une int\u00e9gration en douceur et sans soucis dans la flotte de toilette existant de soci\u00e9t\u00e9s de location.<\/p>\n<p>Les sp\u00e9cifications:<\/p>\n<ul>\n<li>Hauteur: 1930 mm<\/li>\n<li>Largeur: 1150 mm<\/li>\n<li>Profondeur: 1150 mm<\/li>\n<li>Poids: 75 kg<\/li>\n<li>Capacit\u00e9: 490 Litre<\/li>\n<li>Disponible en: Gris<\/li>\n<\/ul>\n<p>Les avantages de Pluto 4:<\/p>\n<ul>\n<li>Facile mobile avec des fentes pour transpalette et chariot \u00e9l\u00e9vateur<\/li>\n<li>R\u00e9servoir d&rsquo;eaux us\u00e9es ferm\u00e9 &#8211; transportable avec le contenu<\/li>\n<li>Facile \u00e0 nettoyer l&rsquo;int\u00e9rieur et \u00e0 l&rsquo;ext\u00e9rieur<\/li>\n<li>fond renforc\u00e9<\/li>\n<li>confidentialit\u00e9 optimale<\/li>\n<li>Drainage des deux c\u00f4t\u00e9s<\/li>\n<li>Poign\u00e9es pour une manipulation facile<\/li>\n<\/ul>\n","protected":false},"excerpt":{"rendered":"<p><img loading=\"lazy\" decoding=\"async\" class=\"alignright size-full wp-image-30120\" src=\"https:\/\/atlastoilets.com\/wp-content\/uploads\/2022\/03\/LOGO-PLUTO-4-mobile-urinal.png\" alt=\"pluto 4 logo\" width=\"227\" height=\"114\" \/>Son design attractif permet l&rsquo;urinoir Pluto4 la solution id\u00e9ale pour r\u00e9duire la miction publique dans presque toutes les situations. L&rsquo;unit\u00e9 peut \u00eatre \u00e9vacu\u00e9e dans les \u00e9gouts ou qu&rsquo;elle soit desservie par une compagnie de location de toilettes.<\/p>\n","protected":false},"featured_media":20590,"template":"","meta":[],"product_brand":[],"product_cat":[848,864],"product_tag":[],"class_list":{"0":"post-20490","1":"product","2":"type-product","3":"status-publish","4":"has-post-thumbnail","6":"product_cat-urinoir-de-4-personnes","7":"product_cat-urinoirs-mobiles","9":"first","10":"on_request","11":"taxable","12":"shipping-taxable","13":"purchasable","14":"product-type-simple"},"yoast_head":"<!-- This site is optimized with the Yoast SEO plugin v27.4 - https:\/\/yoast.com\/product\/yoast-seo-wordpress\/ -->\n<title>Urinoir autonome semipermanent Pluto4 - Atlas Sanitation Products<\/title>\n<meta name=\"robots\" content=\"index, follow, max-snippet:-1, max-image-preview:large, max-video-preview:-1\" \/>\n<link rel=\"canonical\" href=\"https:\/\/atlastoilets.com\/fr\/produit\/urinoir-autonome-semipermanent-pluto4\/\" \/>\n<meta property=\"og:locale\" content=\"fr_FR\" \/>\n<meta property=\"og:type\" content=\"article\" \/>\n<meta property=\"og:title\" content=\"Urinoir autonome semipermanent Pluto4 - Atlas Sanitation Products\" \/>\n<meta property=\"og:description\" content=\"Son design attractif permet l&#039;urinoir Pluto4 la solution id\u00e9ale pour r\u00e9duire la miction publique dans presque toutes les situations. L&#039;unit\u00e9 peut \u00eatre \u00e9vacu\u00e9e dans les \u00e9gouts ou qu&#039;elle soit desservie par une compagnie de location de toilettes.\" \/>\n<meta property=\"og:url\" content=\"https:\/\/atlastoilets.com\/fr\/produit\/urinoir-autonome-semipermanent-pluto4\/\" \/>\n<meta property=\"og:site_name\" content=\"Atlas Sanitation Products\" \/>\n<meta property=\"article:modified_time\" content=\"2022-08-12T08:13:38+00:00\" \/>\n<meta property=\"og:image\" content=\"https:\/\/atlastoilets.com\/wp-content\/uploads\/2022\/03\/semi-permanent-urinal-1.jpg\" \/>\n\t<meta property=\"og:image:width\" content=\"1000\" \/>\n\t<meta property=\"og:image:height\" content=\"1000\" \/>\n\t<meta property=\"og:image:type\" content=\"image\/jpeg\" \/>\n<meta name=\"twitter:card\" content=\"summary_large_image\" \/>\n<meta name=\"twitter:label1\" content=\"Dur\u00e9e de lecture estim\u00e9e\" \/>\n\t<meta name=\"twitter:data1\" content=\"2 minutes\" \/>\n<script type=\"application\/ld+json\" class=\"yoast-schema-graph\">{\"@context\":\"https:\\\/\\\/schema.org\",\"@graph\":[{\"@type\":[\"WebPage\",\"ItemPage\"],\"@id\":\"https:\\\/\\\/atlastoilets.com\\\/fr\\\/produit\\\/urinoir-autonome-semipermanent-pluto4\\\/\",\"url\":\"https:\\\/\\\/atlastoilets.com\\\/fr\\\/produit\\\/urinoir-autonome-semipermanent-pluto4\\\/\",\"name\":\"Urinoir autonome semipermanent Pluto4 - Atlas Sanitation Products\",\"isPartOf\":{\"@id\":\"https:\\\/\\\/atlastoilets.com\\\/#website\"},\"primaryImageOfPage\":{\"@id\":\"https:\\\/\\\/atlastoilets.com\\\/fr\\\/produit\\\/urinoir-autonome-semipermanent-pluto4\\\/#primaryimage\"},\"image\":{\"@id\":\"https:\\\/\\\/atlastoilets.com\\\/fr\\\/produit\\\/urinoir-autonome-semipermanent-pluto4\\\/#primaryimage\"},\"thumbnailUrl\":\"https:\\\/\\\/atlastoilets.com\\\/wp-content\\\/uploads\\\/2022\\\/03\\\/semi-permanent-urinal-1.jpg\",\"datePublished\":\"2022-03-07T13:40:58+00:00\",\"dateModified\":\"2022-08-12T08:13:38+00:00\",\"breadcrumb\":{\"@id\":\"https:\\\/\\\/atlastoilets.com\\\/fr\\\/produit\\\/urinoir-autonome-semipermanent-pluto4\\\/#breadcrumb\"},\"inLanguage\":\"fr-FR\",\"potentialAction\":[{\"@type\":\"ReadAction\",\"target\":[\"https:\\\/\\\/atlastoilets.com\\\/fr\\\/produit\\\/urinoir-autonome-semipermanent-pluto4\\\/\"]}]},{\"@type\":\"ImageObject\",\"inLanguage\":\"fr-FR\",\"@id\":\"https:\\\/\\\/atlastoilets.com\\\/fr\\\/produit\\\/urinoir-autonome-semipermanent-pluto4\\\/#primaryimage\",\"url\":\"https:\\\/\\\/atlastoilets.com\\\/wp-content\\\/uploads\\\/2022\\\/03\\\/semi-permanent-urinal-1.jpg\",\"contentUrl\":\"https:\\\/\\\/atlastoilets.com\\\/wp-content\\\/uploads\\\/2022\\\/03\\\/semi-permanent-urinal-1.jpg\",\"width\":1000,\"height\":1000,\"caption\":\"Semi-permanent urinal\"},{\"@type\":\"BreadcrumbList\",\"@id\":\"https:\\\/\\\/atlastoilets.com\\\/fr\\\/produit\\\/urinoir-autonome-semipermanent-pluto4\\\/#breadcrumb\",\"itemListElement\":[{\"@type\":\"ListItem\",\"position\":1,\"name\":\"Home\",\"item\":\"https:\\\/\\\/atlastoilets.com\\\/fr\\\/\"},{\"@type\":\"ListItem\",\"position\":2,\"name\":\"Boutique\",\"item\":\"https:\\\/\\\/atlastoilets.com\\\/fr\\\/boutique\\\/\"},{\"@type\":\"ListItem\",\"position\":3,\"name\":\"Urinoir autonome semipermanent Pluto4\"}]},{\"@type\":\"WebSite\",\"@id\":\"https:\\\/\\\/atlastoilets.com\\\/#website\",\"url\":\"https:\\\/\\\/atlastoilets.com\\\/\",\"name\":\"Atlas Sanitation Products\",\"description\":\"Total supplier for toilet rental companies\",\"potentialAction\":[{\"@type\":\"SearchAction\",\"target\":{\"@type\":\"EntryPoint\",\"urlTemplate\":\"https:\\\/\\\/atlastoilets.com\\\/?s={search_term_string}\"},\"query-input\":{\"@type\":\"PropertyValueSpecification\",\"valueRequired\":true,\"valueName\":\"search_term_string\"}}],\"inLanguage\":\"fr-FR\"}]}<\/script>\n<!-- \/ Yoast SEO plugin. -->","yoast_head_json":{"title":"Urinoir autonome semipermanent Pluto4 - Atlas Sanitation Products","robots":{"index":"index","follow":"follow","max-snippet":"max-snippet:-1","max-image-preview":"max-image-preview:large","max-video-preview":"max-video-preview:-1"},"canonical":"https:\/\/atlastoilets.com\/fr\/produit\/urinoir-autonome-semipermanent-pluto4\/","og_locale":"fr_FR","og_type":"article","og_title":"Urinoir autonome semipermanent Pluto4 - Atlas Sanitation Products","og_description":"Son design attractif permet l'urinoir Pluto4 la solution id\u00e9ale pour r\u00e9duire la miction publique dans presque toutes les situations. L'unit\u00e9 peut \u00eatre \u00e9vacu\u00e9e dans les \u00e9gouts ou qu'elle soit desservie par une compagnie de location de toilettes.","og_url":"https:\/\/atlastoilets.com\/fr\/produit\/urinoir-autonome-semipermanent-pluto4\/","og_site_name":"Atlas Sanitation Products","article_modified_time":"2022-08-12T08:13:38+00:00","og_image":[{"width":1000,"height":1000,"url":"https:\/\/atlastoilets.com\/wp-content\/uploads\/2022\/03\/semi-permanent-urinal-1.jpg","type":"image\/jpeg"}],"twitter_card":"summary_large_image","twitter_misc":{"Dur\u00e9e de lecture estim\u00e9e":"2 minutes"},"schema":{"@context":"https:\/\/schema.org","@graph":[{"@type":["WebPage","ItemPage"],"@id":"https:\/\/atlastoilets.com\/fr\/produit\/urinoir-autonome-semipermanent-pluto4\/","url":"https:\/\/atlastoilets.com\/fr\/produit\/urinoir-autonome-semipermanent-pluto4\/","name":"Urinoir autonome semipermanent Pluto4 - Atlas Sanitation Products","isPartOf":{"@id":"https:\/\/atlastoilets.com\/#website"},"primaryImageOfPage":{"@id":"https:\/\/atlastoilets.com\/fr\/produit\/urinoir-autonome-semipermanent-pluto4\/#primaryimage"},"image":{"@id":"https:\/\/atlastoilets.com\/fr\/produit\/urinoir-autonome-semipermanent-pluto4\/#primaryimage"},"thumbnailUrl":"https:\/\/atlastoilets.com\/wp-content\/uploads\/2022\/03\/semi-permanent-urinal-1.jpg","datePublished":"2022-03-07T13:40:58+00:00","dateModified":"2022-08-12T08:13:38+00:00","breadcrumb":{"@id":"https:\/\/atlastoilets.com\/fr\/produit\/urinoir-autonome-semipermanent-pluto4\/#breadcrumb"},"inLanguage":"fr-FR","potentialAction":[{"@type":"ReadAction","target":["https:\/\/atlastoilets.com\/fr\/produit\/urinoir-autonome-semipermanent-pluto4\/"]}]},{"@type":"ImageObject","inLanguage":"fr-FR","@id":"https:\/\/atlastoilets.com\/fr\/produit\/urinoir-autonome-semipermanent-pluto4\/#primaryimage","url":"https:\/\/atlastoilets.com\/wp-content\/uploads\/2022\/03\/semi-permanent-urinal-1.jpg","contentUrl":"https:\/\/atlastoilets.com\/wp-content\/uploads\/2022\/03\/semi-permanent-urinal-1.jpg","width":1000,"height":1000,"caption":"Semi-permanent urinal"},{"@type":"BreadcrumbList","@id":"https:\/\/atlastoilets.com\/fr\/produit\/urinoir-autonome-semipermanent-pluto4\/#breadcrumb","itemListElement":[{"@type":"ListItem","position":1,"name":"Home","item":"https:\/\/atlastoilets.com\/fr\/"},{"@type":"ListItem","position":2,"name":"Boutique","item":"https:\/\/atlastoilets.com\/fr\/boutique\/"},{"@type":"ListItem","position":3,"name":"Urinoir autonome semipermanent Pluto4"}]},{"@type":"WebSite","@id":"https:\/\/atlastoilets.com\/#website","url":"https:\/\/atlastoilets.com\/","name":"Atlas Sanitation Products","description":"Total supplier for toilet rental companies","potentialAction":[{"@type":"SearchAction","target":{"@type":"EntryPoint","urlTemplate":"https:\/\/atlastoilets.com\/?s={search_term_string}"},"query-input":{"@type":"PropertyValueSpecification","valueRequired":true,"valueName":"search_term_string"}}],"inLanguage":"fr-FR"}]}},"_links":{"self":[{"href":"https:\/\/atlastoilets.com\/fr\/wp-json\/wp\/v2\/product\/20490","targetHints":{"allow":["GET"]}}],"collection":[{"href":"https:\/\/atlastoilets.com\/fr\/wp-json\/wp\/v2\/product"}],"about":[{"href":"https:\/\/atlastoilets.com\/fr\/wp-json\/wp\/v2\/types\/product"}],"wp:featuredmedia":[{"embeddable":true,"href":"https:\/\/atlastoilets.com\/fr\/wp-json\/wp\/v2\/media\/20590"}],"wp:attachment":[{"href":"https:\/\/atlastoilets.com\/fr\/wp-json\/wp\/v2\/media?parent=20490"}],"wp:term":[{"taxonomy":"product_brand","embeddable":true,"href":"https:\/\/atlastoilets.com\/fr\/wp-json\/wp\/v2\/product_brand?post=20490"},{"taxonomy":"product_cat","embeddable":true,"href":"https:\/\/atlastoilets.com\/fr\/wp-json\/wp\/v2\/product_cat?post=20490"},{"taxonomy":"product_tag","embeddable":true,"href":"https:\/\/atlastoilets.com\/fr\/wp-json\/wp\/v2\/product_tag?post=20490"}],"curies":[{"name":"wp","href":"https:\/\/api.w.org\/{rel}","templated":true}]}}