{"id":20489,"date":"2022-03-07T13:40:58","date_gmt":"2022-03-07T13:40:58","guid":{"rendered":"https:\/\/www.mobileurinal.eu\/product\/urinoir-autonome-pluto1\/"},"modified":"2022-08-12T08:08:15","modified_gmt":"2022-08-12T08:08:15","slug":"pissoir-autonome-pluto1","status":"publish","type":"product","link":"https:\/\/atlastoilets.com\/fr\/produit\/pissoir-autonome-pluto1\/","title":{"rendered":"Urinoir autonome Pluto1"},"content":{"rendered":"<p><em><strong>Simplicit\u00e9 pure<\/strong><\/em><\/p>\n<p><img loading=\"lazy\" decoding=\"async\" class=\"alignright size-full wp-image-30130\" src=\"https:\/\/atlastoilets.com\/wp-content\/uploads\/2022\/03\/LOGO-PLUTO-1-mobile-urinal.png\" alt=\"logo pluto 1\" width=\"227\" height=\"114\" \/>Le pissoir\u00a0Pluto1 est, comme le Pluto2 et Pluto3, a \u00e9t\u00e9 d\u00e9velopp\u00e9 pour une utilisation \u00e0 des \u00e9v\u00e9nements et des sites de construction.<br \/>\nL&rsquo;urinoir est adapt\u00e9 pour une utilisation simultan\u00e9e par quatre personnes.<\/p>\n<p>Sp\u00e9cifications:<\/p>\n<p>\u2022 Hauteur: 1150 mm<br \/>\n\u2022 Largeur: 1250 mm<br \/>\n\u2022 Profondeur: 1200 mm<br \/>\n\u2022 Poids: 55 kg<br \/>\n\u2022 Capacit\u00e9: 550 litres<br \/>\n\u2022 Disponible en: Gris fonc\u00e9<\/p>\n","protected":false},"excerpt":{"rendered":"<p><em><strong>Simplicit\u00e9 pure<\/strong><\/em><\/p>\n<p><img loading=\"lazy\" decoding=\"async\" class=\"alignright size-full wp-image-30130\" src=\"https:\/\/atlastoilets.com\/wp-content\/uploads\/2022\/03\/LOGO-PLUTO-1-mobile-urinal.png\" alt=\"logo pluto 1\" width=\"227\" height=\"114\" \/>Le pissoir\u00a0Pluto1 est, comme le Pluto2 et Pluto3, a \u00e9t\u00e9 d\u00e9velopp\u00e9 pour une utilisation \u00e0 des \u00e9v\u00e9nements et des sites de construction.<br \/>\nL&rsquo;urinoir est adapt\u00e9 pour une utilisation simultan\u00e9e par quatre personnes.<\/p>\n<p>&nbsp;<\/p>\n","protected":false},"featured_media":18675,"template":"","meta":[],"product_brand":[],"product_cat":[848,864],"product_tag":[],"class_list":{"0":"post-20489","1":"product","2":"type-product","3":"status-publish","4":"has-post-thumbnail","6":"product_cat-urinoir-de-4-personnes","7":"product_cat-urinoirs-mobiles","9":"first","10":"on_request","11":"taxable","12":"shipping-taxable","13":"purchasable","14":"product-type-simple"},"yoast_head":"<!-- This site is optimized with the Yoast SEO plugin v27.4 - https:\/\/yoast.com\/product\/yoast-seo-wordpress\/ -->\n<title>Pissoir\u00a0Pluto 1<\/title>\n<meta name=\"description\" content=\"Le pissoir\u00a0Pluto1 est, comme le Pluto2 et Pluto3, a \u00e9t\u00e9 d\u00e9velopp\u00e9 pour une utilisation \u00e0 des \u00e9v\u00e9nements et des sites de construction\" \/>\n<meta name=\"robots\" content=\"index, follow, max-snippet:-1, max-image-preview:large, max-video-preview:-1\" \/>\n<link rel=\"canonical\" href=\"https:\/\/atlastoilets.com\/fr\/produit\/pissoir-autonome-pluto1\/\" \/>\n<meta property=\"og:locale\" content=\"fr_FR\" \/>\n<meta property=\"og:type\" content=\"article\" \/>\n<meta property=\"og:title\" content=\"Pissoir\u00a0Pluto 1\" \/>\n<meta property=\"og:description\" content=\"Le pissoir\u00a0Pluto1 est, comme le Pluto2 et Pluto3, a \u00e9t\u00e9 d\u00e9velopp\u00e9 pour une utilisation \u00e0 des \u00e9v\u00e9nements et des sites de construction\" \/>\n<meta property=\"og:url\" content=\"https:\/\/atlastoilets.com\/fr\/produit\/pissoir-autonome-pluto1\/\" \/>\n<meta property=\"og:site_name\" content=\"Atlas Sanitation Products\" \/>\n<meta property=\"article:modified_time\" content=\"2022-08-12T08:08:15+00:00\" \/>\n<meta property=\"og:image\" content=\"https:\/\/atlastoilets.com\/wp-content\/uploads\/2022\/03\/Mobile-urinal-Pluto1.jpg\" \/>\n\t<meta property=\"og:image:width\" content=\"1000\" \/>\n\t<meta property=\"og:image:height\" content=\"1000\" \/>\n\t<meta property=\"og:image:type\" content=\"image\/jpeg\" \/>\n<meta name=\"twitter:card\" content=\"summary_large_image\" \/>\n<meta name=\"twitter:label1\" content=\"Dur\u00e9e de lecture estim\u00e9e\" \/>\n\t<meta name=\"twitter:data1\" content=\"1 minute\" \/>\n<script type=\"application\/ld+json\" class=\"yoast-schema-graph\">{\"@context\":\"https:\\\/\\\/schema.org\",\"@graph\":[{\"@type\":[\"WebPage\",\"ItemPage\"],\"@id\":\"https:\\\/\\\/atlastoilets.com\\\/fr\\\/produit\\\/pissoir-autonome-pluto1\\\/\",\"url\":\"https:\\\/\\\/atlastoilets.com\\\/fr\\\/produit\\\/pissoir-autonome-pluto1\\\/\",\"name\":\"Pissoir\u00a0Pluto 1\",\"isPartOf\":{\"@id\":\"https:\\\/\\\/atlastoilets.com\\\/#website\"},\"primaryImageOfPage\":{\"@id\":\"https:\\\/\\\/atlastoilets.com\\\/fr\\\/produit\\\/pissoir-autonome-pluto1\\\/#primaryimage\"},\"image\":{\"@id\":\"https:\\\/\\\/atlastoilets.com\\\/fr\\\/produit\\\/pissoir-autonome-pluto1\\\/#primaryimage\"},\"thumbnailUrl\":\"https:\\\/\\\/atlastoilets.com\\\/wp-content\\\/uploads\\\/2022\\\/03\\\/Mobile-urinal-Pluto1.jpg\",\"datePublished\":\"2022-03-07T13:40:58+00:00\",\"dateModified\":\"2022-08-12T08:08:15+00:00\",\"description\":\"Le pissoir\u00a0Pluto1 est, comme le Pluto2 et Pluto3, a \u00e9t\u00e9 d\u00e9velopp\u00e9 pour une utilisation \u00e0 des \u00e9v\u00e9nements et des sites de construction\",\"breadcrumb\":{\"@id\":\"https:\\\/\\\/atlastoilets.com\\\/fr\\\/produit\\\/pissoir-autonome-pluto1\\\/#breadcrumb\"},\"inLanguage\":\"fr-FR\",\"potentialAction\":[{\"@type\":\"ReadAction\",\"target\":[\"https:\\\/\\\/atlastoilets.com\\\/fr\\\/produit\\\/pissoir-autonome-pluto1\\\/\"]}]},{\"@type\":\"ImageObject\",\"inLanguage\":\"fr-FR\",\"@id\":\"https:\\\/\\\/atlastoilets.com\\\/fr\\\/produit\\\/pissoir-autonome-pluto1\\\/#primaryimage\",\"url\":\"https:\\\/\\\/atlastoilets.com\\\/wp-content\\\/uploads\\\/2022\\\/03\\\/Mobile-urinal-Pluto1.jpg\",\"contentUrl\":\"https:\\\/\\\/atlastoilets.com\\\/wp-content\\\/uploads\\\/2022\\\/03\\\/Mobile-urinal-Pluto1.jpg\",\"width\":1000,\"height\":1000,\"caption\":\"PQ Buster\"},{\"@type\":\"BreadcrumbList\",\"@id\":\"https:\\\/\\\/atlastoilets.com\\\/fr\\\/produit\\\/pissoir-autonome-pluto1\\\/#breadcrumb\",\"itemListElement\":[{\"@type\":\"ListItem\",\"position\":1,\"name\":\"Home\",\"item\":\"https:\\\/\\\/atlastoilets.com\\\/fr\\\/\"},{\"@type\":\"ListItem\",\"position\":2,\"name\":\"Boutique\",\"item\":\"https:\\\/\\\/atlastoilets.com\\\/fr\\\/boutique\\\/\"},{\"@type\":\"ListItem\",\"position\":3,\"name\":\"Urinoir autonome Pluto1\"}]},{\"@type\":\"WebSite\",\"@id\":\"https:\\\/\\\/atlastoilets.com\\\/#website\",\"url\":\"https:\\\/\\\/atlastoilets.com\\\/\",\"name\":\"Atlas Sanitation Products\",\"description\":\"Total supplier for toilet rental companies\",\"potentialAction\":[{\"@type\":\"SearchAction\",\"target\":{\"@type\":\"EntryPoint\",\"urlTemplate\":\"https:\\\/\\\/atlastoilets.com\\\/?s={search_term_string}\"},\"query-input\":{\"@type\":\"PropertyValueSpecification\",\"valueRequired\":true,\"valueName\":\"search_term_string\"}}],\"inLanguage\":\"fr-FR\"}]}<\/script>\n<!-- \/ Yoast SEO plugin. -->","yoast_head_json":{"title":"Pissoir\u00a0Pluto 1","description":"Le pissoir\u00a0Pluto1 est, comme le Pluto2 et Pluto3, a \u00e9t\u00e9 d\u00e9velopp\u00e9 pour une utilisation \u00e0 des \u00e9v\u00e9nements et des sites de construction","robots":{"index":"index","follow":"follow","max-snippet":"max-snippet:-1","max-image-preview":"max-image-preview:large","max-video-preview":"max-video-preview:-1"},"canonical":"https:\/\/atlastoilets.com\/fr\/produit\/pissoir-autonome-pluto1\/","og_locale":"fr_FR","og_type":"article","og_title":"Pissoir\u00a0Pluto 1","og_description":"Le pissoir\u00a0Pluto1 est, comme le Pluto2 et Pluto3, a \u00e9t\u00e9 d\u00e9velopp\u00e9 pour une utilisation \u00e0 des \u00e9v\u00e9nements et des sites de construction","og_url":"https:\/\/atlastoilets.com\/fr\/produit\/pissoir-autonome-pluto1\/","og_site_name":"Atlas Sanitation Products","article_modified_time":"2022-08-12T08:08:15+00:00","og_image":[{"width":1000,"height":1000,"url":"https:\/\/atlastoilets.com\/wp-content\/uploads\/2022\/03\/Mobile-urinal-Pluto1.jpg","type":"image\/jpeg"}],"twitter_card":"summary_large_image","twitter_misc":{"Dur\u00e9e de lecture estim\u00e9e":"1 minute"},"schema":{"@context":"https:\/\/schema.org","@graph":[{"@type":["WebPage","ItemPage"],"@id":"https:\/\/atlastoilets.com\/fr\/produit\/pissoir-autonome-pluto1\/","url":"https:\/\/atlastoilets.com\/fr\/produit\/pissoir-autonome-pluto1\/","name":"Pissoir\u00a0Pluto 1","isPartOf":{"@id":"https:\/\/atlastoilets.com\/#website"},"primaryImageOfPage":{"@id":"https:\/\/atlastoilets.com\/fr\/produit\/pissoir-autonome-pluto1\/#primaryimage"},"image":{"@id":"https:\/\/atlastoilets.com\/fr\/produit\/pissoir-autonome-pluto1\/#primaryimage"},"thumbnailUrl":"https:\/\/atlastoilets.com\/wp-content\/uploads\/2022\/03\/Mobile-urinal-Pluto1.jpg","datePublished":"2022-03-07T13:40:58+00:00","dateModified":"2022-08-12T08:08:15+00:00","description":"Le pissoir\u00a0Pluto1 est, comme le Pluto2 et Pluto3, a \u00e9t\u00e9 d\u00e9velopp\u00e9 pour une utilisation \u00e0 des \u00e9v\u00e9nements et des sites de construction","breadcrumb":{"@id":"https:\/\/atlastoilets.com\/fr\/produit\/pissoir-autonome-pluto1\/#breadcrumb"},"inLanguage":"fr-FR","potentialAction":[{"@type":"ReadAction","target":["https:\/\/atlastoilets.com\/fr\/produit\/pissoir-autonome-pluto1\/"]}]},{"@type":"ImageObject","inLanguage":"fr-FR","@id":"https:\/\/atlastoilets.com\/fr\/produit\/pissoir-autonome-pluto1\/#primaryimage","url":"https:\/\/atlastoilets.com\/wp-content\/uploads\/2022\/03\/Mobile-urinal-Pluto1.jpg","contentUrl":"https:\/\/atlastoilets.com\/wp-content\/uploads\/2022\/03\/Mobile-urinal-Pluto1.jpg","width":1000,"height":1000,"caption":"PQ Buster"},{"@type":"BreadcrumbList","@id":"https:\/\/atlastoilets.com\/fr\/produit\/pissoir-autonome-pluto1\/#breadcrumb","itemListElement":[{"@type":"ListItem","position":1,"name":"Home","item":"https:\/\/atlastoilets.com\/fr\/"},{"@type":"ListItem","position":2,"name":"Boutique","item":"https:\/\/atlastoilets.com\/fr\/boutique\/"},{"@type":"ListItem","position":3,"name":"Urinoir autonome Pluto1"}]},{"@type":"WebSite","@id":"https:\/\/atlastoilets.com\/#website","url":"https:\/\/atlastoilets.com\/","name":"Atlas Sanitation Products","description":"Total supplier for toilet rental companies","potentialAction":[{"@type":"SearchAction","target":{"@type":"EntryPoint","urlTemplate":"https:\/\/atlastoilets.com\/?s={search_term_string}"},"query-input":{"@type":"PropertyValueSpecification","valueRequired":true,"valueName":"search_term_string"}}],"inLanguage":"fr-FR"}]}},"_links":{"self":[{"href":"https:\/\/atlastoilets.com\/fr\/wp-json\/wp\/v2\/product\/20489","targetHints":{"allow":["GET"]}}],"collection":[{"href":"https:\/\/atlastoilets.com\/fr\/wp-json\/wp\/v2\/product"}],"about":[{"href":"https:\/\/atlastoilets.com\/fr\/wp-json\/wp\/v2\/types\/product"}],"wp:featuredmedia":[{"embeddable":true,"href":"https:\/\/atlastoilets.com\/fr\/wp-json\/wp\/v2\/media\/18675"}],"wp:attachment":[{"href":"https:\/\/atlastoilets.com\/fr\/wp-json\/wp\/v2\/media?parent=20489"}],"wp:term":[{"taxonomy":"product_brand","embeddable":true,"href":"https:\/\/atlastoilets.com\/fr\/wp-json\/wp\/v2\/product_brand?post=20489"},{"taxonomy":"product_cat","embeddable":true,"href":"https:\/\/atlastoilets.com\/fr\/wp-json\/wp\/v2\/product_cat?post=20489"},{"taxonomy":"product_tag","embeddable":true,"href":"https:\/\/atlastoilets.com\/fr\/wp-json\/wp\/v2\/product_tag?post=20489"}],"curies":[{"name":"wp","href":"https:\/\/api.w.org\/{rel}","templated":true}]}}