{"id":20488,"date":"2022-03-07T13:40:58","date_gmt":"2022-03-07T13:40:58","guid":{"rendered":"https:\/\/www.mobileurinal.eu\/product\/urinoir-empilable-pluto2\/"},"modified":"2022-08-12T08:00:43","modified_gmt":"2022-08-12T08:00:43","slug":"urinoir-empilable-pluto2","status":"publish","type":"product","link":"https:\/\/atlastoilets.com\/fr\/produit\/urinoir-empilable-pluto2\/","title":{"rendered":"Urinoir empilable Pluto2"},"content":{"rendered":"<p><img loading=\"lazy\" decoding=\"async\" class=\"alignright size-full wp-image-30135\" src=\"https:\/\/atlastoilets.com\/wp-content\/uploads\/2022\/03\/LOGO-PLUTO-2-mobile-urinal.png\" alt=\"pluto 2 logo\" width=\"227\" height=\"114\" \/>Le Pluto2 urinoir empilable offre moins d&rsquo;intimit\u00e9 que l&rsquo;urinoir Pluto3.<\/p>\n<p>En raison de sa hauteur l&rsquo;organisateur de l&rsquo;\u00e9v\u00e9nement et de la soci\u00e9t\u00e9 de location auront une meilleure vue ce qui se passe dans le\u00a0section d&rsquo;urinoirs.<br \/>\nIl empile jusqu&rsquo;\u00e0 10 urinoirs avec les m\u00eames dimensions de sol comme une toilette portative.<\/p>\n<p>Les sp\u00e9cifications:<\/p>\n<p>\u2022 Hauteur: 1250 mm<br \/>\n\u2022 Largeur: 1 120 mm<br \/>\n\u2022 Profondeur: 1120 mm<br \/>\n\u2022 Poids: 35 kg<br \/>\n\u2022 Capacit\u00e9: 400 litres<br \/>\n\u2022 Available in: Gris fonc\u00e9<\/p>\n","protected":false},"excerpt":{"rendered":"<p><img loading=\"lazy\" decoding=\"async\" class=\"alignright size-full wp-image-30135\" src=\"https:\/\/atlastoilets.com\/wp-content\/uploads\/2022\/03\/LOGO-PLUTO-2-mobile-urinal.png\" alt=\"pluto 2 logo\" width=\"227\" height=\"114\" \/>Le Pluto2 urinoir empilable offre moins d&rsquo;intimit\u00e9 que l&rsquo;urinoir Pluto3.<br \/>\nEn raison de sa hauteur l&rsquo;organisateur de l&rsquo;\u00e9v\u00e9nement et de la soci\u00e9t\u00e9 de location auront une meilleure vue ce qui se passe dans le\u00a0section d&rsquo;urinoirs.<br \/>\nIl empile jusqu&rsquo;\u00e0 10 urinoirs avec les m\u00eames dimensions de sol comme une toilette portative.<\/p>\n","protected":false},"featured_media":18471,"template":"","meta":[],"product_brand":[],"product_cat":[848,864],"product_tag":[],"class_list":{"0":"post-20488","1":"product","2":"type-product","3":"status-publish","4":"has-post-thumbnail","6":"product_cat-urinoir-de-4-personnes","7":"product_cat-urinoirs-mobiles","9":"first","10":"on_request","11":"taxable","12":"shipping-taxable","13":"purchasable","14":"product-type-simple"},"yoast_head":"<!-- This site is optimized with the Yoast SEO plugin v27.4 - https:\/\/yoast.com\/product\/yoast-seo-wordpress\/ -->\n<title>Urinoir empilable Pluto 2<\/title>\n<meta name=\"description\" content=\"Le Pluto2 urinoir empilable offre moins d&#039;intimit\u00e9. Il empile jusqu&#039;\u00e0 10 urinoirs avec les m\u00eames dimensions de sol comme une toilette portative.\" \/>\n<meta name=\"robots\" content=\"index, follow, max-snippet:-1, max-image-preview:large, max-video-preview:-1\" \/>\n<link rel=\"canonical\" href=\"https:\/\/atlastoilets.com\/fr\/produit\/urinoir-empilable-pluto2\/\" \/>\n<meta property=\"og:locale\" content=\"fr_FR\" \/>\n<meta property=\"og:type\" content=\"article\" \/>\n<meta property=\"og:title\" content=\"Urinoir empilable Pluto 2\" \/>\n<meta property=\"og:description\" content=\"Le Pluto2 urinoir empilable offre moins d&#039;intimit\u00e9. Il empile jusqu&#039;\u00e0 10 urinoirs avec les m\u00eames dimensions de sol comme une toilette portative.\" \/>\n<meta property=\"og:url\" content=\"https:\/\/atlastoilets.com\/fr\/produit\/urinoir-empilable-pluto2\/\" \/>\n<meta property=\"og:site_name\" content=\"Atlas Sanitation Products\" \/>\n<meta property=\"article:modified_time\" content=\"2022-08-12T08:00:43+00:00\" \/>\n<meta property=\"og:image\" content=\"https:\/\/atlastoilets.com\/wp-content\/uploads\/2022\/03\/Mobile-urinal-Pluto2.jpg\" \/>\n\t<meta property=\"og:image:width\" content=\"1000\" \/>\n\t<meta property=\"og:image:height\" content=\"1000\" \/>\n\t<meta property=\"og:image:type\" content=\"image\/jpeg\" \/>\n<meta name=\"twitter:card\" content=\"summary_large_image\" \/>\n<meta name=\"twitter:label1\" content=\"Dur\u00e9e de lecture estim\u00e9e\" \/>\n\t<meta name=\"twitter:data1\" content=\"1 minute\" \/>\n<script type=\"application\/ld+json\" class=\"yoast-schema-graph\">{\"@context\":\"https:\\\/\\\/schema.org\",\"@graph\":[{\"@type\":[\"WebPage\",\"ItemPage\"],\"@id\":\"https:\\\/\\\/atlastoilets.com\\\/fr\\\/produit\\\/urinoir-empilable-pluto2\\\/\",\"url\":\"https:\\\/\\\/atlastoilets.com\\\/fr\\\/produit\\\/urinoir-empilable-pluto2\\\/\",\"name\":\"Urinoir empilable Pluto 2\",\"isPartOf\":{\"@id\":\"https:\\\/\\\/atlastoilets.com\\\/#website\"},\"primaryImageOfPage\":{\"@id\":\"https:\\\/\\\/atlastoilets.com\\\/fr\\\/produit\\\/urinoir-empilable-pluto2\\\/#primaryimage\"},\"image\":{\"@id\":\"https:\\\/\\\/atlastoilets.com\\\/fr\\\/produit\\\/urinoir-empilable-pluto2\\\/#primaryimage\"},\"thumbnailUrl\":\"https:\\\/\\\/atlastoilets.com\\\/wp-content\\\/uploads\\\/2022\\\/03\\\/Mobile-urinal-Pluto2.jpg\",\"datePublished\":\"2022-03-07T13:40:58+00:00\",\"dateModified\":\"2022-08-12T08:00:43+00:00\",\"description\":\"Le Pluto2 urinoir empilable offre moins d'intimit\u00e9. Il empile jusqu'\u00e0 10 urinoirs avec les m\u00eames dimensions de sol comme une toilette portative.\",\"breadcrumb\":{\"@id\":\"https:\\\/\\\/atlastoilets.com\\\/fr\\\/produit\\\/urinoir-empilable-pluto2\\\/#breadcrumb\"},\"inLanguage\":\"fr-FR\",\"potentialAction\":[{\"@type\":\"ReadAction\",\"target\":[\"https:\\\/\\\/atlastoilets.com\\\/fr\\\/produit\\\/urinoir-empilable-pluto2\\\/\"]}]},{\"@type\":\"ImageObject\",\"inLanguage\":\"fr-FR\",\"@id\":\"https:\\\/\\\/atlastoilets.com\\\/fr\\\/produit\\\/urinoir-empilable-pluto2\\\/#primaryimage\",\"url\":\"https:\\\/\\\/atlastoilets.com\\\/wp-content\\\/uploads\\\/2022\\\/03\\\/Mobile-urinal-Pluto2.jpg\",\"contentUrl\":\"https:\\\/\\\/atlastoilets.com\\\/wp-content\\\/uploads\\\/2022\\\/03\\\/Mobile-urinal-Pluto2.jpg\",\"width\":1000,\"height\":1000,\"caption\":\"Urinoir empilable pluto\"},{\"@type\":\"BreadcrumbList\",\"@id\":\"https:\\\/\\\/atlastoilets.com\\\/fr\\\/produit\\\/urinoir-empilable-pluto2\\\/#breadcrumb\",\"itemListElement\":[{\"@type\":\"ListItem\",\"position\":1,\"name\":\"Home\",\"item\":\"https:\\\/\\\/atlastoilets.com\\\/fr\\\/\"},{\"@type\":\"ListItem\",\"position\":2,\"name\":\"Boutique\",\"item\":\"https:\\\/\\\/atlastoilets.com\\\/fr\\\/boutique\\\/\"},{\"@type\":\"ListItem\",\"position\":3,\"name\":\"Urinoir empilable Pluto2\"}]},{\"@type\":\"WebSite\",\"@id\":\"https:\\\/\\\/atlastoilets.com\\\/#website\",\"url\":\"https:\\\/\\\/atlastoilets.com\\\/\",\"name\":\"Atlas Sanitation Products\",\"description\":\"Total supplier for toilet rental companies\",\"potentialAction\":[{\"@type\":\"SearchAction\",\"target\":{\"@type\":\"EntryPoint\",\"urlTemplate\":\"https:\\\/\\\/atlastoilets.com\\\/?s={search_term_string}\"},\"query-input\":{\"@type\":\"PropertyValueSpecification\",\"valueRequired\":true,\"valueName\":\"search_term_string\"}}],\"inLanguage\":\"fr-FR\"}]}<\/script>\n<!-- \/ Yoast SEO plugin. -->","yoast_head_json":{"title":"Urinoir empilable Pluto 2","description":"Le Pluto2 urinoir empilable offre moins d'intimit\u00e9. Il empile jusqu'\u00e0 10 urinoirs avec les m\u00eames dimensions de sol comme une toilette portative.","robots":{"index":"index","follow":"follow","max-snippet":"max-snippet:-1","max-image-preview":"max-image-preview:large","max-video-preview":"max-video-preview:-1"},"canonical":"https:\/\/atlastoilets.com\/fr\/produit\/urinoir-empilable-pluto2\/","og_locale":"fr_FR","og_type":"article","og_title":"Urinoir empilable Pluto 2","og_description":"Le Pluto2 urinoir empilable offre moins d'intimit\u00e9. Il empile jusqu'\u00e0 10 urinoirs avec les m\u00eames dimensions de sol comme une toilette portative.","og_url":"https:\/\/atlastoilets.com\/fr\/produit\/urinoir-empilable-pluto2\/","og_site_name":"Atlas Sanitation Products","article_modified_time":"2022-08-12T08:00:43+00:00","og_image":[{"width":1000,"height":1000,"url":"https:\/\/atlastoilets.com\/wp-content\/uploads\/2022\/03\/Mobile-urinal-Pluto2.jpg","type":"image\/jpeg"}],"twitter_card":"summary_large_image","twitter_misc":{"Dur\u00e9e de lecture estim\u00e9e":"1 minute"},"schema":{"@context":"https:\/\/schema.org","@graph":[{"@type":["WebPage","ItemPage"],"@id":"https:\/\/atlastoilets.com\/fr\/produit\/urinoir-empilable-pluto2\/","url":"https:\/\/atlastoilets.com\/fr\/produit\/urinoir-empilable-pluto2\/","name":"Urinoir empilable Pluto 2","isPartOf":{"@id":"https:\/\/atlastoilets.com\/#website"},"primaryImageOfPage":{"@id":"https:\/\/atlastoilets.com\/fr\/produit\/urinoir-empilable-pluto2\/#primaryimage"},"image":{"@id":"https:\/\/atlastoilets.com\/fr\/produit\/urinoir-empilable-pluto2\/#primaryimage"},"thumbnailUrl":"https:\/\/atlastoilets.com\/wp-content\/uploads\/2022\/03\/Mobile-urinal-Pluto2.jpg","datePublished":"2022-03-07T13:40:58+00:00","dateModified":"2022-08-12T08:00:43+00:00","description":"Le Pluto2 urinoir empilable offre moins d'intimit\u00e9. Il empile jusqu'\u00e0 10 urinoirs avec les m\u00eames dimensions de sol comme une toilette portative.","breadcrumb":{"@id":"https:\/\/atlastoilets.com\/fr\/produit\/urinoir-empilable-pluto2\/#breadcrumb"},"inLanguage":"fr-FR","potentialAction":[{"@type":"ReadAction","target":["https:\/\/atlastoilets.com\/fr\/produit\/urinoir-empilable-pluto2\/"]}]},{"@type":"ImageObject","inLanguage":"fr-FR","@id":"https:\/\/atlastoilets.com\/fr\/produit\/urinoir-empilable-pluto2\/#primaryimage","url":"https:\/\/atlastoilets.com\/wp-content\/uploads\/2022\/03\/Mobile-urinal-Pluto2.jpg","contentUrl":"https:\/\/atlastoilets.com\/wp-content\/uploads\/2022\/03\/Mobile-urinal-Pluto2.jpg","width":1000,"height":1000,"caption":"Urinoir empilable pluto"},{"@type":"BreadcrumbList","@id":"https:\/\/atlastoilets.com\/fr\/produit\/urinoir-empilable-pluto2\/#breadcrumb","itemListElement":[{"@type":"ListItem","position":1,"name":"Home","item":"https:\/\/atlastoilets.com\/fr\/"},{"@type":"ListItem","position":2,"name":"Boutique","item":"https:\/\/atlastoilets.com\/fr\/boutique\/"},{"@type":"ListItem","position":3,"name":"Urinoir empilable Pluto2"}]},{"@type":"WebSite","@id":"https:\/\/atlastoilets.com\/#website","url":"https:\/\/atlastoilets.com\/","name":"Atlas Sanitation Products","description":"Total supplier for toilet rental companies","potentialAction":[{"@type":"SearchAction","target":{"@type":"EntryPoint","urlTemplate":"https:\/\/atlastoilets.com\/?s={search_term_string}"},"query-input":{"@type":"PropertyValueSpecification","valueRequired":true,"valueName":"search_term_string"}}],"inLanguage":"fr-FR"}]}},"_links":{"self":[{"href":"https:\/\/atlastoilets.com\/fr\/wp-json\/wp\/v2\/product\/20488","targetHints":{"allow":["GET"]}}],"collection":[{"href":"https:\/\/atlastoilets.com\/fr\/wp-json\/wp\/v2\/product"}],"about":[{"href":"https:\/\/atlastoilets.com\/fr\/wp-json\/wp\/v2\/types\/product"}],"wp:featuredmedia":[{"embeddable":true,"href":"https:\/\/atlastoilets.com\/fr\/wp-json\/wp\/v2\/media\/18471"}],"wp:attachment":[{"href":"https:\/\/atlastoilets.com\/fr\/wp-json\/wp\/v2\/media?parent=20488"}],"wp:term":[{"taxonomy":"product_brand","embeddable":true,"href":"https:\/\/atlastoilets.com\/fr\/wp-json\/wp\/v2\/product_brand?post=20488"},{"taxonomy":"product_cat","embeddable":true,"href":"https:\/\/atlastoilets.com\/fr\/wp-json\/wp\/v2\/product_cat?post=20488"},{"taxonomy":"product_tag","embeddable":true,"href":"https:\/\/atlastoilets.com\/fr\/wp-json\/wp\/v2\/product_tag?post=20488"}],"curies":[{"name":"wp","href":"https:\/\/api.w.org\/{rel}","templated":true}]}}