{"id":20487,"date":"2022-03-07T13:40:58","date_gmt":"2022-03-07T13:40:58","guid":{"rendered":"https:\/\/www.mobileurinal.eu\/product\/urinoir-autonome-sur-roues-peeone\/"},"modified":"2025-04-18T13:20:56","modified_gmt":"2025-04-18T13:20:56","slug":"urinoir-sur-roues","status":"publish","type":"product","link":"https:\/\/atlastoilets.com\/fr\/produit\/urinoir-sur-roues\/","title":{"rendered":"Urinoir autonome sur roues PeeOne"},"content":{"rendered":"<p><em><strong>Urinoir\u00a0autonome\u00a0sur roues<\/strong><\/em><\/p>\n<p><img loading=\"lazy\" decoding=\"async\" class=\"alignright size-full wp-image-30125\" src=\"https:\/\/atlastoilets.com\/wp-content\/uploads\/2022\/03\/LOGO-PLUTO-peeone-mobile-urinal-1.png\" alt=\"peeone logo\" width=\"227\" height=\"114\" \/><\/p>\n<p>Un urinoir portable sur roues facile \u00e0 transporter et rapide \u00e0 installer o\u00f9 vous le souhaitez.<br \/>\nCe produit peut \u00eatre int\u00e9ressant pour les soci\u00e9t\u00e9s de location en raison de sa mobilit\u00e9.<br \/>\nLes caract\u00e9ristiques du PeeOne en font un produit id\u00e9al pour les travaux de construction de b\u00e2timents \u00e0 plusieurs \u00e9tages, avec un urinoir \u00e0 chaque \u00e9tage, de sorte que les ouvriers n&rsquo;ont pas besoin d&rsquo;aller au rez-de-chauss\u00e9e pour faire pipi.<br \/>\nUn autre march\u00e9 pour la location du Peeone est celui des particuliers qui organisent des f\u00eates de jardin ou d&rsquo;autres festivit\u00e9s en plein air.<br \/>\nSurtout ces endroits o\u00f9 il est difficile d&rsquo;avoir une toilette portative, l&rsquo;Peeone est une bonne alternative.<\/p>\n<p>Sp\u00e9cifications:<\/p>\n<p>\u2022 \u00a0Hauteur: 1200 mm<br \/>\n\u2022 \u00a0Largeur: 390 mm<br \/>\n\u2022 \u00a0Profondeur: 330 mm<br \/>\n\u2022 \u00a0Poids: 10 kg<br \/>\n\u2022 \u00a0Capacit\u00e9: 50 litres<br \/>\n\u2022 \u00a0Disponible dans: Granite<\/p>\n<p>&nbsp;<\/p>\n","protected":false},"excerpt":{"rendered":"<p><img loading=\"lazy\" decoding=\"async\" class=\"alignright size-full wp-image-30125\" src=\"https:\/\/atlastoilets.com\/wp-content\/uploads\/2022\/03\/LOGO-PLUTO-peeone-mobile-urinal-1.png\" alt=\"peeone logo\" width=\"227\" height=\"114\" \/>Un urinoir autonome sur roues qui est facile \u00e0 transporter et rapidement \u00e0 placer o\u00f9 vous voulez.<br \/>\nSurtout ces endroits o\u00f9 il est difficile d&rsquo;avoir une toilette portative, l&rsquo;Peeone est une bonne alternative.<\/p>\n<p>&nbsp;<\/p>\n<p>&nbsp;<\/p>\n","protected":false},"featured_media":18655,"template":"","meta":[],"product_brand":[],"product_cat":[864,844],"product_tag":[],"class_list":{"0":"post-20487","1":"product","2":"type-product","3":"status-publish","4":"has-post-thumbnail","6":"product_cat-urinoirs-mobiles","7":"product_cat-urinoirs-de-1-personne","9":"first","10":"instock","11":"taxable","12":"shipping-taxable","13":"purchasable","14":"product-type-simple"},"yoast_head":"<!-- This site is optimized with the Yoast SEO plugin v27.4 - https:\/\/yoast.com\/product\/yoast-seo-wordpress\/ -->\n<title>Urinoir\u00a0sur roues PeeOne<\/title>\n<meta name=\"description\" content=\"Urinoir\u00a0sur roues PeeOne. Un urinoir autonome sur roues qui est facile \u00e0 transporter et rapidement \u00e0 placer o\u00f9 vous voulez.\" \/>\n<meta name=\"robots\" content=\"index, follow, max-snippet:-1, max-image-preview:large, max-video-preview:-1\" \/>\n<link rel=\"canonical\" href=\"https:\/\/atlastoilets.com\/fr\/produit\/urinoir-sur-roues\/\" \/>\n<meta property=\"og:locale\" content=\"fr_FR\" \/>\n<meta property=\"og:type\" content=\"article\" \/>\n<meta property=\"og:title\" content=\"Urinoir\u00a0sur roues PeeOne\" \/>\n<meta property=\"og:description\" content=\"Urinoir\u00a0sur roues PeeOne. Un urinoir autonome sur roues qui est facile \u00e0 transporter et rapidement \u00e0 placer o\u00f9 vous voulez.\" \/>\n<meta property=\"og:url\" content=\"https:\/\/atlastoilets.com\/fr\/produit\/urinoir-sur-roues\/\" \/>\n<meta property=\"og:site_name\" content=\"Atlas Sanitation Products\" \/>\n<meta property=\"article:modified_time\" content=\"2025-04-18T13:20:56+00:00\" \/>\n<meta property=\"og:image\" content=\"https:\/\/atlastoilets.com\/wp-content\/uploads\/2022\/03\/Urinal-on-wheels-PeeOne.jpg\" \/>\n\t<meta property=\"og:image:width\" content=\"1000\" \/>\n\t<meta property=\"og:image:height\" content=\"1000\" \/>\n\t<meta property=\"og:image:type\" content=\"image\/jpeg\" \/>\n<meta name=\"twitter:card\" content=\"summary_large_image\" \/>\n<meta name=\"twitter:label1\" content=\"Dur\u00e9e de lecture estim\u00e9e\" \/>\n\t<meta name=\"twitter:data1\" content=\"1 minute\" \/>\n<script type=\"application\/ld+json\" class=\"yoast-schema-graph\">{\"@context\":\"https:\\\/\\\/schema.org\",\"@graph\":[{\"@type\":[\"WebPage\",\"ItemPage\"],\"@id\":\"https:\\\/\\\/atlastoilets.com\\\/fr\\\/produit\\\/urinoir-sur-roues\\\/\",\"url\":\"https:\\\/\\\/atlastoilets.com\\\/fr\\\/produit\\\/urinoir-sur-roues\\\/\",\"name\":\"Urinoir\u00a0sur roues PeeOne\",\"isPartOf\":{\"@id\":\"https:\\\/\\\/atlastoilets.com\\\/#website\"},\"primaryImageOfPage\":{\"@id\":\"https:\\\/\\\/atlastoilets.com\\\/fr\\\/produit\\\/urinoir-sur-roues\\\/#primaryimage\"},\"image\":{\"@id\":\"https:\\\/\\\/atlastoilets.com\\\/fr\\\/produit\\\/urinoir-sur-roues\\\/#primaryimage\"},\"thumbnailUrl\":\"https:\\\/\\\/atlastoilets.com\\\/wp-content\\\/uploads\\\/2022\\\/03\\\/Urinal-on-wheels-PeeOne.jpg\",\"datePublished\":\"2022-03-07T13:40:58+00:00\",\"dateModified\":\"2025-04-18T13:20:56+00:00\",\"description\":\"Urinoir\u00a0sur roues PeeOne. Un urinoir autonome sur roues qui est facile \u00e0 transporter et rapidement \u00e0 placer o\u00f9 vous voulez.\",\"breadcrumb\":{\"@id\":\"https:\\\/\\\/atlastoilets.com\\\/fr\\\/produit\\\/urinoir-sur-roues\\\/#breadcrumb\"},\"inLanguage\":\"fr-FR\",\"potentialAction\":[{\"@type\":\"ReadAction\",\"target\":[\"https:\\\/\\\/atlastoilets.com\\\/fr\\\/produit\\\/urinoir-sur-roues\\\/\"]}]},{\"@type\":\"ImageObject\",\"inLanguage\":\"fr-FR\",\"@id\":\"https:\\\/\\\/atlastoilets.com\\\/fr\\\/produit\\\/urinoir-sur-roues\\\/#primaryimage\",\"url\":\"https:\\\/\\\/atlastoilets.com\\\/wp-content\\\/uploads\\\/2022\\\/03\\\/Urinal-on-wheels-PeeOne.jpg\",\"contentUrl\":\"https:\\\/\\\/atlastoilets.com\\\/wp-content\\\/uploads\\\/2022\\\/03\\\/Urinal-on-wheels-PeeOne.jpg\",\"width\":1000,\"height\":1000,\"caption\":\"Urinoir\u00a0sur roues\"},{\"@type\":\"BreadcrumbList\",\"@id\":\"https:\\\/\\\/atlastoilets.com\\\/fr\\\/produit\\\/urinoir-sur-roues\\\/#breadcrumb\",\"itemListElement\":[{\"@type\":\"ListItem\",\"position\":1,\"name\":\"Home\",\"item\":\"https:\\\/\\\/atlastoilets.com\\\/fr\\\/\"},{\"@type\":\"ListItem\",\"position\":2,\"name\":\"Boutique\",\"item\":\"https:\\\/\\\/atlastoilets.com\\\/fr\\\/boutique\\\/\"},{\"@type\":\"ListItem\",\"position\":3,\"name\":\"Urinoir autonome sur roues PeeOne\"}]},{\"@type\":\"WebSite\",\"@id\":\"https:\\\/\\\/atlastoilets.com\\\/#website\",\"url\":\"https:\\\/\\\/atlastoilets.com\\\/\",\"name\":\"Atlas Sanitation Products\",\"description\":\"Total supplier for toilet rental companies\",\"potentialAction\":[{\"@type\":\"SearchAction\",\"target\":{\"@type\":\"EntryPoint\",\"urlTemplate\":\"https:\\\/\\\/atlastoilets.com\\\/?s={search_term_string}\"},\"query-input\":{\"@type\":\"PropertyValueSpecification\",\"valueRequired\":true,\"valueName\":\"search_term_string\"}}],\"inLanguage\":\"fr-FR\"}]}<\/script>\n<!-- \/ Yoast SEO plugin. -->","yoast_head_json":{"title":"Urinoir\u00a0sur roues PeeOne","description":"Urinoir\u00a0sur roues PeeOne. Un urinoir autonome sur roues qui est facile \u00e0 transporter et rapidement \u00e0 placer o\u00f9 vous voulez.","robots":{"index":"index","follow":"follow","max-snippet":"max-snippet:-1","max-image-preview":"max-image-preview:large","max-video-preview":"max-video-preview:-1"},"canonical":"https:\/\/atlastoilets.com\/fr\/produit\/urinoir-sur-roues\/","og_locale":"fr_FR","og_type":"article","og_title":"Urinoir\u00a0sur roues PeeOne","og_description":"Urinoir\u00a0sur roues PeeOne. Un urinoir autonome sur roues qui est facile \u00e0 transporter et rapidement \u00e0 placer o\u00f9 vous voulez.","og_url":"https:\/\/atlastoilets.com\/fr\/produit\/urinoir-sur-roues\/","og_site_name":"Atlas Sanitation Products","article_modified_time":"2025-04-18T13:20:56+00:00","og_image":[{"width":1000,"height":1000,"url":"https:\/\/atlastoilets.com\/wp-content\/uploads\/2022\/03\/Urinal-on-wheels-PeeOne.jpg","type":"image\/jpeg"}],"twitter_card":"summary_large_image","twitter_misc":{"Dur\u00e9e de lecture estim\u00e9e":"1 minute"},"schema":{"@context":"https:\/\/schema.org","@graph":[{"@type":["WebPage","ItemPage"],"@id":"https:\/\/atlastoilets.com\/fr\/produit\/urinoir-sur-roues\/","url":"https:\/\/atlastoilets.com\/fr\/produit\/urinoir-sur-roues\/","name":"Urinoir\u00a0sur roues PeeOne","isPartOf":{"@id":"https:\/\/atlastoilets.com\/#website"},"primaryImageOfPage":{"@id":"https:\/\/atlastoilets.com\/fr\/produit\/urinoir-sur-roues\/#primaryimage"},"image":{"@id":"https:\/\/atlastoilets.com\/fr\/produit\/urinoir-sur-roues\/#primaryimage"},"thumbnailUrl":"https:\/\/atlastoilets.com\/wp-content\/uploads\/2022\/03\/Urinal-on-wheels-PeeOne.jpg","datePublished":"2022-03-07T13:40:58+00:00","dateModified":"2025-04-18T13:20:56+00:00","description":"Urinoir\u00a0sur roues PeeOne. Un urinoir autonome sur roues qui est facile \u00e0 transporter et rapidement \u00e0 placer o\u00f9 vous voulez.","breadcrumb":{"@id":"https:\/\/atlastoilets.com\/fr\/produit\/urinoir-sur-roues\/#breadcrumb"},"inLanguage":"fr-FR","potentialAction":[{"@type":"ReadAction","target":["https:\/\/atlastoilets.com\/fr\/produit\/urinoir-sur-roues\/"]}]},{"@type":"ImageObject","inLanguage":"fr-FR","@id":"https:\/\/atlastoilets.com\/fr\/produit\/urinoir-sur-roues\/#primaryimage","url":"https:\/\/atlastoilets.com\/wp-content\/uploads\/2022\/03\/Urinal-on-wheels-PeeOne.jpg","contentUrl":"https:\/\/atlastoilets.com\/wp-content\/uploads\/2022\/03\/Urinal-on-wheels-PeeOne.jpg","width":1000,"height":1000,"caption":"Urinoir\u00a0sur roues"},{"@type":"BreadcrumbList","@id":"https:\/\/atlastoilets.com\/fr\/produit\/urinoir-sur-roues\/#breadcrumb","itemListElement":[{"@type":"ListItem","position":1,"name":"Home","item":"https:\/\/atlastoilets.com\/fr\/"},{"@type":"ListItem","position":2,"name":"Boutique","item":"https:\/\/atlastoilets.com\/fr\/boutique\/"},{"@type":"ListItem","position":3,"name":"Urinoir autonome sur roues PeeOne"}]},{"@type":"WebSite","@id":"https:\/\/atlastoilets.com\/#website","url":"https:\/\/atlastoilets.com\/","name":"Atlas Sanitation Products","description":"Total supplier for toilet rental companies","potentialAction":[{"@type":"SearchAction","target":{"@type":"EntryPoint","urlTemplate":"https:\/\/atlastoilets.com\/?s={search_term_string}"},"query-input":{"@type":"PropertyValueSpecification","valueRequired":true,"valueName":"search_term_string"}}],"inLanguage":"fr-FR"}]}},"_links":{"self":[{"href":"https:\/\/atlastoilets.com\/fr\/wp-json\/wp\/v2\/product\/20487","targetHints":{"allow":["GET"]}}],"collection":[{"href":"https:\/\/atlastoilets.com\/fr\/wp-json\/wp\/v2\/product"}],"about":[{"href":"https:\/\/atlastoilets.com\/fr\/wp-json\/wp\/v2\/types\/product"}],"wp:featuredmedia":[{"embeddable":true,"href":"https:\/\/atlastoilets.com\/fr\/wp-json\/wp\/v2\/media\/18655"}],"wp:attachment":[{"href":"https:\/\/atlastoilets.com\/fr\/wp-json\/wp\/v2\/media?parent=20487"}],"wp:term":[{"taxonomy":"product_brand","embeddable":true,"href":"https:\/\/atlastoilets.com\/fr\/wp-json\/wp\/v2\/product_brand?post=20487"},{"taxonomy":"product_cat","embeddable":true,"href":"https:\/\/atlastoilets.com\/fr\/wp-json\/wp\/v2\/product_cat?post=20487"},{"taxonomy":"product_tag","embeddable":true,"href":"https:\/\/atlastoilets.com\/fr\/wp-json\/wp\/v2\/product_tag?post=20487"}],"curies":[{"name":"wp","href":"https:\/\/api.w.org\/{rel}","templated":true}]}}