{"id":20486,"date":"2022-03-07T13:40:58","date_gmt":"2022-03-07T13:40:58","guid":{"rendered":"https:\/\/www.mobileurinal.eu\/product\/urinoir-autonome-pee6\/"},"modified":"2024-06-14T14:38:19","modified_gmt":"2024-06-14T14:38:19","slug":"urinoir-autonome-pee6","status":"publish","type":"product","link":"https:\/\/atlastoilets.com\/fr\/produit\/urinoir-autonome-pee6\/","title":{"rendered":"Urinoir autonome Pee6"},"content":{"rendered":"<p>D\u00e9couvrez le confort et l&rsquo;efficacit\u00e9 de la Plaszuil Pee6, l&rsquo;urinoir mobile id\u00e9al pour les \u00e9v\u00e9nements. Avec une capacit\u00e9 de six utilisateurs simultan\u00e9s, cet urinoir offre une solution pratique pour les lieux tr\u00e8s fr\u00e9quent\u00e9s. Fabriqu\u00e9 en plastique durable, le Pee6 est con\u00e7u pour r\u00e9sister \u00e0 une utilisation intensive. Son grand r\u00e9servoir de 500 litres permet une utilisation prolong\u00e9e sans vidange fr\u00e9quente.<\/p>\n<h5><strong><br \/>\nCaract\u00e9ristiques principales:<\/strong><\/h5>\n<ul>\n<li><strong>Capacit\u00e9 :<\/strong> Adapt\u00e9 pour 1 875 utilisations.<\/li>\n<li><strong>Durable :<\/strong> Fabriqu\u00e9 en plastique robuste, r\u00e9sistant aux intemp\u00e9ries et aux actes de vandalisme.<\/li>\n<li><strong>Facile \u00e0 transporter :<\/strong> Le design compact facilite le d\u00e9placement et l&rsquo;installation sur divers sites.<\/li>\n<\/ul>\n<p>Le Pee6 est parfait pour les festivals, \u00e9v\u00e9nements sportifs et autres rassemblements importants n\u00e9cessitant des installations sanitaires rapides et efficaces. Demandez d\u00e8s maintenant un devis pour garantir une solution sanitaire confortable pour votre prochain \u00e9v\u00e9nement.<\/p>\n<h5><strong><br \/>\nPourquoi choisir le Pee6 ?<\/strong><\/h5>\n<ul>\n<li><strong>Installation rapide:<\/strong> Pr\u00eat \u00e0 l&#8217;emploi en quelques minutes.<\/li>\n<li><strong>\u00c9cologique:<\/strong> Moins de consommation d&rsquo;eau et moins de d\u00e9chets.<\/li>\n<li><strong>\u00c9conomique:<\/strong> R\u00e9duit le besoin de plusieurs urinoirs.<\/li>\n<\/ul>\n<h4><\/h4>\n<p>L&rsquo;urinoir mobile Pee6 dispose de 6 postes de miction s\u00e9par\u00e9s avec une capacit\u00e9 de r\u00e9servoir commune de 500 litres. Un camion peut transporter jusqu&rsquo;\u00e0 14 urinoirs Pee6, \u00e9quivalant \u00e0 84 places d&rsquo;urinoirs.<\/p>\n<h5><strong><br \/>\nSp\u00e9cifications:<\/strong><\/h5>\n<ul>\n<li>Hauteur: 2080 mm<\/li>\n<li>Largeur: 1690 mm<\/li>\n<li>Profondeur: 1120 mm<\/li>\n<li>Poids: 120 kg<\/li>\n<li>Capacit\u00e9: 500 litres<\/li>\n<\/ul>\n","protected":false},"excerpt":{"rendered":"<p>Urinoir autonome de 6 personnes, Pee6<\/p>\n<p>L&rsquo;urinoir autonome\u00a0Pee6 a six places d&rsquo;uriner s\u00e9par\u00e9es avec une capacit\u00e9 totale du r\u00e9servoir de 500 litres.<br \/>Un camion peut transporter jusqu&rsquo;\u00e0 14 urinoirs, \u00e9gale \u00e0 84 places d&rsquo;uriner.<\/p>\n","protected":false},"featured_media":18647,"template":"","meta":[],"product_brand":[],"product_cat":[852,864],"product_tag":[],"class_list":{"0":"post-20486","1":"product","2":"type-product","3":"status-publish","4":"has-post-thumbnail","6":"product_cat-urinoir-de-6-personnes","7":"product_cat-urinoirs-mobiles","9":"first","10":"on_request","11":"taxable","12":"shipping-taxable","13":"purchasable","14":"product-type-simple"},"yoast_head":"<!-- This site is optimized with the Yoast SEO plugin v27.5 - https:\/\/yoast.com\/product\/yoast-seo-wordpress\/ -->\n<title>Urinoir autonome Pee6 - Atlas Sanitation Products<\/title>\n<meta name=\"robots\" content=\"index, follow, max-snippet:-1, max-image-preview:large, max-video-preview:-1\" \/>\n<link rel=\"canonical\" href=\"https:\/\/atlastoilets.com\/fr\/produit\/urinoir-autonome-pee6\/\" \/>\n<meta property=\"og:locale\" content=\"fr_FR\" \/>\n<meta property=\"og:type\" content=\"article\" \/>\n<meta property=\"og:title\" content=\"Urinoir autonome Pee6 - Atlas Sanitation Products\" \/>\n<meta property=\"og:description\" content=\"Urinoir autonome de 6 personnes, Pee6L&#039;urinoir autonome\u00a0Pee6 a six places d&#039;uriner s\u00e9par\u00e9es avec une capacit\u00e9 totale du r\u00e9servoir de 500 litres.Un camion peut transporter jusqu&#039;\u00e0 14 urinoirs, \u00e9gale \u00e0 84 places d&#039;uriner.\" \/>\n<meta property=\"og:url\" content=\"https:\/\/atlastoilets.com\/fr\/produit\/urinoir-autonome-pee6\/\" \/>\n<meta property=\"og:site_name\" content=\"Atlas Sanitation Products\" \/>\n<meta property=\"article:modified_time\" content=\"2024-06-14T14:38:19+00:00\" \/>\n<meta property=\"og:image\" content=\"https:\/\/atlastoilets.com\/wp-content\/uploads\/2022\/03\/Mobile-urinal-Pee6.jpg\" \/>\n\t<meta property=\"og:image:width\" content=\"1000\" \/>\n\t<meta property=\"og:image:height\" content=\"1000\" \/>\n\t<meta property=\"og:image:type\" content=\"image\/jpeg\" \/>\n<meta name=\"twitter:card\" content=\"summary_large_image\" \/>\n<meta name=\"twitter:label1\" content=\"Dur\u00e9e de lecture estim\u00e9e\" \/>\n\t<meta name=\"twitter:data1\" content=\"2 minutes\" \/>\n<script type=\"application\/ld+json\" class=\"yoast-schema-graph\">{\"@context\":\"https:\\\/\\\/schema.org\",\"@graph\":[{\"@type\":[\"WebPage\",\"ItemPage\"],\"@id\":\"https:\\\/\\\/atlastoilets.com\\\/fr\\\/produit\\\/urinoir-autonome-pee6\\\/\",\"url\":\"https:\\\/\\\/atlastoilets.com\\\/fr\\\/produit\\\/urinoir-autonome-pee6\\\/\",\"name\":\"Urinoir autonome Pee6 - Atlas Sanitation Products\",\"isPartOf\":{\"@id\":\"https:\\\/\\\/atlastoilets.com\\\/#website\"},\"primaryImageOfPage\":{\"@id\":\"https:\\\/\\\/atlastoilets.com\\\/fr\\\/produit\\\/urinoir-autonome-pee6\\\/#primaryimage\"},\"image\":{\"@id\":\"https:\\\/\\\/atlastoilets.com\\\/fr\\\/produit\\\/urinoir-autonome-pee6\\\/#primaryimage\"},\"thumbnailUrl\":\"https:\\\/\\\/atlastoilets.com\\\/wp-content\\\/uploads\\\/2022\\\/03\\\/Mobile-urinal-Pee6.jpg\",\"datePublished\":\"2022-03-07T13:40:58+00:00\",\"dateModified\":\"2024-06-14T14:38:19+00:00\",\"breadcrumb\":{\"@id\":\"https:\\\/\\\/atlastoilets.com\\\/fr\\\/produit\\\/urinoir-autonome-pee6\\\/#breadcrumb\"},\"inLanguage\":\"fr-FR\",\"potentialAction\":[{\"@type\":\"ReadAction\",\"target\":[\"https:\\\/\\\/atlastoilets.com\\\/fr\\\/produit\\\/urinoir-autonome-pee6\\\/\"]}]},{\"@type\":\"ImageObject\",\"inLanguage\":\"fr-FR\",\"@id\":\"https:\\\/\\\/atlastoilets.com\\\/fr\\\/produit\\\/urinoir-autonome-pee6\\\/#primaryimage\",\"url\":\"https:\\\/\\\/atlastoilets.com\\\/wp-content\\\/uploads\\\/2022\\\/03\\\/Mobile-urinal-Pee6.jpg\",\"contentUrl\":\"https:\\\/\\\/atlastoilets.com\\\/wp-content\\\/uploads\\\/2022\\\/03\\\/Mobile-urinal-Pee6.jpg\",\"width\":1000,\"height\":1000,\"caption\":\"6 Person mobile\u00a0urinal\"},{\"@type\":\"BreadcrumbList\",\"@id\":\"https:\\\/\\\/atlastoilets.com\\\/fr\\\/produit\\\/urinoir-autonome-pee6\\\/#breadcrumb\",\"itemListElement\":[{\"@type\":\"ListItem\",\"position\":1,\"name\":\"Home\",\"item\":\"https:\\\/\\\/atlastoilets.com\\\/fr\\\/\"},{\"@type\":\"ListItem\",\"position\":2,\"name\":\"Boutique\",\"item\":\"https:\\\/\\\/atlastoilets.com\\\/fr\\\/boutique\\\/\"},{\"@type\":\"ListItem\",\"position\":3,\"name\":\"Urinoir autonome Pee6\"}]},{\"@type\":\"WebSite\",\"@id\":\"https:\\\/\\\/atlastoilets.com\\\/#website\",\"url\":\"https:\\\/\\\/atlastoilets.com\\\/\",\"name\":\"Atlas Sanitation Products\",\"description\":\"Total supplier for toilet rental companies\",\"potentialAction\":[{\"@type\":\"SearchAction\",\"target\":{\"@type\":\"EntryPoint\",\"urlTemplate\":\"https:\\\/\\\/atlastoilets.com\\\/?s={search_term_string}\"},\"query-input\":{\"@type\":\"PropertyValueSpecification\",\"valueRequired\":true,\"valueName\":\"search_term_string\"}}],\"inLanguage\":\"fr-FR\"}]}<\/script>\n<!-- \/ Yoast SEO plugin. -->","yoast_head_json":{"title":"Urinoir autonome Pee6 - Atlas Sanitation Products","robots":{"index":"index","follow":"follow","max-snippet":"max-snippet:-1","max-image-preview":"max-image-preview:large","max-video-preview":"max-video-preview:-1"},"canonical":"https:\/\/atlastoilets.com\/fr\/produit\/urinoir-autonome-pee6\/","og_locale":"fr_FR","og_type":"article","og_title":"Urinoir autonome Pee6 - Atlas Sanitation Products","og_description":"Urinoir autonome de 6 personnes, Pee6L'urinoir autonome\u00a0Pee6 a six places d'uriner s\u00e9par\u00e9es avec une capacit\u00e9 totale du r\u00e9servoir de 500 litres.Un camion peut transporter jusqu'\u00e0 14 urinoirs, \u00e9gale \u00e0 84 places d'uriner.","og_url":"https:\/\/atlastoilets.com\/fr\/produit\/urinoir-autonome-pee6\/","og_site_name":"Atlas Sanitation Products","article_modified_time":"2024-06-14T14:38:19+00:00","og_image":[{"width":1000,"height":1000,"url":"https:\/\/atlastoilets.com\/wp-content\/uploads\/2022\/03\/Mobile-urinal-Pee6.jpg","type":"image\/jpeg"}],"twitter_card":"summary_large_image","twitter_misc":{"Dur\u00e9e de lecture estim\u00e9e":"2 minutes"},"schema":{"@context":"https:\/\/schema.org","@graph":[{"@type":["WebPage","ItemPage"],"@id":"https:\/\/atlastoilets.com\/fr\/produit\/urinoir-autonome-pee6\/","url":"https:\/\/atlastoilets.com\/fr\/produit\/urinoir-autonome-pee6\/","name":"Urinoir autonome Pee6 - Atlas Sanitation Products","isPartOf":{"@id":"https:\/\/atlastoilets.com\/#website"},"primaryImageOfPage":{"@id":"https:\/\/atlastoilets.com\/fr\/produit\/urinoir-autonome-pee6\/#primaryimage"},"image":{"@id":"https:\/\/atlastoilets.com\/fr\/produit\/urinoir-autonome-pee6\/#primaryimage"},"thumbnailUrl":"https:\/\/atlastoilets.com\/wp-content\/uploads\/2022\/03\/Mobile-urinal-Pee6.jpg","datePublished":"2022-03-07T13:40:58+00:00","dateModified":"2024-06-14T14:38:19+00:00","breadcrumb":{"@id":"https:\/\/atlastoilets.com\/fr\/produit\/urinoir-autonome-pee6\/#breadcrumb"},"inLanguage":"fr-FR","potentialAction":[{"@type":"ReadAction","target":["https:\/\/atlastoilets.com\/fr\/produit\/urinoir-autonome-pee6\/"]}]},{"@type":"ImageObject","inLanguage":"fr-FR","@id":"https:\/\/atlastoilets.com\/fr\/produit\/urinoir-autonome-pee6\/#primaryimage","url":"https:\/\/atlastoilets.com\/wp-content\/uploads\/2022\/03\/Mobile-urinal-Pee6.jpg","contentUrl":"https:\/\/atlastoilets.com\/wp-content\/uploads\/2022\/03\/Mobile-urinal-Pee6.jpg","width":1000,"height":1000,"caption":"6 Person mobile\u00a0urinal"},{"@type":"BreadcrumbList","@id":"https:\/\/atlastoilets.com\/fr\/produit\/urinoir-autonome-pee6\/#breadcrumb","itemListElement":[{"@type":"ListItem","position":1,"name":"Home","item":"https:\/\/atlastoilets.com\/fr\/"},{"@type":"ListItem","position":2,"name":"Boutique","item":"https:\/\/atlastoilets.com\/fr\/boutique\/"},{"@type":"ListItem","position":3,"name":"Urinoir autonome Pee6"}]},{"@type":"WebSite","@id":"https:\/\/atlastoilets.com\/#website","url":"https:\/\/atlastoilets.com\/","name":"Atlas Sanitation Products","description":"Total supplier for toilet rental companies","potentialAction":[{"@type":"SearchAction","target":{"@type":"EntryPoint","urlTemplate":"https:\/\/atlastoilets.com\/?s={search_term_string}"},"query-input":{"@type":"PropertyValueSpecification","valueRequired":true,"valueName":"search_term_string"}}],"inLanguage":"fr-FR"}]}},"_links":{"self":[{"href":"https:\/\/atlastoilets.com\/fr\/wp-json\/wp\/v2\/product\/20486","targetHints":{"allow":["GET"]}}],"collection":[{"href":"https:\/\/atlastoilets.com\/fr\/wp-json\/wp\/v2\/product"}],"about":[{"href":"https:\/\/atlastoilets.com\/fr\/wp-json\/wp\/v2\/types\/product"}],"wp:featuredmedia":[{"embeddable":true,"href":"https:\/\/atlastoilets.com\/fr\/wp-json\/wp\/v2\/media\/18647"}],"wp:attachment":[{"href":"https:\/\/atlastoilets.com\/fr\/wp-json\/wp\/v2\/media?parent=20486"}],"wp:term":[{"taxonomy":"product_brand","embeddable":true,"href":"https:\/\/atlastoilets.com\/fr\/wp-json\/wp\/v2\/product_brand?post=20486"},{"taxonomy":"product_cat","embeddable":true,"href":"https:\/\/atlastoilets.com\/fr\/wp-json\/wp\/v2\/product_cat?post=20486"},{"taxonomy":"product_tag","embeddable":true,"href":"https:\/\/atlastoilets.com\/fr\/wp-json\/wp\/v2\/product_tag?post=20486"}],"curies":[{"name":"wp","href":"https:\/\/api.w.org\/{rel}","templated":true}]}}