{"id":20473,"date":"2022-03-07T13:40:31","date_gmt":"2022-03-07T13:40:31","guid":{"rendered":"https:\/\/www.mobileurinal.eu\/product\/kit-de-reparation-whale-gusher-urshin\/"},"modified":"2024-12-04T12:14:20","modified_gmt":"2024-12-04T12:14:20","slug":"kit-de-reparation-whale-gusher-urshin","status":"publish","type":"product","link":"https:\/\/atlastoilets.com\/fr\/produit\/kit-de-reparation-whale-gusher-urshin\/","title":{"rendered":"Kit de r\u00e9paration Whale Gusher Urshin"},"content":{"rendered":"<p>Kit de service Whale pour pompe \u00e0 main Gusher Urchin, comprenant 4 anneaux, une cl\u00e9 d&rsquo;entr\u00e9e et une cl\u00e9 d&rsquo;insertion et une membrane en n\u00e9opr\u00e8ne.<\/p>\n","protected":false},"excerpt":{"rendered":"<p>Kit de service Whale pour pompe \u00e0 main Gusher Urchin.<\/p>\n","protected":false},"featured_media":18591,"template":"","meta":[],"product_brand":[],"product_cat":[2149,930,2125],"product_tag":[2201,2200,1015],"class_list":{"0":"post-20473","1":"product","2":"type-product","3":"status-publish","4":"has-post-thumbnail","6":"product_cat-pieces-pour-pompes-whale","7":"product_cat-pieces-pour-toilettes-a-recirculation","8":"product_cat-pompes-de-whale","9":"product_tag-kit-de-service","10":"product_tag-pompe-fr","11":"product_tag-whale-fr","13":"first","14":"instock","15":"taxable","16":"shipping-taxable","17":"purchasable","18":"product-type-simple"},"yoast_head":"<!-- This site is optimized with the Yoast SEO plugin v27.4 - https:\/\/yoast.com\/product\/yoast-seo-wordpress\/ -->\n<title>Kit de service Whale pour Gusher Urchin<\/title>\n<meta name=\"description\" content=\"Kit de service Whale pour pompe \u00e0 main Gusher Urchin, comprenant 4 anneaux, une cl\u00e9 d&#039;entr\u00e9e et une cl\u00e9 d&#039;insertion et une membrane en n\u00e9opr\u00e8ne.\" \/>\n<meta name=\"robots\" content=\"index, follow, max-snippet:-1, max-image-preview:large, max-video-preview:-1\" \/>\n<link rel=\"canonical\" href=\"https:\/\/atlastoilets.com\/fr\/produit\/kit-de-reparation-whale-gusher-urshin\/\" \/>\n<meta property=\"og:locale\" content=\"fr_FR\" \/>\n<meta property=\"og:type\" content=\"article\" \/>\n<meta property=\"og:title\" content=\"Kit de service Whale pour Gusher Urchin\" \/>\n<meta property=\"og:description\" content=\"Kit de service Whale pour pompe \u00e0 main Gusher Urchin, comprenant 4 anneaux, une cl\u00e9 d&#039;entr\u00e9e et une cl\u00e9 d&#039;insertion et une membrane en n\u00e9opr\u00e8ne.\" \/>\n<meta property=\"og:url\" content=\"https:\/\/atlastoilets.com\/fr\/produit\/kit-de-reparation-whale-gusher-urshin\/\" \/>\n<meta property=\"og:site_name\" content=\"Atlas Sanitation Products\" \/>\n<meta property=\"article:modified_time\" content=\"2024-12-04T12:14:20+00:00\" \/>\n<meta property=\"og:image\" content=\"https:\/\/atlastoilets.com\/wp-content\/uploads\/2022\/03\/Whale-service-kit.jpg\" \/>\n\t<meta property=\"og:image:width\" content=\"1000\" \/>\n\t<meta property=\"og:image:height\" content=\"1000\" \/>\n\t<meta property=\"og:image:type\" content=\"image\/jpeg\" \/>\n<meta name=\"twitter:card\" content=\"summary_large_image\" \/>\n<script type=\"application\/ld+json\" class=\"yoast-schema-graph\">{\"@context\":\"https:\\\/\\\/schema.org\",\"@graph\":[{\"@type\":[\"WebPage\",\"ItemPage\"],\"@id\":\"https:\\\/\\\/atlastoilets.com\\\/fr\\\/produit\\\/kit-de-reparation-whale-gusher-urshin\\\/\",\"url\":\"https:\\\/\\\/atlastoilets.com\\\/fr\\\/produit\\\/kit-de-reparation-whale-gusher-urshin\\\/\",\"name\":\"Kit de service Whale pour Gusher Urchin\",\"isPartOf\":{\"@id\":\"https:\\\/\\\/atlastoilets.com\\\/#website\"},\"primaryImageOfPage\":{\"@id\":\"https:\\\/\\\/atlastoilets.com\\\/fr\\\/produit\\\/kit-de-reparation-whale-gusher-urshin\\\/#primaryimage\"},\"image\":{\"@id\":\"https:\\\/\\\/atlastoilets.com\\\/fr\\\/produit\\\/kit-de-reparation-whale-gusher-urshin\\\/#primaryimage\"},\"thumbnailUrl\":\"https:\\\/\\\/atlastoilets.com\\\/wp-content\\\/uploads\\\/2022\\\/03\\\/Whale-service-kit.jpg\",\"datePublished\":\"2022-03-07T13:40:31+00:00\",\"dateModified\":\"2024-12-04T12:14:20+00:00\",\"description\":\"Kit de service Whale pour pompe \u00e0 main Gusher Urchin, comprenant 4 anneaux, une cl\u00e9 d'entr\u00e9e et une cl\u00e9 d'insertion et une membrane en n\u00e9opr\u00e8ne.\",\"breadcrumb\":{\"@id\":\"https:\\\/\\\/atlastoilets.com\\\/fr\\\/produit\\\/kit-de-reparation-whale-gusher-urshin\\\/#breadcrumb\"},\"inLanguage\":\"fr-FR\",\"potentialAction\":[{\"@type\":\"ReadAction\",\"target\":[\"https:\\\/\\\/atlastoilets.com\\\/fr\\\/produit\\\/kit-de-reparation-whale-gusher-urshin\\\/\"]}]},{\"@type\":\"ImageObject\",\"inLanguage\":\"fr-FR\",\"@id\":\"https:\\\/\\\/atlastoilets.com\\\/fr\\\/produit\\\/kit-de-reparation-whale-gusher-urshin\\\/#primaryimage\",\"url\":\"https:\\\/\\\/atlastoilets.com\\\/wp-content\\\/uploads\\\/2022\\\/03\\\/Whale-service-kit.jpg\",\"contentUrl\":\"https:\\\/\\\/atlastoilets.com\\\/wp-content\\\/uploads\\\/2022\\\/03\\\/Whale-service-kit.jpg\",\"width\":1000,\"height\":1000,\"caption\":\"Kit de service Whale\"},{\"@type\":\"BreadcrumbList\",\"@id\":\"https:\\\/\\\/atlastoilets.com\\\/fr\\\/produit\\\/kit-de-reparation-whale-gusher-urshin\\\/#breadcrumb\",\"itemListElement\":[{\"@type\":\"ListItem\",\"position\":1,\"name\":\"Home\",\"item\":\"https:\\\/\\\/atlastoilets.com\\\/fr\\\/\"},{\"@type\":\"ListItem\",\"position\":2,\"name\":\"Boutique\",\"item\":\"https:\\\/\\\/atlastoilets.com\\\/fr\\\/boutique\\\/\"},{\"@type\":\"ListItem\",\"position\":3,\"name\":\"Kit de r\u00e9paration Whale Gusher Urshin\"}]},{\"@type\":\"WebSite\",\"@id\":\"https:\\\/\\\/atlastoilets.com\\\/#website\",\"url\":\"https:\\\/\\\/atlastoilets.com\\\/\",\"name\":\"Atlas Sanitation Products\",\"description\":\"Total supplier for toilet rental companies\",\"potentialAction\":[{\"@type\":\"SearchAction\",\"target\":{\"@type\":\"EntryPoint\",\"urlTemplate\":\"https:\\\/\\\/atlastoilets.com\\\/?s={search_term_string}\"},\"query-input\":{\"@type\":\"PropertyValueSpecification\",\"valueRequired\":true,\"valueName\":\"search_term_string\"}}],\"inLanguage\":\"fr-FR\"}]}<\/script>\n<!-- \/ Yoast SEO plugin. -->","yoast_head_json":{"title":"Kit de service Whale pour Gusher Urchin","description":"Kit de service Whale pour pompe \u00e0 main Gusher Urchin, comprenant 4 anneaux, une cl\u00e9 d'entr\u00e9e et une cl\u00e9 d'insertion et une membrane en n\u00e9opr\u00e8ne.","robots":{"index":"index","follow":"follow","max-snippet":"max-snippet:-1","max-image-preview":"max-image-preview:large","max-video-preview":"max-video-preview:-1"},"canonical":"https:\/\/atlastoilets.com\/fr\/produit\/kit-de-reparation-whale-gusher-urshin\/","og_locale":"fr_FR","og_type":"article","og_title":"Kit de service Whale pour Gusher Urchin","og_description":"Kit de service Whale pour pompe \u00e0 main Gusher Urchin, comprenant 4 anneaux, une cl\u00e9 d'entr\u00e9e et une cl\u00e9 d'insertion et une membrane en n\u00e9opr\u00e8ne.","og_url":"https:\/\/atlastoilets.com\/fr\/produit\/kit-de-reparation-whale-gusher-urshin\/","og_site_name":"Atlas Sanitation Products","article_modified_time":"2024-12-04T12:14:20+00:00","og_image":[{"width":1000,"height":1000,"url":"https:\/\/atlastoilets.com\/wp-content\/uploads\/2022\/03\/Whale-service-kit.jpg","type":"image\/jpeg"}],"twitter_card":"summary_large_image","schema":{"@context":"https:\/\/schema.org","@graph":[{"@type":["WebPage","ItemPage"],"@id":"https:\/\/atlastoilets.com\/fr\/produit\/kit-de-reparation-whale-gusher-urshin\/","url":"https:\/\/atlastoilets.com\/fr\/produit\/kit-de-reparation-whale-gusher-urshin\/","name":"Kit de service Whale pour Gusher Urchin","isPartOf":{"@id":"https:\/\/atlastoilets.com\/#website"},"primaryImageOfPage":{"@id":"https:\/\/atlastoilets.com\/fr\/produit\/kit-de-reparation-whale-gusher-urshin\/#primaryimage"},"image":{"@id":"https:\/\/atlastoilets.com\/fr\/produit\/kit-de-reparation-whale-gusher-urshin\/#primaryimage"},"thumbnailUrl":"https:\/\/atlastoilets.com\/wp-content\/uploads\/2022\/03\/Whale-service-kit.jpg","datePublished":"2022-03-07T13:40:31+00:00","dateModified":"2024-12-04T12:14:20+00:00","description":"Kit de service Whale pour pompe \u00e0 main Gusher Urchin, comprenant 4 anneaux, une cl\u00e9 d'entr\u00e9e et une cl\u00e9 d'insertion et une membrane en n\u00e9opr\u00e8ne.","breadcrumb":{"@id":"https:\/\/atlastoilets.com\/fr\/produit\/kit-de-reparation-whale-gusher-urshin\/#breadcrumb"},"inLanguage":"fr-FR","potentialAction":[{"@type":"ReadAction","target":["https:\/\/atlastoilets.com\/fr\/produit\/kit-de-reparation-whale-gusher-urshin\/"]}]},{"@type":"ImageObject","inLanguage":"fr-FR","@id":"https:\/\/atlastoilets.com\/fr\/produit\/kit-de-reparation-whale-gusher-urshin\/#primaryimage","url":"https:\/\/atlastoilets.com\/wp-content\/uploads\/2022\/03\/Whale-service-kit.jpg","contentUrl":"https:\/\/atlastoilets.com\/wp-content\/uploads\/2022\/03\/Whale-service-kit.jpg","width":1000,"height":1000,"caption":"Kit de service Whale"},{"@type":"BreadcrumbList","@id":"https:\/\/atlastoilets.com\/fr\/produit\/kit-de-reparation-whale-gusher-urshin\/#breadcrumb","itemListElement":[{"@type":"ListItem","position":1,"name":"Home","item":"https:\/\/atlastoilets.com\/fr\/"},{"@type":"ListItem","position":2,"name":"Boutique","item":"https:\/\/atlastoilets.com\/fr\/boutique\/"},{"@type":"ListItem","position":3,"name":"Kit de r\u00e9paration Whale Gusher Urshin"}]},{"@type":"WebSite","@id":"https:\/\/atlastoilets.com\/#website","url":"https:\/\/atlastoilets.com\/","name":"Atlas Sanitation Products","description":"Total supplier for toilet rental companies","potentialAction":[{"@type":"SearchAction","target":{"@type":"EntryPoint","urlTemplate":"https:\/\/atlastoilets.com\/?s={search_term_string}"},"query-input":{"@type":"PropertyValueSpecification","valueRequired":true,"valueName":"search_term_string"}}],"inLanguage":"fr-FR"}]}},"_links":{"self":[{"href":"https:\/\/atlastoilets.com\/fr\/wp-json\/wp\/v2\/product\/20473","targetHints":{"allow":["GET"]}}],"collection":[{"href":"https:\/\/atlastoilets.com\/fr\/wp-json\/wp\/v2\/product"}],"about":[{"href":"https:\/\/atlastoilets.com\/fr\/wp-json\/wp\/v2\/types\/product"}],"wp:featuredmedia":[{"embeddable":true,"href":"https:\/\/atlastoilets.com\/fr\/wp-json\/wp\/v2\/media\/18591"}],"wp:attachment":[{"href":"https:\/\/atlastoilets.com\/fr\/wp-json\/wp\/v2\/media?parent=20473"}],"wp:term":[{"taxonomy":"product_brand","embeddable":true,"href":"https:\/\/atlastoilets.com\/fr\/wp-json\/wp\/v2\/product_brand?post=20473"},{"taxonomy":"product_cat","embeddable":true,"href":"https:\/\/atlastoilets.com\/fr\/wp-json\/wp\/v2\/product_cat?post=20473"},{"taxonomy":"product_tag","embeddable":true,"href":"https:\/\/atlastoilets.com\/fr\/wp-json\/wp\/v2\/product_tag?post=20473"}],"curies":[{"name":"wp","href":"https:\/\/api.w.org\/{rel}","templated":true}]}}