{"id":20440,"date":"2022-03-07T13:39:34","date_gmt":"2022-03-07T13:39:34","guid":{"rendered":"https:\/\/www.mobileurinal.eu\/product\/robinet-a-bille-2-2\/"},"modified":"2022-04-29T14:13:29","modified_gmt":"2022-04-29T14:13:29","slug":"robinet-a-bille-2-pouces","status":"publish","type":"product","link":"https:\/\/atlastoilets.com\/fr\/produit\/robinet-a-bille-2-pouces\/","title":{"rendered":"Robinet \u00e0 bille 2&Prime;"},"content":{"rendered":"<p>Robinet \u00e0 bille 2<span class=\"hps atn\"> pouces <\/span><span class=\"\">pour le camion<\/span> de pompage des soci\u00e9t\u00e9s de location de toilettes.<br \/>\nLe robinet est connect\u00e9 au tuyau hi-vac de l&rsquo;installation d&rsquo;aspiration sur le camion.<\/p>\n","protected":false},"excerpt":{"rendered":"<p>Robinet \u00e0 bille 2<span class=\"hps atn\"> pouces <\/span><span class=\"\">pour le camion<\/span> de pompage des soci\u00e9t\u00e9s de location de toilettes.<br \/>\nLe robinet est connect\u00e9 au tuyau hi-vac de l&rsquo;installation d&rsquo;aspiration sur le camion.<\/p>\n","protected":false},"featured_media":18415,"template":"","meta":[],"product_brand":[],"product_cat":[898],"product_tag":[1097],"class_list":{"0":"post-20440","1":"product","2":"type-product","3":"status-publish","4":"has-post-thumbnail","6":"product_cat-pieces-pour-les-camions-de-service","7":"product_tag-camion-fr","9":"first","10":"instock","11":"taxable","12":"shipping-taxable","13":"purchasable","14":"product-type-simple"},"yoast_head":"<!-- This site is optimized with the Yoast SEO plugin v27.4 - https:\/\/yoast.com\/product\/yoast-seo-wordpress\/ -->\n<title>Robinet \u00e0 bille 2 pouces pour le camion de pompage<\/title>\n<meta name=\"description\" content=\"Robinet \u00e0 bille 2 pouces pour le camion de pompage des soci\u00e9t\u00e9s de location de toilettes, connect\u00e9 au tuyau de l&#039;installation d&#039;aspiration\" \/>\n<meta name=\"robots\" content=\"index, follow, max-snippet:-1, max-image-preview:large, max-video-preview:-1\" \/>\n<link rel=\"canonical\" href=\"https:\/\/atlastoilets.com\/fr\/produit\/robinet-a-bille-2-pouces\/\" \/>\n<meta property=\"og:locale\" content=\"fr_FR\" \/>\n<meta property=\"og:type\" content=\"article\" \/>\n<meta property=\"og:title\" content=\"Robinet \u00e0 bille 2 pouces pour le camion de pompage\" \/>\n<meta property=\"og:description\" content=\"Robinet \u00e0 bille 2 pouces pour le camion de pompage des soci\u00e9t\u00e9s de location de toilettes, connect\u00e9 au tuyau de l&#039;installation d&#039;aspiration\" \/>\n<meta property=\"og:url\" content=\"https:\/\/atlastoilets.com\/fr\/produit\/robinet-a-bille-2-pouces\/\" \/>\n<meta property=\"og:site_name\" content=\"Atlas Sanitation Products\" \/>\n<meta property=\"article:modified_time\" content=\"2022-04-29T14:13:29+00:00\" \/>\n<meta property=\"og:image\" content=\"https:\/\/atlastoilets.com\/wp-content\/uploads\/2022\/03\/6-Bolt-valve.jpg\" \/>\n\t<meta property=\"og:image:width\" content=\"1000\" \/>\n\t<meta property=\"og:image:height\" content=\"1000\" \/>\n\t<meta property=\"og:image:type\" content=\"image\/jpeg\" \/>\n<meta name=\"twitter:card\" content=\"summary_large_image\" \/>\n<meta name=\"twitter:label1\" content=\"Dur\u00e9e de lecture estim\u00e9e\" \/>\n\t<meta name=\"twitter:data1\" content=\"1 minute\" \/>\n<script type=\"application\/ld+json\" class=\"yoast-schema-graph\">{\"@context\":\"https:\\\/\\\/schema.org\",\"@graph\":[{\"@type\":[\"WebPage\",\"ItemPage\"],\"@id\":\"https:\\\/\\\/atlastoilets.com\\\/fr\\\/produit\\\/robinet-a-bille-2-pouces\\\/\",\"url\":\"https:\\\/\\\/atlastoilets.com\\\/fr\\\/produit\\\/robinet-a-bille-2-pouces\\\/\",\"name\":\"Robinet \u00e0 bille 2 pouces pour le camion de pompage\",\"isPartOf\":{\"@id\":\"https:\\\/\\\/atlastoilets.com\\\/#website\"},\"primaryImageOfPage\":{\"@id\":\"https:\\\/\\\/atlastoilets.com\\\/fr\\\/produit\\\/robinet-a-bille-2-pouces\\\/#primaryimage\"},\"image\":{\"@id\":\"https:\\\/\\\/atlastoilets.com\\\/fr\\\/produit\\\/robinet-a-bille-2-pouces\\\/#primaryimage\"},\"thumbnailUrl\":\"https:\\\/\\\/atlastoilets.com\\\/wp-content\\\/uploads\\\/2022\\\/03\\\/6-Bolt-valve.jpg\",\"datePublished\":\"2022-03-07T13:39:34+00:00\",\"dateModified\":\"2022-04-29T14:13:29+00:00\",\"description\":\"Robinet \u00e0 bille 2 pouces pour le camion de pompage des soci\u00e9t\u00e9s de location de toilettes, connect\u00e9 au tuyau de l'installation d'aspiration\",\"breadcrumb\":{\"@id\":\"https:\\\/\\\/atlastoilets.com\\\/fr\\\/produit\\\/robinet-a-bille-2-pouces\\\/#breadcrumb\"},\"inLanguage\":\"fr-FR\",\"potentialAction\":[{\"@type\":\"ReadAction\",\"target\":[\"https:\\\/\\\/atlastoilets.com\\\/fr\\\/produit\\\/robinet-a-bille-2-pouces\\\/\"]}]},{\"@type\":\"ImageObject\",\"inLanguage\":\"fr-FR\",\"@id\":\"https:\\\/\\\/atlastoilets.com\\\/fr\\\/produit\\\/robinet-a-bille-2-pouces\\\/#primaryimage\",\"url\":\"https:\\\/\\\/atlastoilets.com\\\/wp-content\\\/uploads\\\/2022\\\/03\\\/6-Bolt-valve.jpg\",\"contentUrl\":\"https:\\\/\\\/atlastoilets.com\\\/wp-content\\\/uploads\\\/2022\\\/03\\\/6-Bolt-valve.jpg\",\"width\":1000,\"height\":1000},{\"@type\":\"BreadcrumbList\",\"@id\":\"https:\\\/\\\/atlastoilets.com\\\/fr\\\/produit\\\/robinet-a-bille-2-pouces\\\/#breadcrumb\",\"itemListElement\":[{\"@type\":\"ListItem\",\"position\":1,\"name\":\"Home\",\"item\":\"https:\\\/\\\/atlastoilets.com\\\/fr\\\/\"},{\"@type\":\"ListItem\",\"position\":2,\"name\":\"Boutique\",\"item\":\"https:\\\/\\\/atlastoilets.com\\\/fr\\\/boutique\\\/\"},{\"@type\":\"ListItem\",\"position\":3,\"name\":\"Robinet \u00e0 bille 2&Prime;\"}]},{\"@type\":\"WebSite\",\"@id\":\"https:\\\/\\\/atlastoilets.com\\\/#website\",\"url\":\"https:\\\/\\\/atlastoilets.com\\\/\",\"name\":\"Atlas Sanitation Products\",\"description\":\"Total supplier for toilet rental companies\",\"potentialAction\":[{\"@type\":\"SearchAction\",\"target\":{\"@type\":\"EntryPoint\",\"urlTemplate\":\"https:\\\/\\\/atlastoilets.com\\\/?s={search_term_string}\"},\"query-input\":{\"@type\":\"PropertyValueSpecification\",\"valueRequired\":true,\"valueName\":\"search_term_string\"}}],\"inLanguage\":\"fr-FR\"}]}<\/script>\n<!-- \/ Yoast SEO plugin. -->","yoast_head_json":{"title":"Robinet \u00e0 bille 2 pouces pour le camion de pompage","description":"Robinet \u00e0 bille 2 pouces pour le camion de pompage des soci\u00e9t\u00e9s de location de toilettes, connect\u00e9 au tuyau de l'installation d'aspiration","robots":{"index":"index","follow":"follow","max-snippet":"max-snippet:-1","max-image-preview":"max-image-preview:large","max-video-preview":"max-video-preview:-1"},"canonical":"https:\/\/atlastoilets.com\/fr\/produit\/robinet-a-bille-2-pouces\/","og_locale":"fr_FR","og_type":"article","og_title":"Robinet \u00e0 bille 2 pouces pour le camion de pompage","og_description":"Robinet \u00e0 bille 2 pouces pour le camion de pompage des soci\u00e9t\u00e9s de location de toilettes, connect\u00e9 au tuyau de l'installation d'aspiration","og_url":"https:\/\/atlastoilets.com\/fr\/produit\/robinet-a-bille-2-pouces\/","og_site_name":"Atlas Sanitation Products","article_modified_time":"2022-04-29T14:13:29+00:00","og_image":[{"width":1000,"height":1000,"url":"https:\/\/atlastoilets.com\/wp-content\/uploads\/2022\/03\/6-Bolt-valve.jpg","type":"image\/jpeg"}],"twitter_card":"summary_large_image","twitter_misc":{"Dur\u00e9e de lecture estim\u00e9e":"1 minute"},"schema":{"@context":"https:\/\/schema.org","@graph":[{"@type":["WebPage","ItemPage"],"@id":"https:\/\/atlastoilets.com\/fr\/produit\/robinet-a-bille-2-pouces\/","url":"https:\/\/atlastoilets.com\/fr\/produit\/robinet-a-bille-2-pouces\/","name":"Robinet \u00e0 bille 2 pouces pour le camion de pompage","isPartOf":{"@id":"https:\/\/atlastoilets.com\/#website"},"primaryImageOfPage":{"@id":"https:\/\/atlastoilets.com\/fr\/produit\/robinet-a-bille-2-pouces\/#primaryimage"},"image":{"@id":"https:\/\/atlastoilets.com\/fr\/produit\/robinet-a-bille-2-pouces\/#primaryimage"},"thumbnailUrl":"https:\/\/atlastoilets.com\/wp-content\/uploads\/2022\/03\/6-Bolt-valve.jpg","datePublished":"2022-03-07T13:39:34+00:00","dateModified":"2022-04-29T14:13:29+00:00","description":"Robinet \u00e0 bille 2 pouces pour le camion de pompage des soci\u00e9t\u00e9s de location de toilettes, connect\u00e9 au tuyau de l'installation d'aspiration","breadcrumb":{"@id":"https:\/\/atlastoilets.com\/fr\/produit\/robinet-a-bille-2-pouces\/#breadcrumb"},"inLanguage":"fr-FR","potentialAction":[{"@type":"ReadAction","target":["https:\/\/atlastoilets.com\/fr\/produit\/robinet-a-bille-2-pouces\/"]}]},{"@type":"ImageObject","inLanguage":"fr-FR","@id":"https:\/\/atlastoilets.com\/fr\/produit\/robinet-a-bille-2-pouces\/#primaryimage","url":"https:\/\/atlastoilets.com\/wp-content\/uploads\/2022\/03\/6-Bolt-valve.jpg","contentUrl":"https:\/\/atlastoilets.com\/wp-content\/uploads\/2022\/03\/6-Bolt-valve.jpg","width":1000,"height":1000},{"@type":"BreadcrumbList","@id":"https:\/\/atlastoilets.com\/fr\/produit\/robinet-a-bille-2-pouces\/#breadcrumb","itemListElement":[{"@type":"ListItem","position":1,"name":"Home","item":"https:\/\/atlastoilets.com\/fr\/"},{"@type":"ListItem","position":2,"name":"Boutique","item":"https:\/\/atlastoilets.com\/fr\/boutique\/"},{"@type":"ListItem","position":3,"name":"Robinet \u00e0 bille 2&Prime;"}]},{"@type":"WebSite","@id":"https:\/\/atlastoilets.com\/#website","url":"https:\/\/atlastoilets.com\/","name":"Atlas Sanitation Products","description":"Total supplier for toilet rental companies","potentialAction":[{"@type":"SearchAction","target":{"@type":"EntryPoint","urlTemplate":"https:\/\/atlastoilets.com\/?s={search_term_string}"},"query-input":{"@type":"PropertyValueSpecification","valueRequired":true,"valueName":"search_term_string"}}],"inLanguage":"fr-FR"}]}},"_links":{"self":[{"href":"https:\/\/atlastoilets.com\/fr\/wp-json\/wp\/v2\/product\/20440","targetHints":{"allow":["GET"]}}],"collection":[{"href":"https:\/\/atlastoilets.com\/fr\/wp-json\/wp\/v2\/product"}],"about":[{"href":"https:\/\/atlastoilets.com\/fr\/wp-json\/wp\/v2\/types\/product"}],"wp:featuredmedia":[{"embeddable":true,"href":"https:\/\/atlastoilets.com\/fr\/wp-json\/wp\/v2\/media\/18415"}],"wp:attachment":[{"href":"https:\/\/atlastoilets.com\/fr\/wp-json\/wp\/v2\/media?parent=20440"}],"wp:term":[{"taxonomy":"product_brand","embeddable":true,"href":"https:\/\/atlastoilets.com\/fr\/wp-json\/wp\/v2\/product_brand?post=20440"},{"taxonomy":"product_cat","embeddable":true,"href":"https:\/\/atlastoilets.com\/fr\/wp-json\/wp\/v2\/product_cat?post=20440"},{"taxonomy":"product_tag","embeddable":true,"href":"https:\/\/atlastoilets.com\/fr\/wp-json\/wp\/v2\/product_tag?post=20440"}],"curies":[{"name":"wp","href":"https:\/\/api.w.org\/{rel}","templated":true}]}}