{"id":20430,"date":"2022-03-07T13:39:34","date_gmt":"2022-03-07T13:39:34","guid":{"rendered":"https:\/\/www.mobileurinal.eu\/product\/reservoir-de-dechets-de-toilettes-portables\/"},"modified":"2022-03-08T12:04:51","modified_gmt":"2022-03-08T12:04:51","slug":"reservoir-de-dechets-de-toilettes-portables","status":"publish","type":"product","link":"https:\/\/atlastoilets.com\/fr\/produit\/reservoir-de-dechets-de-toilettes-portables\/","title":{"rendered":"R\u00e9servoir de d\u00e9chets de toilettes portables"},"content":{"rendered":"<p>R\u00e9servoir de d\u00e9chets de toilettes portables Apollo et High Tec 1. <br \/>Dimensions: 100x50x50cm<br \/>Sol <span id=\"result_box\" class=\"\" lang=\"fr\"><span class=\"hps\">en forme de pyramide<\/span><\/span><\/p>\n","protected":false},"excerpt":{"rendered":"<p>R\u00e9servoir de d\u00e9chets de toilettes portables Apollo et High Tec 1. <br \/>Dimensions: 100x50x50cm<br \/>Sol <span id=\"result_box\" class=\"\" lang=\"fr\"><span class=\"hps\">en forme de pyramide<\/span><\/span><\/p>\n","protected":false},"featured_media":18351,"template":"","meta":[],"product_brand":[],"product_cat":[926,914],"product_tag":[],"class_list":{"0":"post-20430","1":"product","2":"type-product","3":"status-publish","4":"has-post-thumbnail","6":"product_cat-pieces-de-toilette-universelles","7":"product_cat-pieces-pour-toilettes-apollo","9":"first","10":"instock","11":"taxable","12":"shipping-taxable","13":"purchasable","14":"product-type-simple"},"yoast_head":"<!-- This site is optimized with the Yoast SEO plugin v27.4 - https:\/\/yoast.com\/product\/yoast-seo-wordpress\/ -->\n<title>R\u00e9servoir de d\u00e9chets de toilettes portables - Atlas Sanitation Products<\/title>\n<meta name=\"robots\" content=\"index, follow, max-snippet:-1, max-image-preview:large, max-video-preview:-1\" \/>\n<link rel=\"canonical\" href=\"https:\/\/atlastoilets.com\/fr\/produit\/reservoir-de-dechets-de-toilettes-portables\/\" \/>\n<meta property=\"og:locale\" content=\"fr_FR\" \/>\n<meta property=\"og:type\" content=\"article\" \/>\n<meta property=\"og:title\" content=\"R\u00e9servoir de d\u00e9chets de toilettes portables - Atlas Sanitation Products\" \/>\n<meta property=\"og:description\" content=\"R\u00e9servoir de d\u00e9chets de toilettes portables Apollo et High Tec 1. Dimensions: 100x50x50cmSol en forme de pyramide\" \/>\n<meta property=\"og:url\" content=\"https:\/\/atlastoilets.com\/fr\/produit\/reservoir-de-dechets-de-toilettes-portables\/\" \/>\n<meta property=\"og:site_name\" content=\"Atlas Sanitation Products\" \/>\n<meta property=\"article:modified_time\" content=\"2022-03-08T12:04:51+00:00\" \/>\n<meta property=\"og:image\" content=\"https:\/\/atlastoilets.com\/wp-content\/uploads\/2022\/03\/Waste-tank-portable-toilet.jpg\" \/>\n\t<meta property=\"og:image:width\" content=\"1000\" \/>\n\t<meta property=\"og:image:height\" content=\"1000\" \/>\n\t<meta property=\"og:image:type\" content=\"image\/jpeg\" \/>\n<meta name=\"twitter:card\" content=\"summary_large_image\" \/>\n<script type=\"application\/ld+json\" class=\"yoast-schema-graph\">{\"@context\":\"https:\\\/\\\/schema.org\",\"@graph\":[{\"@type\":[\"WebPage\",\"ItemPage\"],\"@id\":\"https:\\\/\\\/atlastoilets.com\\\/fr\\\/produit\\\/reservoir-de-dechets-de-toilettes-portables\\\/\",\"url\":\"https:\\\/\\\/atlastoilets.com\\\/fr\\\/produit\\\/reservoir-de-dechets-de-toilettes-portables\\\/\",\"name\":\"R\u00e9servoir de d\u00e9chets de toilettes portables - Atlas Sanitation Products\",\"isPartOf\":{\"@id\":\"https:\\\/\\\/atlastoilets.com\\\/#website\"},\"primaryImageOfPage\":{\"@id\":\"https:\\\/\\\/atlastoilets.com\\\/fr\\\/produit\\\/reservoir-de-dechets-de-toilettes-portables\\\/#primaryimage\"},\"image\":{\"@id\":\"https:\\\/\\\/atlastoilets.com\\\/fr\\\/produit\\\/reservoir-de-dechets-de-toilettes-portables\\\/#primaryimage\"},\"thumbnailUrl\":\"https:\\\/\\\/atlastoilets.com\\\/wp-content\\\/uploads\\\/2022\\\/03\\\/Waste-tank-portable-toilet.jpg\",\"datePublished\":\"2022-03-07T13:39:34+00:00\",\"dateModified\":\"2022-03-08T12:04:51+00:00\",\"breadcrumb\":{\"@id\":\"https:\\\/\\\/atlastoilets.com\\\/fr\\\/produit\\\/reservoir-de-dechets-de-toilettes-portables\\\/#breadcrumb\"},\"inLanguage\":\"fr-FR\",\"potentialAction\":[{\"@type\":\"ReadAction\",\"target\":[\"https:\\\/\\\/atlastoilets.com\\\/fr\\\/produit\\\/reservoir-de-dechets-de-toilettes-portables\\\/\"]}]},{\"@type\":\"ImageObject\",\"inLanguage\":\"fr-FR\",\"@id\":\"https:\\\/\\\/atlastoilets.com\\\/fr\\\/produit\\\/reservoir-de-dechets-de-toilettes-portables\\\/#primaryimage\",\"url\":\"https:\\\/\\\/atlastoilets.com\\\/wp-content\\\/uploads\\\/2022\\\/03\\\/Waste-tank-portable-toilet.jpg\",\"contentUrl\":\"https:\\\/\\\/atlastoilets.com\\\/wp-content\\\/uploads\\\/2022\\\/03\\\/Waste-tank-portable-toilet.jpg\",\"width\":1000,\"height\":1000,\"caption\":\"Toilet waste tank\"},{\"@type\":\"BreadcrumbList\",\"@id\":\"https:\\\/\\\/atlastoilets.com\\\/fr\\\/produit\\\/reservoir-de-dechets-de-toilettes-portables\\\/#breadcrumb\",\"itemListElement\":[{\"@type\":\"ListItem\",\"position\":1,\"name\":\"Home\",\"item\":\"https:\\\/\\\/atlastoilets.com\\\/fr\\\/\"},{\"@type\":\"ListItem\",\"position\":2,\"name\":\"Boutique\",\"item\":\"https:\\\/\\\/atlastoilets.com\\\/fr\\\/boutique\\\/\"},{\"@type\":\"ListItem\",\"position\":3,\"name\":\"R\u00e9servoir de d\u00e9chets de toilettes portables\"}]},{\"@type\":\"WebSite\",\"@id\":\"https:\\\/\\\/atlastoilets.com\\\/#website\",\"url\":\"https:\\\/\\\/atlastoilets.com\\\/\",\"name\":\"Atlas Sanitation Products\",\"description\":\"Total supplier for toilet rental companies\",\"potentialAction\":[{\"@type\":\"SearchAction\",\"target\":{\"@type\":\"EntryPoint\",\"urlTemplate\":\"https:\\\/\\\/atlastoilets.com\\\/?s={search_term_string}\"},\"query-input\":{\"@type\":\"PropertyValueSpecification\",\"valueRequired\":true,\"valueName\":\"search_term_string\"}}],\"inLanguage\":\"fr-FR\"}]}<\/script>\n<!-- \/ Yoast SEO plugin. -->","yoast_head_json":{"title":"R\u00e9servoir de d\u00e9chets de toilettes portables - Atlas Sanitation Products","robots":{"index":"index","follow":"follow","max-snippet":"max-snippet:-1","max-image-preview":"max-image-preview:large","max-video-preview":"max-video-preview:-1"},"canonical":"https:\/\/atlastoilets.com\/fr\/produit\/reservoir-de-dechets-de-toilettes-portables\/","og_locale":"fr_FR","og_type":"article","og_title":"R\u00e9servoir de d\u00e9chets de toilettes portables - Atlas Sanitation Products","og_description":"R\u00e9servoir de d\u00e9chets de toilettes portables Apollo et High Tec 1. Dimensions: 100x50x50cmSol en forme de pyramide","og_url":"https:\/\/atlastoilets.com\/fr\/produit\/reservoir-de-dechets-de-toilettes-portables\/","og_site_name":"Atlas Sanitation Products","article_modified_time":"2022-03-08T12:04:51+00:00","og_image":[{"width":1000,"height":1000,"url":"https:\/\/atlastoilets.com\/wp-content\/uploads\/2022\/03\/Waste-tank-portable-toilet.jpg","type":"image\/jpeg"}],"twitter_card":"summary_large_image","schema":{"@context":"https:\/\/schema.org","@graph":[{"@type":["WebPage","ItemPage"],"@id":"https:\/\/atlastoilets.com\/fr\/produit\/reservoir-de-dechets-de-toilettes-portables\/","url":"https:\/\/atlastoilets.com\/fr\/produit\/reservoir-de-dechets-de-toilettes-portables\/","name":"R\u00e9servoir de d\u00e9chets de toilettes portables - Atlas Sanitation Products","isPartOf":{"@id":"https:\/\/atlastoilets.com\/#website"},"primaryImageOfPage":{"@id":"https:\/\/atlastoilets.com\/fr\/produit\/reservoir-de-dechets-de-toilettes-portables\/#primaryimage"},"image":{"@id":"https:\/\/atlastoilets.com\/fr\/produit\/reservoir-de-dechets-de-toilettes-portables\/#primaryimage"},"thumbnailUrl":"https:\/\/atlastoilets.com\/wp-content\/uploads\/2022\/03\/Waste-tank-portable-toilet.jpg","datePublished":"2022-03-07T13:39:34+00:00","dateModified":"2022-03-08T12:04:51+00:00","breadcrumb":{"@id":"https:\/\/atlastoilets.com\/fr\/produit\/reservoir-de-dechets-de-toilettes-portables\/#breadcrumb"},"inLanguage":"fr-FR","potentialAction":[{"@type":"ReadAction","target":["https:\/\/atlastoilets.com\/fr\/produit\/reservoir-de-dechets-de-toilettes-portables\/"]}]},{"@type":"ImageObject","inLanguage":"fr-FR","@id":"https:\/\/atlastoilets.com\/fr\/produit\/reservoir-de-dechets-de-toilettes-portables\/#primaryimage","url":"https:\/\/atlastoilets.com\/wp-content\/uploads\/2022\/03\/Waste-tank-portable-toilet.jpg","contentUrl":"https:\/\/atlastoilets.com\/wp-content\/uploads\/2022\/03\/Waste-tank-portable-toilet.jpg","width":1000,"height":1000,"caption":"Toilet waste tank"},{"@type":"BreadcrumbList","@id":"https:\/\/atlastoilets.com\/fr\/produit\/reservoir-de-dechets-de-toilettes-portables\/#breadcrumb","itemListElement":[{"@type":"ListItem","position":1,"name":"Home","item":"https:\/\/atlastoilets.com\/fr\/"},{"@type":"ListItem","position":2,"name":"Boutique","item":"https:\/\/atlastoilets.com\/fr\/boutique\/"},{"@type":"ListItem","position":3,"name":"R\u00e9servoir de d\u00e9chets de toilettes portables"}]},{"@type":"WebSite","@id":"https:\/\/atlastoilets.com\/#website","url":"https:\/\/atlastoilets.com\/","name":"Atlas Sanitation Products","description":"Total supplier for toilet rental companies","potentialAction":[{"@type":"SearchAction","target":{"@type":"EntryPoint","urlTemplate":"https:\/\/atlastoilets.com\/?s={search_term_string}"},"query-input":{"@type":"PropertyValueSpecification","valueRequired":true,"valueName":"search_term_string"}}],"inLanguage":"fr-FR"}]}},"_links":{"self":[{"href":"https:\/\/atlastoilets.com\/fr\/wp-json\/wp\/v2\/product\/20430","targetHints":{"allow":["GET"]}}],"collection":[{"href":"https:\/\/atlastoilets.com\/fr\/wp-json\/wp\/v2\/product"}],"about":[{"href":"https:\/\/atlastoilets.com\/fr\/wp-json\/wp\/v2\/types\/product"}],"wp:featuredmedia":[{"embeddable":true,"href":"https:\/\/atlastoilets.com\/fr\/wp-json\/wp\/v2\/media\/18351"}],"wp:attachment":[{"href":"https:\/\/atlastoilets.com\/fr\/wp-json\/wp\/v2\/media?parent=20430"}],"wp:term":[{"taxonomy":"product_brand","embeddable":true,"href":"https:\/\/atlastoilets.com\/fr\/wp-json\/wp\/v2\/product_brand?post=20430"},{"taxonomy":"product_cat","embeddable":true,"href":"https:\/\/atlastoilets.com\/fr\/wp-json\/wp\/v2\/product_cat?post=20430"},{"taxonomy":"product_tag","embeddable":true,"href":"https:\/\/atlastoilets.com\/fr\/wp-json\/wp\/v2\/product_tag?post=20430"}],"curies":[{"name":"wp","href":"https:\/\/api.w.org\/{rel}","templated":true}]}}