{"id":20424,"date":"2022-03-07T13:39:34","date_gmt":"2022-03-07T13:39:34","guid":{"rendered":"https:\/\/www.mobileurinal.eu\/product\/double-lave-main-ride-along-de-five-peaks\/"},"modified":"2022-06-24T11:46:41","modified_gmt":"2022-06-24T11:46:41","slug":"double-lave-main-ride-along-de-five-peaks","status":"publish","type":"product","link":"https:\/\/atlastoilets.com\/fr\/produit\/double-lave-main-ride-along-de-five-peaks\/","title":{"rendered":"Ride Along lave-main de Five Peaks"},"content":{"rendered":"<p><strong>Double lave-main autonome Ride Along de Five Peaks<\/strong><\/p>\n<p>Lave-main autonome Ride Along de Five Peaks est une station avec 2 bassins et pompes \u00e0 pied, id\u00e9ale pour une utilisation sur les lieux de f\u00eates et d&rsquo;\u00e9v\u00e8nements. <span class=\"hps\">Le FP station est livr\u00e9 avec deuxdispencers savon.<\/span><\/p>\n<p>Les sp\u00e9cifications:<\/p>\n<ul>\n<li>Hauteur: 1280 mm<\/li>\n<li>Largeur: 720 mm<\/li>\n<li>Profondeur: 480 mm<\/li>\n<li>Poids: 25 kg<\/li>\n<li>Capacit\u00e9 d&rsquo;eau fra\u00eeche: 83 Litre<\/li>\n<li>Capacit\u00e9 d&rsquo;eau-vannes: 102 Litre<\/li>\n<li>Disponible en: Granit<\/li>\n<\/ul>\n","protected":false},"excerpt":{"rendered":"<p><strong>Double lave-main autonome Ride Along de Five Peaks<\/strong><\/p>\n<p>Lave-main autonome Ride Along de Five Peaks est une station avec 2 bassins et pompes \u00e0 pied, id\u00e9ale pour une utilisation sur les lieux de f\u00eates et d&rsquo;\u00e9v\u00e8nements. <span class=\"hps\">Le FP station est livr\u00e9 avec deuxdispencers savon.<\/span><\/p>\n","protected":false},"featured_media":18319,"template":"","meta":[],"product_brand":[],"product_cat":[856,886],"product_tag":[1024],"class_list":{"0":"post-20424","1":"product","2":"type-product","3":"status-publish","4":"has-post-thumbnail","6":"product_cat-stations-de-lavage-des-mains","7":"product_cat-stations-de-lavage-des-mains-autonomes","8":"product_tag-five-peaks-fr","10":"first","11":"outofstock","12":"taxable","13":"shipping-taxable","14":"product-type-simple"},"yoast_head":"<!-- This site is optimized with the Yoast SEO plugin v27.4 - https:\/\/yoast.com\/product\/yoast-seo-wordpress\/ -->\n<title>Ride Along lave-main de Five Peaks - Atlas Sanitation Products<\/title>\n<meta name=\"robots\" content=\"index, follow, max-snippet:-1, max-image-preview:large, max-video-preview:-1\" \/>\n<link rel=\"canonical\" href=\"https:\/\/atlastoilets.com\/fr\/produit\/double-lave-main-ride-along-de-five-peaks\/\" \/>\n<meta property=\"og:locale\" content=\"fr_FR\" \/>\n<meta property=\"og:type\" content=\"article\" \/>\n<meta property=\"og:title\" content=\"Ride Along lave-main de Five Peaks - Atlas Sanitation Products\" \/>\n<meta property=\"og:description\" content=\"Double lave-main autonome Ride Along de Five Peaks  Lave-main autonome Ride Along de Five Peaks est une station avec 2 bassins et pompes \u00e0 pied, id\u00e9ale pour une utilisation sur les lieux de f\u00eates et d&#039;\u00e9v\u00e8nements. Le FP station est livr\u00e9 avec deuxdispencers savon.\" \/>\n<meta property=\"og:url\" content=\"https:\/\/atlastoilets.com\/fr\/produit\/double-lave-main-ride-along-de-five-peaks\/\" \/>\n<meta property=\"og:site_name\" content=\"Atlas Sanitation Products\" \/>\n<meta property=\"article:modified_time\" content=\"2022-06-24T11:46:41+00:00\" \/>\n<meta property=\"og:image\" content=\"https:\/\/atlastoilets.com\/wp-content\/uploads\/2022\/03\/Five-Peaks-hand-wash-station-tag-along.jpg\" \/>\n\t<meta property=\"og:image:width\" content=\"1000\" \/>\n\t<meta property=\"og:image:height\" content=\"1000\" \/>\n\t<meta property=\"og:image:type\" content=\"image\/jpeg\" \/>\n<meta name=\"twitter:card\" content=\"summary_large_image\" \/>\n<script type=\"application\/ld+json\" class=\"yoast-schema-graph\">{\"@context\":\"https:\\\/\\\/schema.org\",\"@graph\":[{\"@type\":[\"WebPage\",\"ItemPage\"],\"@id\":\"https:\\\/\\\/atlastoilets.com\\\/fr\\\/produit\\\/double-lave-main-ride-along-de-five-peaks\\\/\",\"url\":\"https:\\\/\\\/atlastoilets.com\\\/fr\\\/produit\\\/double-lave-main-ride-along-de-five-peaks\\\/\",\"name\":\"Ride Along lave-main de Five Peaks - Atlas Sanitation Products\",\"isPartOf\":{\"@id\":\"https:\\\/\\\/atlastoilets.com\\\/#website\"},\"primaryImageOfPage\":{\"@id\":\"https:\\\/\\\/atlastoilets.com\\\/fr\\\/produit\\\/double-lave-main-ride-along-de-five-peaks\\\/#primaryimage\"},\"image\":{\"@id\":\"https:\\\/\\\/atlastoilets.com\\\/fr\\\/produit\\\/double-lave-main-ride-along-de-five-peaks\\\/#primaryimage\"},\"thumbnailUrl\":\"https:\\\/\\\/atlastoilets.com\\\/wp-content\\\/uploads\\\/2022\\\/03\\\/Five-Peaks-hand-wash-station-tag-along.jpg\",\"datePublished\":\"2022-03-07T13:39:34+00:00\",\"dateModified\":\"2022-06-24T11:46:41+00:00\",\"breadcrumb\":{\"@id\":\"https:\\\/\\\/atlastoilets.com\\\/fr\\\/produit\\\/double-lave-main-ride-along-de-five-peaks\\\/#breadcrumb\"},\"inLanguage\":\"fr-FR\",\"potentialAction\":[{\"@type\":\"ReadAction\",\"target\":[\"https:\\\/\\\/atlastoilets.com\\\/fr\\\/produit\\\/double-lave-main-ride-along-de-five-peaks\\\/\"]}]},{\"@type\":\"ImageObject\",\"inLanguage\":\"fr-FR\",\"@id\":\"https:\\\/\\\/atlastoilets.com\\\/fr\\\/produit\\\/double-lave-main-ride-along-de-five-peaks\\\/#primaryimage\",\"url\":\"https:\\\/\\\/atlastoilets.com\\\/wp-content\\\/uploads\\\/2022\\\/03\\\/Five-Peaks-hand-wash-station-tag-along.jpg\",\"contentUrl\":\"https:\\\/\\\/atlastoilets.com\\\/wp-content\\\/uploads\\\/2022\\\/03\\\/Five-Peaks-hand-wash-station-tag-along.jpg\",\"width\":1000,\"height\":1000,\"caption\":\"Five Peaks Ride Along\"},{\"@type\":\"BreadcrumbList\",\"@id\":\"https:\\\/\\\/atlastoilets.com\\\/fr\\\/produit\\\/double-lave-main-ride-along-de-five-peaks\\\/#breadcrumb\",\"itemListElement\":[{\"@type\":\"ListItem\",\"position\":1,\"name\":\"Home\",\"item\":\"https:\\\/\\\/atlastoilets.com\\\/fr\\\/\"},{\"@type\":\"ListItem\",\"position\":2,\"name\":\"Boutique\",\"item\":\"https:\\\/\\\/atlastoilets.com\\\/fr\\\/boutique\\\/\"},{\"@type\":\"ListItem\",\"position\":3,\"name\":\"Ride Along lave-main de Five Peaks\"}]},{\"@type\":\"WebSite\",\"@id\":\"https:\\\/\\\/atlastoilets.com\\\/#website\",\"url\":\"https:\\\/\\\/atlastoilets.com\\\/\",\"name\":\"Atlas Sanitation Products\",\"description\":\"Total supplier for toilet rental companies\",\"potentialAction\":[{\"@type\":\"SearchAction\",\"target\":{\"@type\":\"EntryPoint\",\"urlTemplate\":\"https:\\\/\\\/atlastoilets.com\\\/?s={search_term_string}\"},\"query-input\":{\"@type\":\"PropertyValueSpecification\",\"valueRequired\":true,\"valueName\":\"search_term_string\"}}],\"inLanguage\":\"fr-FR\"}]}<\/script>\n<!-- \/ Yoast SEO plugin. -->","yoast_head_json":{"title":"Ride Along lave-main de Five Peaks - Atlas Sanitation Products","robots":{"index":"index","follow":"follow","max-snippet":"max-snippet:-1","max-image-preview":"max-image-preview:large","max-video-preview":"max-video-preview:-1"},"canonical":"https:\/\/atlastoilets.com\/fr\/produit\/double-lave-main-ride-along-de-five-peaks\/","og_locale":"fr_FR","og_type":"article","og_title":"Ride Along lave-main de Five Peaks - Atlas Sanitation Products","og_description":"Double lave-main autonome Ride Along de Five Peaks  Lave-main autonome Ride Along de Five Peaks est une station avec 2 bassins et pompes \u00e0 pied, id\u00e9ale pour une utilisation sur les lieux de f\u00eates et d'\u00e9v\u00e8nements. Le FP station est livr\u00e9 avec deuxdispencers savon.","og_url":"https:\/\/atlastoilets.com\/fr\/produit\/double-lave-main-ride-along-de-five-peaks\/","og_site_name":"Atlas Sanitation Products","article_modified_time":"2022-06-24T11:46:41+00:00","og_image":[{"width":1000,"height":1000,"url":"https:\/\/atlastoilets.com\/wp-content\/uploads\/2022\/03\/Five-Peaks-hand-wash-station-tag-along.jpg","type":"image\/jpeg"}],"twitter_card":"summary_large_image","schema":{"@context":"https:\/\/schema.org","@graph":[{"@type":["WebPage","ItemPage"],"@id":"https:\/\/atlastoilets.com\/fr\/produit\/double-lave-main-ride-along-de-five-peaks\/","url":"https:\/\/atlastoilets.com\/fr\/produit\/double-lave-main-ride-along-de-five-peaks\/","name":"Ride Along lave-main de Five Peaks - Atlas Sanitation Products","isPartOf":{"@id":"https:\/\/atlastoilets.com\/#website"},"primaryImageOfPage":{"@id":"https:\/\/atlastoilets.com\/fr\/produit\/double-lave-main-ride-along-de-five-peaks\/#primaryimage"},"image":{"@id":"https:\/\/atlastoilets.com\/fr\/produit\/double-lave-main-ride-along-de-five-peaks\/#primaryimage"},"thumbnailUrl":"https:\/\/atlastoilets.com\/wp-content\/uploads\/2022\/03\/Five-Peaks-hand-wash-station-tag-along.jpg","datePublished":"2022-03-07T13:39:34+00:00","dateModified":"2022-06-24T11:46:41+00:00","breadcrumb":{"@id":"https:\/\/atlastoilets.com\/fr\/produit\/double-lave-main-ride-along-de-five-peaks\/#breadcrumb"},"inLanguage":"fr-FR","potentialAction":[{"@type":"ReadAction","target":["https:\/\/atlastoilets.com\/fr\/produit\/double-lave-main-ride-along-de-five-peaks\/"]}]},{"@type":"ImageObject","inLanguage":"fr-FR","@id":"https:\/\/atlastoilets.com\/fr\/produit\/double-lave-main-ride-along-de-five-peaks\/#primaryimage","url":"https:\/\/atlastoilets.com\/wp-content\/uploads\/2022\/03\/Five-Peaks-hand-wash-station-tag-along.jpg","contentUrl":"https:\/\/atlastoilets.com\/wp-content\/uploads\/2022\/03\/Five-Peaks-hand-wash-station-tag-along.jpg","width":1000,"height":1000,"caption":"Five Peaks Ride Along"},{"@type":"BreadcrumbList","@id":"https:\/\/atlastoilets.com\/fr\/produit\/double-lave-main-ride-along-de-five-peaks\/#breadcrumb","itemListElement":[{"@type":"ListItem","position":1,"name":"Home","item":"https:\/\/atlastoilets.com\/fr\/"},{"@type":"ListItem","position":2,"name":"Boutique","item":"https:\/\/atlastoilets.com\/fr\/boutique\/"},{"@type":"ListItem","position":3,"name":"Ride Along lave-main de Five Peaks"}]},{"@type":"WebSite","@id":"https:\/\/atlastoilets.com\/#website","url":"https:\/\/atlastoilets.com\/","name":"Atlas Sanitation Products","description":"Total supplier for toilet rental companies","potentialAction":[{"@type":"SearchAction","target":{"@type":"EntryPoint","urlTemplate":"https:\/\/atlastoilets.com\/?s={search_term_string}"},"query-input":{"@type":"PropertyValueSpecification","valueRequired":true,"valueName":"search_term_string"}}],"inLanguage":"fr-FR"}]}},"_links":{"self":[{"href":"https:\/\/atlastoilets.com\/fr\/wp-json\/wp\/v2\/product\/20424","targetHints":{"allow":["GET"]}}],"collection":[{"href":"https:\/\/atlastoilets.com\/fr\/wp-json\/wp\/v2\/product"}],"about":[{"href":"https:\/\/atlastoilets.com\/fr\/wp-json\/wp\/v2\/types\/product"}],"wp:featuredmedia":[{"embeddable":true,"href":"https:\/\/atlastoilets.com\/fr\/wp-json\/wp\/v2\/media\/18319"}],"wp:attachment":[{"href":"https:\/\/atlastoilets.com\/fr\/wp-json\/wp\/v2\/media?parent=20424"}],"wp:term":[{"taxonomy":"product_brand","embeddable":true,"href":"https:\/\/atlastoilets.com\/fr\/wp-json\/wp\/v2\/product_brand?post=20424"},{"taxonomy":"product_cat","embeddable":true,"href":"https:\/\/atlastoilets.com\/fr\/wp-json\/wp\/v2\/product_cat?post=20424"},{"taxonomy":"product_tag","embeddable":true,"href":"https:\/\/atlastoilets.com\/fr\/wp-json\/wp\/v2\/product_tag?post=20424"}],"curies":[{"name":"wp","href":"https:\/\/api.w.org\/{rel}","templated":true}]}}