{"id":34737,"date":"2025-06-13T13:59:38","date_gmt":"2025-06-13T13:59:38","guid":{"rendered":"https:\/\/atlastoilets.com\/?page_id=34737"},"modified":"2025-06-13T14:14:52","modified_gmt":"2025-06-13T14:14:52","slug":"uitgelogd-fr","status":"publish","type":"page","link":"https:\/\/atlastoilets.com\/fr\/uitgelogd-fr\/","title":{"rendered":"D\u00e9connect\u00e9"},"content":{"rendered":"<p>[vc_row][vc_column][vc_column_text]<\/p>\n<h2 class=\"entry-title\" style=\"text-align: center;\">Vous \u00eates maintenant d\u00e9connect\u00e9 en toute s\u00e9curit\u00e9<\/h2>\n<p>[\/vc_column_text][\/vc_column][\/vc_row]<\/p>\n","protected":false},"excerpt":{"rendered":"<p>[vc_row][vc_column][vc_column_text] Vous \u00eates maintenant d\u00e9connect\u00e9 en toute s\u00e9curit\u00e9 [\/vc_column_text][\/vc_column][\/vc_row]<\/p>\n","protected":false},"author":1,"featured_media":0,"parent":0,"menu_order":0,"comment_status":"closed","ping_status":"closed","template":"","meta":{"footnotes":""},"class_list":["post-34737","page","type-page","status-publish","hentry"],"yoast_head":"<!-- This site is optimized with the Yoast SEO plugin v27.5 - https:\/\/yoast.com\/product\/yoast-seo-wordpress\/ -->\n<title>D\u00e9connect\u00e9 - Atlas Sanitation Products<\/title>\n<meta name=\"robots\" content=\"index, follow, max-snippet:-1, max-image-preview:large, max-video-preview:-1\" \/>\n<link rel=\"canonical\" href=\"https:\/\/atlastoilets.com\/fr\/uitgelogd-fr\/\" \/>\n<meta property=\"og:locale\" content=\"fr_FR\" \/>\n<meta property=\"og:type\" content=\"article\" \/>\n<meta property=\"og:title\" content=\"D\u00e9connect\u00e9 - Atlas Sanitation Products\" \/>\n<meta property=\"og:description\" content=\"[vc_row][vc_column][vc_column_text] Vous \u00eates maintenant d\u00e9connect\u00e9 en toute s\u00e9curit\u00e9 [\/vc_column_text][\/vc_column][\/vc_row]\" \/>\n<meta property=\"og:url\" content=\"https:\/\/atlastoilets.com\/fr\/uitgelogd-fr\/\" \/>\n<meta property=\"og:site_name\" content=\"Atlas Sanitation Products\" \/>\n<meta property=\"article:modified_time\" content=\"2025-06-13T14:14:52+00:00\" \/>\n<meta name=\"twitter:card\" content=\"summary_large_image\" \/>\n<meta name=\"twitter:label1\" content=\"Dur\u00e9e de lecture estim\u00e9e\" \/>\n\t<meta name=\"twitter:data1\" content=\"1 minute\" \/>\n<script type=\"application\/ld+json\" class=\"yoast-schema-graph\">{\"@context\":\"https:\\\/\\\/schema.org\",\"@graph\":[{\"@type\":\"WebPage\",\"@id\":\"https:\\\/\\\/atlastoilets.com\\\/fr\\\/uitgelogd-fr\\\/\",\"url\":\"https:\\\/\\\/atlastoilets.com\\\/fr\\\/uitgelogd-fr\\\/\",\"name\":\"D\u00e9connect\u00e9 - Atlas Sanitation Products\",\"isPartOf\":{\"@id\":\"https:\\\/\\\/atlastoilets.com\\\/#website\"},\"datePublished\":\"2025-06-13T13:59:38+00:00\",\"dateModified\":\"2025-06-13T14:14:52+00:00\",\"breadcrumb\":{\"@id\":\"https:\\\/\\\/atlastoilets.com\\\/fr\\\/uitgelogd-fr\\\/#breadcrumb\"},\"inLanguage\":\"fr-FR\",\"potentialAction\":[{\"@type\":\"ReadAction\",\"target\":[\"https:\\\/\\\/atlastoilets.com\\\/fr\\\/uitgelogd-fr\\\/\"]}]},{\"@type\":\"BreadcrumbList\",\"@id\":\"https:\\\/\\\/atlastoilets.com\\\/fr\\\/uitgelogd-fr\\\/#breadcrumb\",\"itemListElement\":[{\"@type\":\"ListItem\",\"position\":1,\"name\":\"Home\",\"item\":\"https:\\\/\\\/atlastoilets.com\\\/fr\\\/\"},{\"@type\":\"ListItem\",\"position\":2,\"name\":\"D\u00e9connect\u00e9\"}]},{\"@type\":\"WebSite\",\"@id\":\"https:\\\/\\\/atlastoilets.com\\\/#website\",\"url\":\"https:\\\/\\\/atlastoilets.com\\\/\",\"name\":\"Atlas Sanitation Products\",\"description\":\"Total supplier for toilet rental companies\",\"potentialAction\":[{\"@type\":\"SearchAction\",\"target\":{\"@type\":\"EntryPoint\",\"urlTemplate\":\"https:\\\/\\\/atlastoilets.com\\\/?s={search_term_string}\"},\"query-input\":{\"@type\":\"PropertyValueSpecification\",\"valueRequired\":true,\"valueName\":\"search_term_string\"}}],\"inLanguage\":\"fr-FR\"}]}<\/script>\n<!-- \/ Yoast SEO plugin. -->","yoast_head_json":{"title":"D\u00e9connect\u00e9 - Atlas Sanitation Products","robots":{"index":"index","follow":"follow","max-snippet":"max-snippet:-1","max-image-preview":"max-image-preview:large","max-video-preview":"max-video-preview:-1"},"canonical":"https:\/\/atlastoilets.com\/fr\/uitgelogd-fr\/","og_locale":"fr_FR","og_type":"article","og_title":"D\u00e9connect\u00e9 - Atlas Sanitation Products","og_description":"[vc_row][vc_column][vc_column_text] Vous \u00eates maintenant d\u00e9connect\u00e9 en toute s\u00e9curit\u00e9 [\/vc_column_text][\/vc_column][\/vc_row]","og_url":"https:\/\/atlastoilets.com\/fr\/uitgelogd-fr\/","og_site_name":"Atlas Sanitation Products","article_modified_time":"2025-06-13T14:14:52+00:00","twitter_card":"summary_large_image","twitter_misc":{"Dur\u00e9e de lecture estim\u00e9e":"1 minute"},"schema":{"@context":"https:\/\/schema.org","@graph":[{"@type":"WebPage","@id":"https:\/\/atlastoilets.com\/fr\/uitgelogd-fr\/","url":"https:\/\/atlastoilets.com\/fr\/uitgelogd-fr\/","name":"D\u00e9connect\u00e9 - Atlas Sanitation Products","isPartOf":{"@id":"https:\/\/atlastoilets.com\/#website"},"datePublished":"2025-06-13T13:59:38+00:00","dateModified":"2025-06-13T14:14:52+00:00","breadcrumb":{"@id":"https:\/\/atlastoilets.com\/fr\/uitgelogd-fr\/#breadcrumb"},"inLanguage":"fr-FR","potentialAction":[{"@type":"ReadAction","target":["https:\/\/atlastoilets.com\/fr\/uitgelogd-fr\/"]}]},{"@type":"BreadcrumbList","@id":"https:\/\/atlastoilets.com\/fr\/uitgelogd-fr\/#breadcrumb","itemListElement":[{"@type":"ListItem","position":1,"name":"Home","item":"https:\/\/atlastoilets.com\/fr\/"},{"@type":"ListItem","position":2,"name":"D\u00e9connect\u00e9"}]},{"@type":"WebSite","@id":"https:\/\/atlastoilets.com\/#website","url":"https:\/\/atlastoilets.com\/","name":"Atlas Sanitation Products","description":"Total supplier for toilet rental companies","potentialAction":[{"@type":"SearchAction","target":{"@type":"EntryPoint","urlTemplate":"https:\/\/atlastoilets.com\/?s={search_term_string}"},"query-input":{"@type":"PropertyValueSpecification","valueRequired":true,"valueName":"search_term_string"}}],"inLanguage":"fr-FR"}]}},"_links":{"self":[{"href":"https:\/\/atlastoilets.com\/fr\/wp-json\/wp\/v2\/pages\/34737","targetHints":{"allow":["GET"]}}],"collection":[{"href":"https:\/\/atlastoilets.com\/fr\/wp-json\/wp\/v2\/pages"}],"about":[{"href":"https:\/\/atlastoilets.com\/fr\/wp-json\/wp\/v2\/types\/page"}],"author":[{"embeddable":true,"href":"https:\/\/atlastoilets.com\/fr\/wp-json\/wp\/v2\/users\/1"}],"replies":[{"embeddable":true,"href":"https:\/\/atlastoilets.com\/fr\/wp-json\/wp\/v2\/comments?post=34737"}],"version-history":[{"count":1,"href":"https:\/\/atlastoilets.com\/fr\/wp-json\/wp\/v2\/pages\/34737\/revisions"}],"predecessor-version":[{"id":34743,"href":"https:\/\/atlastoilets.com\/fr\/wp-json\/wp\/v2\/pages\/34737\/revisions\/34743"}],"wp:attachment":[{"href":"https:\/\/atlastoilets.com\/fr\/wp-json\/wp\/v2\/media?parent=34737"}],"curies":[{"name":"wp","href":"https:\/\/api.w.org\/{rel}","templated":true}]}}