{"id":31307,"date":"2023-04-17T12:33:16","date_gmt":"2023-04-17T12:33:16","guid":{"rendered":"https:\/\/atlastoilets.com\/neptune-hand-wash\/"},"modified":"2023-04-19T12:15:47","modified_gmt":"2023-04-19T12:15:47","slug":"la-station-de-lavage-des-mains-neptune","status":"publish","type":"page","link":"https:\/\/atlastoilets.com\/fr\/la-station-de-lavage-des-mains-neptune\/","title":{"rendered":"Neptune"},"content":{"rendered":"<p>[vc_row][vc_column][vc_column_text]<\/p>\n<h2 style=\"text-align: center;\">Neptune : Nouveau lave-mains avec grand \u00e9vier<\/h2>\n<p>[\/vc_column_text][vc_empty_space height=\u00a0\u00bb42px\u00a0\u00bb][\/vc_column][\/vc_row][vc_row content_placement=\u00a0\u00bbmiddle\u00a0\u00bb][vc_column width=\u00a0\u00bb1\/2&Prime;][vc_single_image image=\u00a0\u00bb31195&Prime; img_size=\u00a0\u00bbfull\u00a0\u00bb][\/vc_column][vc_column width=\u00a0\u00bb1\/2&Prime;][vc_column_text]<\/p>\n<p style=\"text-align: left;\">La station de lavage des mains Neptune est une solution fonctionnelle pour assurer l&rsquo;hygi\u00e8ne des mains dans les toilettes mobiles. Avec un lavabo spacieux, cette unit\u00e9 est con\u00e7ue pour s&rsquo;adapter parfaitement \u00e0 n&rsquo;importe quelle toilette mobile et peut \u00eatre mont\u00e9e sur le c\u00f4t\u00e9 gauche ou droit de l&rsquo;unit\u00e9.<\/p>\n<p>[\/vc_column_text][\/vc_column][\/vc_row][vc_row content_placement=\u00a0\u00bbmiddle\u00a0\u00bb][vc_column width=\u00a0\u00bb1\/3&Prime;][vc_column_text]<\/p>\n<h3><strong>Mesurer c&rsquo;est savoir<\/strong><\/h3>\n<p>Le r\u00e9servoir du Neptune est facilement accessible pour le remplissage et le nettoyage, et les eaux us\u00e9es sont \u00e9vacu\u00e9es par un tuyau vers le r\u00e9servoir des toilettes. Cela garantit une solution de lavage des mains pratique et efficace qui minimise la consommation d&rsquo;eau et maximise l&rsquo;hygi\u00e8ne.<\/p>\n<p>Avec une hauteur de 106 cm et une hauteur de lavabo de 95 cm, le Neptune offre amplement d&rsquo;espace pour le lavage des mains, et le lavabo mesure 43 x 15 cm. L&rsquo;unit\u00e9 a une largeur de 46 cm et une profondeur de 23 cm, ce qui en fait une solution compacte et peu encombrante pour les toilettes mobiles.<\/p>\n<p>La station de lavage des mains Neptune a une capacit\u00e9 d&rsquo;eau douce de 36 litres et est disponible en finitions Dark Grey et Granite. Une option de cadenas suppl\u00e9mentaire est \u00e9galement disponible pour plus de s\u00e9curit\u00e9 et de tranquillit\u00e9 d&rsquo;esprit.[\/vc_column_text][\/vc_column][vc_column width=\u00a0\u00bb1\/3&Prime;][vc_single_image image=\u00a0\u00bb31246&Prime; img_size=\u00a0\u00bbfull\u00a0\u00bb][\/vc_column][vc_column width=\u00a0\u00bb1\/3&Prime;][vc_single_image image=\u00a0\u00bb31202&Prime; img_size=\u00a0\u00bbfull\u00a0\u00bb][\/vc_column][\/vc_row][vc_row content_placement=\u00a0\u00bbmiddle\u00a0\u00bb][vc_column width=\u00a0\u00bb1\/2&Prime;][vc_single_image image=\u00a0\u00bb31210&Prime; img_size=\u00a0\u00bbfull\u00a0\u00bb][\/vc_column][vc_column width=\u00a0\u00bb1\/2&Prime;][vc_column_text]<\/p>\n<h3><strong>Possibilit\u00e9 de logo<\/strong><\/h3>\n<p>De plus, la station de lavage des mains Neptune peut \u00eatre personnalis\u00e9e avec votre logo, ce qui en fait une opportunit\u00e9 de marque parfaite pour les entreprises ou les \u00e9v\u00e9nements.<\/p>\n<p>Contactez-nous pour plus d&rsquo;informations sur les quantit\u00e9s minimales de commande et les personnalisations.[\/vc_column_text][\/vc_column][\/vc_row][vc_row content_placement=\u00a0\u00bbmiddle\u00a0\u00bb][vc_column width=\u00a0\u00bb1\/2&Prime;][vc_column_text]<\/p>\n<h3 style=\"text-align: left;\"><strong>En r\u00e9sum\u00e9<\/strong><\/h3>\n<p style=\"text-align: left;\">En r\u00e9sum\u00e9, la station de lavage des mains Neptune d&rsquo;Atlas Toilets offre une solution attrayante et pratique pour l&rsquo;hygi\u00e8ne des mains dans les toilettes mobiles. Son lavabo spacieux, son \u00e9vacuation pratique de l&rsquo;eau et des d\u00e9chets et ses options de marquage personnalisables en font un choix id\u00e9al pour un large \u00e9ventail d&rsquo;applications, des chantiers de construction et des festivals aux \u00e9v\u00e9nements temporaires et aux unit\u00e9s mobiles.<\/p>\n<p>[\/vc_column_text][vc_empty_space][\/vc_column][vc_column width=\u00a0\u00bb1\/2&Prime; css=\u00a0\u00bb.vc_custom_1681801879482{padding-top: 20px !important;padding-right: 20px !important;padding-bottom: 20px !important;padding-left: 20px !important;}\u00a0\u00bb][vc_gallery interval=\u00a0\u00bb3&Prime; images=\u00a0\u00bb31269,31285,31290,31295&Prime; img_size=\u00a0\u00bbfull\u00a0\u00bb onclick=\u00a0\u00bb\u00a0\u00bb][\/vc_column][\/vc_row][vc_row gap=\u00a0\u00bb15&Prime; equal_height=\u00a0\u00bbyes\u00a0\u00bb][vc_column width=\u00a0\u00bb1\/4&Prime;][\/vc_column][vc_column width=\u00a0\u00bb1\/4&Prime; css=\u00a0\u00bb.vc_custom_1681806465512{margin: 10px !important;background-color: #ffffff !important;}\u00a0\u00bb][vc_empty_space][vc_column_text]<\/p>\n<h3 style=\"text-align: center;\">Laissez-nous vous contacter.<\/h3>\n<p style=\"text-align: center;\">Remplissez vos coordonn\u00e9es et nous vous contacterons..<\/p>\n<p>[\/vc_column_text][vc_column_text css=\u00a0\u00bb.vc_custom_1681803515154{padding: 20px !important;}\u00a0\u00bb]<style id=\"wpforms-css-vars-31218\">\n\t\t\t\t#wpforms-31218 {\n\t\t\t\t\n\t\t\t}\n\t\t\t<\/style><div class=\"wpforms-container wpforms-container-full wpforms-render-modern\" id=\"wpforms-31218\"><form id=\"wpforms-form-31218\" class=\"wpforms-validate wpforms-form wpforms-ajax-form\" data-formid=\"31218\" method=\"post\" enctype=\"multipart\/form-data\" action=\"\/fr\/wp-json\/wp\/v2\/pages\/31307\" data-token=\"de0457cf1dab47f10d4f8a36989a5292\" data-token-time=\"1776219366\"><noscript class=\"wpforms-error-noscript\">Veuillez activer JavaScript dans votre navigateur pour remplir ce formulaire.<\/noscript><div id=\"wpforms-error-noscript\" style=\"display: none;\">Veuillez activer JavaScript dans votre navigateur pour remplir ce formulaire.<\/div><div class=\"wpforms-field-container\"><div id=\"wpforms-31218-field_0-container\" class=\"wpforms-field wpforms-field-name\" data-field-id=\"0\"><label class=\"wpforms-field-label wpforms-label-hide\" for=\"wpforms-31218-field_0\" aria-hidden=\"false\">Name <span class=\"wpforms-required-label\" aria-hidden=\"true\">*<\/span><\/label><input type=\"text\" id=\"wpforms-31218-field_0\" class=\"wpforms-field-large wpforms-field-required\" name=\"wpforms[fields][0]\" placeholder=\"Name\" aria-errormessage=\"wpforms-31218-field_0-error\" required><\/div><div id=\"wpforms-31218-field_1-container\" class=\"wpforms-field wpforms-field-email\" data-field-id=\"1\"><label class=\"wpforms-field-label wpforms-label-hide\" for=\"wpforms-31218-field_1\" aria-hidden=\"false\">Email <span class=\"wpforms-required-label\" aria-hidden=\"true\">*<\/span><\/label><input type=\"email\" id=\"wpforms-31218-field_1\" class=\"wpforms-field-large wpforms-field-required\" name=\"wpforms[fields][1]\" placeholder=\"Email\" spellcheck=\"false\" aria-errormessage=\"wpforms-31218-field_1-error\" required><\/div><div id=\"wpforms-31218-field_3-container\" class=\"wpforms-field wpforms-field-number\" data-field-id=\"3\"><label class=\"wpforms-field-label wpforms-label-hide\" for=\"wpforms-31218-field_3\" aria-hidden=\"false\">Telephone number<\/label><input type=\"number\" id=\"wpforms-31218-field_3\" class=\"wpforms-field-large\" name=\"wpforms[fields][3]\" placeholder=\"Phonenumber\" step=\"any\" aria-errormessage=\"wpforms-31218-field_3-error\" ><\/div><\/div><!-- .wpforms-field-container --><div class=\"wpforms-submit-container\" ><input type=\"hidden\" name=\"wpforms[id]\" value=\"31218\"><input type=\"hidden\" name=\"page_title\" value=\"\"><input type=\"hidden\" name=\"page_url\" value=\"https:\/\/atlastoilets.com\/fr\/wp-json\/wp\/v2\/pages\/31307\"><input type=\"hidden\" name=\"url_referer\" value=\"\"><button type=\"submit\" name=\"wpforms[submit]\" id=\"wpforms-submit-31218\" class=\"wpforms-submit\" data-alt-text=\"Sending...\" data-submit-text=\"Submit\" aria-live=\"assertive\" value=\"wpforms-submit\">Submit<\/button><img loading=\"lazy\" decoding=\"async\" src=\"https:\/\/atlastoilets.com\/wp-content\/plugins\/wpforms-lite\/assets\/images\/submit-spin.svg\" class=\"wpforms-submit-spinner\" style=\"display: none;\" width=\"26\" height=\"26\" alt=\"Chargement en cours\"><\/div><\/form><\/div>  <!-- .wpforms-container -->[\/vc_column_text][\/vc_column][vc_column width=\u00a0\u00bb1\/4&Prime; css=\u00a0\u00bb.vc_custom_1681806493489{margin: 10px !important;background-color: #ffffff !important;}\u00a0\u00bb][vc_empty_space][vc_column_text]<\/p>\n<h3 style=\"text-align: center;\"><strong>Ou voir le produit ici<\/strong><\/h3>\n<p>[\/vc_column_text][vc_btn title=\u00a0\u00bbProduct page\u00a0\u00bb color=\u00a0\u00bbprimary\u00a0\u00bb align=\u00a0\u00bbcenter\u00a0\u00bb link=\u00a0\u00bburl:https%3A%2F%2Fatlastoilets.com%2Fproduct%2Fhand-wash-neptune%2F|title:Neptune%20big%20basin%20hand%20wash%20station\u00a0\u00bb][vc_empty_space][\/vc_column][vc_column width=\u00a0\u00bb1\/4&Prime;][\/vc_column][\/vc_row][vc_row css=\u00a0\u00bb.vc_custom_1681803398779{margin: 0px !important;padding: 0px !important;}\u00a0\u00bb][vc_column width=\u00a0\u00bb1\/4&Prime;][\/vc_column][vc_column width=\u00a0\u00bb1\/2&Prime;][vc_empty_space height=\u00a0\u00bb50px\u00a0\u00bb][\/vc_column][vc_column width=\u00a0\u00bb1\/4&Prime;][\/vc_column][\/vc_row]<\/p>\n","protected":false},"excerpt":{"rendered":"<p>[vc_row][vc_column][vc_column_text] Neptune : Nouveau lave-mains avec grand \u00e9vier [\/vc_column_text][vc_empty_space height=\u00a0\u00bb42px\u00a0\u00bb][\/vc_column][\/vc_row][vc_row content_placement=\u00a0\u00bbmiddle\u00a0\u00bb][vc_column width=\u00a0\u00bb1\/2&Prime;][vc_single_image image=\u00a0\u00bb31195&Prime; img_size=\u00a0\u00bbfull\u00a0\u00bb][\/vc_column][vc_column width=\u00a0\u00bb1\/2&Prime;][vc_column_text] La station de lavage des mains Neptune est une solution fonctionnelle pour assurer l&rsquo;hygi\u00e8ne des mains dans les toilettes mobiles. Avec un lavabo spacieux, cette unit\u00e9 est con\u00e7ue pour s&rsquo;adapter parfaitement \u00e0 n&rsquo;importe quelle toilette mobile et peut \u00eatre mont\u00e9e [&hellip;]<\/p>\n","protected":false},"author":3,"featured_media":31188,"parent":0,"menu_order":0,"comment_status":"closed","ping_status":"closed","template":"","meta":{"footnotes":""},"class_list":["post-31307","page","type-page","status-publish","has-post-thumbnail","hentry"],"yoast_head":"<!-- This site is optimized with the Yoast SEO plugin v27.4 - https:\/\/yoast.com\/product\/yoast-seo-wordpress\/ -->\n<title>La station de lavage des mains Neptune<\/title>\n<meta name=\"description\" content=\"La station de lavage des mains Neptune est une solution fonctionnelle pour assurer l&#039;hygi\u00e8ne des mains dans les toilettes mobiles.\" \/>\n<meta name=\"robots\" content=\"index, follow, max-snippet:-1, max-image-preview:large, max-video-preview:-1\" \/>\n<link rel=\"canonical\" href=\"https:\/\/atlastoilets.com\/fr\/la-station-de-lavage-des-mains-neptune\/\" \/>\n<meta property=\"og:locale\" content=\"fr_FR\" \/>\n<meta property=\"og:type\" content=\"article\" \/>\n<meta property=\"og:title\" content=\"La station de lavage des mains Neptune\" \/>\n<meta property=\"og:description\" content=\"La station de lavage des mains Neptune est une solution fonctionnelle pour assurer l&#039;hygi\u00e8ne des mains dans les toilettes mobiles.\" \/>\n<meta property=\"og:url\" content=\"https:\/\/atlastoilets.com\/fr\/la-station-de-lavage-des-mains-neptune\/\" \/>\n<meta property=\"og:site_name\" content=\"Atlas Sanitation Products\" \/>\n<meta property=\"article:modified_time\" content=\"2023-04-19T12:15:47+00:00\" \/>\n<meta property=\"og:image\" content=\"https:\/\/atlastoilets.com\/wp-content\/uploads\/2023\/04\/neptune-open-links-en-rechts.jpg\" \/>\n\t<meta property=\"og:image:width\" content=\"700\" \/>\n\t<meta property=\"og:image:height\" content=\"656\" \/>\n\t<meta property=\"og:image:type\" content=\"image\/jpeg\" \/>\n<meta name=\"twitter:card\" content=\"summary_large_image\" \/>\n<meta name=\"twitter:label1\" content=\"Dur\u00e9e de lecture estim\u00e9e\" \/>\n\t<meta name=\"twitter:data1\" content=\"2 minutes\" \/>\n<script type=\"application\/ld+json\" class=\"yoast-schema-graph\">{\"@context\":\"https:\\\/\\\/schema.org\",\"@graph\":[{\"@type\":\"WebPage\",\"@id\":\"https:\\\/\\\/atlastoilets.com\\\/fr\\\/la-station-de-lavage-des-mains-neptune\\\/\",\"url\":\"https:\\\/\\\/atlastoilets.com\\\/fr\\\/la-station-de-lavage-des-mains-neptune\\\/\",\"name\":\"La station de lavage des mains Neptune\",\"isPartOf\":{\"@id\":\"https:\\\/\\\/atlastoilets.com\\\/#website\"},\"primaryImageOfPage\":{\"@id\":\"https:\\\/\\\/atlastoilets.com\\\/fr\\\/la-station-de-lavage-des-mains-neptune\\\/#primaryimage\"},\"image\":{\"@id\":\"https:\\\/\\\/atlastoilets.com\\\/fr\\\/la-station-de-lavage-des-mains-neptune\\\/#primaryimage\"},\"thumbnailUrl\":\"https:\\\/\\\/atlastoilets.com\\\/wp-content\\\/uploads\\\/2023\\\/04\\\/neptune-open-links-en-rechts.jpg\",\"datePublished\":\"2023-04-17T12:33:16+00:00\",\"dateModified\":\"2023-04-19T12:15:47+00:00\",\"description\":\"La station de lavage des mains Neptune est une solution fonctionnelle pour assurer l'hygi\u00e8ne des mains dans les toilettes mobiles.\",\"breadcrumb\":{\"@id\":\"https:\\\/\\\/atlastoilets.com\\\/fr\\\/la-station-de-lavage-des-mains-neptune\\\/#breadcrumb\"},\"inLanguage\":\"fr-FR\",\"potentialAction\":[{\"@type\":\"ReadAction\",\"target\":[\"https:\\\/\\\/atlastoilets.com\\\/fr\\\/la-station-de-lavage-des-mains-neptune\\\/\"]}]},{\"@type\":\"ImageObject\",\"inLanguage\":\"fr-FR\",\"@id\":\"https:\\\/\\\/atlastoilets.com\\\/fr\\\/la-station-de-lavage-des-mains-neptune\\\/#primaryimage\",\"url\":\"https:\\\/\\\/atlastoilets.com\\\/wp-content\\\/uploads\\\/2023\\\/04\\\/neptune-open-links-en-rechts.jpg\",\"contentUrl\":\"https:\\\/\\\/atlastoilets.com\\\/wp-content\\\/uploads\\\/2023\\\/04\\\/neptune-open-links-en-rechts.jpg\",\"width\":700,\"height\":656,\"caption\":\"Hand wash station Neptune\"},{\"@type\":\"BreadcrumbList\",\"@id\":\"https:\\\/\\\/atlastoilets.com\\\/fr\\\/la-station-de-lavage-des-mains-neptune\\\/#breadcrumb\",\"itemListElement\":[{\"@type\":\"ListItem\",\"position\":1,\"name\":\"Home\",\"item\":\"https:\\\/\\\/atlastoilets.com\\\/fr\\\/\"},{\"@type\":\"ListItem\",\"position\":2,\"name\":\"Neptune\"}]},{\"@type\":\"WebSite\",\"@id\":\"https:\\\/\\\/atlastoilets.com\\\/#website\",\"url\":\"https:\\\/\\\/atlastoilets.com\\\/\",\"name\":\"Atlas Sanitation Products\",\"description\":\"Total supplier for toilet rental companies\",\"potentialAction\":[{\"@type\":\"SearchAction\",\"target\":{\"@type\":\"EntryPoint\",\"urlTemplate\":\"https:\\\/\\\/atlastoilets.com\\\/?s={search_term_string}\"},\"query-input\":{\"@type\":\"PropertyValueSpecification\",\"valueRequired\":true,\"valueName\":\"search_term_string\"}}],\"inLanguage\":\"fr-FR\"}]}<\/script>\n<!-- \/ Yoast SEO plugin. -->","yoast_head_json":{"title":"La station de lavage des mains Neptune","description":"La station de lavage des mains Neptune est une solution fonctionnelle pour assurer l'hygi\u00e8ne des mains dans les toilettes mobiles.","robots":{"index":"index","follow":"follow","max-snippet":"max-snippet:-1","max-image-preview":"max-image-preview:large","max-video-preview":"max-video-preview:-1"},"canonical":"https:\/\/atlastoilets.com\/fr\/la-station-de-lavage-des-mains-neptune\/","og_locale":"fr_FR","og_type":"article","og_title":"La station de lavage des mains Neptune","og_description":"La station de lavage des mains Neptune est une solution fonctionnelle pour assurer l'hygi\u00e8ne des mains dans les toilettes mobiles.","og_url":"https:\/\/atlastoilets.com\/fr\/la-station-de-lavage-des-mains-neptune\/","og_site_name":"Atlas Sanitation Products","article_modified_time":"2023-04-19T12:15:47+00:00","og_image":[{"width":700,"height":656,"url":"https:\/\/atlastoilets.com\/wp-content\/uploads\/2023\/04\/neptune-open-links-en-rechts.jpg","type":"image\/jpeg"}],"twitter_card":"summary_large_image","twitter_misc":{"Dur\u00e9e de lecture estim\u00e9e":"2 minutes"},"schema":{"@context":"https:\/\/schema.org","@graph":[{"@type":"WebPage","@id":"https:\/\/atlastoilets.com\/fr\/la-station-de-lavage-des-mains-neptune\/","url":"https:\/\/atlastoilets.com\/fr\/la-station-de-lavage-des-mains-neptune\/","name":"La station de lavage des mains Neptune","isPartOf":{"@id":"https:\/\/atlastoilets.com\/#website"},"primaryImageOfPage":{"@id":"https:\/\/atlastoilets.com\/fr\/la-station-de-lavage-des-mains-neptune\/#primaryimage"},"image":{"@id":"https:\/\/atlastoilets.com\/fr\/la-station-de-lavage-des-mains-neptune\/#primaryimage"},"thumbnailUrl":"https:\/\/atlastoilets.com\/wp-content\/uploads\/2023\/04\/neptune-open-links-en-rechts.jpg","datePublished":"2023-04-17T12:33:16+00:00","dateModified":"2023-04-19T12:15:47+00:00","description":"La station de lavage des mains Neptune est une solution fonctionnelle pour assurer l'hygi\u00e8ne des mains dans les toilettes mobiles.","breadcrumb":{"@id":"https:\/\/atlastoilets.com\/fr\/la-station-de-lavage-des-mains-neptune\/#breadcrumb"},"inLanguage":"fr-FR","potentialAction":[{"@type":"ReadAction","target":["https:\/\/atlastoilets.com\/fr\/la-station-de-lavage-des-mains-neptune\/"]}]},{"@type":"ImageObject","inLanguage":"fr-FR","@id":"https:\/\/atlastoilets.com\/fr\/la-station-de-lavage-des-mains-neptune\/#primaryimage","url":"https:\/\/atlastoilets.com\/wp-content\/uploads\/2023\/04\/neptune-open-links-en-rechts.jpg","contentUrl":"https:\/\/atlastoilets.com\/wp-content\/uploads\/2023\/04\/neptune-open-links-en-rechts.jpg","width":700,"height":656,"caption":"Hand wash station Neptune"},{"@type":"BreadcrumbList","@id":"https:\/\/atlastoilets.com\/fr\/la-station-de-lavage-des-mains-neptune\/#breadcrumb","itemListElement":[{"@type":"ListItem","position":1,"name":"Home","item":"https:\/\/atlastoilets.com\/fr\/"},{"@type":"ListItem","position":2,"name":"Neptune"}]},{"@type":"WebSite","@id":"https:\/\/atlastoilets.com\/#website","url":"https:\/\/atlastoilets.com\/","name":"Atlas Sanitation Products","description":"Total supplier for toilet rental companies","potentialAction":[{"@type":"SearchAction","target":{"@type":"EntryPoint","urlTemplate":"https:\/\/atlastoilets.com\/?s={search_term_string}"},"query-input":{"@type":"PropertyValueSpecification","valueRequired":true,"valueName":"search_term_string"}}],"inLanguage":"fr-FR"}]}},"_links":{"self":[{"href":"https:\/\/atlastoilets.com\/fr\/wp-json\/wp\/v2\/pages\/31307","targetHints":{"allow":["GET"]}}],"collection":[{"href":"https:\/\/atlastoilets.com\/fr\/wp-json\/wp\/v2\/pages"}],"about":[{"href":"https:\/\/atlastoilets.com\/fr\/wp-json\/wp\/v2\/types\/page"}],"author":[{"embeddable":true,"href":"https:\/\/atlastoilets.com\/fr\/wp-json\/wp\/v2\/users\/3"}],"replies":[{"embeddable":true,"href":"https:\/\/atlastoilets.com\/fr\/wp-json\/wp\/v2\/comments?post=31307"}],"version-history":[{"count":3,"href":"https:\/\/atlastoilets.com\/fr\/wp-json\/wp\/v2\/pages\/31307\/revisions"}],"predecessor-version":[{"id":31323,"href":"https:\/\/atlastoilets.com\/fr\/wp-json\/wp\/v2\/pages\/31307\/revisions\/31323"}],"wp:featuredmedia":[{"embeddable":true,"href":"https:\/\/atlastoilets.com\/fr\/wp-json\/wp\/v2\/media\/31188"}],"wp:attachment":[{"href":"https:\/\/atlastoilets.com\/fr\/wp-json\/wp\/v2\/media?parent=31307"}],"curies":[{"name":"wp","href":"https:\/\/api.w.org\/{rel}","templated":true}]}}