{"id":30978,"date":"2023-02-17T14:22:45","date_gmt":"2023-02-17T14:22:45","guid":{"rendered":"https:\/\/atlastoilets.com\/mvo\/"},"modified":"2023-03-07T08:06:22","modified_gmt":"2023-03-07T08:06:22","slug":"rse","status":"publish","type":"page","link":"https:\/\/atlastoilets.com\/fr\/rse\/","title":{"rendered":"Responsabilit\u00e9 sociale des entreprises (RSE)"},"content":{"rendered":"<p>[vc_row][vc_column width=\u00a0\u00bb1\/2&Prime;][vc_custom_heading text=\u00a0\u00bbGroen geregeld\u00a0\u00bb font_container=\u00a0\u00bbtag:h4|text_align:left\u00a0\u00bb use_theme_fonts=\u00a0\u00bbyes\u00a0\u00bb][vc_column_text]Chez Atlas Sanitation Products, nous attachons une grande importance aux pratiques commerciales durables. C&rsquo;est pourquoi nous n&rsquo;utilisons plus de gaz et sommes largement autosuffisants en \u00e9lectricit\u00e9 gr\u00e2ce \u00e0 nos panneaux solaires. L&rsquo;\u00e9lectricit\u00e9 qui nous manque, nous l&rsquo;achetons verte.<br \/>\nNous avons opt\u00e9 pour Eneco HollandseWind\u00ae avec le label environnemental de SMK (Stichting Milieukeur). Cet \u00e9colabel est important pour nous, car il prouve que notre \u00e9lectricit\u00e9 est produite de mani\u00e8re durable aux Pays-Bas. Celui-ci est test\u00e9 chaque ann\u00e9e par un organisme de certification ind\u00e9pendant.<\/p>\n<p>L&rsquo;achat d&rsquo;\u00e9nergie \u00e9olienne d&rsquo;un parc n\u00e9erlandais est un pas en avant conscient pour nous. De cette fa\u00e7on, nous r\u00e9duisons nos \u00e9missions de CO2 et nous faisons des affaires de mani\u00e8re beaucoup plus durable. Nous contribuons \u00e9galement \u00e0 une production d&rsquo;\u00e9nergie plus durable aux Pays-Bas. En 2023, cela se traduira par nos \u00e9conomies de 2.250 kg de CO2. C&rsquo;est autant que ce que 2250 arbres absorbent en un an en termes de CO2.[\/vc_column_text][\/vc_column][vc_column width=\u00a0\u00bb1\/2&Prime;][vc_single_image image=\u00a0\u00bb30885&Prime; img_size=\u00a0\u00bb300&#215;423&Prime; alignment=\u00a0\u00bbcenter\u00a0\u00bb style=\u00a0\u00bbvc_box_shadow\u00a0\u00bb][\/vc_column][\/vc_row]<\/p>\n","protected":false},"excerpt":{"rendered":"<p>[vc_row][vc_column width=\u00a0\u00bb1\/2&Prime;][vc_custom_heading text=\u00a0\u00bbGroen geregeld\u00a0\u00bb font_container=\u00a0\u00bbtag:h4|text_align:left\u00a0\u00bb use_theme_fonts=\u00a0\u00bbyes\u00a0\u00bb][vc_column_text]Chez Atlas Sanitation Products, nous attachons une grande importance aux pratiques commerciales durables. C&rsquo;est pourquoi nous n&rsquo;utilisons plus de gaz et sommes largement autosuffisants en \u00e9lectricit\u00e9 gr\u00e2ce \u00e0 nos panneaux solaires. L&rsquo;\u00e9lectricit\u00e9 qui nous manque, nous l&rsquo;achetons verte. Nous avons opt\u00e9 pour Eneco HollandseWind\u00ae avec le label environnemental de SMK [&hellip;]<\/p>\n","protected":false},"author":3,"featured_media":0,"parent":0,"menu_order":0,"comment_status":"closed","ping_status":"closed","template":"","meta":{"footnotes":""},"class_list":["post-30978","page","type-page","status-publish","hentry"],"yoast_head":"<!-- This site is optimized with the Yoast SEO plugin v27.5 - https:\/\/yoast.com\/product\/yoast-seo-wordpress\/ -->\n<title>Responsabilit\u00e9 sociale des entreprises<\/title>\n<meta name=\"description\" content=\"Responsabilit\u00e9 sociale des entreprises (RSE). Chez Atlas, nous attachons une grande importance aux pratiques commerciales durables\" \/>\n<meta name=\"robots\" content=\"index, follow, max-snippet:-1, max-image-preview:large, max-video-preview:-1\" \/>\n<link rel=\"canonical\" href=\"https:\/\/atlastoilets.com\/fr\/rse\/\" \/>\n<meta property=\"og:locale\" content=\"fr_FR\" \/>\n<meta property=\"og:type\" content=\"article\" \/>\n<meta property=\"og:title\" content=\"Responsabilit\u00e9 sociale des entreprises\" \/>\n<meta property=\"og:description\" content=\"Responsabilit\u00e9 sociale des entreprises (RSE). Chez Atlas, nous attachons une grande importance aux pratiques commerciales durables\" \/>\n<meta property=\"og:url\" content=\"https:\/\/atlastoilets.com\/fr\/rse\/\" \/>\n<meta property=\"og:site_name\" content=\"Atlas Sanitation Products\" \/>\n<meta property=\"article:modified_time\" content=\"2023-03-07T08:06:22+00:00\" \/>\n<meta name=\"twitter:card\" content=\"summary_large_image\" \/>\n<meta name=\"twitter:label1\" content=\"Dur\u00e9e de lecture estim\u00e9e\" \/>\n\t<meta name=\"twitter:data1\" content=\"1 minute\" \/>\n<script type=\"application\/ld+json\" class=\"yoast-schema-graph\">{\"@context\":\"https:\\\/\\\/schema.org\",\"@graph\":[{\"@type\":\"WebPage\",\"@id\":\"https:\\\/\\\/atlastoilets.com\\\/fr\\\/rse\\\/\",\"url\":\"https:\\\/\\\/atlastoilets.com\\\/fr\\\/rse\\\/\",\"name\":\"Responsabilit\u00e9 sociale des entreprises\",\"isPartOf\":{\"@id\":\"https:\\\/\\\/atlastoilets.com\\\/#website\"},\"datePublished\":\"2023-02-17T14:22:45+00:00\",\"dateModified\":\"2023-03-07T08:06:22+00:00\",\"description\":\"Responsabilit\u00e9 sociale des entreprises (RSE). Chez Atlas, nous attachons une grande importance aux pratiques commerciales durables\",\"breadcrumb\":{\"@id\":\"https:\\\/\\\/atlastoilets.com\\\/fr\\\/rse\\\/#breadcrumb\"},\"inLanguage\":\"fr-FR\",\"potentialAction\":[{\"@type\":\"ReadAction\",\"target\":[\"https:\\\/\\\/atlastoilets.com\\\/fr\\\/rse\\\/\"]}]},{\"@type\":\"BreadcrumbList\",\"@id\":\"https:\\\/\\\/atlastoilets.com\\\/fr\\\/rse\\\/#breadcrumb\",\"itemListElement\":[{\"@type\":\"ListItem\",\"position\":1,\"name\":\"Home\",\"item\":\"https:\\\/\\\/atlastoilets.com\\\/fr\\\/\"},{\"@type\":\"ListItem\",\"position\":2,\"name\":\"Responsabilit\u00e9 sociale des entreprises (RSE)\"}]},{\"@type\":\"WebSite\",\"@id\":\"https:\\\/\\\/atlastoilets.com\\\/#website\",\"url\":\"https:\\\/\\\/atlastoilets.com\\\/\",\"name\":\"Atlas Sanitation Products\",\"description\":\"Total supplier for toilet rental companies\",\"potentialAction\":[{\"@type\":\"SearchAction\",\"target\":{\"@type\":\"EntryPoint\",\"urlTemplate\":\"https:\\\/\\\/atlastoilets.com\\\/?s={search_term_string}\"},\"query-input\":{\"@type\":\"PropertyValueSpecification\",\"valueRequired\":true,\"valueName\":\"search_term_string\"}}],\"inLanguage\":\"fr-FR\"}]}<\/script>\n<!-- \/ Yoast SEO plugin. -->","yoast_head_json":{"title":"Responsabilit\u00e9 sociale des entreprises","description":"Responsabilit\u00e9 sociale des entreprises (RSE). Chez Atlas, nous attachons une grande importance aux pratiques commerciales durables","robots":{"index":"index","follow":"follow","max-snippet":"max-snippet:-1","max-image-preview":"max-image-preview:large","max-video-preview":"max-video-preview:-1"},"canonical":"https:\/\/atlastoilets.com\/fr\/rse\/","og_locale":"fr_FR","og_type":"article","og_title":"Responsabilit\u00e9 sociale des entreprises","og_description":"Responsabilit\u00e9 sociale des entreprises (RSE). Chez Atlas, nous attachons une grande importance aux pratiques commerciales durables","og_url":"https:\/\/atlastoilets.com\/fr\/rse\/","og_site_name":"Atlas Sanitation Products","article_modified_time":"2023-03-07T08:06:22+00:00","twitter_card":"summary_large_image","twitter_misc":{"Dur\u00e9e de lecture estim\u00e9e":"1 minute"},"schema":{"@context":"https:\/\/schema.org","@graph":[{"@type":"WebPage","@id":"https:\/\/atlastoilets.com\/fr\/rse\/","url":"https:\/\/atlastoilets.com\/fr\/rse\/","name":"Responsabilit\u00e9 sociale des entreprises","isPartOf":{"@id":"https:\/\/atlastoilets.com\/#website"},"datePublished":"2023-02-17T14:22:45+00:00","dateModified":"2023-03-07T08:06:22+00:00","description":"Responsabilit\u00e9 sociale des entreprises (RSE). Chez Atlas, nous attachons une grande importance aux pratiques commerciales durables","breadcrumb":{"@id":"https:\/\/atlastoilets.com\/fr\/rse\/#breadcrumb"},"inLanguage":"fr-FR","potentialAction":[{"@type":"ReadAction","target":["https:\/\/atlastoilets.com\/fr\/rse\/"]}]},{"@type":"BreadcrumbList","@id":"https:\/\/atlastoilets.com\/fr\/rse\/#breadcrumb","itemListElement":[{"@type":"ListItem","position":1,"name":"Home","item":"https:\/\/atlastoilets.com\/fr\/"},{"@type":"ListItem","position":2,"name":"Responsabilit\u00e9 sociale des entreprises (RSE)"}]},{"@type":"WebSite","@id":"https:\/\/atlastoilets.com\/#website","url":"https:\/\/atlastoilets.com\/","name":"Atlas Sanitation Products","description":"Total supplier for toilet rental companies","potentialAction":[{"@type":"SearchAction","target":{"@type":"EntryPoint","urlTemplate":"https:\/\/atlastoilets.com\/?s={search_term_string}"},"query-input":{"@type":"PropertyValueSpecification","valueRequired":true,"valueName":"search_term_string"}}],"inLanguage":"fr-FR"}]}},"_links":{"self":[{"href":"https:\/\/atlastoilets.com\/fr\/wp-json\/wp\/v2\/pages\/30978","targetHints":{"allow":["GET"]}}],"collection":[{"href":"https:\/\/atlastoilets.com\/fr\/wp-json\/wp\/v2\/pages"}],"about":[{"href":"https:\/\/atlastoilets.com\/fr\/wp-json\/wp\/v2\/types\/page"}],"author":[{"embeddable":true,"href":"https:\/\/atlastoilets.com\/fr\/wp-json\/wp\/v2\/users\/3"}],"replies":[{"embeddable":true,"href":"https:\/\/atlastoilets.com\/fr\/wp-json\/wp\/v2\/comments?post=30978"}],"version-history":[{"count":3,"href":"https:\/\/atlastoilets.com\/fr\/wp-json\/wp\/v2\/pages\/30978\/revisions"}],"predecessor-version":[{"id":30999,"href":"https:\/\/atlastoilets.com\/fr\/wp-json\/wp\/v2\/pages\/30978\/revisions\/30999"}],"wp:attachment":[{"href":"https:\/\/atlastoilets.com\/fr\/wp-json\/wp\/v2\/media?parent=30978"}],"curies":[{"name":"wp","href":"https:\/\/api.w.org\/{rel}","templated":true}]}}