{"id":29013,"date":"2022-06-24T10:26:18","date_gmt":"2022-06-24T10:26:18","guid":{"rendered":"https:\/\/www.mobileurinal.eu\/?page_id=29013"},"modified":"2022-06-29T08:22:29","modified_gmt":"2022-06-29T08:22:29","slug":"photos-dinstallations-sanitaires-mobiles","status":"publish","type":"page","link":"https:\/\/atlastoilets.com\/fr\/photos-dinstallations-sanitaires-mobiles\/","title":{"rendered":"Impressions client"},"content":{"rendered":"<p>[vc_row][vc_column][vc_column_text]<\/p>\n<h2 style=\"text-align: center;\">Photos de la pratique.<\/h2>\n<p style=\"text-align: center;\">Sur cette page, nous vous montrons des photos de nos urinoirs, tels qu&rsquo;ils sont plac\u00e9s lors d&rsquo;\u00e9v\u00e9nements ou \u00e0 proximit\u00e9, sur des chantiers de construction et sur des camions de soci\u00e9t\u00e9s de location.<\/p>\n<p>[\/vc_column_text][vc_empty_space height=\u00a0\u00bb80px\u00a0\u00bb][\/vc_column][\/vc_row][vc_row][vc_column width=\u00a0\u00bb1\/2&Prime;][vc_row_inner][vc_column_inner width=\u00a0\u00bb1\/2&Prime; css=\u00a0\u00bb.vc_custom_1656427921599{background-image: url(https:\/\/atlastoilets.com\/wp-content\/uploads\/2022\/06\/altlas-sanitation-_0001_Mobile-urinal-olympic-Stadium.jpg?id=28957) !important;background-position: center !important;background-repeat: no-repeat !important;background-size: cover !important;}\u00a0\u00bb][vc_empty_space height=\u00a0\u00bb350px\u00a0\u00bb][\/vc_column_inner][vc_column_inner width=\u00a0\u00bb1\/2&Prime;][vc_column_text css=\u00a0\u00bb.vc_custom_1656403261060{margin-top: 30px !important;margin-right: 30px !important;margin-bottom: 0px !important;margin-left: 30px !important;}\u00a0\u00bb]<\/p>\n<h4 style=\"text-align: center;\"><strong>\u00c9v\u00e9nements<\/strong><\/h4>\n<p style=\"text-align: center;\">Les soci\u00e9t\u00e9s de location de toilettes louent vos urinoirs et lave-mains aux organisateurs d&rsquo;\u00e9v\u00e9nements en plein air dans le monde entier.<\/p>\n<p>[\/vc_column_text][\/vc_column_inner][\/vc_row_inner][\/vc_column][vc_column width=\u00a0\u00bb1\/2&Prime;][vc_row_inner][vc_column_inner css=\u00a0\u00bb.vc_custom_1656400002035{background-image: url(https:\/\/atlastoilets.com\/wp-content\/uploads\/2022\/06\/Urinals-Marathon-Rotterdam-3.jpg?id=28727) !important;background-position: center !important;background-repeat: no-repeat !important;background-size: cover !important;}\u00a0\u00bb][vc_empty_space height=\u00a0\u00bb350px\u00a0\u00bb][\/vc_column_inner][\/vc_row_inner][\/vc_column][\/vc_row][vc_row][vc_column width=\u00a0\u00bb1\/2&Prime;][vc_row_inner][vc_column_inner width=\u00a0\u00bb1\/2&Prime; css=\u00a0\u00bb.vc_custom_1656400203794{background-image: url(https:\/\/atlastoilets.com\/wp-content\/uploads\/2022\/06\/IMG_0465.jpg?id=28812) !important;background-position: center !important;background-repeat: no-repeat !important;background-size: cover !important;}\u00a0\u00bb][vc_empty_space height=\u00a0\u00bb350px\u00a0\u00bb][\/vc_column_inner][vc_column_inner width=\u00a0\u00bb1\/2&Prime; css=\u00a0\u00bb.vc_custom_1656400184131{background-image: url(https:\/\/atlastoilets.com\/wp-content\/uploads\/2022\/06\/Pluto-urinal-on-Concert.jpg?id=28762) !important;}\u00a0\u00bb][vc_empty_space height=\u00a0\u00bb350px\u00a0\u00bb][\/vc_column_inner][\/vc_row_inner][\/vc_column][vc_column width=\u00a0\u00bb1\/2&Prime;][vc_row_inner][vc_column_inner width=\u00a0\u00bb1\/2&Prime; css=\u00a0\u00bb.vc_custom_1656400102732{background-image: url(https:\/\/atlastoilets.com\/wp-content\/uploads\/2022\/06\/atlas-toliotes_0000_Urinals-Marathon-Rotterdam-6.jpg?id=28856) !important;background-position: center !important;background-repeat: no-repeat !important;background-size: cover !important;}\u00a0\u00bb][vc_empty_space height=\u00a0\u00bb350px\u00a0\u00bb][\/vc_column_inner][vc_column_inner width=\u00a0\u00bb1\/2&Prime;][vc_column_text css=\u00a0\u00bb.vc_custom_1656402195741{margin-top: 30px !important;margin-right: 30px !important;margin-bottom: 0px !important;margin-left: 30px !important;}\u00a0\u00bb]<\/p>\n<h4 style=\"text-align: center;\"><strong>Festivals<\/strong><\/h4>\n<p style=\"text-align: center;\">Outre les \u00e9v\u00e9nements sportifs tels que les marathons, les urinoirs mobiles et les lave-mains sont \u00e9galement utilis\u00e9s dans les stades lors des festivals de musique.<\/p>\n<p>[\/vc_column_text][\/vc_column_inner][\/vc_row_inner][\/vc_column][\/vc_row][vc_row][vc_column width=\u00a0\u00bb1\/3&Prime;][vc_column_text css=\u00a0\u00bb.vc_custom_1656403520691{margin-top: 30px !important;margin-right: 30px !important;margin-bottom: 0px !important;margin-left: 30px !important;}\u00a0\u00bb]<\/p>\n<h4 style=\"text-align: center;\"><strong>Soci\u00e9t\u00e9s de location<\/strong><\/h4>\n<p style=\"text-align: center;\">Atlas fournit des produits sanitaires aux soci\u00e9t\u00e9s de location de toilettes dans toute l&rsquo;Europe et au-del\u00e0.<\/p>\n<p>[\/vc_column_text][\/vc_column][vc_column width=\u00a0\u00bb2\/3&Prime; css=\u00a0\u00bb.vc_custom_1656399421804{background-image: url(https:\/\/atlastoilets.com\/wp-content\/uploads\/2022\/03\/mobile-event-urinal.jpg?id=19114) !important;background-position: center !important;background-repeat: no-repeat !important;background-size: cover !important;border-radius: 3px !important;}\u00a0\u00bb][vc_empty_space height=\u00a0\u00bb350px\u00a0\u00bb][\/vc_column][\/vc_row][vc_row][vc_column width=\u00a0\u00bb1\/3&Prime;][vc_empty_space height=\u00a0\u00bb350px\u00a0\u00bb css=\u00a0\u00bb.vc_custom_1656427831583{background-image: url(https:\/\/atlastoilets.com\/wp-content\/uploads\/2022\/06\/altlas-sanitation-_0009_20210924_160922_resized.jpg?id=28997) !important;background-position: center !important;background-repeat: no-repeat !important;background-size: cover !important;}\u00a0\u00bb][\/vc_column][vc_column width=\u00a0\u00bb1\/3&Prime;][vc_empty_space height=\u00a0\u00bb350px\u00a0\u00bb css=\u00a0\u00bb.vc_custom_1656427890863{background-image: url(https:\/\/atlastoilets.com\/wp-content\/uploads\/2022\/06\/altlas-sanitation-_0010_Site-Welfare-company.jpg?id=29002) !important;background-position: center !important;background-repeat: no-repeat !important;background-size: cover !important;}\u00a0\u00bb][\/vc_column][vc_column width=\u00a0\u00bb1\/3&Prime;][vc_empty_space height=\u00a0\u00bb350px\u00a0\u00bb css=\u00a0\u00bb.vc_custom_1656400494547{background-image: url(https:\/\/atlastoilets.com\/wp-content\/uploads\/2022\/06\/DSC00075-scaled.jpg?id=28822) !important;background-position: center !important;background-repeat: no-repeat !important;background-size: cover !important;}\u00a0\u00bb][\/vc_column][\/vc_row][vc_row][vc_column width=\u00a0\u00bb1\/3&Prime;][vc_empty_space height=\u00a0\u00bb350px\u00a0\u00bb css=\u00a0\u00bb.vc_custom_1656400557578{background-image: url(https:\/\/atlastoilets.com\/wp-content\/uploads\/2022\/06\/DanceValley-Urinal.jpg?id=28792) !important;background-position: center !important;background-repeat: no-repeat !important;background-size: cover !important;}\u00a0\u00bb][\/vc_column][vc_column width=\u00a0\u00bb1\/3&Prime;][vc_empty_space height=\u00a0\u00bb350px\u00a0\u00bb css=\u00a0\u00bb.vc_custom_1656427861767{background-image: url(https:\/\/atlastoilets.com\/wp-content\/uploads\/2022\/06\/altlas-sanitation-_0002_transport-of-stackable-urinals.jpg?id=28962) !important;background-position: center !important;background-repeat: no-repeat !important;background-size: cover !important;}\u00a0\u00bb][\/vc_column][vc_column width=\u00a0\u00bb1\/3&Prime;][vc_column_text css=\u00a0\u00bb.vc_custom_1656403386116{margin-top: 30px !important;margin-right: 30px !important;margin-bottom: 0px !important;margin-left: 30px !important;}\u00a0\u00bb]<\/p>\n<h4 style=\"text-align: center;\"><strong>Livraison mondiale<\/strong><\/h4>\n<p style=\"text-align: center;\">La majorit\u00e9 de notre client\u00e8le est situ\u00e9e en Europe, mais nous fournissons des urinoirs dans le monde entier, du Chili \u00e0 l&rsquo;Inde et de la Nouvelle-Z\u00e9lande au Canada.<\/p>\n<p>[\/vc_column_text][\/vc_column][\/vc_row][vc_row][vc_column width=\u00a0\u00bb1\/3&Prime;][vc_empty_space height=\u00a0\u00bb350px\u00a0\u00bb css=\u00a0\u00bb.vc_custom_1656427992752{background-image: url(https:\/\/atlastoilets.com\/wp-content\/uploads\/2022\/06\/altlas-sanitation-_0006_DSCN0464.jpg?id=28982) !important;background-position: center !important;background-repeat: no-repeat !important;background-size: cover !important;}\u00a0\u00bb][\/vc_column][vc_column width=\u00a0\u00bb1\/3&Prime;][vc_column_text css=\u00a0\u00bb.vc_custom_1656403459162{margin-top: 30px !important;margin-right: 30px !important;margin-bottom: 0px !important;margin-left: 30px !important;}\u00a0\u00bb]<\/p>\n<h4 style=\"text-align: center;\"><strong>Couleurs personnalis\u00e9es<\/strong><\/h4>\n<p style=\"text-align: center;\">Nous offrons la possibilit\u00e9 de fournir des toilettes, des urinoirs et des lave-mains dans une grande vari\u00e9t\u00e9 de couleurs.<\/p>\n<p>[\/vc_column_text][\/vc_column][vc_column width=\u00a0\u00bb1\/3&Prime;][vc_empty_space height=\u00a0\u00bb350px\u00a0\u00bb css=\u00a0\u00bb.vc_custom_1656400449115{background-image: url(https:\/\/atlastoilets.com\/wp-content\/uploads\/2022\/06\/aseo2-scaled.jpg?id=28807) !important;background-position: center !important;background-repeat: no-repeat !important;background-size: cover !important;}\u00a0\u00bb][\/vc_column][\/vc_row][vc_row][vc_column width=\u00a0\u00bb1\/3&Prime;][vc_empty_space height=\u00a0\u00bb350px\u00a0\u00bb css=\u00a0\u00bb.vc_custom_1656428021543{background-image: url(https:\/\/atlastoilets.com\/wp-content\/uploads\/2022\/06\/altlas-sanitation-_0003_Pluto-urinals-in-Spain.jpg?id=28967) !important;background-position: center !important;background-repeat: no-repeat !important;background-size: cover !important;}\u00a0\u00bb][\/vc_column][vc_column width=\u00a0\u00bb1\/3&Prime;][vc_empty_space height=\u00a0\u00bb350px\u00a0\u00bb css=\u00a0\u00bb.vc_custom_1656428061919{background-image: url(https:\/\/atlastoilets.com\/wp-content\/uploads\/2022\/06\/altlas-sanitation-_0008_20210113_153836.jpg?id=28992) !important;background-position: center !important;background-repeat: no-repeat !important;background-size: cover !important;}\u00a0\u00bb][\/vc_column][vc_column width=\u00a0\u00bb1\/3&Prime;][vc_empty_space height=\u00a0\u00bb350px\u00a0\u00bb css=\u00a0\u00bb.vc_custom_1656428087959{background-image: url(https:\/\/atlastoilets.com\/wp-content\/uploads\/2022\/06\/altlas-sanitation-_0005_DSCN0425.jpg?id=28977) !important;background-position: center !important;background-repeat: no-repeat !important;background-size: cover !important;}\u00a0\u00bb][\/vc_column][\/vc_row]<\/p>\n","protected":false},"excerpt":{"rendered":"<p>[vc_row][vc_column][vc_column_text] Photos de la pratique. Sur cette page, nous vous montrons des photos de nos urinoirs, tels qu&rsquo;ils sont plac\u00e9s lors d&rsquo;\u00e9v\u00e9nements ou \u00e0 proximit\u00e9, sur des chantiers de construction et sur des camions de soci\u00e9t\u00e9s de location. [\/vc_column_text][vc_empty_space height=\u00a0\u00bb80px\u00a0\u00bb][\/vc_column][\/vc_row][vc_row][vc_column width=\u00a0\u00bb1\/2&Prime;][vc_row_inner][vc_column_inner width=\u00a0\u00bb1\/2&Prime; css=\u00a0\u00bb.vc_custom_1656427921599{background-image: url(https:\/\/atlastoilets.com\/wp-content\/uploads\/2022\/06\/altlas-sanitation-_0001_Mobile-urinal-olympic-Stadium.jpg?id=28957) !important;background-position: center !important;background-repeat: no-repeat !important;background-size: cover !important;}\u00a0\u00bb][vc_empty_space height=\u00a0\u00bb350px\u00a0\u00bb][\/vc_column_inner][vc_column_inner width=\u00a0\u00bb1\/2&Prime;][vc_column_text css=\u00a0\u00bb.vc_custom_1656403261060{margin-top: 30px [&hellip;]<\/p>\n","protected":false},"author":3,"featured_media":0,"parent":0,"menu_order":0,"comment_status":"closed","ping_status":"closed","template":"","meta":{"footnotes":""},"class_list":["post-29013","page","type-page","status-publish","hentry"],"yoast_head":"<!-- This site is optimized with the Yoast SEO plugin v27.4 - https:\/\/yoast.com\/product\/yoast-seo-wordpress\/ -->\n<title>Photos d&#039;installations sanitaires mobiles<\/title>\n<meta name=\"description\" content=\"Photos d&#039;installations sanitaires mobiles, d&#039;urinoirs, de toilettes et de lave-mains lors d&#039;\u00e9v\u00e9nements et de chantiers\" \/>\n<meta name=\"robots\" content=\"index, follow, max-snippet:-1, max-image-preview:large, max-video-preview:-1\" \/>\n<link rel=\"canonical\" href=\"https:\/\/atlastoilets.com\/fr\/photos-dinstallations-sanitaires-mobiles\/\" \/>\n<meta property=\"og:locale\" content=\"fr_FR\" \/>\n<meta property=\"og:type\" content=\"article\" \/>\n<meta property=\"og:title\" content=\"Photos d&#039;installations sanitaires mobiles\" \/>\n<meta property=\"og:description\" content=\"Photos d&#039;installations sanitaires mobiles, d&#039;urinoirs, de toilettes et de lave-mains lors d&#039;\u00e9v\u00e9nements et de chantiers\" \/>\n<meta property=\"og:url\" content=\"https:\/\/atlastoilets.com\/fr\/photos-dinstallations-sanitaires-mobiles\/\" \/>\n<meta property=\"og:site_name\" content=\"Atlas Sanitation Products\" \/>\n<meta property=\"article:modified_time\" content=\"2022-06-29T08:22:29+00:00\" \/>\n<meta name=\"twitter:card\" content=\"summary_large_image\" \/>\n<meta name=\"twitter:label1\" content=\"Dur\u00e9e de lecture estim\u00e9e\" \/>\n\t<meta name=\"twitter:data1\" content=\"5 minutes\" \/>\n<script type=\"application\/ld+json\" class=\"yoast-schema-graph\">{\"@context\":\"https:\\\/\\\/schema.org\",\"@graph\":[{\"@type\":\"WebPage\",\"@id\":\"https:\\\/\\\/atlastoilets.com\\\/fr\\\/photos-dinstallations-sanitaires-mobiles\\\/\",\"url\":\"https:\\\/\\\/atlastoilets.com\\\/fr\\\/photos-dinstallations-sanitaires-mobiles\\\/\",\"name\":\"Photos d'installations sanitaires mobiles\",\"isPartOf\":{\"@id\":\"https:\\\/\\\/atlastoilets.com\\\/#website\"},\"datePublished\":\"2022-06-24T10:26:18+00:00\",\"dateModified\":\"2022-06-29T08:22:29+00:00\",\"description\":\"Photos d'installations sanitaires mobiles, d'urinoirs, de toilettes et de lave-mains lors d'\u00e9v\u00e9nements et de chantiers\",\"breadcrumb\":{\"@id\":\"https:\\\/\\\/atlastoilets.com\\\/fr\\\/photos-dinstallations-sanitaires-mobiles\\\/#breadcrumb\"},\"inLanguage\":\"fr-FR\",\"potentialAction\":[{\"@type\":\"ReadAction\",\"target\":[\"https:\\\/\\\/atlastoilets.com\\\/fr\\\/photos-dinstallations-sanitaires-mobiles\\\/\"]}]},{\"@type\":\"BreadcrumbList\",\"@id\":\"https:\\\/\\\/atlastoilets.com\\\/fr\\\/photos-dinstallations-sanitaires-mobiles\\\/#breadcrumb\",\"itemListElement\":[{\"@type\":\"ListItem\",\"position\":1,\"name\":\"Home\",\"item\":\"https:\\\/\\\/atlastoilets.com\\\/fr\\\/\"},{\"@type\":\"ListItem\",\"position\":2,\"name\":\"Impressions client\"}]},{\"@type\":\"WebSite\",\"@id\":\"https:\\\/\\\/atlastoilets.com\\\/#website\",\"url\":\"https:\\\/\\\/atlastoilets.com\\\/\",\"name\":\"Atlas Sanitation Products\",\"description\":\"Total supplier for toilet rental companies\",\"potentialAction\":[{\"@type\":\"SearchAction\",\"target\":{\"@type\":\"EntryPoint\",\"urlTemplate\":\"https:\\\/\\\/atlastoilets.com\\\/?s={search_term_string}\"},\"query-input\":{\"@type\":\"PropertyValueSpecification\",\"valueRequired\":true,\"valueName\":\"search_term_string\"}}],\"inLanguage\":\"fr-FR\"}]}<\/script>\n<!-- \/ Yoast SEO plugin. -->","yoast_head_json":{"title":"Photos d'installations sanitaires mobiles","description":"Photos d'installations sanitaires mobiles, d'urinoirs, de toilettes et de lave-mains lors d'\u00e9v\u00e9nements et de chantiers","robots":{"index":"index","follow":"follow","max-snippet":"max-snippet:-1","max-image-preview":"max-image-preview:large","max-video-preview":"max-video-preview:-1"},"canonical":"https:\/\/atlastoilets.com\/fr\/photos-dinstallations-sanitaires-mobiles\/","og_locale":"fr_FR","og_type":"article","og_title":"Photos d'installations sanitaires mobiles","og_description":"Photos d'installations sanitaires mobiles, d'urinoirs, de toilettes et de lave-mains lors d'\u00e9v\u00e9nements et de chantiers","og_url":"https:\/\/atlastoilets.com\/fr\/photos-dinstallations-sanitaires-mobiles\/","og_site_name":"Atlas Sanitation Products","article_modified_time":"2022-06-29T08:22:29+00:00","twitter_card":"summary_large_image","twitter_misc":{"Dur\u00e9e de lecture estim\u00e9e":"5 minutes"},"schema":{"@context":"https:\/\/schema.org","@graph":[{"@type":"WebPage","@id":"https:\/\/atlastoilets.com\/fr\/photos-dinstallations-sanitaires-mobiles\/","url":"https:\/\/atlastoilets.com\/fr\/photos-dinstallations-sanitaires-mobiles\/","name":"Photos d'installations sanitaires mobiles","isPartOf":{"@id":"https:\/\/atlastoilets.com\/#website"},"datePublished":"2022-06-24T10:26:18+00:00","dateModified":"2022-06-29T08:22:29+00:00","description":"Photos d'installations sanitaires mobiles, d'urinoirs, de toilettes et de lave-mains lors d'\u00e9v\u00e9nements et de chantiers","breadcrumb":{"@id":"https:\/\/atlastoilets.com\/fr\/photos-dinstallations-sanitaires-mobiles\/#breadcrumb"},"inLanguage":"fr-FR","potentialAction":[{"@type":"ReadAction","target":["https:\/\/atlastoilets.com\/fr\/photos-dinstallations-sanitaires-mobiles\/"]}]},{"@type":"BreadcrumbList","@id":"https:\/\/atlastoilets.com\/fr\/photos-dinstallations-sanitaires-mobiles\/#breadcrumb","itemListElement":[{"@type":"ListItem","position":1,"name":"Home","item":"https:\/\/atlastoilets.com\/fr\/"},{"@type":"ListItem","position":2,"name":"Impressions client"}]},{"@type":"WebSite","@id":"https:\/\/atlastoilets.com\/#website","url":"https:\/\/atlastoilets.com\/","name":"Atlas Sanitation Products","description":"Total supplier for toilet rental companies","potentialAction":[{"@type":"SearchAction","target":{"@type":"EntryPoint","urlTemplate":"https:\/\/atlastoilets.com\/?s={search_term_string}"},"query-input":{"@type":"PropertyValueSpecification","valueRequired":true,"valueName":"search_term_string"}}],"inLanguage":"fr-FR"}]}},"_links":{"self":[{"href":"https:\/\/atlastoilets.com\/fr\/wp-json\/wp\/v2\/pages\/29013","targetHints":{"allow":["GET"]}}],"collection":[{"href":"https:\/\/atlastoilets.com\/fr\/wp-json\/wp\/v2\/pages"}],"about":[{"href":"https:\/\/atlastoilets.com\/fr\/wp-json\/wp\/v2\/types\/page"}],"author":[{"embeddable":true,"href":"https:\/\/atlastoilets.com\/fr\/wp-json\/wp\/v2\/users\/3"}],"replies":[{"embeddable":true,"href":"https:\/\/atlastoilets.com\/fr\/wp-json\/wp\/v2\/comments?post=29013"}],"version-history":[{"count":5,"href":"https:\/\/atlastoilets.com\/fr\/wp-json\/wp\/v2\/pages\/29013\/revisions"}],"predecessor-version":[{"id":29026,"href":"https:\/\/atlastoilets.com\/fr\/wp-json\/wp\/v2\/pages\/29013\/revisions\/29026"}],"wp:attachment":[{"href":"https:\/\/atlastoilets.com\/fr\/wp-json\/wp\/v2\/media?parent=29013"}],"curies":[{"name":"wp","href":"https:\/\/api.w.org\/{rel}","templated":true}]}}