{"id":27545,"date":"2015-06-20T16:11:19","date_gmt":"2015-06-20T16:11:19","guid":{"rendered":"https:\/\/www.mobileurinal.eu\/?page_id=27545"},"modified":"2022-07-01T11:15:21","modified_gmt":"2022-07-01T11:15:21","slug":"sur-atlas","status":"publish","type":"page","link":"https:\/\/atlastoilets.com\/fr\/sur-atlas\/","title":{"rendered":"Sur nous"},"content":{"rendered":"<p>[vc_row][vc_column css=\u00a0\u00bb.vc_custom_1648807929134{padding-bottom: 40px !important;}\u00a0\u00bb][vc_column_text]<\/p>\n<h2 style=\"text-align: center;\"><span style=\"color: #000000;\">Atlas Sanitation Products<\/span><\/h2>\n<p style=\"text-align: center;\">Depuis 1996, notre objectif a \u00e9t\u00e9 et reste de fournir au secteur europ\u00e9en de la location les meilleurs produits de qualit\u00e9 \u00e0 des prix comp\u00e9titifs.<br \/>\nCette ann\u00e9e, nous avons regroup\u00e9 nos diff\u00e9rentes activit\u00e9s dans un seul catalogue qui illustre la large gamme de produits que nous proposons aux soci\u00e9t\u00e9s de location de toilettes.<br \/>\nEn plus des produits que nous avons offerts au fil des ans, divers nouveaux produits se sont ajout\u00e9s, tels que le lave-mains Obbe, le Porta-Tank et le Tulip. Nous sommes extr\u00eamement fiers de vous pr\u00e9senter le Pluto Plus, notre derni\u00e8re innovation dans la gamme d&rsquo;urinoirs mobiles de Pluto. Ce nouvel urinoir a \u00e9t\u00e9 d\u00e9velopp\u00e9 sur la base de notre vaste exp\u00e9rience et de celle de nos clients en mati\u00e8re de location, conduisant \u00e0 ce que nous consid\u00e9rons comme un v\u00e9ritable atout pour les soci\u00e9t\u00e9s de location de toilettes.<\/p>\n<p style=\"text-align: center;\"><strong>Nous sommes impatients de travailler avec vous.<\/strong><\/p>\n<p>[\/vc_column_text][\/vc_column][\/vc_row][vc_row full_width=\u00a0\u00bbstretch_row_content\u00a0\u00bb css=\u00a0\u00bb.vc_custom_1653919235943{background-image: url(https:\/\/atlastoilets.com\/wp-content\/uploads\/2022\/04\/pand-atlas-1.jpg?id=26169) !important;background-position: center !important;background-repeat: no-repeat !important;background-size: cover !important;}\u00a0\u00bb][vc_column][vc_empty_space height=\u00a0\u00bb500&Prime;][\/vc_column][\/vc_row][vc_row css=\u00a0\u00bb.vc_custom_1648809229055{background-color: #ffffff !important;}\u00a0\u00bb][vc_column css=\u00a0\u00bb.vc_custom_1494128134903{margin-bottom: 30px !important;}\u00a0\u00bb][vc_row_inner][vc_column_inner width=\u00a0\u00bb1\/4&Prime;][\/vc_column_inner][vc_column_inner width=\u00a0\u00bb1\/2&Prime;][vc_column_text css=\u00a0\u00bb.vc_custom_1656674119490{margin-top: 50px !important;margin-bottom: 44px !important;}\u00a0\u00bb]<\/p>\n<h4 style=\"text-align: center;\"><span style=\"color: #000000;\">Histoire de Atlas, du Entreprise de Location au fournisseur total\u00a0<\/span><\/h4>\n<p>En deux ans de temps l\u2019entreprise est pass\u00e9e d\u2019une soci\u00e9t\u00e9 de location locale \u00e0 un fournisseur de service national, le maintien de pr\u00e8s de 600 unit\u00e9s par semaine, primarely plac\u00e9s sur les sites de contstruction. Renomm\u00e9e nationale a donn\u00e9 lieu \u00e0 des demandes pour fournir des installations sanitaires portables aux \u00e9v\u00e9nements nationaux, comme Le Concert mondiale Liberty \u00e0 Arnhem en 1995, les concerts du stade de groupes comme Guns \u2018n Roses et Pink Floyd et des concerts de Brian Adams et Parkpop en plein air, la plus grande journ\u00e9e festival libre de charge en Europe.<br \/>\nLa soci\u00e9t\u00e9 a \u00e9galement contribu\u00e9 \u00e0 la charit\u00e9. Depuis 1995, il a fourni des installations sanitaires portables pendant la Roparun, une course de relais d\u2019env. 520 kilom\u00e8tres de Rotterdam \u00e0 Paris, collecte de fonds pour les victimes du cancer.<\/p>\n<p>W-tje Toiletservice plac\u00e9 un grand nombre de toilettes au d\u00e9but et \u00e0 la fin, et \u00e9galement aux points de contr\u00f4le. Comme l\u2019\u00e9v\u00e9nement a augment\u00e9, de sorte que le nombre de toilettes lors de cet \u00e9v\u00e9nement de quatre jours, face \u00e0 W-tje Toiletservice comportant des d\u00e9fis logistiques.<br \/>\nEn 1997, Nico demanda \u00e0 son ami depuis la maternelle Johan de rejoindre la soci\u00e9t\u00e9. Johan, \u00e0 cette \u00e9poque, un gestionnaire de soutien \u00e0 la client\u00e8le, a remplac\u00e9 l\u2019\u00e9pouse de Nico en tant que directeur. Dans les ann\u00e9es suivantes la soci\u00e9t\u00e9 a grandi pour APPR. 1300, toilettes desservis par semaine, avec une \u00e9quipe de 20 employ\u00e9s au cours de la saison estivale. D\u00e9but 2000, la compagnie de location a \u00e9t\u00e9 vendu et Nico et Johan poursuivi leur partenariat dans ATLAS Portable Sanitation BV, importer et exporter des toilettes, urinoirs, les pi\u00e8ces et les additifs de toilette de la marque pr\u00e9f\u00e9r\u00e9e de leur soci\u00e9t\u00e9 de location, Walex.<\/p>\n<p>Depuis 2000, le ATLAS n\u2019a cess\u00e9 de cro\u00eetre, en utilisant maintenant un temps plein 4 personnel de personnes et un nombre d\u2019employ\u00e9s temporaires durant la haute saison. De plus en plus d\u2019entreprises ont trouv\u00e9 ATLAS comme un de leurs principaux fournisseurs avec une base de clients dans presque tous les pays europ\u00e9ens ainsi qu\u2019aux Etats-Unis, Canada, Am\u00e9rique Latine et en Asie.<\/p>\n<p>N \u00b0 1 la priorit\u00e9 ATLAS est la satisfaction du client, en consacrant notre exp\u00e9rience \u00e0 fournir des produits de haute qualit\u00e9 \u00e0 des prix comp\u00e9titifs. Nous esp\u00e9rons que notre plaisir de travail va ajouter \u00e0 la v\u00f4tre et nous sommes impatients d\u2019\u00eatre au service dans les prochaines ann\u00e9es.<\/p>\n<p style=\"text-align: center;\">.<\/p>\n<p>[\/vc_column_text][\/vc_column_inner][vc_column_inner width=\u00a0\u00bb1\/4&Prime;][\/vc_column_inner][\/vc_row_inner][vc_row_inner][vc_column_inner width=\u00a0\u00bb1\/4&Prime;][vc_single_image image=\u00a0\u00bb27436&Prime; img_size=\u00a0\u00bbmedium\u00a0\u00bb][\/vc_column_inner][vc_column_inner width=\u00a0\u00bb1\/4&Prime;][vc_single_image image=\u00a0\u00bb27441&Prime; img_size=\u00a0\u00bbmedium\u00a0\u00bb][\/vc_column_inner][vc_column_inner width=\u00a0\u00bb1\/4&Prime;][vc_single_image image=\u00a0\u00bb27446&Prime; img_size=\u00a0\u00bbmedium\u00a0\u00bb][\/vc_column_inner][vc_column_inner width=\u00a0\u00bb1\/4&Prime;][vc_single_image image=\u00a0\u00bb27451&Prime; img_size=\u00a0\u00bbmedium\u00a0\u00bb][\/vc_column_inner][\/vc_row_inner][vc_column_text]<\/p>\n<p>[\/vc_column_text][\/vc_column][\/vc_row]<\/p>\n","protected":false},"excerpt":{"rendered":"<p>[vc_row][vc_column css=\u00a0\u00bb.vc_custom_1648807929134{padding-bottom: 40px !important;}\u00a0\u00bb][vc_column_text] Atlas Sanitation Products Depuis 1996, notre objectif a \u00e9t\u00e9 et reste de fournir au secteur europ\u00e9en de la location les meilleurs produits de qualit\u00e9 \u00e0 des prix comp\u00e9titifs. Cette ann\u00e9e, nous avons regroup\u00e9 nos diff\u00e9rentes activit\u00e9s dans un seul catalogue qui illustre la large gamme de produits que nous proposons aux [&hellip;]<\/p>\n","protected":false},"author":3,"featured_media":0,"parent":0,"menu_order":0,"comment_status":"closed","ping_status":"closed","template":"","meta":{"footnotes":""},"class_list":["post-27545","page","type-page","status-publish","hentry"],"yoast_head":"<!-- This site is optimized with the Yoast SEO plugin v27.4 - https:\/\/yoast.com\/product\/yoast-seo-wordpress\/ -->\n<title>Atlas Sanitation Products, fournisseur total pour les soci\u00e9t\u00e9s de location<\/title>\n<meta name=\"description\" content=\"Atlas Sanitation Products, fournisseur total pour les soci\u00e9t\u00e9s de location de toilettes, avec urinoirs, toilettes et pi\u00e8ces d\u00e9tach\u00e9es\" \/>\n<meta name=\"robots\" content=\"index, follow, max-snippet:-1, max-image-preview:large, max-video-preview:-1\" \/>\n<link rel=\"canonical\" href=\"https:\/\/atlastoilets.com\/fr\/sur-atlas\/\" \/>\n<meta property=\"og:locale\" content=\"fr_FR\" \/>\n<meta property=\"og:type\" content=\"article\" \/>\n<meta property=\"og:title\" content=\"Atlas Sanitation Products, fournisseur total pour les soci\u00e9t\u00e9s de location\" \/>\n<meta property=\"og:description\" content=\"Atlas Sanitation Products, fournisseur total pour les soci\u00e9t\u00e9s de location de toilettes, avec urinoirs, toilettes et pi\u00e8ces d\u00e9tach\u00e9es\" \/>\n<meta property=\"og:url\" content=\"https:\/\/atlastoilets.com\/fr\/sur-atlas\/\" \/>\n<meta property=\"og:site_name\" content=\"Atlas Sanitation Products\" \/>\n<meta property=\"article:modified_time\" content=\"2022-07-01T11:15:21+00:00\" \/>\n<meta name=\"twitter:card\" content=\"summary_large_image\" \/>\n<meta name=\"twitter:label1\" content=\"Dur\u00e9e de lecture estim\u00e9e\" \/>\n\t<meta name=\"twitter:data1\" content=\"4 minutes\" \/>\n<script type=\"application\/ld+json\" class=\"yoast-schema-graph\">{\"@context\":\"https:\\\/\\\/schema.org\",\"@graph\":[{\"@type\":\"WebPage\",\"@id\":\"https:\\\/\\\/atlastoilets.com\\\/fr\\\/sur-atlas\\\/\",\"url\":\"https:\\\/\\\/atlastoilets.com\\\/fr\\\/sur-atlas\\\/\",\"name\":\"Atlas Sanitation Products, fournisseur total pour les soci\u00e9t\u00e9s de location\",\"isPartOf\":{\"@id\":\"https:\\\/\\\/atlastoilets.com\\\/#website\"},\"datePublished\":\"2015-06-20T16:11:19+00:00\",\"dateModified\":\"2022-07-01T11:15:21+00:00\",\"description\":\"Atlas Sanitation Products, fournisseur total pour les soci\u00e9t\u00e9s de location de toilettes, avec urinoirs, toilettes et pi\u00e8ces d\u00e9tach\u00e9es\",\"breadcrumb\":{\"@id\":\"https:\\\/\\\/atlastoilets.com\\\/fr\\\/sur-atlas\\\/#breadcrumb\"},\"inLanguage\":\"fr-FR\",\"potentialAction\":[{\"@type\":\"ReadAction\",\"target\":[\"https:\\\/\\\/atlastoilets.com\\\/fr\\\/sur-atlas\\\/\"]}]},{\"@type\":\"BreadcrumbList\",\"@id\":\"https:\\\/\\\/atlastoilets.com\\\/fr\\\/sur-atlas\\\/#breadcrumb\",\"itemListElement\":[{\"@type\":\"ListItem\",\"position\":1,\"name\":\"Home\",\"item\":\"https:\\\/\\\/atlastoilets.com\\\/fr\\\/\"},{\"@type\":\"ListItem\",\"position\":2,\"name\":\"Sur nous\"}]},{\"@type\":\"WebSite\",\"@id\":\"https:\\\/\\\/atlastoilets.com\\\/#website\",\"url\":\"https:\\\/\\\/atlastoilets.com\\\/\",\"name\":\"Atlas Sanitation Products\",\"description\":\"Total supplier for toilet rental companies\",\"potentialAction\":[{\"@type\":\"SearchAction\",\"target\":{\"@type\":\"EntryPoint\",\"urlTemplate\":\"https:\\\/\\\/atlastoilets.com\\\/?s={search_term_string}\"},\"query-input\":{\"@type\":\"PropertyValueSpecification\",\"valueRequired\":true,\"valueName\":\"search_term_string\"}}],\"inLanguage\":\"fr-FR\"}]}<\/script>\n<!-- \/ Yoast SEO plugin. -->","yoast_head_json":{"title":"Atlas Sanitation Products, fournisseur total pour les soci\u00e9t\u00e9s de location","description":"Atlas Sanitation Products, fournisseur total pour les soci\u00e9t\u00e9s de location de toilettes, avec urinoirs, toilettes et pi\u00e8ces d\u00e9tach\u00e9es","robots":{"index":"index","follow":"follow","max-snippet":"max-snippet:-1","max-image-preview":"max-image-preview:large","max-video-preview":"max-video-preview:-1"},"canonical":"https:\/\/atlastoilets.com\/fr\/sur-atlas\/","og_locale":"fr_FR","og_type":"article","og_title":"Atlas Sanitation Products, fournisseur total pour les soci\u00e9t\u00e9s de location","og_description":"Atlas Sanitation Products, fournisseur total pour les soci\u00e9t\u00e9s de location de toilettes, avec urinoirs, toilettes et pi\u00e8ces d\u00e9tach\u00e9es","og_url":"https:\/\/atlastoilets.com\/fr\/sur-atlas\/","og_site_name":"Atlas Sanitation Products","article_modified_time":"2022-07-01T11:15:21+00:00","twitter_card":"summary_large_image","twitter_misc":{"Dur\u00e9e de lecture estim\u00e9e":"4 minutes"},"schema":{"@context":"https:\/\/schema.org","@graph":[{"@type":"WebPage","@id":"https:\/\/atlastoilets.com\/fr\/sur-atlas\/","url":"https:\/\/atlastoilets.com\/fr\/sur-atlas\/","name":"Atlas Sanitation Products, fournisseur total pour les soci\u00e9t\u00e9s de location","isPartOf":{"@id":"https:\/\/atlastoilets.com\/#website"},"datePublished":"2015-06-20T16:11:19+00:00","dateModified":"2022-07-01T11:15:21+00:00","description":"Atlas Sanitation Products, fournisseur total pour les soci\u00e9t\u00e9s de location de toilettes, avec urinoirs, toilettes et pi\u00e8ces d\u00e9tach\u00e9es","breadcrumb":{"@id":"https:\/\/atlastoilets.com\/fr\/sur-atlas\/#breadcrumb"},"inLanguage":"fr-FR","potentialAction":[{"@type":"ReadAction","target":["https:\/\/atlastoilets.com\/fr\/sur-atlas\/"]}]},{"@type":"BreadcrumbList","@id":"https:\/\/atlastoilets.com\/fr\/sur-atlas\/#breadcrumb","itemListElement":[{"@type":"ListItem","position":1,"name":"Home","item":"https:\/\/atlastoilets.com\/fr\/"},{"@type":"ListItem","position":2,"name":"Sur nous"}]},{"@type":"WebSite","@id":"https:\/\/atlastoilets.com\/#website","url":"https:\/\/atlastoilets.com\/","name":"Atlas Sanitation Products","description":"Total supplier for toilet rental companies","potentialAction":[{"@type":"SearchAction","target":{"@type":"EntryPoint","urlTemplate":"https:\/\/atlastoilets.com\/?s={search_term_string}"},"query-input":{"@type":"PropertyValueSpecification","valueRequired":true,"valueName":"search_term_string"}}],"inLanguage":"fr-FR"}]}},"_links":{"self":[{"href":"https:\/\/atlastoilets.com\/fr\/wp-json\/wp\/v2\/pages\/27545","targetHints":{"allow":["GET"]}}],"collection":[{"href":"https:\/\/atlastoilets.com\/fr\/wp-json\/wp\/v2\/pages"}],"about":[{"href":"https:\/\/atlastoilets.com\/fr\/wp-json\/wp\/v2\/types\/page"}],"author":[{"embeddable":true,"href":"https:\/\/atlastoilets.com\/fr\/wp-json\/wp\/v2\/users\/3"}],"replies":[{"embeddable":true,"href":"https:\/\/atlastoilets.com\/fr\/wp-json\/wp\/v2\/comments?post=27545"}],"version-history":[{"count":8,"href":"https:\/\/atlastoilets.com\/fr\/wp-json\/wp\/v2\/pages\/27545\/revisions"}],"predecessor-version":[{"id":29077,"href":"https:\/\/atlastoilets.com\/fr\/wp-json\/wp\/v2\/pages\/27545\/revisions\/29077"}],"wp:attachment":[{"href":"https:\/\/atlastoilets.com\/fr\/wp-json\/wp\/v2\/media?parent=27545"}],"curies":[{"name":"wp","href":"https:\/\/api.w.org\/{rel}","templated":true}]}}