{"id":25486,"date":"2022-03-29T07:45:18","date_gmt":"2022-03-29T07:45:18","guid":{"rendered":"https:\/\/www.mobileurinal.eu\/?page_id=25486"},"modified":"2022-07-04T08:52:52","modified_gmt":"2022-07-04T08:52:52","slug":"les-urinoirs-pluto","status":"publish","type":"page","link":"https:\/\/atlastoilets.com\/fr\/les-urinoirs-pluto\/","title":{"rendered":"Les urinoirs Pluto"},"content":{"rendered":"<p>[vc_row][vc_column][vc_custom_heading text=\u00a0\u00bbAtlas est le fier producteur de la gamme Pluto d&rsquo;urinoirs mobiles.\u00a0\u00bb font_container=\u00a0\u00bbtag:h3|text_align:center\u00a0\u00bb use_theme_fonts=\u00a0\u00bbyes\u00a0\u00bb][vc_column_text]<\/p>\n<p style=\"text-align: center;\">Les urinoirs Pluto d&rsquo;Atlas sont le r\u00e9sultat de plus de 20 ans d&rsquo;exp\u00e9rience dans l&rsquo;industrie de la location de toilettes.<br \/>\nNous n&rsquo;avons pas seulement mis nos propres exp\u00e9riences dans ces produits, nous avons \u00e9galement consult\u00e9 les clients et pos\u00e9 des questions sur les sp\u00e9cifications qu&rsquo;ils aimeraient voir sur l&rsquo;urinoir pour la nouvelle d\u00e9cennie.<\/p>\n<p style=\"text-align: center;\">Le r\u00e9sultat sont des urinoirs, parfaitement adapt\u00e9s pour une utilisation semi-permanente dans les parkings, les marinas ou les centres-villes ainsi que pour une utilisation lors d&rsquo;\u00e9v\u00e9nements en plein air.<\/p>\n<p>[\/vc_column_text][vc_empty_space][\/vc_column][\/vc_row][vc_row][vc_column width=\u00a0\u00bb1\/2&Prime; css=\u00a0\u00bb.vc_custom_1648555267111{padding-top: 50px !important;padding-right: 50px !important;padding-bottom: 50px !important;padding-left: 50px !important;}\u00a0\u00bb][vc_column_text]<\/p>\n<h3 style=\"text-align: right;\"><strong>Pluto1<\/strong><\/h3>\n<p style=\"text-align: right;\"><em>Simplicit\u00e9 pure<\/em><\/p>\n<p style=\"text-align: right;\">Le pissoir Pluto1 est, comme le Pluto2 et Pluto3, a \u00e9t\u00e9 d\u00e9velopp\u00e9 pour une utilisation \u00e0 des \u00e9v\u00e9nements et des sites de construction. L\u2019urinoir est adapt\u00e9 pour une utilisation simultan\u00e9e par quatre personnes.<\/p>\n<p>[\/vc_column_text][vc_btn title=\u00a0\u00bbAller au produit\u00a0\u00bb style=\u00a0\u00bbflat\u00a0\u00bb shape=\u00a0\u00bbsquare\u00a0\u00bb color=\u00a0\u00bbinverse\u00a0\u00bb align=\u00a0\u00bbright\u00a0\u00bb link=\u00a0\u00bburl:https%3A%2F%2Fatlastoilets.com%2Ffr%2Fproduit%2Furinoir-autonome-pluto1%2F|title:Urinoir%20autonome%20empilable%20de%20%C3%A9v%C3%A9nements%20Pluto3&Prime;][\/vc_column][vc_column width=\u00a0\u00bb1\/2&Prime; css=\u00a0\u00bb.vc_custom_1648564672239{background-color: #ffffff !important;background-position: center !important;background-repeat: no-repeat !important;background-size: cover !important;}\u00a0\u00bb][vc_single_image image=\u00a0\u00bb29235&Prime; img_size=\u00a0\u00bbfull\u00a0\u00bb][\/vc_column][\/vc_row][vc_row][vc_column width=\u00a0\u00bb1\/2&Prime; css=\u00a0\u00bb.vc_custom_1648564699127{background-color: #ffffff !important;background-position: center !important;background-repeat: no-repeat !important;background-size: cover !important;}\u00a0\u00bb][vc_single_image image=\u00a0\u00bb25473&Prime; img_size=\u00a0\u00bbfull\u00a0\u00bb alignment=\u00a0\u00bbright\u00a0\u00bb][\/vc_column][vc_column width=\u00a0\u00bb1\/2&Prime; css=\u00a0\u00bb.vc_custom_1648555364119{padding-top: 50px !important;padding-right: 50px !important;padding-bottom: 50px !important;padding-left: 50px !important;}\u00a0\u00bb][vc_column_text]<\/p>\n<h3><strong>Pluto2<\/strong><\/h3>\n<p>L&rsquo;unit\u00e9 d&rsquo;urinoir \u00e9v\u00e9nement empilable Pluto2 offre moins d&rsquo;intimit\u00e9 que l&rsquo;urinoir Pluto3.<br \/>\nEn raison de sa hauteur, l&rsquo;organisateur de l&rsquo;\u00e9v\u00e9nement et la soci\u00e9t\u00e9 de location auront une meilleure vue sur ce qui se passe dans la section des urinoirs.<\/p>\n<p>Il empile jusqu&rsquo;\u00e0 10 urinoirs avec les m\u00eames dimensions au sol.[\/vc_column_text][vc_btn title=\u00a0\u00bbAller au produit\u00a0\u00bb style=\u00a0\u00bbflat\u00a0\u00bb shape=\u00a0\u00bbsquare\u00a0\u00bb color=\u00a0\u00bbinverse\u00a0\u00bb align=\u00a0\u00bbleft\u00a0\u00bb link=\u00a0\u00bburl:https%3A%2F%2Fatlastoilets.com%2Ffr%2Fproduit%2Furinoir-empilable-pluto2%2F|title:Urinoir%20empilable%20Pluto2&Prime;][\/vc_column][\/vc_row][vc_row][vc_column width=\u00a0\u00bb1\/2&Prime; css=\u00a0\u00bb.vc_custom_1648555267111{padding-top: 50px !important;padding-right: 50px !important;padding-bottom: 50px !important;padding-left: 50px !important;}\u00a0\u00bb][vc_column_text]<\/p>\n<h3 style=\"text-align: right;\"><strong>Pluto3<\/strong><\/h3>\n<p style=\"text-align: right;\"><em>L&rsquo;urinoir empilable mobile pr\u00e9f\u00e9r\u00e9 des organisateurs d&rsquo;\u00e9v\u00e9nements<\/em><br \/>\nL&rsquo;urinoir mobile Pluto3 est l&rsquo;urinoir mobile le plus populaire pour une utilisation lors d&rsquo;\u00e9v\u00e9nements.<br \/>\nSa conception empilable permet aux soci\u00e9t\u00e9s de location de toilettes de transporter quatre urinoirs mobiles Pluto3 sur l&rsquo;espace d&rsquo;une toilette portable. Quatre personnes peuvent utiliser le Pluto3 simultan\u00e9ment.<\/p>\n<p>[\/vc_column_text][vc_btn title=\u00a0\u00bbAller au produit\u00a0\u00bb style=\u00a0\u00bbflat\u00a0\u00bb shape=\u00a0\u00bbsquare\u00a0\u00bb color=\u00a0\u00bbinverse\u00a0\u00bb align=\u00a0\u00bbright\u00a0\u00bb link=\u00a0\u00bburl:https%3A%2F%2Fatlastoilets.com%2Ffr%2Fproduit%2Furinoir-empilable-pour-evenements-pluto3%2F|title:Urinoir%20autonome%20empilable%20de%20%C3%A9v%C3%A9nements%20Pluto3&Prime;][\/vc_column][vc_column width=\u00a0\u00bb1\/2&Prime; css=\u00a0\u00bb.vc_custom_1648564672239{background-color: #ffffff !important;background-position: center !important;background-repeat: no-repeat !important;background-size: cover !important;}\u00a0\u00bb][vc_single_image image=\u00a0\u00bb25448&Prime; img_size=\u00a0\u00bbfull\u00a0\u00bb][\/vc_column][\/vc_row][vc_row][vc_column width=\u00a0\u00bb1\/2&Prime; css=\u00a0\u00bb.vc_custom_1656922803312{padding-top: 0px !important;padding-right: 0px !important;padding-bottom: 0px !important;padding-left: 0px !important;background-color: #ffffff !important;background-position: center !important;background-repeat: no-repeat !important;background-size: cover !important;}\u00a0\u00bb][vc_single_image image=\u00a0\u00bb25417&Prime; img_size=\u00a0\u00bbfull\u00a0\u00bb][\/vc_column][vc_column width=\u00a0\u00bb1\/2&Prime; css=\u00a0\u00bb.vc_custom_1656922821457{padding-top: 50px !important;padding-right: 50px !important;padding-bottom: 50px !important;padding-left: 50px !important;}\u00a0\u00bb][vc_column_text]<\/p>\n<h3 style=\"text-align: left;\"><strong>Pluto4<\/strong><\/h3>\n<p style=\"text-align: left;\">L\u00e0 o\u00f9 l&rsquo;urinoir Pluto3 est le mieux adapt\u00e9 pour une utilisation lors d&rsquo;\u00e9v\u00e9nements sp\u00e9ciaux, en raison de ses avantages logistiques (empilable jusqu&rsquo;\u00e0 quatre unit\u00e9s), le Pluto4 est un urinoir plus permanent, id\u00e9al pour de longues p\u00e9riodes de placement, comme dans les centres-villes, les camps sites, stations-service, aires de pique-nique, marinas, etc.<br \/>\nL&rsquo;unit\u00e9 peut \u00eatre \u00e9vacu\u00e9e dans le syst\u00e8me d&rsquo;\u00e9gout ou \u00eatre entretenue par une soci\u00e9t\u00e9 de location de toilettes. Sa surface au sol est identique \u00e0 celle de la plupart des toilettes portables courantes, garantissant une int\u00e9gration fluide et sans souci dans le parc de toilettes existant des soci\u00e9t\u00e9s de location.<\/p>\n<p>[\/vc_column_text][vc_btn title=\u00a0\u00bbAller au produit\u00a0\u00bb style=\u00a0\u00bbflat\u00a0\u00bb shape=\u00a0\u00bbsquare\u00a0\u00bb color=\u00a0\u00bbinverse\u00a0\u00bb align=\u00a0\u00bbleft\u00a0\u00bb link=\u00a0\u00bburl:https%3A%2F%2Fatlastoilets.com%2Ffr%2Fproduit%2Furinoir-autonome-semipermanent-pluto4%2F|title:Urinoir%20autonome%20semipermanent%20Pluto4&Prime;][\/vc_column][\/vc_row][vc_row][vc_column width=\u00a0\u00bb1\/2&Prime; css=\u00a0\u00bb.vc_custom_1656922963864{padding-top: 50px !important;padding-right: 50px !important;padding-bottom: 50px !important;padding-left: 50px !important;}\u00a0\u00bb][vc_column_text]<\/p>\n<h3 style=\"text-align: right;\"><strong>Pluto Plus<\/strong><\/h3>\n<p style=\"text-align: right;\">Le Pluto Plus est livr\u00e9 avec un \u0153illet de levage test\u00e9 sous contrainte (T\u00fcv Stress test pour 500 kg !) pour faciliter le chargement et le d\u00e9chargement sur l&rsquo;\u00e9v\u00e9nement et votre d\u00e9p\u00f4t.<br \/>\nEn raison de sa conception incurv\u00e9e, le Pluto Plus peut facilement \u00eatre attach\u00e9 pour le transport.<br \/>\nLe sol spacieux a un relief de surface pour une position stable et les fentes pour fourches sont \u00e9galement adapt\u00e9es aux transpalettes. La base et la partie sup\u00e9rieure sont des pi\u00e8ces s\u00e9par\u00e9es, pour une dur\u00e9e de vie plus longue du produit complet. L&rsquo;urinoir a des connexions de vidange sur deux c\u00f4t\u00e9s.<\/p>\n<p>[\/vc_column_text][vc_btn title=\u00a0\u00bbAller au produit\u00a0\u00bb style=\u00a0\u00bbflat\u00a0\u00bb shape=\u00a0\u00bbsquare\u00a0\u00bb color=\u00a0\u00bbinverse\u00a0\u00bb align=\u00a0\u00bbright\u00a0\u00bb link=\u00a0\u00bburl:https%3A%2F%2Fatlastoilets.com%2Ffr%2Fproduit%2Furinoir-portatif%2F|title:urinoir%20semi%20permanent%20Pluto%20Plus\u00a0\u00bb][\/vc_column][vc_column width=\u00a0\u00bb1\/2&Prime; css=\u00a0\u00bb.vc_custom_1656923050464{background-color: #ffffff !important;background-position: center !important;background-repeat: no-repeat !important;background-size: cover !important;}\u00a0\u00bb][vc_single_image image=\u00a0\u00bb25396&Prime; img_size=\u00a0\u00bbfull\u00a0\u00bb][\/vc_column][\/vc_row][vc_row][vc_column width=\u00a0\u00bb1\/2&Prime; css=\u00a0\u00bb.vc_custom_1656923106736{background-color: #ffffff !important;background-position: center !important;background-repeat: no-repeat !important;background-size: cover !important;}\u00a0\u00bb][vc_single_image image=\u00a0\u00bb29256&Prime; img_size=\u00a0\u00bbfull\u00a0\u00bb alignment=\u00a0\u00bbright\u00a0\u00bb][\/vc_column][vc_column width=\u00a0\u00bb1\/2&Prime; css=\u00a0\u00bb.vc_custom_1656923074073{padding-top: 50px !important;padding-right: 50px !important;padding-bottom: 50px !important;padding-left: 50px !important;}\u00a0\u00bb][vc_column_text]<\/p>\n<h3 style=\"text-align: left;\"><strong>Pee6<\/strong><\/h3>\n<p style=\"text-align: left;\"><em>Urinoir autonome de 6 personnes, Pee6<\/em><\/p>\n<p style=\"text-align: left;\">L\u2019urinoir autonome\u00a0Pee6 a six places d\u2019uriner s\u00e9par\u00e9es avec une capacit\u00e9 totale du r\u00e9servoir de 500 litres.<br \/>\nUn camion peut transporter jusqu\u2019\u00e0 14 urinoirs, \u00e9gale \u00e0 84 places d\u2019uriner.<\/p>\n<p>[\/vc_column_text][vc_btn title=\u00a0\u00bbAller au produit\u00a0\u00bb style=\u00a0\u00bbflat\u00a0\u00bb shape=\u00a0\u00bbsquare\u00a0\u00bb color=\u00a0\u00bbinverse\u00a0\u00bb align=\u00a0\u00bbleft\u00a0\u00bb link=\u00a0\u00bburl:https%3A%2F%2Fatlastoilets.com%2Ffr%2Fproduit%2Furinoir-autonome-semipermanent-pluto4%2F|title:Urinoir%20autonome%20semipermanent%20Pluto4&Prime;][\/vc_column][\/vc_row][vc_row css=\u00a0\u00bb.vc_custom_1648558698679{background-color: #ffffff !important;background-position: center !important;background-repeat: no-repeat !important;background-size: cover !important;}\u00a0\u00bb][vc_column width=\u00a0\u00bb1\/6&Prime;][\/vc_column][vc_column width=\u00a0\u00bb1\/6&Prime;][vc_empty_space height=\u00a0\u00bb20px\u00a0\u00bb][vc_single_image image=\u00a0\u00bb25210&Prime; img_size=\u00a0\u00bb250&#215;250&Prime; alignment=\u00a0\u00bbcenter\u00a0\u00bb][\/vc_column][vc_column width=\u00a0\u00bb1\/6&Prime;][vc_empty_space height=\u00a0\u00bb20px\u00a0\u00bb][vc_single_image image=\u00a0\u00bb25215&Prime; img_size=\u00a0\u00bb250&#215;250&Prime; alignment=\u00a0\u00bbcenter\u00a0\u00bb][\/vc_column][vc_column width=\u00a0\u00bb1\/6&Prime;][vc_empty_space height=\u00a0\u00bb20px\u00a0\u00bb][vc_single_image image=\u00a0\u00bb25220&Prime; img_size=\u00a0\u00bb250&#215;250&Prime; alignment=\u00a0\u00bbcenter\u00a0\u00bb][\/vc_column][vc_column width=\u00a0\u00bb1\/6&Prime;][vc_empty_space height=\u00a0\u00bb20px\u00a0\u00bb][vc_single_image image=\u00a0\u00bb25205&Prime; img_size=\u00a0\u00bb250&#215;250&Prime; alignment=\u00a0\u00bbcenter\u00a0\u00bb][\/vc_column][vc_column width=\u00a0\u00bb1\/6&Prime;][\/vc_column][\/vc_row]<\/p>\n","protected":false},"excerpt":{"rendered":"<p>[vc_row][vc_column][vc_custom_heading text=\u00a0\u00bbAtlas est le fier producteur de la gamme Pluto d&rsquo;urinoirs mobiles.\u00a0\u00bb font_container=\u00a0\u00bbtag:h3|text_align:center\u00a0\u00bb use_theme_fonts=\u00a0\u00bbyes\u00a0\u00bb][vc_column_text] Les urinoirs Pluto d&rsquo;Atlas sont le r\u00e9sultat de plus de 20 ans d&rsquo;exp\u00e9rience dans l&rsquo;industrie de la location de toilettes. Nous n&rsquo;avons pas seulement mis nos propres exp\u00e9riences dans ces produits, nous avons \u00e9galement consult\u00e9 les clients et pos\u00e9 des questions [&hellip;]<\/p>\n","protected":false},"author":1,"featured_media":0,"parent":0,"menu_order":0,"comment_status":"closed","ping_status":"closed","template":"","meta":{"footnotes":""},"class_list":["post-25486","page","type-page","status-publish","hentry"],"yoast_head":"<!-- This site is optimized with the Yoast SEO plugin v27.4 - https:\/\/yoast.com\/product\/yoast-seo-wordpress\/ -->\n<title>Les urinoirs Pluto, le choix num\u00e9ro un de l&#039;industrie de la location<\/title>\n<meta name=\"description\" content=\"Les urinoirs Pluto sont le choix num\u00e9ro un de l&#039;industrie de la location. L&#039;urinoir empilable Pluto3 et l&#039;urinoir semi-permanent Pluto Plus\" \/>\n<meta name=\"robots\" content=\"index, follow, max-snippet:-1, max-image-preview:large, max-video-preview:-1\" \/>\n<link rel=\"canonical\" href=\"https:\/\/atlastoilets.com\/fr\/les-urinoirs-pluto\/\" \/>\n<meta property=\"og:locale\" content=\"fr_FR\" \/>\n<meta property=\"og:type\" content=\"article\" \/>\n<meta property=\"og:title\" content=\"Les urinoirs Pluto, le choix num\u00e9ro un de l&#039;industrie de la location\" \/>\n<meta property=\"og:description\" content=\"Les urinoirs Pluto sont le choix num\u00e9ro un de l&#039;industrie de la location. L&#039;urinoir empilable Pluto3 et l&#039;urinoir semi-permanent Pluto Plus\" \/>\n<meta property=\"og:url\" content=\"https:\/\/atlastoilets.com\/fr\/les-urinoirs-pluto\/\" \/>\n<meta property=\"og:site_name\" content=\"Atlas Sanitation Products\" \/>\n<meta property=\"article:modified_time\" content=\"2022-07-04T08:52:52+00:00\" \/>\n<meta name=\"twitter:card\" content=\"summary_large_image\" \/>\n<meta name=\"twitter:label1\" content=\"Dur\u00e9e de lecture estim\u00e9e\" \/>\n\t<meta name=\"twitter:data1\" content=\"4 minutes\" \/>\n<script type=\"application\/ld+json\" class=\"yoast-schema-graph\">{\"@context\":\"https:\\\/\\\/schema.org\",\"@graph\":[{\"@type\":\"WebPage\",\"@id\":\"https:\\\/\\\/atlastoilets.com\\\/fr\\\/les-urinoirs-pluto\\\/\",\"url\":\"https:\\\/\\\/atlastoilets.com\\\/fr\\\/les-urinoirs-pluto\\\/\",\"name\":\"Les urinoirs Pluto, le choix num\u00e9ro un de l'industrie de la location\",\"isPartOf\":{\"@id\":\"https:\\\/\\\/atlastoilets.com\\\/#website\"},\"datePublished\":\"2022-03-29T07:45:18+00:00\",\"dateModified\":\"2022-07-04T08:52:52+00:00\",\"description\":\"Les urinoirs Pluto sont le choix num\u00e9ro un de l'industrie de la location. L'urinoir empilable Pluto3 et l'urinoir semi-permanent Pluto Plus\",\"breadcrumb\":{\"@id\":\"https:\\\/\\\/atlastoilets.com\\\/fr\\\/les-urinoirs-pluto\\\/#breadcrumb\"},\"inLanguage\":\"fr-FR\",\"potentialAction\":[{\"@type\":\"ReadAction\",\"target\":[\"https:\\\/\\\/atlastoilets.com\\\/fr\\\/les-urinoirs-pluto\\\/\"]}]},{\"@type\":\"BreadcrumbList\",\"@id\":\"https:\\\/\\\/atlastoilets.com\\\/fr\\\/les-urinoirs-pluto\\\/#breadcrumb\",\"itemListElement\":[{\"@type\":\"ListItem\",\"position\":1,\"name\":\"Home\",\"item\":\"https:\\\/\\\/atlastoilets.com\\\/fr\\\/\"},{\"@type\":\"ListItem\",\"position\":2,\"name\":\"Les urinoirs Pluto\"}]},{\"@type\":\"WebSite\",\"@id\":\"https:\\\/\\\/atlastoilets.com\\\/#website\",\"url\":\"https:\\\/\\\/atlastoilets.com\\\/\",\"name\":\"Atlas Sanitation Products\",\"description\":\"Total supplier for toilet rental companies\",\"potentialAction\":[{\"@type\":\"SearchAction\",\"target\":{\"@type\":\"EntryPoint\",\"urlTemplate\":\"https:\\\/\\\/atlastoilets.com\\\/?s={search_term_string}\"},\"query-input\":{\"@type\":\"PropertyValueSpecification\",\"valueRequired\":true,\"valueName\":\"search_term_string\"}}],\"inLanguage\":\"fr-FR\"}]}<\/script>\n<!-- \/ Yoast SEO plugin. -->","yoast_head_json":{"title":"Les urinoirs Pluto, le choix num\u00e9ro un de l'industrie de la location","description":"Les urinoirs Pluto sont le choix num\u00e9ro un de l'industrie de la location. L'urinoir empilable Pluto3 et l'urinoir semi-permanent Pluto Plus","robots":{"index":"index","follow":"follow","max-snippet":"max-snippet:-1","max-image-preview":"max-image-preview:large","max-video-preview":"max-video-preview:-1"},"canonical":"https:\/\/atlastoilets.com\/fr\/les-urinoirs-pluto\/","og_locale":"fr_FR","og_type":"article","og_title":"Les urinoirs Pluto, le choix num\u00e9ro un de l'industrie de la location","og_description":"Les urinoirs Pluto sont le choix num\u00e9ro un de l'industrie de la location. L'urinoir empilable Pluto3 et l'urinoir semi-permanent Pluto Plus","og_url":"https:\/\/atlastoilets.com\/fr\/les-urinoirs-pluto\/","og_site_name":"Atlas Sanitation Products","article_modified_time":"2022-07-04T08:52:52+00:00","twitter_card":"summary_large_image","twitter_misc":{"Dur\u00e9e de lecture estim\u00e9e":"4 minutes"},"schema":{"@context":"https:\/\/schema.org","@graph":[{"@type":"WebPage","@id":"https:\/\/atlastoilets.com\/fr\/les-urinoirs-pluto\/","url":"https:\/\/atlastoilets.com\/fr\/les-urinoirs-pluto\/","name":"Les urinoirs Pluto, le choix num\u00e9ro un de l'industrie de la location","isPartOf":{"@id":"https:\/\/atlastoilets.com\/#website"},"datePublished":"2022-03-29T07:45:18+00:00","dateModified":"2022-07-04T08:52:52+00:00","description":"Les urinoirs Pluto sont le choix num\u00e9ro un de l'industrie de la location. L'urinoir empilable Pluto3 et l'urinoir semi-permanent Pluto Plus","breadcrumb":{"@id":"https:\/\/atlastoilets.com\/fr\/les-urinoirs-pluto\/#breadcrumb"},"inLanguage":"fr-FR","potentialAction":[{"@type":"ReadAction","target":["https:\/\/atlastoilets.com\/fr\/les-urinoirs-pluto\/"]}]},{"@type":"BreadcrumbList","@id":"https:\/\/atlastoilets.com\/fr\/les-urinoirs-pluto\/#breadcrumb","itemListElement":[{"@type":"ListItem","position":1,"name":"Home","item":"https:\/\/atlastoilets.com\/fr\/"},{"@type":"ListItem","position":2,"name":"Les urinoirs Pluto"}]},{"@type":"WebSite","@id":"https:\/\/atlastoilets.com\/#website","url":"https:\/\/atlastoilets.com\/","name":"Atlas Sanitation Products","description":"Total supplier for toilet rental companies","potentialAction":[{"@type":"SearchAction","target":{"@type":"EntryPoint","urlTemplate":"https:\/\/atlastoilets.com\/?s={search_term_string}"},"query-input":{"@type":"PropertyValueSpecification","valueRequired":true,"valueName":"search_term_string"}}],"inLanguage":"fr-FR"}]}},"_links":{"self":[{"href":"https:\/\/atlastoilets.com\/fr\/wp-json\/wp\/v2\/pages\/25486","targetHints":{"allow":["GET"]}}],"collection":[{"href":"https:\/\/atlastoilets.com\/fr\/wp-json\/wp\/v2\/pages"}],"about":[{"href":"https:\/\/atlastoilets.com\/fr\/wp-json\/wp\/v2\/types\/page"}],"author":[{"embeddable":true,"href":"https:\/\/atlastoilets.com\/fr\/wp-json\/wp\/v2\/users\/1"}],"replies":[{"embeddable":true,"href":"https:\/\/atlastoilets.com\/fr\/wp-json\/wp\/v2\/comments?post=25486"}],"version-history":[{"count":22,"href":"https:\/\/atlastoilets.com\/fr\/wp-json\/wp\/v2\/pages\/25486\/revisions"}],"predecessor-version":[{"id":29288,"href":"https:\/\/atlastoilets.com\/fr\/wp-json\/wp\/v2\/pages\/25486\/revisions\/29288"}],"wp:attachment":[{"href":"https:\/\/atlastoilets.com\/fr\/wp-json\/wp\/v2\/media?parent=25486"}],"curies":[{"name":"wp","href":"https:\/\/api.w.org\/{rel}","templated":true}]}}