{"id":21912,"date":"2022-03-01T12:59:20","date_gmt":"2022-03-01T12:59:20","guid":{"rendered":"https:\/\/www.mobileurinal.eu\/?page_id=21912"},"modified":"2023-12-11T11:14:41","modified_gmt":"2023-12-11T11:14:41","slug":"reglement-general-de-lue-sur-la-protection-des-donnees-rgpd","status":"publish","type":"page","link":"https:\/\/atlastoilets.com\/fr\/reglement-general-de-lue-sur-la-protection-des-donnees-rgpd\/","title":{"rendered":"R\u00e8glement G\u00e9n\u00e9ral de l\u2019UE sur la Protection des Donn\u00e9es (RGPD)"},"content":{"rendered":"<p>[vc_row][vc_column width=\u00a0\u00bb1\/3&Prime;][vc_column_text]<\/p>\n<h2 class=\"entry-title\">R\u00e8glement G\u00e9n\u00e9ral de l\u2019UE sur la Protection des Donn\u00e9es (RGPD)<\/h2>\n<p>[\/vc_column_text][\/vc_column][vc_column width=\u00a0\u00bb2\/3&Prime;][vc_column_text]<strong>D\u00e9claration de confidentialit\u00e9 R\u00e8glement g\u00e9n\u00e9ral sur la protection des donn\u00e9es (RGPD)<\/strong><\/p>\n<p>Atlas Sanitation Products B.V., \u00e9tablie \u00e0 Koperstraat 60, 2718 RE Zoetermeer, est responsable du traitement des donn\u00e9es personnelles, comme indiqu\u00e9 dans cette d\u00e9claration de confidentialit\u00e9.<\/p>\n<p>Coordonn\u00e9es: Atlas Sanitation Products B.V, Koperstraat 60, 2718 RE Zoetermeer, t\u00e9l\u00e9phone 0031-182-342088<\/p>\n<p>Johan van Zuijlen est responsable de la protection des donn\u00e9es chez Atlas Sanitation Products B.V<br \/>\nOn peut le joindre via\u00a0johan@atlastoilets.com<\/p>\n<p><strong>Donn\u00e9es personnelles que nous traitons<\/strong><\/p>\n<p>Atlas Sanitation Products B.V traite vos donn\u00e9es personnelles parce que vous utilisez nos services et \/ ou que vous nous les avez fournies vous-m\u00eame. Vous trouverez ci-dessous un aper\u00e7u des donn\u00e9es personnelles que nous traitons:<\/p>\n<p>\u2013 Pr\u00e9nom et nom<br \/>\n\u2013 Donn\u00e9es d\u2019adresse<br \/>\n\u2013 Num\u00e9ro de t\u00e9l\u00e9phone<br \/>\n\u2013 Adresse e-mail<br \/>\n\u2013 Adresse IP<br \/>\n\u2013 Informations sur vos activit\u00e9s sur notre site<br \/>\n\u2013 Navigateur Internet et type d\u2019appareil<\/p>\n<p><strong>Donn\u00e9es personnelles sp\u00e9ciales et \/ ou sensibles que nous traitons<\/strong><br \/>\nNotre site Web et \/ ou service n\u2019a pas l\u2019intention de collecter des donn\u00e9es sur les visiteurs de sites Web de moins de 16 ans. Sauf s\u2019ils ont la permission de leurs parents ou tuteurs. Cependant, nous ne pouvons pas v\u00e9rifier si un visiteur a plus de 16 ans. Nous encourageons les parents \u00e0 \u00eatre impliqu\u00e9s dans les activit\u00e9s en ligne de leurs enfants, afin d\u2019emp\u00eacher la collecte de donn\u00e9es sur les enfants sans le consentement de leurs parents. Si vous \u00eates convaincu que nous avons collect\u00e9 des informations personnelles sur un mineur sans ce consentement, veuillez nous contacter via\u00a0info@afzethekken.nl, puis nous supprimerons ces informations.<\/p>\n<p>Dans quel but et sur quelle base nous traitons les donn\u00e9es personnelles<\/p>\n<p>Atlas Sanitation Products B.V. traite vos donn\u00e9es personnelles aux fins suivantes:<\/p>\n<p>\u2013 Traitement de votre paiement<br \/>\n\u2013 Vous pouvez appeler ou envoyer un courriel si n\u00e9cessaire pour effectuer nos services<br \/>\n\u2013 vous donner la possibilit\u00e9 de cr\u00e9er un compte<br \/>\n\u2013 Pour vous livrer des biens et services<br \/>\n\u2013 Atlas Sanitation Products B.V. traite \u00e9galement les donn\u00e9es personnelles si nous sommes l\u00e9galement oblig\u00e9s de le faire, telles que les informations dont nous avons besoin pour notre d\u00e9claration de revenus.<\/p>\n<p><strong>Prise de d\u00e9cision automatis\u00e9e<\/strong><br \/>\nAtlas Sanitation Products B.V. ne prend pas de d\u00e9cisions bas\u00e9es sur un traitement automatis\u00e9 sur des questions pouvant avoir des cons\u00e9quences (significatives) pour les personnes. Il s\u2019agit de d\u00e9cisions prises par des programmes ou des syst\u00e8mes informatiques, sans qu\u2019une personne (par exemple un employ\u00e9 d\u2019Atlas Sanitation Products B.V.) soit assise entre elles. Barrera B.V. utilise Exact en ligne pour traiter les donn\u00e9es et les commandes des clients.<\/p>\n<p>Combien de temps nous stockons des donn\u00e9es personnelles<br \/>\nLorsque vous cr\u00e9ez un compte, vous devenez un client enregistr\u00e9 de notre boutique en ligne. Cela signifie que nous \u00e9tablissons un profil client dans lequel nous enregistrons l\u2019historique de vos commandes. Nous conservons votre compte et les donn\u00e9es jusqu\u2019\u00e0 ce que vous indiquiez que vous souhaitez le supprimer.<br \/>\nNous utilisons les d\u00e9lais de conservation suivants pour les donn\u00e9es personnelles et produits suivantes:<br \/>\n\u00b7 Donn\u00e9es personnelles&gt; P\u00e9riode de r\u00e9tention&gt; 7 ans&gt; Raison: r\u00e9tention fiscale<br \/>\n\u00b7 Personalia&gt; P\u00e9riode de r\u00e9tention&gt; 7 ans&gt; Raison: r\u00e9tention fiscale<br \/>\n\u00b7 Adresse&gt; P\u00e9riode de r\u00e9tention&gt; 7 ans&gt; Raison: r\u00e9tention fiscale<br \/>\n\u00b7 Articles command\u00e9s&gt; 7 ans&gt; raison: r\u00e9tention fiscale<br \/>\nPartage de donn\u00e9es personnelles avec des tiers<br \/>\nAtlas Sanitation Products B.V. fournit uniquement \u00e0 des tiers et uniquement si cela est n\u00e9cessaire pour l\u2019ex\u00e9cution de notre contrat avec vous ou pour respecter une obligation l\u00e9gale.<\/p>\n<p><strong>Cookies, ou techniques similaires, que nous utilisons<\/strong><br \/>\nAtlas Sanitation Products B.V. utilise uniquement des cookies techniques et fonctionnels. Et des cookies analytiques ne portant pas atteinte \u00e0 votre vie priv\u00e9e. Un cookie est un petit fichier texte stock\u00e9 sur votre ordinateur, tablette ou smartphone lors de votre premi\u00e8re visite sur ce site. Les cookies que nous utilisons sont n\u00e9cessaires au fonctionnement technique du site et \u00e0 votre facilit\u00e9 d\u2019utilisation. Ils s\u2019assurent que le site Web fonctionne correctement et se souviennent, par exemple, de vos pr\u00e9f\u00e9rences. Nous pouvons \u00e9galement optimiser notre site Web avec ceci. Vous pouvez d\u00e9sactiver les cookies en configurant votre navigateur Internet pour qu\u2019il ne stocke plus de cookies. De plus, vous pouvez \u00e9galement supprimer toutes les informations pr\u00e9c\u00e9demment enregistr\u00e9es via les param\u00e8tres de votre navigateur.<\/p>\n<p><strong>Afficher, modifier ou supprimer des donn\u00e9es<\/strong><br \/>\nVous avez le droit de voir, de corriger ou de supprimer vos donn\u00e9es personnelles. Vous pouvez le faire vous-m\u00eame gr\u00e2ce aux param\u00e8tres personnels de votre compte. De plus, vous avez le droit de retirer votre consentement au traitement des donn\u00e9es ou de vous opposer au traitement de vos donn\u00e9es personnelles par notre soci\u00e9t\u00e9 et vous avez le droit de les transf\u00e9rer. Cela signifie que vous pouvez nous envoyer une demande pour vous envoyer les informations personnelles que vous avez dans votre fichier informatique ou \u00e0 une autre organisation mentionn\u00e9e par vous. Si vous souhaitez faire usage de votre droit d\u2019opposition et \/ ou droit \u00e0 la portabilit\u00e9 des donn\u00e9es ou si vous avez d\u2019autres questions \/ commentaires sur le traitement des donn\u00e9es, veuillez envoyer une demande sp\u00e9cifique \u00e0\u00a0info@atlastoilets.com[\/vc_column_text][\/vc_column][\/vc_row]<\/p>\n","protected":false},"excerpt":{"rendered":"<p>[vc_row][vc_column width=\u00a0\u00bb1\/3&Prime;][vc_column_text] R\u00e8glement G\u00e9n\u00e9ral de l\u2019UE sur la Protection des Donn\u00e9es (RGPD) [\/vc_column_text][\/vc_column][vc_column width=\u00a0\u00bb2\/3&Prime;][vc_column_text]D\u00e9claration de confidentialit\u00e9 R\u00e8glement g\u00e9n\u00e9ral sur la protection des donn\u00e9es (RGPD) Atlas Sanitation Products B.V., \u00e9tablie \u00e0 Koperstraat 60, 2718 RE Zoetermeer, est responsable du traitement des donn\u00e9es personnelles, comme indiqu\u00e9 dans cette d\u00e9claration de confidentialit\u00e9. Coordonn\u00e9es: Atlas Sanitation Products B.V, Koperstraat [&hellip;]<\/p>\n","protected":false},"author":1,"featured_media":0,"parent":0,"menu_order":0,"comment_status":"closed","ping_status":"open","template":"","meta":{"footnotes":""},"class_list":["post-21912","page","type-page","status-publish","hentry"],"yoast_head":"<!-- This site is optimized with the Yoast SEO plugin v27.5 - https:\/\/yoast.com\/product\/yoast-seo-wordpress\/ -->\n<title>R\u00e8glement G\u00e9n\u00e9ral de l\u2019UE sur la Protection des Donn\u00e9es<\/title>\n<meta name=\"robots\" content=\"index, follow, max-snippet:-1, max-image-preview:large, max-video-preview:-1\" \/>\n<link rel=\"canonical\" href=\"https:\/\/atlastoilets.com\/fr\/reglement-general-de-lue-sur-la-protection-des-donnees-rgpd\/\" \/>\n<meta property=\"og:locale\" content=\"fr_FR\" \/>\n<meta property=\"og:type\" content=\"article\" \/>\n<meta property=\"og:title\" content=\"R\u00e8glement G\u00e9n\u00e9ral de l\u2019UE sur la Protection des Donn\u00e9es\" \/>\n<meta property=\"og:description\" content=\"[vc_row][vc_column width=\u00a0\u00bb1\/3&Prime;][vc_column_text] R\u00e8glement G\u00e9n\u00e9ral de l\u2019UE sur la Protection des Donn\u00e9es (RGPD) [\/vc_column_text][\/vc_column][vc_column width=\u00a0\u00bb2\/3&Prime;][vc_column_text]D\u00e9claration de confidentialit\u00e9 R\u00e8glement g\u00e9n\u00e9ral sur la protection des donn\u00e9es (RGPD) Atlas Sanitation Products B.V., \u00e9tablie \u00e0 Koperstraat 60, 2718 RE Zoetermeer, est responsable du traitement des donn\u00e9es personnelles, comme indiqu\u00e9 dans cette d\u00e9claration de confidentialit\u00e9. Coordonn\u00e9es: Atlas Sanitation Products B.V, Koperstraat [&hellip;]\" \/>\n<meta property=\"og:url\" content=\"https:\/\/atlastoilets.com\/fr\/reglement-general-de-lue-sur-la-protection-des-donnees-rgpd\/\" \/>\n<meta property=\"og:site_name\" content=\"Atlas Sanitation Products\" \/>\n<meta property=\"article:modified_time\" content=\"2023-12-11T11:14:41+00:00\" \/>\n<meta name=\"twitter:card\" content=\"summary_large_image\" \/>\n<meta name=\"twitter:label1\" content=\"Dur\u00e9e de lecture estim\u00e9e\" \/>\n\t<meta name=\"twitter:data1\" content=\"4 minutes\" \/>\n<script type=\"application\/ld+json\" class=\"yoast-schema-graph\">{\"@context\":\"https:\\\/\\\/schema.org\",\"@graph\":[{\"@type\":\"WebPage\",\"@id\":\"https:\\\/\\\/atlastoilets.com\\\/fr\\\/reglement-general-de-lue-sur-la-protection-des-donnees-rgpd\\\/\",\"url\":\"https:\\\/\\\/atlastoilets.com\\\/fr\\\/reglement-general-de-lue-sur-la-protection-des-donnees-rgpd\\\/\",\"name\":\"R\u00e8glement G\u00e9n\u00e9ral de l\u2019UE sur la Protection des Donn\u00e9es\",\"isPartOf\":{\"@id\":\"https:\\\/\\\/atlastoilets.com\\\/#website\"},\"datePublished\":\"2022-03-01T12:59:20+00:00\",\"dateModified\":\"2023-12-11T11:14:41+00:00\",\"breadcrumb\":{\"@id\":\"https:\\\/\\\/atlastoilets.com\\\/fr\\\/reglement-general-de-lue-sur-la-protection-des-donnees-rgpd\\\/#breadcrumb\"},\"inLanguage\":\"fr-FR\",\"potentialAction\":[{\"@type\":\"ReadAction\",\"target\":[\"https:\\\/\\\/atlastoilets.com\\\/fr\\\/reglement-general-de-lue-sur-la-protection-des-donnees-rgpd\\\/\"]}]},{\"@type\":\"BreadcrumbList\",\"@id\":\"https:\\\/\\\/atlastoilets.com\\\/fr\\\/reglement-general-de-lue-sur-la-protection-des-donnees-rgpd\\\/#breadcrumb\",\"itemListElement\":[{\"@type\":\"ListItem\",\"position\":1,\"name\":\"Home\",\"item\":\"https:\\\/\\\/atlastoilets.com\\\/fr\\\/\"},{\"@type\":\"ListItem\",\"position\":2,\"name\":\"R\u00e8glement G\u00e9n\u00e9ral de l\u2019UE sur la Protection des Donn\u00e9es (RGPD)\"}]},{\"@type\":\"WebSite\",\"@id\":\"https:\\\/\\\/atlastoilets.com\\\/#website\",\"url\":\"https:\\\/\\\/atlastoilets.com\\\/\",\"name\":\"Atlas Sanitation Products\",\"description\":\"Total supplier for toilet rental companies\",\"potentialAction\":[{\"@type\":\"SearchAction\",\"target\":{\"@type\":\"EntryPoint\",\"urlTemplate\":\"https:\\\/\\\/atlastoilets.com\\\/?s={search_term_string}\"},\"query-input\":{\"@type\":\"PropertyValueSpecification\",\"valueRequired\":true,\"valueName\":\"search_term_string\"}}],\"inLanguage\":\"fr-FR\"}]}<\/script>\n<!-- \/ Yoast SEO plugin. -->","yoast_head_json":{"title":"R\u00e8glement G\u00e9n\u00e9ral de l\u2019UE sur la Protection des Donn\u00e9es","robots":{"index":"index","follow":"follow","max-snippet":"max-snippet:-1","max-image-preview":"max-image-preview:large","max-video-preview":"max-video-preview:-1"},"canonical":"https:\/\/atlastoilets.com\/fr\/reglement-general-de-lue-sur-la-protection-des-donnees-rgpd\/","og_locale":"fr_FR","og_type":"article","og_title":"R\u00e8glement G\u00e9n\u00e9ral de l\u2019UE sur la Protection des Donn\u00e9es","og_description":"[vc_row][vc_column width=\u00a0\u00bb1\/3&Prime;][vc_column_text] R\u00e8glement G\u00e9n\u00e9ral de l\u2019UE sur la Protection des Donn\u00e9es (RGPD) [\/vc_column_text][\/vc_column][vc_column width=\u00a0\u00bb2\/3&Prime;][vc_column_text]D\u00e9claration de confidentialit\u00e9 R\u00e8glement g\u00e9n\u00e9ral sur la protection des donn\u00e9es (RGPD) Atlas Sanitation Products B.V., \u00e9tablie \u00e0 Koperstraat 60, 2718 RE Zoetermeer, est responsable du traitement des donn\u00e9es personnelles, comme indiqu\u00e9 dans cette d\u00e9claration de confidentialit\u00e9. Coordonn\u00e9es: Atlas Sanitation Products B.V, Koperstraat [&hellip;]","og_url":"https:\/\/atlastoilets.com\/fr\/reglement-general-de-lue-sur-la-protection-des-donnees-rgpd\/","og_site_name":"Atlas Sanitation Products","article_modified_time":"2023-12-11T11:14:41+00:00","twitter_card":"summary_large_image","twitter_misc":{"Dur\u00e9e de lecture estim\u00e9e":"4 minutes"},"schema":{"@context":"https:\/\/schema.org","@graph":[{"@type":"WebPage","@id":"https:\/\/atlastoilets.com\/fr\/reglement-general-de-lue-sur-la-protection-des-donnees-rgpd\/","url":"https:\/\/atlastoilets.com\/fr\/reglement-general-de-lue-sur-la-protection-des-donnees-rgpd\/","name":"R\u00e8glement G\u00e9n\u00e9ral de l\u2019UE sur la Protection des Donn\u00e9es","isPartOf":{"@id":"https:\/\/atlastoilets.com\/#website"},"datePublished":"2022-03-01T12:59:20+00:00","dateModified":"2023-12-11T11:14:41+00:00","breadcrumb":{"@id":"https:\/\/atlastoilets.com\/fr\/reglement-general-de-lue-sur-la-protection-des-donnees-rgpd\/#breadcrumb"},"inLanguage":"fr-FR","potentialAction":[{"@type":"ReadAction","target":["https:\/\/atlastoilets.com\/fr\/reglement-general-de-lue-sur-la-protection-des-donnees-rgpd\/"]}]},{"@type":"BreadcrumbList","@id":"https:\/\/atlastoilets.com\/fr\/reglement-general-de-lue-sur-la-protection-des-donnees-rgpd\/#breadcrumb","itemListElement":[{"@type":"ListItem","position":1,"name":"Home","item":"https:\/\/atlastoilets.com\/fr\/"},{"@type":"ListItem","position":2,"name":"R\u00e8glement G\u00e9n\u00e9ral de l\u2019UE sur la Protection des Donn\u00e9es (RGPD)"}]},{"@type":"WebSite","@id":"https:\/\/atlastoilets.com\/#website","url":"https:\/\/atlastoilets.com\/","name":"Atlas Sanitation Products","description":"Total supplier for toilet rental companies","potentialAction":[{"@type":"SearchAction","target":{"@type":"EntryPoint","urlTemplate":"https:\/\/atlastoilets.com\/?s={search_term_string}"},"query-input":{"@type":"PropertyValueSpecification","valueRequired":true,"valueName":"search_term_string"}}],"inLanguage":"fr-FR"}]}},"_links":{"self":[{"href":"https:\/\/atlastoilets.com\/fr\/wp-json\/wp\/v2\/pages\/21912","targetHints":{"allow":["GET"]}}],"collection":[{"href":"https:\/\/atlastoilets.com\/fr\/wp-json\/wp\/v2\/pages"}],"about":[{"href":"https:\/\/atlastoilets.com\/fr\/wp-json\/wp\/v2\/types\/page"}],"author":[{"embeddable":true,"href":"https:\/\/atlastoilets.com\/fr\/wp-json\/wp\/v2\/users\/1"}],"replies":[{"embeddable":true,"href":"https:\/\/atlastoilets.com\/fr\/wp-json\/wp\/v2\/comments?post=21912"}],"version-history":[{"count":3,"href":"https:\/\/atlastoilets.com\/fr\/wp-json\/wp\/v2\/pages\/21912\/revisions"}],"predecessor-version":[{"id":21947,"href":"https:\/\/atlastoilets.com\/fr\/wp-json\/wp\/v2\/pages\/21912\/revisions\/21947"}],"wp:attachment":[{"href":"https:\/\/atlastoilets.com\/fr\/wp-json\/wp\/v2\/media?parent=21912"}],"curies":[{"name":"wp","href":"https:\/\/api.w.org\/{rel}","templated":true}]}}