{"id":21904,"date":"2022-03-07T15:13:45","date_gmt":"2022-03-07T15:13:45","guid":{"rendered":"https:\/\/www.mobileurinal.eu\/?page_id=21904"},"modified":"2022-03-21T08:44:32","modified_gmt":"2022-03-21T08:44:32","slug":"avertissement","status":"publish","type":"page","link":"https:\/\/atlastoilets.com\/fr\/avertissement\/","title":{"rendered":"Avertissement"},"content":{"rendered":"<p>[vc_row][vc_column width=\u00a0\u00bb1\/3&Prime;][vc_column_text]<\/p>\n<h2 class=\"entry-title\">Avertissement<\/h2>\n<p>[\/vc_column_text][\/vc_column][vc_column width=\u00a0\u00bb2\/3&Prime;][vc_column_text]<\/p>\n<ol>\n<li>Dans cet avertissement, les d\u00e9finitions suivantes s\u2019appliquent:\n<ul>\n<li>utilisation (s): toutes les actions concevables;<\/li>\n<li>vous: l\u2019utilisateur (visiteur) du site web;<\/li>\n<li>le contenu: tout le contenu pr\u00e9sent sur le site web;<\/li>\n<\/ul>\n<\/li>\n<li>Ce qui suit s\u2019applique \u00e0 toutes les pages de ce site. En utilisant le site Web, vous acceptez cette clause de non-responsabilit\u00e9.<\/li>\n<li>Le contenu est fabriqu\u00e9 par Atlas Sanitation Products B.V. avec le plus grand soin, mais le propri\u00e9taire d\u00e9cline toute responsabilit\u00e9 quant aux \u00e9ventuelles inexactitudes de l\u2019affichage.<\/li>\n<li>Atlas Sanitation Products B.V .. n\u2019est pas responsable du contenu des sites Web auxquels il est fait r\u00e9f\u00e9rence.<\/li>\n<li>L\u2019utilisation non autoris\u00e9e ou abusive du contenu (images et textes) ou de parties de ceux-ci enfreint les droits de propri\u00e9t\u00e9 intellectuelle.<\/li>\n<li>La permission d\u2019utiliser le contenu montr\u00e9 ou des parties de celui-ci n\u2019est autoris\u00e9e qu\u2019apr\u00e8s autorisation \u00e9crite.<\/li>\n<li style=\"list-style-type: none;\"><\/li>\n<\/ol>\n<p>[\/vc_column_text][\/vc_column][\/vc_row]<\/p>\n","protected":false},"excerpt":{"rendered":"<p>[vc_row][vc_column width=\u00a0\u00bb1\/3&Prime;][vc_column_text] Avertissement [\/vc_column_text][\/vc_column][vc_column width=\u00a0\u00bb2\/3&Prime;][vc_column_text] Dans cet avertissement, les d\u00e9finitions suivantes s\u2019appliquent: utilisation (s): toutes les actions concevables; vous: l\u2019utilisateur (visiteur) du site web; le contenu: tout le contenu pr\u00e9sent sur le site web; Ce qui suit s\u2019applique \u00e0 toutes les pages de ce site. En utilisant le site Web, vous acceptez cette clause de [&hellip;]<\/p>\n","protected":false},"author":1,"featured_media":0,"parent":0,"menu_order":0,"comment_status":"closed","ping_status":"closed","template":"","meta":{"footnotes":""},"class_list":["post-21904","page","type-page","status-publish","hentry"],"yoast_head":"<!-- This site is optimized with the Yoast SEO plugin v27.4 - https:\/\/yoast.com\/product\/yoast-seo-wordpress\/ -->\n<title>Avertissement - Atlas Sanitation Products<\/title>\n<meta name=\"robots\" content=\"index, follow, max-snippet:-1, max-image-preview:large, max-video-preview:-1\" \/>\n<link rel=\"canonical\" href=\"https:\/\/atlastoilets.com\/fr\/avertissement\/\" \/>\n<meta property=\"og:locale\" content=\"fr_FR\" \/>\n<meta property=\"og:type\" content=\"article\" \/>\n<meta property=\"og:title\" content=\"Avertissement - Atlas Sanitation Products\" \/>\n<meta property=\"og:description\" content=\"[vc_row][vc_column width=\u00a0\u00bb1\/3&Prime;][vc_column_text] Avertissement [\/vc_column_text][\/vc_column][vc_column width=\u00a0\u00bb2\/3&Prime;][vc_column_text] Dans cet avertissement, les d\u00e9finitions suivantes s\u2019appliquent: utilisation (s): toutes les actions concevables; vous: l\u2019utilisateur (visiteur) du site web; le contenu: tout le contenu pr\u00e9sent sur le site web; Ce qui suit s\u2019applique \u00e0 toutes les pages de ce site. En utilisant le site Web, vous acceptez cette clause de [&hellip;]\" \/>\n<meta property=\"og:url\" content=\"https:\/\/atlastoilets.com\/fr\/avertissement\/\" \/>\n<meta property=\"og:site_name\" content=\"Atlas Sanitation Products\" \/>\n<meta property=\"article:modified_time\" content=\"2022-03-21T08:44:32+00:00\" \/>\n<meta name=\"twitter:card\" content=\"summary_large_image\" \/>\n<meta name=\"twitter:label1\" content=\"Dur\u00e9e de lecture estim\u00e9e\" \/>\n\t<meta name=\"twitter:data1\" content=\"1 minute\" \/>\n<script type=\"application\/ld+json\" class=\"yoast-schema-graph\">{\"@context\":\"https:\\\/\\\/schema.org\",\"@graph\":[{\"@type\":\"WebPage\",\"@id\":\"https:\\\/\\\/atlastoilets.com\\\/fr\\\/avertissement\\\/\",\"url\":\"https:\\\/\\\/atlastoilets.com\\\/fr\\\/avertissement\\\/\",\"name\":\"Avertissement - Atlas Sanitation Products\",\"isPartOf\":{\"@id\":\"https:\\\/\\\/atlastoilets.com\\\/#website\"},\"datePublished\":\"2022-03-07T15:13:45+00:00\",\"dateModified\":\"2022-03-21T08:44:32+00:00\",\"breadcrumb\":{\"@id\":\"https:\\\/\\\/atlastoilets.com\\\/fr\\\/avertissement\\\/#breadcrumb\"},\"inLanguage\":\"fr-FR\",\"potentialAction\":[{\"@type\":\"ReadAction\",\"target\":[\"https:\\\/\\\/atlastoilets.com\\\/fr\\\/avertissement\\\/\"]}]},{\"@type\":\"BreadcrumbList\",\"@id\":\"https:\\\/\\\/atlastoilets.com\\\/fr\\\/avertissement\\\/#breadcrumb\",\"itemListElement\":[{\"@type\":\"ListItem\",\"position\":1,\"name\":\"Home\",\"item\":\"https:\\\/\\\/atlastoilets.com\\\/fr\\\/\"},{\"@type\":\"ListItem\",\"position\":2,\"name\":\"Avertissement\"}]},{\"@type\":\"WebSite\",\"@id\":\"https:\\\/\\\/atlastoilets.com\\\/#website\",\"url\":\"https:\\\/\\\/atlastoilets.com\\\/\",\"name\":\"Atlas Sanitation Products\",\"description\":\"Total supplier for toilet rental companies\",\"potentialAction\":[{\"@type\":\"SearchAction\",\"target\":{\"@type\":\"EntryPoint\",\"urlTemplate\":\"https:\\\/\\\/atlastoilets.com\\\/?s={search_term_string}\"},\"query-input\":{\"@type\":\"PropertyValueSpecification\",\"valueRequired\":true,\"valueName\":\"search_term_string\"}}],\"inLanguage\":\"fr-FR\"}]}<\/script>\n<!-- \/ Yoast SEO plugin. -->","yoast_head_json":{"title":"Avertissement - Atlas Sanitation Products","robots":{"index":"index","follow":"follow","max-snippet":"max-snippet:-1","max-image-preview":"max-image-preview:large","max-video-preview":"max-video-preview:-1"},"canonical":"https:\/\/atlastoilets.com\/fr\/avertissement\/","og_locale":"fr_FR","og_type":"article","og_title":"Avertissement - Atlas Sanitation Products","og_description":"[vc_row][vc_column width=\u00a0\u00bb1\/3&Prime;][vc_column_text] Avertissement [\/vc_column_text][\/vc_column][vc_column width=\u00a0\u00bb2\/3&Prime;][vc_column_text] Dans cet avertissement, les d\u00e9finitions suivantes s\u2019appliquent: utilisation (s): toutes les actions concevables; vous: l\u2019utilisateur (visiteur) du site web; le contenu: tout le contenu pr\u00e9sent sur le site web; Ce qui suit s\u2019applique \u00e0 toutes les pages de ce site. En utilisant le site Web, vous acceptez cette clause de [&hellip;]","og_url":"https:\/\/atlastoilets.com\/fr\/avertissement\/","og_site_name":"Atlas Sanitation Products","article_modified_time":"2022-03-21T08:44:32+00:00","twitter_card":"summary_large_image","twitter_misc":{"Dur\u00e9e de lecture estim\u00e9e":"1 minute"},"schema":{"@context":"https:\/\/schema.org","@graph":[{"@type":"WebPage","@id":"https:\/\/atlastoilets.com\/fr\/avertissement\/","url":"https:\/\/atlastoilets.com\/fr\/avertissement\/","name":"Avertissement - Atlas Sanitation Products","isPartOf":{"@id":"https:\/\/atlastoilets.com\/#website"},"datePublished":"2022-03-07T15:13:45+00:00","dateModified":"2022-03-21T08:44:32+00:00","breadcrumb":{"@id":"https:\/\/atlastoilets.com\/fr\/avertissement\/#breadcrumb"},"inLanguage":"fr-FR","potentialAction":[{"@type":"ReadAction","target":["https:\/\/atlastoilets.com\/fr\/avertissement\/"]}]},{"@type":"BreadcrumbList","@id":"https:\/\/atlastoilets.com\/fr\/avertissement\/#breadcrumb","itemListElement":[{"@type":"ListItem","position":1,"name":"Home","item":"https:\/\/atlastoilets.com\/fr\/"},{"@type":"ListItem","position":2,"name":"Avertissement"}]},{"@type":"WebSite","@id":"https:\/\/atlastoilets.com\/#website","url":"https:\/\/atlastoilets.com\/","name":"Atlas Sanitation Products","description":"Total supplier for toilet rental companies","potentialAction":[{"@type":"SearchAction","target":{"@type":"EntryPoint","urlTemplate":"https:\/\/atlastoilets.com\/?s={search_term_string}"},"query-input":{"@type":"PropertyValueSpecification","valueRequired":true,"valueName":"search_term_string"}}],"inLanguage":"fr-FR"}]}},"_links":{"self":[{"href":"https:\/\/atlastoilets.com\/fr\/wp-json\/wp\/v2\/pages\/21904","targetHints":{"allow":["GET"]}}],"collection":[{"href":"https:\/\/atlastoilets.com\/fr\/wp-json\/wp\/v2\/pages"}],"about":[{"href":"https:\/\/atlastoilets.com\/fr\/wp-json\/wp\/v2\/types\/page"}],"author":[{"embeddable":true,"href":"https:\/\/atlastoilets.com\/fr\/wp-json\/wp\/v2\/users\/1"}],"replies":[{"embeddable":true,"href":"https:\/\/atlastoilets.com\/fr\/wp-json\/wp\/v2\/comments?post=21904"}],"version-history":[{"count":3,"href":"https:\/\/atlastoilets.com\/fr\/wp-json\/wp\/v2\/pages\/21904\/revisions"}],"predecessor-version":[{"id":21944,"href":"https:\/\/atlastoilets.com\/fr\/wp-json\/wp\/v2\/pages\/21904\/revisions\/21944"}],"wp:attachment":[{"href":"https:\/\/atlastoilets.com\/fr\/wp-json\/wp\/v2\/media?parent=21904"}],"curies":[{"name":"wp","href":"https:\/\/api.w.org\/{rel}","templated":true}]}}