{"id":35530,"date":"2026-01-26T14:13:29","date_gmt":"2026-01-26T14:13:29","guid":{"rendered":"https:\/\/atlastoilets.com\/?post_type=product&#038;p=35530"},"modified":"2026-01-26T15:57:36","modified_gmt":"2026-01-26T15:57:36","slug":"mondo","status":"publish","type":"product","link":"https:\/\/atlastoilets.com\/es\/producto\/mondo\/","title":{"rendered":"Mondo"},"content":{"rendered":"<p>[vc_row][vc_column][vc_column_text]El inconfundible dise\u00f1o europeo de la cabina Mondo es una alternativa muy atractiva a otros modelos de ba\u00f1o port\u00e1til. Se encuentra disponible en nueve llamativos colores y ofrece numerosas ventajas al usuario. Presenta un interior espacioso y bien ventilado que Reduce los olores gracias a una serie de elementos de dise\u00f1os sencillos pero importantes. Una combinaci\u00f3n de respiraderos en el suelo y en las paRedes facilita una circulaci\u00f3n de aire continua. El urinario se vac\u00eda hacia el conducto de ventilaci\u00f3n, evitando as\u00ed que los olores desagradables del dep\u00f3sito se transfieran hasta la cabina. El asiento se encuentra lo m\u00e1s alejado posible del urinario, lejos de olores y de la vista directa del usuario. Todas estas caracter\u00edsticas ofrecen al usuario final una experiencia m\u00e1s c\u00f3moda y placentera..<\/p>\n<p>Desde el punto de vista operativo, los ba\u00f1os Mondo requieren pocas labores de mantenimiento, se limpian con facilidad y duran mucho tiempo. Al estar fabricados con menos piezas y utilizar polietileno de alta densidad, los ba\u00f1os Mondo soportan los golpes y el maltrato sin romperse y sin que aparezcan grietas. Los ba\u00f1os Mondo resultan f\u00e1ciles de limpiar y de mantener gracias a la inclinaci\u00f3n de la parte superior del dep\u00f3sito delantero, al suelo ligeramente abombado y a su dep\u00f3sito con un profundo sumidero. La inclinaci\u00f3n del dep\u00f3sito y del suelo ayudan a que los l\u00edquidos escurran, evitando que se estanquen. El sumidero del dep\u00f3sito favorece la actuaci\u00f3n del desodorizante y facilita una eliminaci\u00f3n de los residuos r\u00e1pida y completa.<\/p>\n<p><em>Solo disponible\u00a0<\/em><em>con frente en\u00a0<\/em><em>gris.<\/em>[\/vc_column_text][\/vc_column][\/vc_row]<\/p>\n","protected":false},"excerpt":{"rendered":"<p>El inconfundible dise\u00f1o europeo de la cabina Mondo es una alternativa muy atractiva a otros modelos de ba\u00f1o port\u00e1til. Se encuentra disponible en cinco llamativos colores y ofrece numerosas ventajas al usuario. Presenta un interior espacioso y bien ventilado que Reduce los olores gracias a una serie de elementos de dise\u00f1os sencillos pero importantes<\/p>\n","protected":false},"featured_media":35552,"template":"","meta":[],"product_brand":[],"product_cat":[1393],"product_tag":[],"class_list":{"0":"post-35530","1":"product","2":"type-product","3":"status-publish","4":"has-post-thumbnail","6":"product_cat-banos-portatiles-estandar","8":"first","9":"instock","10":"taxable","11":"shipping-taxable","12":"purchasable","13":"product-type-variable","14":"has-default-attributes"},"yoast_head":"<!-- This site is optimized with the Yoast SEO plugin v27.5 - https:\/\/yoast.com\/product\/yoast-seo-wordpress\/ -->\n<title>La cabina Mondo es una alternativa muy atractiva<\/title>\n<meta name=\"description\" content=\"El inconfundible dise\u00f1o europeo de la cabina Mondo es una alternativa muy atractiva a otros modelos de ba\u00f1o port\u00e1til. Se encuentra disponible en cinco llamativos colores y ofrece numerosas ventajas al usuario.\" \/>\n<meta name=\"robots\" content=\"index, follow, max-snippet:-1, max-image-preview:large, max-video-preview:-1\" \/>\n<link rel=\"canonical\" href=\"https:\/\/atlastoilets.com\/fr\/?post_type=product&p=35514\" \/>\n<meta property=\"og:locale\" content=\"es_ES\" \/>\n<meta property=\"og:type\" content=\"article\" \/>\n<meta property=\"og:title\" content=\"La cabina Mondo es una alternativa muy atractiva\" \/>\n<meta property=\"og:description\" content=\"El inconfundible dise\u00f1o europeo de la cabina Mondo es una alternativa muy atractiva a otros modelos de ba\u00f1o port\u00e1til. Se encuentra disponible en cinco llamativos colores y ofrece numerosas ventajas al usuario.\" \/>\n<meta property=\"og:url\" content=\"https:\/\/atlastoilets.com\/fr\/?post_type=product&amp;p=35514\" \/>\n<meta property=\"og:site_name\" content=\"Atlas Sanitation Products\" \/>\n<meta property=\"article:modified_time\" content=\"2026-01-26T15:57:36+00:00\" \/>\n<meta property=\"og:image\" content=\"https:\/\/atlastoilets.com\/wp-content\/uploads\/2026\/01\/32ca3905-def8-4608-b6c7-5d297a66d7fe.webp\" \/>\n\t<meta property=\"og:image:width\" content=\"1080\" \/>\n\t<meta property=\"og:image:height\" content=\"1728\" \/>\n\t<meta property=\"og:image:type\" content=\"image\/webp\" \/>\n<meta name=\"twitter:card\" content=\"summary_large_image\" \/>\n<meta name=\"twitter:label1\" content=\"Tiempo de lectura\" \/>\n\t<meta name=\"twitter:data1\" content=\"2 minutos\" \/>\n<script type=\"application\/ld+json\" class=\"yoast-schema-graph\">{\"@context\":\"https:\\\/\\\/schema.org\",\"@graph\":[{\"@type\":[\"WebPage\",\"ItemPage\"],\"@id\":\"https:\\\/\\\/atlastoilets.com\\\/fr\\\/?post_type=product&p=35514\",\"url\":\"https:\\\/\\\/atlastoilets.com\\\/fr\\\/?post_type=product&p=35514\",\"name\":\"La cabina Mondo es una alternativa muy atractiva\",\"isPartOf\":{\"@id\":\"https:\\\/\\\/atlastoilets.com\\\/#website\"},\"primaryImageOfPage\":{\"@id\":\"https:\\\/\\\/atlastoilets.com\\\/fr\\\/?post_type=product&p=35514#primaryimage\"},\"image\":{\"@id\":\"https:\\\/\\\/atlastoilets.com\\\/fr\\\/?post_type=product&p=35514#primaryimage\"},\"thumbnailUrl\":\"https:\\\/\\\/atlastoilets.com\\\/wp-content\\\/uploads\\\/2026\\\/01\\\/32ca3905-def8-4608-b6c7-5d297a66d7fe.webp\",\"datePublished\":\"2026-01-26T14:13:29+00:00\",\"dateModified\":\"2026-01-26T15:57:36+00:00\",\"description\":\"El inconfundible dise\u00f1o europeo de la cabina Mondo es una alternativa muy atractiva a otros modelos de ba\u00f1o port\u00e1til. Se encuentra disponible en cinco llamativos colores y ofrece numerosas ventajas al usuario.\",\"breadcrumb\":{\"@id\":\"https:\\\/\\\/atlastoilets.com\\\/fr\\\/?post_type=product&p=35514#breadcrumb\"},\"inLanguage\":\"es\",\"potentialAction\":[{\"@type\":\"ReadAction\",\"target\":[\"https:\\\/\\\/atlastoilets.com\\\/fr\\\/?post_type=product&p=35514\"]}]},{\"@type\":\"ImageObject\",\"inLanguage\":\"es\",\"@id\":\"https:\\\/\\\/atlastoilets.com\\\/fr\\\/?post_type=product&p=35514#primaryimage\",\"url\":\"https:\\\/\\\/atlastoilets.com\\\/wp-content\\\/uploads\\\/2026\\\/01\\\/32ca3905-def8-4608-b6c7-5d297a66d7fe.webp\",\"contentUrl\":\"https:\\\/\\\/atlastoilets.com\\\/wp-content\\\/uploads\\\/2026\\\/01\\\/32ca3905-def8-4608-b6c7-5d297a66d7fe.webp\",\"width\":1080,\"height\":1728},{\"@type\":\"BreadcrumbList\",\"@id\":\"https:\\\/\\\/atlastoilets.com\\\/fr\\\/?post_type=product&p=35514#breadcrumb\",\"itemListElement\":[{\"@type\":\"ListItem\",\"position\":1,\"name\":\"Home\",\"item\":\"https:\\\/\\\/atlastoilets.com\\\/es\\\/\"},{\"@type\":\"ListItem\",\"position\":2,\"name\":\"Tienda\",\"item\":\"https:\\\/\\\/atlastoilets.com\\\/es\\\/tienda\\\/\"},{\"@type\":\"ListItem\",\"position\":3,\"name\":\"Mondo\"}]},{\"@type\":\"WebSite\",\"@id\":\"https:\\\/\\\/atlastoilets.com\\\/#website\",\"url\":\"https:\\\/\\\/atlastoilets.com\\\/\",\"name\":\"Atlas Sanitation Products\",\"description\":\"Total supplier for toilet rental companies\",\"potentialAction\":[{\"@type\":\"SearchAction\",\"target\":{\"@type\":\"EntryPoint\",\"urlTemplate\":\"https:\\\/\\\/atlastoilets.com\\\/?s={search_term_string}\"},\"query-input\":{\"@type\":\"PropertyValueSpecification\",\"valueRequired\":true,\"valueName\":\"search_term_string\"}}],\"inLanguage\":\"es\"}]}<\/script>\n<!-- \/ Yoast SEO plugin. -->","yoast_head_json":{"title":"La cabina Mondo es una alternativa muy atractiva","description":"El inconfundible dise\u00f1o europeo de la cabina Mondo es una alternativa muy atractiva a otros modelos de ba\u00f1o port\u00e1til. Se encuentra disponible en cinco llamativos colores y ofrece numerosas ventajas al usuario.","robots":{"index":"index","follow":"follow","max-snippet":"max-snippet:-1","max-image-preview":"max-image-preview:large","max-video-preview":"max-video-preview:-1"},"canonical":"https:\/\/atlastoilets.com\/fr\/?post_type=product&p=35514","og_locale":"es_ES","og_type":"article","og_title":"La cabina Mondo es una alternativa muy atractiva","og_description":"El inconfundible dise\u00f1o europeo de la cabina Mondo es una alternativa muy atractiva a otros modelos de ba\u00f1o port\u00e1til. Se encuentra disponible en cinco llamativos colores y ofrece numerosas ventajas al usuario.","og_url":"https:\/\/atlastoilets.com\/fr\/?post_type=product&p=35514","og_site_name":"Atlas Sanitation Products","article_modified_time":"2026-01-26T15:57:36+00:00","og_image":[{"width":1080,"height":1728,"url":"https:\/\/atlastoilets.com\/wp-content\/uploads\/2026\/01\/32ca3905-def8-4608-b6c7-5d297a66d7fe.webp","type":"image\/webp"}],"twitter_card":"summary_large_image","twitter_misc":{"Tiempo de lectura":"2 minutos"},"schema":{"@context":"https:\/\/schema.org","@graph":[{"@type":["WebPage","ItemPage"],"@id":"https:\/\/atlastoilets.com\/fr\/?post_type=product&p=35514","url":"https:\/\/atlastoilets.com\/fr\/?post_type=product&p=35514","name":"La cabina Mondo es una alternativa muy atractiva","isPartOf":{"@id":"https:\/\/atlastoilets.com\/#website"},"primaryImageOfPage":{"@id":"https:\/\/atlastoilets.com\/fr\/?post_type=product&p=35514#primaryimage"},"image":{"@id":"https:\/\/atlastoilets.com\/fr\/?post_type=product&p=35514#primaryimage"},"thumbnailUrl":"https:\/\/atlastoilets.com\/wp-content\/uploads\/2026\/01\/32ca3905-def8-4608-b6c7-5d297a66d7fe.webp","datePublished":"2026-01-26T14:13:29+00:00","dateModified":"2026-01-26T15:57:36+00:00","description":"El inconfundible dise\u00f1o europeo de la cabina Mondo es una alternativa muy atractiva a otros modelos de ba\u00f1o port\u00e1til. Se encuentra disponible en cinco llamativos colores y ofrece numerosas ventajas al usuario.","breadcrumb":{"@id":"https:\/\/atlastoilets.com\/fr\/?post_type=product&p=35514#breadcrumb"},"inLanguage":"es","potentialAction":[{"@type":"ReadAction","target":["https:\/\/atlastoilets.com\/fr\/?post_type=product&p=35514"]}]},{"@type":"ImageObject","inLanguage":"es","@id":"https:\/\/atlastoilets.com\/fr\/?post_type=product&p=35514#primaryimage","url":"https:\/\/atlastoilets.com\/wp-content\/uploads\/2026\/01\/32ca3905-def8-4608-b6c7-5d297a66d7fe.webp","contentUrl":"https:\/\/atlastoilets.com\/wp-content\/uploads\/2026\/01\/32ca3905-def8-4608-b6c7-5d297a66d7fe.webp","width":1080,"height":1728},{"@type":"BreadcrumbList","@id":"https:\/\/atlastoilets.com\/fr\/?post_type=product&p=35514#breadcrumb","itemListElement":[{"@type":"ListItem","position":1,"name":"Home","item":"https:\/\/atlastoilets.com\/es\/"},{"@type":"ListItem","position":2,"name":"Tienda","item":"https:\/\/atlastoilets.com\/es\/tienda\/"},{"@type":"ListItem","position":3,"name":"Mondo"}]},{"@type":"WebSite","@id":"https:\/\/atlastoilets.com\/#website","url":"https:\/\/atlastoilets.com\/","name":"Atlas Sanitation Products","description":"Total supplier for toilet rental companies","potentialAction":[{"@type":"SearchAction","target":{"@type":"EntryPoint","urlTemplate":"https:\/\/atlastoilets.com\/?s={search_term_string}"},"query-input":{"@type":"PropertyValueSpecification","valueRequired":true,"valueName":"search_term_string"}}],"inLanguage":"es"}]}},"_links":{"self":[{"href":"https:\/\/atlastoilets.com\/es\/wp-json\/wp\/v2\/product\/35530","targetHints":{"allow":["GET"]}}],"collection":[{"href":"https:\/\/atlastoilets.com\/es\/wp-json\/wp\/v2\/product"}],"about":[{"href":"https:\/\/atlastoilets.com\/es\/wp-json\/wp\/v2\/types\/product"}],"wp:featuredmedia":[{"embeddable":true,"href":"https:\/\/atlastoilets.com\/es\/wp-json\/wp\/v2\/media\/35552"}],"wp:attachment":[{"href":"https:\/\/atlastoilets.com\/es\/wp-json\/wp\/v2\/media?parent=35530"}],"wp:term":[{"taxonomy":"product_brand","embeddable":true,"href":"https:\/\/atlastoilets.com\/es\/wp-json\/wp\/v2\/product_brand?post=35530"},{"taxonomy":"product_cat","embeddable":true,"href":"https:\/\/atlastoilets.com\/es\/wp-json\/wp\/v2\/product_cat?post=35530"},{"taxonomy":"product_tag","embeddable":true,"href":"https:\/\/atlastoilets.com\/es\/wp-json\/wp\/v2\/product_tag?post=35530"}],"curies":[{"name":"wp","href":"https:\/\/api.w.org\/{rel}","templated":true}]}}