{"id":35435,"date":"2026-01-26T12:09:52","date_gmt":"2026-01-26T12:09:52","guid":{"rendered":"https:\/\/atlastoilets.com\/?post_type=product&#038;p=35435"},"modified":"2026-01-26T13:11:29","modified_gmt":"2026-01-26T13:11:29","slug":"tufway","status":"publish","type":"product","link":"https:\/\/atlastoilets.com\/es\/producto\/tufway\/","title":{"rendered":"Tufway"},"content":{"rendered":"<p>[vc_row][vc_column][vc_column_text]Tufway es el sanitario port\u00e1til m\u00e1s utilizado del mundo por operadores y usuarios finales, gracias a su combinaci\u00f3n \u00fanica de durabilidad y confort. El dise\u00f1o del interior de Tufway est\u00e1 orientado a la comodidad del usuario. Tiene un interior espacioso y bien ventilado, para reducir los olores mediante unas caracter\u00edsticas tan sencillas como relevantes.<\/p>\n<p>Dispone de aberturas de ventilaci\u00f3n en el suelo y rejillas moldeadas en las paredes, que facilitan un movimiento continuo del aire. El urinario desagua por el interior del conducto de evacuaci\u00f3n, lo que evita reflujos de olores indeseables del dep\u00f3sito al interior de la cabina. El asiento del inodoro est\u00e1 situado en el punto m\u00e1s alejado del urinario, lejos de olores y de la vista directa del usuario. Tambi\u00e9n dispone de un pr\u00e1ctico colgador en la puerta para un bolso o una chaqueta. En conjunto, todas estas caracter\u00edsticas contribuyen a una experiencia m\u00e1s c\u00f3moda y agradable para los usuarios.<\/p>\n<p>Son posibles todas las combinaciones de paneles y frente.[\/vc_column_text][\/vc_column][\/vc_row]<\/p>\n","protected":false},"excerpt":{"rendered":"<p>Tufway es el sanitario port\u00e1til m\u00e1s utilizado del mundo por operadores y usuarios finales, gracias a su combinaci\u00f3n \u00fanica de durabilidad y confort. El dise\u00f1o del interior de Tufway est\u00e1 orientado a la comodidad del usuario. Tiene un interior espacioso y bien ventilado, para reducir los olores mediante unas caracter\u00edsticas tan sencillas como relevantes.<\/p>\n","protected":false},"featured_media":35368,"template":"","meta":[],"product_brand":[],"product_cat":[1393],"product_tag":[],"class_list":{"0":"post-35435","1":"product","2":"type-product","3":"status-publish","4":"has-post-thumbnail","6":"product_cat-banos-portatiles-estandar","8":"first","9":"instock","10":"taxable","11":"shipping-taxable","12":"purchasable","13":"product-type-variable","14":"has-default-attributes"},"yoast_head":"<!-- This site is optimized with the Yoast SEO plugin v27.5 - https:\/\/yoast.com\/product\/yoast-seo-wordpress\/ -->\n<title>Urinario m\u00f3vil Pluto Plus con un ojo de elevaci\u00f3n<\/title>\n<meta name=\"description\" content=\"El urinario m\u00f3vil Pluto Plus, una adici\u00f3n para cada compa\u00f1\u00eda de alquiler de ba\u00f1os con un ojo de elevaci\u00f3n para facilitar la carga y descarga\" \/>\n<meta name=\"robots\" content=\"index, follow, max-snippet:-1, max-image-preview:large, max-video-preview:-1\" \/>\n<link rel=\"canonical\" href=\"https:\/\/atlastoilets.com\/es\/producto\/tufway\/\" \/>\n<meta property=\"og:locale\" content=\"es_ES\" \/>\n<meta property=\"og:type\" content=\"article\" \/>\n<meta property=\"og:title\" content=\"Urinario m\u00f3vil Pluto Plus con un ojo de elevaci\u00f3n\" \/>\n<meta property=\"og:description\" content=\"El urinario m\u00f3vil Pluto Plus, una adici\u00f3n para cada compa\u00f1\u00eda de alquiler de ba\u00f1os con un ojo de elevaci\u00f3n para facilitar la carga y descarga\" \/>\n<meta property=\"og:url\" content=\"https:\/\/atlastoilets.com\/es\/producto\/tufway\/\" \/>\n<meta property=\"og:site_name\" content=\"Atlas Sanitation Products\" \/>\n<meta property=\"article:modified_time\" content=\"2026-01-26T13:11:29+00:00\" \/>\n<meta property=\"og:image\" content=\"https:\/\/atlastoilets.com\/wp-content\/uploads\/2026\/01\/ec901f20-0a5c-4346-a765-289229000fa1.webp\" \/>\n\t<meta property=\"og:image:width\" content=\"1080\" \/>\n\t<meta property=\"og:image:height\" content=\"1620\" \/>\n\t<meta property=\"og:image:type\" content=\"image\/webp\" \/>\n<meta name=\"twitter:card\" content=\"summary_large_image\" \/>\n<meta name=\"twitter:label1\" content=\"Tiempo de lectura\" \/>\n\t<meta name=\"twitter:data1\" content=\"1 minuto\" \/>\n<script type=\"application\/ld+json\" class=\"yoast-schema-graph\">{\"@context\":\"https:\\\/\\\/schema.org\",\"@graph\":[{\"@type\":[\"WebPage\",\"ItemPage\"],\"@id\":\"https:\\\/\\\/atlastoilets.com\\\/es\\\/producto\\\/tufway\\\/\",\"url\":\"https:\\\/\\\/atlastoilets.com\\\/es\\\/producto\\\/tufway\\\/\",\"name\":\"Urinario m\u00f3vil Pluto Plus con un ojo de elevaci\u00f3n\",\"isPartOf\":{\"@id\":\"https:\\\/\\\/atlastoilets.com\\\/#website\"},\"primaryImageOfPage\":{\"@id\":\"https:\\\/\\\/atlastoilets.com\\\/es\\\/producto\\\/tufway\\\/#primaryimage\"},\"image\":{\"@id\":\"https:\\\/\\\/atlastoilets.com\\\/es\\\/producto\\\/tufway\\\/#primaryimage\"},\"thumbnailUrl\":\"https:\\\/\\\/atlastoilets.com\\\/wp-content\\\/uploads\\\/2026\\\/01\\\/ec901f20-0a5c-4346-a765-289229000fa1.webp\",\"datePublished\":\"2026-01-26T12:09:52+00:00\",\"dateModified\":\"2026-01-26T13:11:29+00:00\",\"description\":\"El urinario m\u00f3vil Pluto Plus, una adici\u00f3n para cada compa\u00f1\u00eda de alquiler de ba\u00f1os con un ojo de elevaci\u00f3n para facilitar la carga y descarga\",\"breadcrumb\":{\"@id\":\"https:\\\/\\\/atlastoilets.com\\\/es\\\/producto\\\/tufway\\\/#breadcrumb\"},\"inLanguage\":\"es\",\"potentialAction\":[{\"@type\":\"ReadAction\",\"target\":[\"https:\\\/\\\/atlastoilets.com\\\/es\\\/producto\\\/tufway\\\/\"]}]},{\"@type\":\"ImageObject\",\"inLanguage\":\"es\",\"@id\":\"https:\\\/\\\/atlastoilets.com\\\/es\\\/producto\\\/tufway\\\/#primaryimage\",\"url\":\"https:\\\/\\\/atlastoilets.com\\\/wp-content\\\/uploads\\\/2026\\\/01\\\/ec901f20-0a5c-4346-a765-289229000fa1.webp\",\"contentUrl\":\"https:\\\/\\\/atlastoilets.com\\\/wp-content\\\/uploads\\\/2026\\\/01\\\/ec901f20-0a5c-4346-a765-289229000fa1.webp\",\"width\":1080,\"height\":1620},{\"@type\":\"BreadcrumbList\",\"@id\":\"https:\\\/\\\/atlastoilets.com\\\/es\\\/producto\\\/tufway\\\/#breadcrumb\",\"itemListElement\":[{\"@type\":\"ListItem\",\"position\":1,\"name\":\"Home\",\"item\":\"https:\\\/\\\/atlastoilets.com\\\/es\\\/\"},{\"@type\":\"ListItem\",\"position\":2,\"name\":\"Tienda\",\"item\":\"https:\\\/\\\/atlastoilets.com\\\/es\\\/tienda\\\/\"},{\"@type\":\"ListItem\",\"position\":3,\"name\":\"Tufway\"}]},{\"@type\":\"WebSite\",\"@id\":\"https:\\\/\\\/atlastoilets.com\\\/#website\",\"url\":\"https:\\\/\\\/atlastoilets.com\\\/\",\"name\":\"Atlas Sanitation Products\",\"description\":\"Total supplier for toilet rental companies\",\"potentialAction\":[{\"@type\":\"SearchAction\",\"target\":{\"@type\":\"EntryPoint\",\"urlTemplate\":\"https:\\\/\\\/atlastoilets.com\\\/?s={search_term_string}\"},\"query-input\":{\"@type\":\"PropertyValueSpecification\",\"valueRequired\":true,\"valueName\":\"search_term_string\"}}],\"inLanguage\":\"es\"}]}<\/script>\n<!-- \/ Yoast SEO plugin. -->","yoast_head_json":{"title":"Urinario m\u00f3vil Pluto Plus con un ojo de elevaci\u00f3n","description":"El urinario m\u00f3vil Pluto Plus, una adici\u00f3n para cada compa\u00f1\u00eda de alquiler de ba\u00f1os con un ojo de elevaci\u00f3n para facilitar la carga y descarga","robots":{"index":"index","follow":"follow","max-snippet":"max-snippet:-1","max-image-preview":"max-image-preview:large","max-video-preview":"max-video-preview:-1"},"canonical":"https:\/\/atlastoilets.com\/es\/producto\/tufway\/","og_locale":"es_ES","og_type":"article","og_title":"Urinario m\u00f3vil Pluto Plus con un ojo de elevaci\u00f3n","og_description":"El urinario m\u00f3vil Pluto Plus, una adici\u00f3n para cada compa\u00f1\u00eda de alquiler de ba\u00f1os con un ojo de elevaci\u00f3n para facilitar la carga y descarga","og_url":"https:\/\/atlastoilets.com\/es\/producto\/tufway\/","og_site_name":"Atlas Sanitation Products","article_modified_time":"2026-01-26T13:11:29+00:00","og_image":[{"width":1080,"height":1620,"url":"https:\/\/atlastoilets.com\/wp-content\/uploads\/2026\/01\/ec901f20-0a5c-4346-a765-289229000fa1.webp","type":"image\/webp"}],"twitter_card":"summary_large_image","twitter_misc":{"Tiempo de lectura":"1 minuto"},"schema":{"@context":"https:\/\/schema.org","@graph":[{"@type":["WebPage","ItemPage"],"@id":"https:\/\/atlastoilets.com\/es\/producto\/tufway\/","url":"https:\/\/atlastoilets.com\/es\/producto\/tufway\/","name":"Urinario m\u00f3vil Pluto Plus con un ojo de elevaci\u00f3n","isPartOf":{"@id":"https:\/\/atlastoilets.com\/#website"},"primaryImageOfPage":{"@id":"https:\/\/atlastoilets.com\/es\/producto\/tufway\/#primaryimage"},"image":{"@id":"https:\/\/atlastoilets.com\/es\/producto\/tufway\/#primaryimage"},"thumbnailUrl":"https:\/\/atlastoilets.com\/wp-content\/uploads\/2026\/01\/ec901f20-0a5c-4346-a765-289229000fa1.webp","datePublished":"2026-01-26T12:09:52+00:00","dateModified":"2026-01-26T13:11:29+00:00","description":"El urinario m\u00f3vil Pluto Plus, una adici\u00f3n para cada compa\u00f1\u00eda de alquiler de ba\u00f1os con un ojo de elevaci\u00f3n para facilitar la carga y descarga","breadcrumb":{"@id":"https:\/\/atlastoilets.com\/es\/producto\/tufway\/#breadcrumb"},"inLanguage":"es","potentialAction":[{"@type":"ReadAction","target":["https:\/\/atlastoilets.com\/es\/producto\/tufway\/"]}]},{"@type":"ImageObject","inLanguage":"es","@id":"https:\/\/atlastoilets.com\/es\/producto\/tufway\/#primaryimage","url":"https:\/\/atlastoilets.com\/wp-content\/uploads\/2026\/01\/ec901f20-0a5c-4346-a765-289229000fa1.webp","contentUrl":"https:\/\/atlastoilets.com\/wp-content\/uploads\/2026\/01\/ec901f20-0a5c-4346-a765-289229000fa1.webp","width":1080,"height":1620},{"@type":"BreadcrumbList","@id":"https:\/\/atlastoilets.com\/es\/producto\/tufway\/#breadcrumb","itemListElement":[{"@type":"ListItem","position":1,"name":"Home","item":"https:\/\/atlastoilets.com\/es\/"},{"@type":"ListItem","position":2,"name":"Tienda","item":"https:\/\/atlastoilets.com\/es\/tienda\/"},{"@type":"ListItem","position":3,"name":"Tufway"}]},{"@type":"WebSite","@id":"https:\/\/atlastoilets.com\/#website","url":"https:\/\/atlastoilets.com\/","name":"Atlas Sanitation Products","description":"Total supplier for toilet rental companies","potentialAction":[{"@type":"SearchAction","target":{"@type":"EntryPoint","urlTemplate":"https:\/\/atlastoilets.com\/?s={search_term_string}"},"query-input":{"@type":"PropertyValueSpecification","valueRequired":true,"valueName":"search_term_string"}}],"inLanguage":"es"}]}},"_links":{"self":[{"href":"https:\/\/atlastoilets.com\/es\/wp-json\/wp\/v2\/product\/35435","targetHints":{"allow":["GET"]}}],"collection":[{"href":"https:\/\/atlastoilets.com\/es\/wp-json\/wp\/v2\/product"}],"about":[{"href":"https:\/\/atlastoilets.com\/es\/wp-json\/wp\/v2\/types\/product"}],"wp:featuredmedia":[{"embeddable":true,"href":"https:\/\/atlastoilets.com\/es\/wp-json\/wp\/v2\/media\/35368"}],"wp:attachment":[{"href":"https:\/\/atlastoilets.com\/es\/wp-json\/wp\/v2\/media?parent=35435"}],"wp:term":[{"taxonomy":"product_brand","embeddable":true,"href":"https:\/\/atlastoilets.com\/es\/wp-json\/wp\/v2\/product_brand?post=35435"},{"taxonomy":"product_cat","embeddable":true,"href":"https:\/\/atlastoilets.com\/es\/wp-json\/wp\/v2\/product_cat?post=35435"},{"taxonomy":"product_tag","embeddable":true,"href":"https:\/\/atlastoilets.com\/es\/wp-json\/wp\/v2\/product_tag?post=35435"}],"curies":[{"name":"wp","href":"https:\/\/api.w.org\/{rel}","templated":true}]}}