{"id":34054,"date":"2025-01-06T15:54:30","date_gmt":"2025-01-06T15:54:30","guid":{"rendered":"https:\/\/atlastoilets.com\/product\/cube-barra-portarrollos-de-papel-higienico\/"},"modified":"2025-01-06T15:54:30","modified_gmt":"2025-01-06T15:54:30","slug":"cube-barra-portarrollos-de-papel-higienico","status":"publish","type":"product","link":"https:\/\/atlastoilets.com\/es\/producto\/cube-barra-portarrollos-de-papel-higienico\/","title":{"rendered":"CUBE Barra portarrollos de papel higi\u00e9nico"},"content":{"rendered":"<p>Barra portarrollos de papel higi\u00e9nico.<br \/>\nVarilla para encajar en el soporte del papel higi\u00e9nico del inodoro CUBE.<br \/>\nPieza de repuesto oficial para sustituir una varilla da\u00f1ada, en lugar de todo el soporte del papel higi\u00e9nico.<\/p>\n","protected":false},"excerpt":{"rendered":"<p>Barra portarrollos de papel higi\u00e9nico.<br \/>\nVarilla para encajar en el soporte del papel higi\u00e9nico del inodoro CUBE.<\/p>\n","protected":false},"featured_media":33788,"template":"","meta":[],"product_brand":[],"product_cat":[2211],"product_tag":[],"class_list":{"0":"post-34054","1":"product","2":"type-product","3":"status-publish","4":"has-post-thumbnail","6":"product_cat-repuestos-de-cube","8":"first","9":"instock","10":"taxable","11":"shipping-taxable","12":"purchasable","13":"product-type-simple"},"yoast_head":"<!-- This site is optimized with the Yoast SEO plugin v27.4 - https:\/\/yoast.com\/product\/yoast-seo-wordpress\/ -->\n<title>Barra portarrollos de papel higi\u00e9nico<\/title>\n<meta name=\"description\" content=\"Barra portarrollos de papel higi\u00e9nico. Varilla para encajar en el soporte del papel higi\u00e9nico del inodoro CUBE.\" \/>\n<meta name=\"robots\" content=\"index, follow, max-snippet:-1, max-image-preview:large, max-video-preview:-1\" \/>\n<link rel=\"canonical\" href=\"https:\/\/atlastoilets.com\/es\/producto\/cube-barra-portarrollos-de-papel-higienico\/\" \/>\n<meta property=\"og:locale\" content=\"es_ES\" \/>\n<meta property=\"og:type\" content=\"article\" \/>\n<meta property=\"og:title\" content=\"Barra portarrollos de papel higi\u00e9nico\" \/>\n<meta property=\"og:description\" content=\"Barra portarrollos de papel higi\u00e9nico. Varilla para encajar en el soporte del papel higi\u00e9nico del inodoro CUBE.\" \/>\n<meta property=\"og:url\" content=\"https:\/\/atlastoilets.com\/es\/producto\/cube-barra-portarrollos-de-papel-higienico\/\" \/>\n<meta property=\"og:site_name\" content=\"Atlas Sanitation Products\" \/>\n<meta property=\"og:image\" content=\"https:\/\/atlastoilets.com\/wp-content\/uploads\/2025\/01\/IMG_8706.jpg\" \/>\n\t<meta property=\"og:image:width\" content=\"600\" \/>\n\t<meta property=\"og:image:height\" content=\"600\" \/>\n\t<meta property=\"og:image:type\" content=\"image\/jpeg\" \/>\n<meta name=\"twitter:card\" content=\"summary_large_image\" \/>\n<script type=\"application\/ld+json\" class=\"yoast-schema-graph\">{\"@context\":\"https:\\\/\\\/schema.org\",\"@graph\":[{\"@type\":[\"WebPage\",\"ItemPage\"],\"@id\":\"https:\\\/\\\/atlastoilets.com\\\/es\\\/producto\\\/cube-barra-portarrollos-de-papel-higienico\\\/\",\"url\":\"https:\\\/\\\/atlastoilets.com\\\/es\\\/producto\\\/cube-barra-portarrollos-de-papel-higienico\\\/\",\"name\":\"Barra portarrollos de papel higi\u00e9nico\",\"isPartOf\":{\"@id\":\"https:\\\/\\\/atlastoilets.com\\\/#website\"},\"primaryImageOfPage\":{\"@id\":\"https:\\\/\\\/atlastoilets.com\\\/es\\\/producto\\\/cube-barra-portarrollos-de-papel-higienico\\\/#primaryimage\"},\"image\":{\"@id\":\"https:\\\/\\\/atlastoilets.com\\\/es\\\/producto\\\/cube-barra-portarrollos-de-papel-higienico\\\/#primaryimage\"},\"thumbnailUrl\":\"https:\\\/\\\/atlastoilets.com\\\/wp-content\\\/uploads\\\/2025\\\/01\\\/IMG_8706.jpg\",\"datePublished\":\"2025-01-06T15:54:30+00:00\",\"description\":\"Barra portarrollos de papel higi\u00e9nico. Varilla para encajar en el soporte del papel higi\u00e9nico del inodoro CUBE.\",\"breadcrumb\":{\"@id\":\"https:\\\/\\\/atlastoilets.com\\\/es\\\/producto\\\/cube-barra-portarrollos-de-papel-higienico\\\/#breadcrumb\"},\"inLanguage\":\"es\",\"potentialAction\":[{\"@type\":\"ReadAction\",\"target\":[\"https:\\\/\\\/atlastoilets.com\\\/es\\\/producto\\\/cube-barra-portarrollos-de-papel-higienico\\\/\"]}]},{\"@type\":\"ImageObject\",\"inLanguage\":\"es\",\"@id\":\"https:\\\/\\\/atlastoilets.com\\\/es\\\/producto\\\/cube-barra-portarrollos-de-papel-higienico\\\/#primaryimage\",\"url\":\"https:\\\/\\\/atlastoilets.com\\\/wp-content\\\/uploads\\\/2025\\\/01\\\/IMG_8706.jpg\",\"contentUrl\":\"https:\\\/\\\/atlastoilets.com\\\/wp-content\\\/uploads\\\/2025\\\/01\\\/IMG_8706.jpg\",\"width\":600,\"height\":600,\"caption\":\"Barra portarrollos de papel higi\u00e9nico\"},{\"@type\":\"BreadcrumbList\",\"@id\":\"https:\\\/\\\/atlastoilets.com\\\/es\\\/producto\\\/cube-barra-portarrollos-de-papel-higienico\\\/#breadcrumb\",\"itemListElement\":[{\"@type\":\"ListItem\",\"position\":1,\"name\":\"Home\",\"item\":\"https:\\\/\\\/atlastoilets.com\\\/es\\\/\"},{\"@type\":\"ListItem\",\"position\":2,\"name\":\"Tienda\",\"item\":\"https:\\\/\\\/atlastoilets.com\\\/es\\\/tienda\\\/\"},{\"@type\":\"ListItem\",\"position\":3,\"name\":\"CUBE Barra portarrollos de papel higi\u00e9nico\"}]},{\"@type\":\"WebSite\",\"@id\":\"https:\\\/\\\/atlastoilets.com\\\/#website\",\"url\":\"https:\\\/\\\/atlastoilets.com\\\/\",\"name\":\"Atlas Sanitation Products\",\"description\":\"Total supplier for toilet rental companies\",\"potentialAction\":[{\"@type\":\"SearchAction\",\"target\":{\"@type\":\"EntryPoint\",\"urlTemplate\":\"https:\\\/\\\/atlastoilets.com\\\/?s={search_term_string}\"},\"query-input\":{\"@type\":\"PropertyValueSpecification\",\"valueRequired\":true,\"valueName\":\"search_term_string\"}}],\"inLanguage\":\"es\"}]}<\/script>\n<!-- \/ Yoast SEO plugin. -->","yoast_head_json":{"title":"Barra portarrollos de papel higi\u00e9nico","description":"Barra portarrollos de papel higi\u00e9nico. Varilla para encajar en el soporte del papel higi\u00e9nico del inodoro CUBE.","robots":{"index":"index","follow":"follow","max-snippet":"max-snippet:-1","max-image-preview":"max-image-preview:large","max-video-preview":"max-video-preview:-1"},"canonical":"https:\/\/atlastoilets.com\/es\/producto\/cube-barra-portarrollos-de-papel-higienico\/","og_locale":"es_ES","og_type":"article","og_title":"Barra portarrollos de papel higi\u00e9nico","og_description":"Barra portarrollos de papel higi\u00e9nico. Varilla para encajar en el soporte del papel higi\u00e9nico del inodoro CUBE.","og_url":"https:\/\/atlastoilets.com\/es\/producto\/cube-barra-portarrollos-de-papel-higienico\/","og_site_name":"Atlas Sanitation Products","og_image":[{"width":600,"height":600,"url":"https:\/\/atlastoilets.com\/wp-content\/uploads\/2025\/01\/IMG_8706.jpg","type":"image\/jpeg"}],"twitter_card":"summary_large_image","schema":{"@context":"https:\/\/schema.org","@graph":[{"@type":["WebPage","ItemPage"],"@id":"https:\/\/atlastoilets.com\/es\/producto\/cube-barra-portarrollos-de-papel-higienico\/","url":"https:\/\/atlastoilets.com\/es\/producto\/cube-barra-portarrollos-de-papel-higienico\/","name":"Barra portarrollos de papel higi\u00e9nico","isPartOf":{"@id":"https:\/\/atlastoilets.com\/#website"},"primaryImageOfPage":{"@id":"https:\/\/atlastoilets.com\/es\/producto\/cube-barra-portarrollos-de-papel-higienico\/#primaryimage"},"image":{"@id":"https:\/\/atlastoilets.com\/es\/producto\/cube-barra-portarrollos-de-papel-higienico\/#primaryimage"},"thumbnailUrl":"https:\/\/atlastoilets.com\/wp-content\/uploads\/2025\/01\/IMG_8706.jpg","datePublished":"2025-01-06T15:54:30+00:00","description":"Barra portarrollos de papel higi\u00e9nico. Varilla para encajar en el soporte del papel higi\u00e9nico del inodoro CUBE.","breadcrumb":{"@id":"https:\/\/atlastoilets.com\/es\/producto\/cube-barra-portarrollos-de-papel-higienico\/#breadcrumb"},"inLanguage":"es","potentialAction":[{"@type":"ReadAction","target":["https:\/\/atlastoilets.com\/es\/producto\/cube-barra-portarrollos-de-papel-higienico\/"]}]},{"@type":"ImageObject","inLanguage":"es","@id":"https:\/\/atlastoilets.com\/es\/producto\/cube-barra-portarrollos-de-papel-higienico\/#primaryimage","url":"https:\/\/atlastoilets.com\/wp-content\/uploads\/2025\/01\/IMG_8706.jpg","contentUrl":"https:\/\/atlastoilets.com\/wp-content\/uploads\/2025\/01\/IMG_8706.jpg","width":600,"height":600,"caption":"Barra portarrollos de papel higi\u00e9nico"},{"@type":"BreadcrumbList","@id":"https:\/\/atlastoilets.com\/es\/producto\/cube-barra-portarrollos-de-papel-higienico\/#breadcrumb","itemListElement":[{"@type":"ListItem","position":1,"name":"Home","item":"https:\/\/atlastoilets.com\/es\/"},{"@type":"ListItem","position":2,"name":"Tienda","item":"https:\/\/atlastoilets.com\/es\/tienda\/"},{"@type":"ListItem","position":3,"name":"CUBE Barra portarrollos de papel higi\u00e9nico"}]},{"@type":"WebSite","@id":"https:\/\/atlastoilets.com\/#website","url":"https:\/\/atlastoilets.com\/","name":"Atlas Sanitation Products","description":"Total supplier for toilet rental companies","potentialAction":[{"@type":"SearchAction","target":{"@type":"EntryPoint","urlTemplate":"https:\/\/atlastoilets.com\/?s={search_term_string}"},"query-input":{"@type":"PropertyValueSpecification","valueRequired":true,"valueName":"search_term_string"}}],"inLanguage":"es"}]}},"_links":{"self":[{"href":"https:\/\/atlastoilets.com\/es\/wp-json\/wp\/v2\/product\/34054","targetHints":{"allow":["GET"]}}],"collection":[{"href":"https:\/\/atlastoilets.com\/es\/wp-json\/wp\/v2\/product"}],"about":[{"href":"https:\/\/atlastoilets.com\/es\/wp-json\/wp\/v2\/types\/product"}],"wp:featuredmedia":[{"embeddable":true,"href":"https:\/\/atlastoilets.com\/es\/wp-json\/wp\/v2\/media\/33788"}],"wp:attachment":[{"href":"https:\/\/atlastoilets.com\/es\/wp-json\/wp\/v2\/media?parent=34054"}],"wp:term":[{"taxonomy":"product_brand","embeddable":true,"href":"https:\/\/atlastoilets.com\/es\/wp-json\/wp\/v2\/product_brand?post=34054"},{"taxonomy":"product_cat","embeddable":true,"href":"https:\/\/atlastoilets.com\/es\/wp-json\/wp\/v2\/product_cat?post=34054"},{"taxonomy":"product_tag","embeddable":true,"href":"https:\/\/atlastoilets.com\/es\/wp-json\/wp\/v2\/product_tag?post=34054"}],"curies":[{"name":"wp","href":"https:\/\/api.w.org\/{rel}","templated":true}]}}