{"id":34040,"date":"2025-01-07T07:35:56","date_gmt":"2025-01-07T07:35:56","guid":{"rendered":"https:\/\/atlastoilets.com\/product\/soporte-de-muelle-de-puerta\/"},"modified":"2025-01-07T07:35:56","modified_gmt":"2025-01-07T07:35:56","slug":"soporte-de-muelle-de-puerta","status":"publish","type":"product","link":"https:\/\/atlastoilets.com\/es\/producto\/soporte-de-muelle-de-puerta\/","title":{"rendered":"Soporte de muelle de puerta"},"content":{"rendered":"<p>Soporte de muelle de puerta para el b<span id=\"result_box\" class=\"\" lang=\"es\"><span id=\"result_box\" class=\"short_text\" lang=\"es\">a\u00f1o<\/span><\/span> port\u00e1til CUBE.<br \/>\nPieza de repuesto oficial para sustituir un soporte de muelle da\u00f1ado.<\/p>\n","protected":false},"excerpt":{"rendered":"<p>Soporte de muelle de puerta para el b<span id=\"result_box\" class=\"\" lang=\"es\"><span id=\"result_box\" class=\"short_text\" lang=\"es\">a\u00f1o<\/span><\/span> port\u00e1til CUBE.<br \/>\nPieza de repuesto oficial para sustituir un soporte de muelle da\u00f1ado.<\/p>\n","protected":false},"featured_media":33819,"template":"","meta":[],"product_brand":[],"product_cat":[2211],"product_tag":[],"class_list":{"0":"post-34040","1":"product","2":"type-product","3":"status-publish","4":"has-post-thumbnail","6":"product_cat-repuestos-de-cube","8":"first","9":"instock","10":"taxable","11":"shipping-taxable","12":"purchasable","13":"product-type-simple"},"yoast_head":"<!-- This site is optimized with the Yoast SEO plugin v27.4 - https:\/\/yoast.com\/product\/yoast-seo-wordpress\/ -->\n<title>Soporte de muelle de puerta para el ba\u00f1o port\u00e1til CUBE<\/title>\n<meta name=\"description\" content=\"Soporte de muelle de puerta para el ba\u00f1o port\u00e1til CUBE. Pieza de repuesto oficial para sustituir un soporte de muelle da\u00f1ado.\" \/>\n<meta name=\"robots\" content=\"index, follow, max-snippet:-1, max-image-preview:large, max-video-preview:-1\" \/>\n<link rel=\"canonical\" href=\"https:\/\/atlastoilets.com\/es\/producto\/soporte-de-muelle-de-puerta\/\" \/>\n<meta property=\"og:locale\" content=\"es_ES\" \/>\n<meta property=\"og:type\" content=\"article\" \/>\n<meta property=\"og:title\" content=\"Soporte de muelle de puerta para el ba\u00f1o port\u00e1til CUBE\" \/>\n<meta property=\"og:description\" content=\"Soporte de muelle de puerta para el ba\u00f1o port\u00e1til CUBE. Pieza de repuesto oficial para sustituir un soporte de muelle da\u00f1ado.\" \/>\n<meta property=\"og:url\" content=\"https:\/\/atlastoilets.com\/es\/producto\/soporte-de-muelle-de-puerta\/\" \/>\n<meta property=\"og:site_name\" content=\"Atlas Sanitation Products\" \/>\n<meta property=\"og:image\" content=\"https:\/\/atlastoilets.com\/wp-content\/uploads\/2025\/01\/IMG_8719.jpg\" \/>\n\t<meta property=\"og:image:width\" content=\"600\" \/>\n\t<meta property=\"og:image:height\" content=\"600\" \/>\n\t<meta property=\"og:image:type\" content=\"image\/jpeg\" \/>\n<meta name=\"twitter:card\" content=\"summary_large_image\" \/>\n<script type=\"application\/ld+json\" class=\"yoast-schema-graph\">{\"@context\":\"https:\\\/\\\/schema.org\",\"@graph\":[{\"@type\":[\"WebPage\",\"ItemPage\"],\"@id\":\"https:\\\/\\\/atlastoilets.com\\\/es\\\/producto\\\/soporte-de-muelle-de-puerta\\\/\",\"url\":\"https:\\\/\\\/atlastoilets.com\\\/es\\\/producto\\\/soporte-de-muelle-de-puerta\\\/\",\"name\":\"Soporte de muelle de puerta para el ba\u00f1o port\u00e1til CUBE\",\"isPartOf\":{\"@id\":\"https:\\\/\\\/atlastoilets.com\\\/#website\"},\"primaryImageOfPage\":{\"@id\":\"https:\\\/\\\/atlastoilets.com\\\/es\\\/producto\\\/soporte-de-muelle-de-puerta\\\/#primaryimage\"},\"image\":{\"@id\":\"https:\\\/\\\/atlastoilets.com\\\/es\\\/producto\\\/soporte-de-muelle-de-puerta\\\/#primaryimage\"},\"thumbnailUrl\":\"https:\\\/\\\/atlastoilets.com\\\/wp-content\\\/uploads\\\/2025\\\/01\\\/IMG_8719.jpg\",\"datePublished\":\"2025-01-07T07:35:56+00:00\",\"description\":\"Soporte de muelle de puerta para el ba\u00f1o port\u00e1til CUBE. Pieza de repuesto oficial para sustituir un soporte de muelle da\u00f1ado.\",\"breadcrumb\":{\"@id\":\"https:\\\/\\\/atlastoilets.com\\\/es\\\/producto\\\/soporte-de-muelle-de-puerta\\\/#breadcrumb\"},\"inLanguage\":\"es\",\"potentialAction\":[{\"@type\":\"ReadAction\",\"target\":[\"https:\\\/\\\/atlastoilets.com\\\/es\\\/producto\\\/soporte-de-muelle-de-puerta\\\/\"]}]},{\"@type\":\"ImageObject\",\"inLanguage\":\"es\",\"@id\":\"https:\\\/\\\/atlastoilets.com\\\/es\\\/producto\\\/soporte-de-muelle-de-puerta\\\/#primaryimage\",\"url\":\"https:\\\/\\\/atlastoilets.com\\\/wp-content\\\/uploads\\\/2025\\\/01\\\/IMG_8719.jpg\",\"contentUrl\":\"https:\\\/\\\/atlastoilets.com\\\/wp-content\\\/uploads\\\/2025\\\/01\\\/IMG_8719.jpg\",\"width\":600,\"height\":600,\"caption\":\"Soporte de muelle de puerta\"},{\"@type\":\"BreadcrumbList\",\"@id\":\"https:\\\/\\\/atlastoilets.com\\\/es\\\/producto\\\/soporte-de-muelle-de-puerta\\\/#breadcrumb\",\"itemListElement\":[{\"@type\":\"ListItem\",\"position\":1,\"name\":\"Home\",\"item\":\"https:\\\/\\\/atlastoilets.com\\\/es\\\/\"},{\"@type\":\"ListItem\",\"position\":2,\"name\":\"Tienda\",\"item\":\"https:\\\/\\\/atlastoilets.com\\\/es\\\/tienda\\\/\"},{\"@type\":\"ListItem\",\"position\":3,\"name\":\"Soporte de muelle de puerta\"}]},{\"@type\":\"WebSite\",\"@id\":\"https:\\\/\\\/atlastoilets.com\\\/#website\",\"url\":\"https:\\\/\\\/atlastoilets.com\\\/\",\"name\":\"Atlas Sanitation Products\",\"description\":\"Total supplier for toilet rental companies\",\"potentialAction\":[{\"@type\":\"SearchAction\",\"target\":{\"@type\":\"EntryPoint\",\"urlTemplate\":\"https:\\\/\\\/atlastoilets.com\\\/?s={search_term_string}\"},\"query-input\":{\"@type\":\"PropertyValueSpecification\",\"valueRequired\":true,\"valueName\":\"search_term_string\"}}],\"inLanguage\":\"es\"}]}<\/script>\n<!-- \/ Yoast SEO plugin. -->","yoast_head_json":{"title":"Soporte de muelle de puerta para el ba\u00f1o port\u00e1til CUBE","description":"Soporte de muelle de puerta para el ba\u00f1o port\u00e1til CUBE. Pieza de repuesto oficial para sustituir un soporte de muelle da\u00f1ado.","robots":{"index":"index","follow":"follow","max-snippet":"max-snippet:-1","max-image-preview":"max-image-preview:large","max-video-preview":"max-video-preview:-1"},"canonical":"https:\/\/atlastoilets.com\/es\/producto\/soporte-de-muelle-de-puerta\/","og_locale":"es_ES","og_type":"article","og_title":"Soporte de muelle de puerta para el ba\u00f1o port\u00e1til CUBE","og_description":"Soporte de muelle de puerta para el ba\u00f1o port\u00e1til CUBE. Pieza de repuesto oficial para sustituir un soporte de muelle da\u00f1ado.","og_url":"https:\/\/atlastoilets.com\/es\/producto\/soporte-de-muelle-de-puerta\/","og_site_name":"Atlas Sanitation Products","og_image":[{"width":600,"height":600,"url":"https:\/\/atlastoilets.com\/wp-content\/uploads\/2025\/01\/IMG_8719.jpg","type":"image\/jpeg"}],"twitter_card":"summary_large_image","schema":{"@context":"https:\/\/schema.org","@graph":[{"@type":["WebPage","ItemPage"],"@id":"https:\/\/atlastoilets.com\/es\/producto\/soporte-de-muelle-de-puerta\/","url":"https:\/\/atlastoilets.com\/es\/producto\/soporte-de-muelle-de-puerta\/","name":"Soporte de muelle de puerta para el ba\u00f1o port\u00e1til CUBE","isPartOf":{"@id":"https:\/\/atlastoilets.com\/#website"},"primaryImageOfPage":{"@id":"https:\/\/atlastoilets.com\/es\/producto\/soporte-de-muelle-de-puerta\/#primaryimage"},"image":{"@id":"https:\/\/atlastoilets.com\/es\/producto\/soporte-de-muelle-de-puerta\/#primaryimage"},"thumbnailUrl":"https:\/\/atlastoilets.com\/wp-content\/uploads\/2025\/01\/IMG_8719.jpg","datePublished":"2025-01-07T07:35:56+00:00","description":"Soporte de muelle de puerta para el ba\u00f1o port\u00e1til CUBE. Pieza de repuesto oficial para sustituir un soporte de muelle da\u00f1ado.","breadcrumb":{"@id":"https:\/\/atlastoilets.com\/es\/producto\/soporte-de-muelle-de-puerta\/#breadcrumb"},"inLanguage":"es","potentialAction":[{"@type":"ReadAction","target":["https:\/\/atlastoilets.com\/es\/producto\/soporte-de-muelle-de-puerta\/"]}]},{"@type":"ImageObject","inLanguage":"es","@id":"https:\/\/atlastoilets.com\/es\/producto\/soporte-de-muelle-de-puerta\/#primaryimage","url":"https:\/\/atlastoilets.com\/wp-content\/uploads\/2025\/01\/IMG_8719.jpg","contentUrl":"https:\/\/atlastoilets.com\/wp-content\/uploads\/2025\/01\/IMG_8719.jpg","width":600,"height":600,"caption":"Soporte de muelle de puerta"},{"@type":"BreadcrumbList","@id":"https:\/\/atlastoilets.com\/es\/producto\/soporte-de-muelle-de-puerta\/#breadcrumb","itemListElement":[{"@type":"ListItem","position":1,"name":"Home","item":"https:\/\/atlastoilets.com\/es\/"},{"@type":"ListItem","position":2,"name":"Tienda","item":"https:\/\/atlastoilets.com\/es\/tienda\/"},{"@type":"ListItem","position":3,"name":"Soporte de muelle de puerta"}]},{"@type":"WebSite","@id":"https:\/\/atlastoilets.com\/#website","url":"https:\/\/atlastoilets.com\/","name":"Atlas Sanitation Products","description":"Total supplier for toilet rental companies","potentialAction":[{"@type":"SearchAction","target":{"@type":"EntryPoint","urlTemplate":"https:\/\/atlastoilets.com\/?s={search_term_string}"},"query-input":{"@type":"PropertyValueSpecification","valueRequired":true,"valueName":"search_term_string"}}],"inLanguage":"es"}]}},"_links":{"self":[{"href":"https:\/\/atlastoilets.com\/es\/wp-json\/wp\/v2\/product\/34040","targetHints":{"allow":["GET"]}}],"collection":[{"href":"https:\/\/atlastoilets.com\/es\/wp-json\/wp\/v2\/product"}],"about":[{"href":"https:\/\/atlastoilets.com\/es\/wp-json\/wp\/v2\/types\/product"}],"wp:featuredmedia":[{"embeddable":true,"href":"https:\/\/atlastoilets.com\/es\/wp-json\/wp\/v2\/media\/33819"}],"wp:attachment":[{"href":"https:\/\/atlastoilets.com\/es\/wp-json\/wp\/v2\/media?parent=34040"}],"wp:term":[{"taxonomy":"product_brand","embeddable":true,"href":"https:\/\/atlastoilets.com\/es\/wp-json\/wp\/v2\/product_brand?post=34040"},{"taxonomy":"product_cat","embeddable":true,"href":"https:\/\/atlastoilets.com\/es\/wp-json\/wp\/v2\/product_cat?post=34040"},{"taxonomy":"product_tag","embeddable":true,"href":"https:\/\/atlastoilets.com\/es\/wp-json\/wp\/v2\/product_tag?post=34040"}],"curies":[{"name":"wp","href":"https:\/\/api.w.org\/{rel}","templated":true}]}}